{"id":63949,"date":"2022-11-29T14:03:27","date_gmt":"2022-11-29T12:03:27","guid":{"rendered":"https:\/\/galicianparts.com\/shop\/producto\/1487725080-cable-embrague-m2-0-fiat-scudo-ulysse-citroen-jumpy-peugeot-expert-original\/"},"modified":"2023-10-03T12:44:50","modified_gmt":"2023-10-03T10:44:50","slug":"1487725080-cable-embrague-m2-0-fiat-scudo-ulysse-citroen-jumpy-peugeot-expert-original","status":"publish","type":"product","link":"https:\/\/galicianparts.com\/shop\/producto\/1487725080-cable-embrague-m2-0-fiat-scudo-ulysse-citroen-jumpy-peugeot-expert-original\/","title":{"rendered":"1487725080 Cable embrague M2.0 JTD Fiat Scudo \/Ulysse \/Citro\u00ebn Jumpy \/Peugeot Expert ORIGINAL"},"content":{"rendered":"<p>Cable del embrague de:<br \/>\nLargo: 1000 mm<\/p>\n<p>CITRO\u00cbN Jumpy I<br \/>\n2.0 16V HDi 110, A\u00f1o 03.2000 &#8211; 10.2006, 1997 , 109<br \/>\n2.0 HDi 110, A\u00f1o 03.2000 &#8211; 10.2006, 1997 , 109<br \/>\n2.0 HDi 95, A\u00f1o 10.1999 &#8211; 10.2006, 1997 , 94<\/p>\n<p>FIAT Ulysse I (220)<br \/>\n2.0 JTD, A\u00f1o 10.1999 &#8211; 08.2002, 1997 , 109<br \/>\nFIAT Scudo I Familiar (220)<br \/>\n2.0 JTD, A\u00f1o 01.2004 &#8211; 12.2006, 1997 , 94<br \/>\n2.0 JTD, A\u00f1o 12.1999 &#8211; 12.2006, 1997 , 109<br \/>\n2.0 JTD 16V, A\u00f1o 05.1999 &#8211; 12.2006, 1997 , 109<\/p>\n<p>PEUGEOT Expert I (224)<br \/>\n2.0 HDi, A\u00f1o 10.2000 &#8211; 10.2006, 1997 , 94<br \/>\n2.0 HDI, A\u00f1o 07.2000 &#8211; 12.2006, 1997 , 109<br \/>\n2.0 HDI 16V, A\u00f1o 07.2000 &#8211; 12.2006, 1997 , 109<\/p>\n<p>LA PIEZA ES NUEVA Y ORIGINAL.<\/p>\n","protected":false},"excerpt":{"rendered":"<p>Cable del embrague de: Largo: 1000 mm CITRO\u00cbN Jumpy I 2.0 16V HDi 110, A\u00f1o 03.2000 &#8211; 10.2006, 1997 , 109 2.0 HDi 110, A\u00f1o 03.2000 &#8211; 10.2006, 1997 , 109 2.0 HDi 95, A\u00f1o 10.1999 &#8211; 10.2006, 1997 , 94 FIAT Ulysse I (220) 2.0 JTD, A\u00f1o 10.1999 &#8211; 08.2002, 1997 , 109 FIAT [&hellip;]<\/p>\n","protected":false},"featured_media":63951,"template":"","meta":{"_seopress_robots_primary_cat":"","_seopress_titles_title":"","_seopress_titles_desc":"","_seopress_robots_index":""},"product_cat":[23,156,20,138,24,104,113],"product_tag":[],"class_list":{"0":"post-63949","1":"product","2":"type-product","3":"status-publish","4":"has-post-thumbnail","6":"product_cat-recambios-citroen","7":"product_cat-recambios-peugeot-expert","8":"product_cat-recambios-fiat","9":"product_cat-recambios-citroen-jumpy","10":"product_cat-recambios-peugeot","11":"product_cat-recambios-fiat-scudo","12":"product_cat-recambios-fiat-ulysse","14":"first","15":"instock","16":"taxable","17":"shipping-taxable","18":"purchasable","19":"product-type-simple"},"_links":{"self":[{"href":"https:\/\/galicianparts.com\/shop\/wp-json\/wp\/v2\/product\/63949"}],"collection":[{"href":"https:\/\/galicianparts.com\/shop\/wp-json\/wp\/v2\/product"}],"about":[{"href":"https:\/\/galicianparts.com\/shop\/wp-json\/wp\/v2\/types\/product"}],"wp:featuredmedia":[{"embeddable":true,"href":"https:\/\/galicianparts.com\/shop\/wp-json\/wp\/v2\/media\/63951"}],"wp:attachment":[{"href":"https:\/\/galicianparts.com\/shop\/wp-json\/wp\/v2\/media?parent=63949"}],"wp:term":[{"taxonomy":"product_cat","embeddable":true,"href":"https:\/\/galicianparts.com\/shop\/wp-json\/wp\/v2\/product_cat?post=63949"},{"taxonomy":"product_tag","embeddable":true,"href":"https:\/\/galicianparts.com\/shop\/wp-json\/wp\/v2\/product_tag?post=63949"}],"curies":[{"name":"wp","href":"https:\/\/api.w.org\/{rel}","templated":true}]}}