{"id":6398,"date":"2020-10-15T10:38:33","date_gmt":"2020-10-15T08:38:33","guid":{"rendered":"https:\/\/galicianparts.com\/shop\/producto\/5989400-interruptor-luneta-termica-fiat-regata-nuevo-original\/"},"modified":"2025-07-31T14:24:31","modified_gmt":"2025-07-31T12:24:31","slug":"5989400-interruptor-luneta-termica-fiat-regata-nuevo-original","status":"publish","type":"product","link":"https:\/\/galicianparts.com\/shop\/producto\/5989400-interruptor-luneta-termica-fiat-regata-nuevo-original\/","title":{"rendered":"5989400 Interruptor luneta t\u00e9rmica Fiat Regata NUEVO ORIGINAL"},"content":{"rendered":"<p>Bot\u00f3n de luneta t\u00e9rmica de cristal trasero de:<br \/>\nFIAT &#8211; REGATA<\/p>\n<p>LA PIEZA ES NUEVA Y ORIGINAL.<\/p>\n","protected":false},"excerpt":{"rendered":"<p>Bot\u00f3n de luneta t\u00e9rmica de cristal trasero de: FIAT &#8211; REGATA LA PIEZA ES NUEVA Y ORIGINAL.<\/p>\n","protected":false},"featured_media":6398,"template":"","meta":{"_seopress_robots_primary_cat":"","_seopress_titles_title":"","_seopress_titles_desc":"","_seopress_robots_index":""},"product_cat":[20,102],"product_tag":[],"class_list":{"0":"post-6398","1":"product","2":"type-product","3":"status-publish","4":"has-post-thumbnail","6":"product_cat-recambios-fiat","7":"product_cat-recambios-fiat-regata","9":"first","10":"instock","11":"taxable","12":"shipping-taxable","13":"purchasable","14":"product-type-simple"},"_links":{"self":[{"href":"https:\/\/galicianparts.com\/shop\/wp-json\/wp\/v2\/product\/6398"}],"collection":[{"href":"https:\/\/galicianparts.com\/shop\/wp-json\/wp\/v2\/product"}],"about":[{"href":"https:\/\/galicianparts.com\/shop\/wp-json\/wp\/v2\/types\/product"}],"wp:featuredmedia":[{"embeddable":true,"href":"https:\/\/galicianparts.com\/shop\/wp-json\/wp\/v2\/product\/6398"}],"wp:attachment":[{"href":"https:\/\/galicianparts.com\/shop\/wp-json\/wp\/v2\/media?parent=6398"}],"wp:term":[{"taxonomy":"product_cat","embeddable":true,"href":"https:\/\/galicianparts.com\/shop\/wp-json\/wp\/v2\/product_cat?post=6398"},{"taxonomy":"product_tag","embeddable":true,"href":"https:\/\/galicianparts.com\/shop\/wp-json\/wp\/v2\/product_tag?post=6398"}],"curies":[{"name":"wp","href":"https:\/\/api.w.org\/{rel}","templated":true}]}}