{"id":64174,"date":"2022-12-02T12:35:53","date_gmt":"2022-12-02T10:35:53","guid":{"rendered":"https:\/\/galicianparts.com\/shop\/producto\/46808334-tubo-bomba-direccion-fiat-doblo-1-9-jtd-1-3-mjtd-2000-2005-original\/"},"modified":"2023-06-20T20:44:43","modified_gmt":"2023-06-20T18:44:43","slug":"46808334-tubo-bomba-direccion-fiat-doblo-1-9-jtd-1-3-mjtd-2000-2005-original","status":"publish","type":"product","link":"https:\/\/galicianparts.com\/shop\/producto\/46808334-tubo-bomba-direccion-fiat-doblo-1-9-jtd-1-3-mjtd-2000-2005-original\/","title":{"rendered":"46808334 Tubo bomba direcci\u00f3n Fiat Doblo 1.9 JTD \/1.3 MJTD (2000-2005) ORIGINAL"},"content":{"rendered":"<p>Latiguillo del dep\u00f3sito del l\u00edquido a la bomba de la servodirecci\u00f3n de:<br \/>\nFIAT PROFESSIONAL &#8211; 1W DOBLO (2000-2004) 1910 JTD CF3 \/ 1910 JTD CF3 105 CV<br \/>\nFIAT PROFESSIONAL &#8211; 2W DOBLO MY. 2004 (2004-2005) 1250\u00a0MJTD\u00a051KW \/ 1.9 JTD CF3 105HP<\/p>\n<p>LA PIEZA ES NUEVA Y ORIGINAL.<\/p>\n","protected":false},"excerpt":{"rendered":"<p>Latiguillo del dep\u00f3sito del l\u00edquido a la bomba de la servodirecci\u00f3n de: FIAT PROFESSIONAL &#8211; 1W DOBLO (2000-2004) 1910 JTD CF3 \/ 1910 JTD CF3 105 CV FIAT PROFESSIONAL &#8211; 2W DOBLO MY. 2004 (2004-2005) 1250\u00a0MJTD\u00a051KW \/ 1.9 JTD CF3 105HP LA PIEZA ES NUEVA Y ORIGINAL.<\/p>\n","protected":false},"featured_media":64176,"template":"","meta":{"_seopress_robots_primary_cat":"","_seopress_titles_title":"","_seopress_titles_desc":"","_seopress_robots_index":""},"product_cat":[87,20],"product_tag":[],"class_list":{"0":"post-64174","1":"product","2":"type-product","3":"status-publish","4":"has-post-thumbnail","6":"product_cat-recambios-fiat-doblo","7":"product_cat-recambios-fiat","9":"first","10":"outofstock","11":"taxable","12":"shipping-taxable","13":"purchasable","14":"product-type-simple"},"_links":{"self":[{"href":"https:\/\/galicianparts.com\/shop\/wp-json\/wp\/v2\/product\/64174"}],"collection":[{"href":"https:\/\/galicianparts.com\/shop\/wp-json\/wp\/v2\/product"}],"about":[{"href":"https:\/\/galicianparts.com\/shop\/wp-json\/wp\/v2\/types\/product"}],"wp:featuredmedia":[{"embeddable":true,"href":"https:\/\/galicianparts.com\/shop\/wp-json\/wp\/v2\/media\/64176"}],"wp:attachment":[{"href":"https:\/\/galicianparts.com\/shop\/wp-json\/wp\/v2\/media?parent=64174"}],"wp:term":[{"taxonomy":"product_cat","embeddable":true,"href":"https:\/\/galicianparts.com\/shop\/wp-json\/wp\/v2\/product_cat?post=64174"},{"taxonomy":"product_tag","embeddable":true,"href":"https:\/\/galicianparts.com\/shop\/wp-json\/wp\/v2\/product_tag?post=64174"}],"curies":[{"name":"wp","href":"https:\/\/api.w.org\/{rel}","templated":true}]}}