{"id":64285,"date":"2022-12-05T13:25:55","date_gmt":"2022-12-05T11:25:55","guid":{"rendered":"https:\/\/galicianparts.com\/shop\/producto\/46480376-tubos-deposito-gasolina-fiat-punto-1-2-mpi-8v-1997-1999-nuevo-original\/"},"modified":"2022-12-05T13:28:21","modified_gmt":"2022-12-05T11:28:21","slug":"46480376-tubos-deposito-gasolina-fiat-punto-1-2-mpi-8v-1997-1999-nuevo-original","status":"publish","type":"product","link":"https:\/\/galicianparts.com\/shop\/producto\/46480376-tubos-deposito-gasolina-fiat-punto-1-2-mpi-8v-1997-1999-nuevo-original\/","title":{"rendered":"46480376 Tubos dep\u00f3sito gasolina Fiat Punto 1.2 MPI 8V (1997-1999) NUEVO ORIGINAL"},"content":{"rendered":"<p>Manguitos del dep\u00f3sito de combustible a la inyecci\u00f3n de:<br \/>\nFIAT &#8211; 1A PUNTO BZ. GAMMA &#8217;97 (1997-1999) 1242 MPI 8V<\/p>\n<p>LA PIEZA ES NUEVA Y ORIGINAL.<\/p>\n","protected":false},"excerpt":{"rendered":"<p>Manguitos del dep\u00f3sito de combustible a la inyecci\u00f3n de: FIAT &#8211; 1A PUNTO BZ. GAMMA &#8217;97 (1997-1999) 1242 MPI 8V LA PIEZA ES NUEVA Y ORIGINAL.<\/p>\n","protected":false},"featured_media":64291,"template":"","meta":{"_seopress_robots_primary_cat":"","_seopress_titles_title":"","_seopress_titles_desc":"","_seopress_robots_index":""},"product_cat":[20,101],"product_tag":[],"class_list":{"0":"post-64285","1":"product","2":"type-product","3":"status-publish","4":"has-post-thumbnail","6":"product_cat-recambios-fiat","7":"product_cat-recambios-fiat-punto","9":"first","10":"instock","11":"taxable","12":"shipping-taxable","13":"purchasable","14":"product-type-simple"},"_links":{"self":[{"href":"https:\/\/galicianparts.com\/shop\/wp-json\/wp\/v2\/product\/64285"}],"collection":[{"href":"https:\/\/galicianparts.com\/shop\/wp-json\/wp\/v2\/product"}],"about":[{"href":"https:\/\/galicianparts.com\/shop\/wp-json\/wp\/v2\/types\/product"}],"wp:featuredmedia":[{"embeddable":true,"href":"https:\/\/galicianparts.com\/shop\/wp-json\/wp\/v2\/media\/64291"}],"wp:attachment":[{"href":"https:\/\/galicianparts.com\/shop\/wp-json\/wp\/v2\/media?parent=64285"}],"wp:term":[{"taxonomy":"product_cat","embeddable":true,"href":"https:\/\/galicianparts.com\/shop\/wp-json\/wp\/v2\/product_cat?post=64285"},{"taxonomy":"product_tag","embeddable":true,"href":"https:\/\/galicianparts.com\/shop\/wp-json\/wp\/v2\/product_tag?post=64285"}],"curies":[{"name":"wp","href":"https:\/\/api.w.org\/{rel}","templated":true}]}}