{"id":6431,"date":"2020-10-15T12:46:10","date_gmt":"2020-10-15T10:46:10","guid":{"rendered":"https:\/\/galicianparts.com\/shop\/producto\/82418869-modulo-calefaccion-lancia-delta-evoluzione-nuevo-original-2\/"},"modified":"2020-10-26T12:32:22","modified_gmt":"2020-10-26T10:32:22","slug":"82418869-modulo-calefaccion-lancia-delta-evoluzione-nuevo-original-2","status":"publish","type":"product","link":"https:\/\/galicianparts.com\/shop\/producto\/82418869-modulo-calefaccion-lancia-delta-evoluzione-nuevo-original-2\/","title":{"rendered":"82418869 M\u00f3dulo calefacci\u00f3n Lancia Delta Evoluzione NUEVO ORIGINAL"},"content":{"rendered":"<p>M\u00f3dulo de calefacci\u00f3n de:<br \/>\nLANCIA &#8211; RT DELTA 4WD (1986-1991)<br \/>\nLANCIA &#8211; SA DELTA EVOLUZIONE (1991-1994)<br \/>\nLANCIA &#8211; TB DELTA R.86 BZ\/DS (1986-1992)<\/p>\n<p>LA PIEZA ES NUEVA Y ORIGINAL.<\/p>\n","protected":false},"excerpt":{"rendered":"<p>M\u00f3dulo de calefacci\u00f3n de: LANCIA &#8211; RT DELTA 4WD (1986-1991) LANCIA &#8211; SA DELTA EVOLUZIONE (1991-1994) LANCIA &#8211; TB DELTA R.86 BZ\/DS (1986-1992) LA PIEZA ES NUEVA Y ORIGINAL.<\/p>\n","protected":false},"featured_media":6385,"template":"","meta":{"_seopress_robots_primary_cat":"","_seopress_titles_title":"","_seopress_titles_desc":"","_seopress_robots_index":""},"product_cat":[118,21],"product_tag":[],"class_list":{"0":"post-6431","1":"product","2":"type-product","3":"status-publish","4":"has-post-thumbnail","6":"product_cat-recambios-lancia-delta","7":"product_cat-recambios-lancia","9":"first","10":"outofstock","11":"taxable","12":"shipping-taxable","13":"purchasable","14":"product-type-simple"},"_links":{"self":[{"href":"https:\/\/galicianparts.com\/shop\/wp-json\/wp\/v2\/product\/6431"}],"collection":[{"href":"https:\/\/galicianparts.com\/shop\/wp-json\/wp\/v2\/product"}],"about":[{"href":"https:\/\/galicianparts.com\/shop\/wp-json\/wp\/v2\/types\/product"}],"wp:featuredmedia":[{"embeddable":true,"href":"https:\/\/galicianparts.com\/shop\/wp-json\/wp\/v2\/media\/6385"}],"wp:attachment":[{"href":"https:\/\/galicianparts.com\/shop\/wp-json\/wp\/v2\/media?parent=6431"}],"wp:term":[{"taxonomy":"product_cat","embeddable":true,"href":"https:\/\/galicianparts.com\/shop\/wp-json\/wp\/v2\/product_cat?post=6431"},{"taxonomy":"product_tag","embeddable":true,"href":"https:\/\/galicianparts.com\/shop\/wp-json\/wp\/v2\/product_tag?post=6431"}],"curies":[{"name":"wp","href":"https:\/\/api.w.org\/{rel}","templated":true}]}}