{"id":64802,"date":"2022-12-14T13:16:10","date_gmt":"2022-12-14T11:16:10","guid":{"rendered":"https:\/\/galicianparts.com\/shop\/producto\/5882282-tirante-suspension-delantera-fiat-128-nuevo-original\/"},"modified":"2022-12-14T13:19:22","modified_gmt":"2022-12-14T11:19:22","slug":"5882282-tirante-suspension-delantera-fiat-128-nuevo-original","status":"publish","type":"product","link":"https:\/\/galicianparts.com\/shop\/producto\/5882282-tirante-suspension-delantera-fiat-128-nuevo-original\/","title":{"rendered":"5882282 Tirante suspensi\u00f3n delantera Fiat 128 NUEVO ORIGINAL"},"content":{"rendered":"<p>Brazo oscilante de la suspensi\u00f3n delantera de:<br \/>\nFIAT 128 Coup\u00e9 (128)<br \/>\n1.3, A\u00f1o 09.1973 &#8211; 12.1975, 1290 , 68<br \/>\nFIAT 128 Berlina (128)<br \/>\n1.1, A\u00f1o 02.1975 &#8211; 09.1981, 1116 , 45<br \/>\n1.1, A\u00f1o 03.1969 &#8211; 12.1984, 1116 , 55<br \/>\n1.3, A\u00f1o 09.1973 &#8211; 12.1979, 1290 , 73<br \/>\n1.3 Rally, A\u00f1o 09.1971 &#8211; 02.1976, 1290 , 67<br \/>\n1.3 Sport, A\u00f1o 08.1974 &#8211; 12.1984, 1290 , 60<br \/>\nFIAT 128 Familiare (128)<br \/>\n1.1, A\u00f1o 02.1975 &#8211; 02.1981, 1116 , 45<br \/>\n1.1, A\u00f1o 10.1969 &#8211; 10.1982, 1116 , 55<br \/>\n1.3, A\u00f1o 09.1973 &#8211; 12.1975, 1290 , 68<br \/>\n1.3, A\u00f1o 12.1974 &#8211; 10.1982, 1290 , 60<\/p>\n<p>LA PIEZA ES NUEVA Y ORIGINAL.<\/p>\n","protected":false},"excerpt":{"rendered":"<p>Brazo oscilante de la suspensi\u00f3n delantera de: FIAT 128 Coup\u00e9 (128) 1.3, A\u00f1o 09.1973 &#8211; 12.1975, 1290 , 68 FIAT 128 Berlina (128) 1.1, A\u00f1o 02.1975 &#8211; 09.1981, 1116 , 45 1.1, A\u00f1o 03.1969 &#8211; 12.1984, 1116 , 55 1.3, A\u00f1o 09.1973 &#8211; 12.1979, 1290 , 73 1.3 Rally, A\u00f1o 09.1971 &#8211; 02.1976, 1290 , [&hellip;]<\/p>\n","protected":false},"featured_media":64803,"template":"","meta":{"_seopress_robots_primary_cat":"","_seopress_titles_title":"","_seopress_titles_desc":"","_seopress_robots_index":""},"product_cat":[69,20],"product_tag":[],"class_list":{"0":"post-64802","1":"product","2":"type-product","3":"status-publish","4":"has-post-thumbnail","6":"product_cat-recambios-fiat-128","7":"product_cat-recambios-fiat","9":"first","10":"instock","11":"taxable","12":"shipping-taxable","13":"purchasable","14":"product-type-simple"},"_links":{"self":[{"href":"https:\/\/galicianparts.com\/shop\/wp-json\/wp\/v2\/product\/64802"}],"collection":[{"href":"https:\/\/galicianparts.com\/shop\/wp-json\/wp\/v2\/product"}],"about":[{"href":"https:\/\/galicianparts.com\/shop\/wp-json\/wp\/v2\/types\/product"}],"wp:featuredmedia":[{"embeddable":true,"href":"https:\/\/galicianparts.com\/shop\/wp-json\/wp\/v2\/media\/64803"}],"wp:attachment":[{"href":"https:\/\/galicianparts.com\/shop\/wp-json\/wp\/v2\/media?parent=64802"}],"wp:term":[{"taxonomy":"product_cat","embeddable":true,"href":"https:\/\/galicianparts.com\/shop\/wp-json\/wp\/v2\/product_cat?post=64802"},{"taxonomy":"product_tag","embeddable":true,"href":"https:\/\/galicianparts.com\/shop\/wp-json\/wp\/v2\/product_tag?post=64802"}],"curies":[{"name":"wp","href":"https:\/\/api.w.org\/{rel}","templated":true}]}}