{"id":65047,"date":"2022-12-22T10:53:02","date_gmt":"2022-12-22T08:53:02","guid":{"rendered":"https:\/\/galicianparts.com\/shop\/producto\/46531628-tubo-filtro-aire-acondicionado-m1-2-16v-fiat-punto-lancia-ypsilon-nuevo-original\/"},"modified":"2023-06-02T11:26:23","modified_gmt":"2023-06-02T09:26:23","slug":"46531628-tubo-filtro-aire-acondicionado-m1-2-16v-fiat-punto-lancia-ypsilon-nuevo-original","status":"publish","type":"product","link":"https:\/\/galicianparts.com\/shop\/producto\/46531628-tubo-filtro-aire-acondicionado-m1-2-16v-fiat-punto-lancia-ypsilon-nuevo-original\/","title":{"rendered":"46531628 Tubo filtro aire acondicionado M1.2 16V Fiat Punto \/Lancia Ypsilon NUEVO ORIGINAL"},"content":{"rendered":"<p>Latiguillo del filtro de deshidrataci\u00f3n del aire acondicionado al m\u00f3dulo de la calefacci\u00f3n de:<br \/>\nFIAT &#8211; 1A PUNTO BZ. GAMMA &#8217;97 (1997-1999) CONDUCCION A\u00a0IZQUIERDA \/ 1242 MPI 16V<br \/>\nFIAT &#8211; 1A PUNTO BZ. GAMMA &#8217;97 (1997-1999) CONDUCCION\u00a0A DERECHA \/ 1242 MPI 16V<br \/>\nFIAT &#8211; 1C PUNTO CABRIO GAMMA&#8217;97 (1997-2000) 1242 MPI 16V \/ CONDUCCION A\u00a0IZQUIERDA \/ \u00abS\u00bb \/ \u00abELX\u00bb<br \/>\nLANCIA &#8211; SU Y (1995-2000) 1242 MPI 16V CF2<\/p>\n<p>LA PIEZA ES NUEVA Y ORIGINAL.<\/p>\n","protected":false},"excerpt":{"rendered":"<p>Latiguillo del filtro de deshidrataci\u00f3n del aire acondicionado al m\u00f3dulo de la calefacci\u00f3n de: FIAT &#8211; 1A PUNTO BZ. GAMMA &#8217;97 (1997-1999) CONDUCCION A\u00a0IZQUIERDA \/ 1242 MPI 16V FIAT &#8211; 1A PUNTO BZ. GAMMA &#8217;97 (1997-1999) CONDUCCION\u00a0A DERECHA \/ 1242 MPI 16V FIAT &#8211; 1C PUNTO CABRIO GAMMA&#8217;97 (1997-2000) 1242 MPI 16V \/ CONDUCCION A\u00a0IZQUIERDA [&hellip;]<\/p>\n","protected":false},"featured_media":71484,"template":"","meta":{"_seopress_robots_primary_cat":"","_seopress_titles_title":"","_seopress_titles_desc":"","_seopress_robots_index":""},"product_cat":[20,21,101,127],"product_tag":[],"class_list":{"0":"post-65047","1":"product","2":"type-product","3":"status-publish","4":"has-post-thumbnail","6":"product_cat-recambios-fiat","7":"product_cat-recambios-lancia","8":"product_cat-recambios-fiat-punto","9":"product_cat-recambios-lancia-ypsilon","11":"first","12":"outofstock","13":"taxable","14":"shipping-taxable","15":"purchasable","16":"product-type-simple"},"_links":{"self":[{"href":"https:\/\/galicianparts.com\/shop\/wp-json\/wp\/v2\/product\/65047"}],"collection":[{"href":"https:\/\/galicianparts.com\/shop\/wp-json\/wp\/v2\/product"}],"about":[{"href":"https:\/\/galicianparts.com\/shop\/wp-json\/wp\/v2\/types\/product"}],"wp:featuredmedia":[{"embeddable":true,"href":"https:\/\/galicianparts.com\/shop\/wp-json\/wp\/v2\/media\/71484"}],"wp:attachment":[{"href":"https:\/\/galicianparts.com\/shop\/wp-json\/wp\/v2\/media?parent=65047"}],"wp:term":[{"taxonomy":"product_cat","embeddable":true,"href":"https:\/\/galicianparts.com\/shop\/wp-json\/wp\/v2\/product_cat?post=65047"},{"taxonomy":"product_tag","embeddable":true,"href":"https:\/\/galicianparts.com\/shop\/wp-json\/wp\/v2\/product_tag?post=65047"}],"curies":[{"name":"wp","href":"https:\/\/api.w.org\/{rel}","templated":true}]}}