{"id":65719,"date":"2023-01-02T12:39:18","date_gmt":"2023-01-02T10:39:18","guid":{"rendered":"https:\/\/galicianparts.com\/shop\/producto\/71749538-kit-conexion-electrica-inyeccion-fiat-lancia-alfa-romeo-nuevo-original\/"},"modified":"2023-08-06T01:48:51","modified_gmt":"2023-08-05T23:48:51","slug":"71749538-kit-conexion-electrica-inyeccion-fiat-lancia-alfa-romeo-nuevo-original","status":"publish","type":"product","link":"https:\/\/galicianparts.com\/shop\/producto\/71749538-kit-conexion-electrica-inyeccion-fiat-lancia-alfa-romeo-nuevo-original\/","title":{"rendered":"71749538 Kit conexi\u00f3n el\u00e9ctrica inyecci\u00f3n Fiat \/Lancia \/Alfa Romeo NUEVO ORIGINAL"},"content":{"rendered":"<p>Set de ficha el\u00e9ctrica de la inyecci\u00f3n de:<br \/>\nFIAT &#8211; 73 500L (2012-&#8230;.) TBD \/ DI\u00c9SEL \/ LIM.CEE FASE 5<br \/>\nFIAT &#8211; 2T CROMA (2005-2010) 1910\u00a0JTD\u00a0CF4\u00a08V\u00a0115CV\/85KW\u00a0MENOR POTENCIA BELGICA \/ 1900 JTD 8V 120 HP\/88KW<br \/>\nFIAT &#8211; 2T CROMA (2005-2010) 1910\u00a0JTD\u00a0CF4\u00a016V136CV\/100KW\u00a0MENOR POTENCIA BELGICA \/ 1900 JTD 16V  150HP\/110KW<br \/>\nFIAT &#8211; 2T CROMA (2005-2010) 2400 JTD 20V  200HP\/147KW<br \/>\nFIAT &#8211; 2Y GRANDE PUNTO (2005-2008) 1.3\u00a0MJTD\u00a016V\u00a0CF4\u00a090CV\/66KW \/ 1.3\u00a0MJTD\u00a016V\u00a0CF4\u00a075CV\/55KW<br \/>\nFIAT &#8211; 2Y GRANDE PUNTO (2005-2008) 1910\u00a0JTD\u00a0CF4\u00a08V\u00a0115CV\/85KW\u00a0MENOR POTENCIA BELGICA \/ 1.9\u00a0JTD\u00a08V\u00a0CF4\u00a0120CV\/88KW \/ 1.9\u00a0JTD\u00a08V\u00a0CF4\u00a0130CV\/95KW<br \/>\nFIAT &#8211; 4C GRANDE PUNTO (2008-2009) 1200-1299 \/ DI\u00c9SEL \/ 1.3\u00a0JTD\u00a075\u00a0CV\u00a0EURO4 \/ 1.3\u00a0JTD\u00a090CV\u00a0EURO4<br \/>\nFIAT &#8211; 4C GRANDE PUNTO (2008-2009) 1910 \/ DI\u00c9SEL \/ 8 V\u00c1LVULAS<br \/>\nFIAT &#8211; 3X GRANDE PUNTO ACTUAL (2009-2013) 1200-1299 \/ DI\u00c9SEL \/ LIM.CEE FASE 4<br \/>\nFIAT &#8211; 3S GRANDE PUNTO INTERN. INDIA (2008-2014) 1.3 JTD 75CV<br \/>\nFIAT &#8211; 0D GRANDE PUNTO INTERN. INDIA FL2014 (2014-&#8230;.) 1251<br \/>\nFIAT &#8211; 2S IDEA (2003-2008) 1910\u00a08V\u00a0JTD\u00a0100CV\/74KW<br \/>\nFIAT &#8211; 2S IDEA (2003-2008) 1300\u00a016V\u00a0MJTD\u00a0CF4\u00a070CV\/51KW<br \/>\nFIAT &#8211; 2S IDEA (2003-2008) 1300\u00a016V\u00a0MJTD\u00a0CF4\u00a090CV\/66KW<br \/>\nFIAT &#8211; 4D IDEA (2008-2012) 1800-1899CC<br \/>\nFIAT &#8211; 4D IDEA (2008-2012) 1100-1199 CC \/ DI\u00c9SEL<br \/>\nFIAT &#8211; 4D IDEA (2008-2012) 1200-1299 CC \/ LIM.CEE FASE 4<br \/>\nFIAT &#8211; 4D IDEA (2008-2012) 1200-1299 CC \/ LIM.CEE FASE 5<br \/>\nFIAT &#8211; 3M LINEA (2007-&#8230;.) 1251 \/ DI\u00c9SEL \/ 1.3 JTD 85CV<br \/>\nFIAT &#8211; 3M LINEA (2007-&#8230;.) 1251 \/ DI\u00c9SEL \/ 1.4 16V PDA 95CV INDIA \/ 1.3 JTD EURO5<br \/>\nFIAT &#8211; 3P NUOVA 500 (2007-2012) 1.3 JTD 75CV<br \/>\nFIAT &#8211; 3L NUOVA BRAVO (2007-2009) 1910\u00a0JTD \/ (1.4 MPI)  (1.9 90CV) (1.6 90CV) \/ 1400 TRB GS \/1598\/1910 JTD 120CV<br \/>\nFIAT &#8211; 3L NUOVA BRAVO (2007-2009) 1910\u00a0JTD \/ 1400 TRB GS \/1910 JTD 150CV<br \/>\nFIAT &#8211; 3Y NUOVA BRAVO MY 2010 (2010-2014) 1910 \/ 8 V\u00c1LVULAS<br \/>\nFIAT &#8211; 2Q NUOVA PANDA (2003-2009) 1250\u00a0MJTD\u00a051KW<br \/>\nFIAT &#8211; 2Q NUOVA PANDA (2003-2009) 1250\u00a0MJTD\u00a075CV\/\u00a055KW<br \/>\nFIAT &#8211; 33 NUOVA PANDA (2012-&#8230;.) JTD \/ DI\u00c9SEL<br \/>\nFIAT &#8211; 51 NUOVA PUNTO MY2012 (2012-2013) 1248 \/ DI\u00c9SEL \/ LIM.CEE FASE 4 \/ 1.3 JTD EURO4\/5 75CV<br \/>\nFIAT &#8211; 3U PANDA MY 2009 (2009-2010) DI\u00c9SEL \/ 1248 JTD \/ LIM.CEE FASE 4<br \/>\nFIAT &#8211; 3U PANDA MY 2009 (2009-2010) DI\u00c9SEL \/ 1248 JTD DPF \/ LIM.CEE FASE 4<br \/>\nFIAT &#8211; 3J PUNTO EVO (2009-2011) 1200-1299 \/ DI\u00c9SEL \/ LIM.CEE FASE 4 \/ 1.3 JTD 75 CV ECOF4\/ECOF5 \/ 1.3 JTD 90CV ECOF4<br \/>\nFIAT &#8211; 2U PUNTO FL.&#8217;03 (2003-2010) 1250\u00a0MJTD\u00a070CV\/51KW<br \/>\nFIAT &#8211; 6U PUNTO MY 2013 (2013-&#8230;.) 1248 \/ DI\u00c9SEL \/ LIM.CEE FASE 4 \/ 1.3 JTD EURO4\/5 75CV<br \/>\nFIAT &#8211; 3B SEDICI (2006-2011) 1910 JTD CF4 8V 120HP 88KW<br \/>\nFIAT &#8211; 2V STILO F.L.L. 2003 (2003-2007) 1.9\u00a0JTD\u00a08V\u00a0CF4\u00a090CV\/66KW\u00a0MENOR POT. AUSTRIA \/ 1910\u00a0JTD\u00a0CF4\u00a08V\u00a0115CV\/85KW\u00a0MENOR POTENCIA BELGICA \/ 1.9 JTD CF4 8V 120HP 88KW<br \/>\nFIAT &#8211; 2V STILO F.L.L. 2003 (2003-2007) 1.9 JTD CF4 16V 150HP 110KW<br \/>\nALFA ROMEO &#8211; W8 147 (2000-2010) 1910\u00a0JTD\u00a0CF4\u00a08V\u00a0115CV\/85KW\u00a0MENOR POT\u00a0BEL. \/ 1.9\u00a0JTD\u00a08V\u00a0CF4<br \/>\nALFA ROMEO &#8211; W8 147 (2000-2010) 1910\u00a0JTD\u00a0CF4\u00a016V\u00a0136CV\/100KW\u00a0MENOR POT.\u00a0BEL. \/ 1.9\u00a0JTD\u00a016V\u00a0CF4 \/ 1910\u00a0JTD\u00a0CF4\u00a016V\u00a0170CV\/125KW\u00a0POTENCIADO<br \/>\nALFA ROMEO &#8211; X8 159 MY11 (2010-2011) 1858-1910\u00a0CC<br \/>\nALFA ROMEO &#8211; X8 159 MY11 (2010-2011) 2387\u00a0CF4<br \/>\nALFA ROMEO &#8211; X3 ALFA 159  (2005-2008) 1910\u00a0JTD\u00a0CF4\u00a08V\u00a0115CV\/85KW\u00a0MENOR POTENCIA BELGICA \/ 1.9 JTD 8V E4<br \/>\nALFA ROMEO &#8211; X3 ALFA 159  (2005-2008) 1910JTD\u00a0CF4\u00a016V\u00a0136CV\/100KW\u00a0MENOR POT. BELGICA \/ 1.9 JTD 16V E4<br \/>\nALFA ROMEO &#8211; X3 ALFA 159  (2005-2008) 2.4 JTD 20V E4 \/ 2400 JTD CF4 20V 4X2 210CV 154 KW \/ 2400 JTD CF4 20V 4X4 210CV 154KW<br \/>\nALFA ROMEO &#8211; X9 ALFA 159 (2008-2010) 8 V\u00c1LVULAS<br \/>\nALFA ROMEO &#8211; X9 ALFA 159 (2008-2010) 1858-1910\u00a0CC \/ DI\u00c9SEL \/ 16 V\u00c1LVULAS<br \/>\nALFA ROMEO &#8211; X9 ALFA 159 (2008-2010)  2387\u00a0CF4<br \/>\nALFA ROMEO &#8211; X6 ALFA MITO (2008-2011) 1.3 \/ DI\u00c9SEL \/ 1.3\u00a0SDE\u00a090CV\u00a0EURO4 \/ LIM.CEE FASE 4<br \/>\nALFA ROMEO &#8211; X6 ALFA MITO (2008-2011) 1.3 \/ DI\u00c9SEL \/ LIM.CEE FASE 5 \/ 95CV \/ 1.3\u00a0SDE\u00a085CV\u00a0EURO5<br \/>\nALFA ROMEO &#8211; X4 BRERA COUPE&#8217; (2005-2008) 2.4 JTD 20V CF4 200CV\/147 KW \/ 2400\u00a0JTD\u00a0CF4\u00a020V\u00a04X2\u00a0210CV\/\u00a0154KW<br \/>\nALFA ROMEO &#8211; 12 BRERA COUPE&#8217; M.Y. (2008-2010) 210 CV JTD \/ DA DEFIN.(2300~2399) \/ 200 CV (2.4 JTD CF4 \/ 1.8 TB CF5)<br \/>\nALFA ROMEO &#8211; X2 GT (2003-2010) 1910 JTD 16V CF4 110 KW 150HP \/ 1910\u00a0JTD\u00a0CF4\u00a016V\u00a0170CV\/125KW\u00a0POT.<br \/>\nALFA ROMEO &#8211; QZ MITO MY2011 (2011-2013) 1.3 \/ DI\u00c9SEL \/ LIM.CEE FASE 5 \/ 1.3\u00a0SDE\u00a095V\u00a0EURO5 \/ 1.3\u00a0SDE\u00a085CV\u00a0EURO5<br \/>\nALFA ROMEO &#8211; 10 MITO MY2013 (2013-&#8230;.) DI\u00c9SEL \/ 1.3\u00a0SDE\u00a085CV\u00a0EURO5 \/ LIM.CEE FASE 5<br \/>\nALFA ROMEO &#8211; X5 NUOVO SPIDER (2006-2008) 2.4\u00a0JTD\u00a020V\u00a0CF4\u00a0200CV\/147KW<br \/>\nALFA ROMEO &#8211; 13 NUOVO SPIDER M.Y. (2008-2010) 210 CV JTD \/ DA DEFIN.(2300~2399) \/ 200 CV (2.4 JTD CF4 \/ 1.8 TB CF5)<br \/>\nLANCIA &#8211; TG MUSA (2004-2007) 1910\u00a08V\u00a0JTD\u00a0CF4\u00a0100CV\/74KW<br \/>\nLANCIA &#8211; TG MUSA (2004-2007) 1300\u00a016V\u00a0MJTD\u00a0CF4\u00a070CV\/51KW<br \/>\nLANCIA &#8211; TG MUSA (2004-2007) 1300\u00a016V\u00a0MJTD\u00a0CF4\u00a090CV\/66KW<br \/>\nLANCIA &#8211; TJ MUSA (2007-2011) (1800-1899 CC)<br \/>\nLANCIA &#8211; TJ MUSA (2007-2011) (1100-1199 CC) \/ DI\u00c9SEL \/ LIM.CEE FASE 4<br \/>\nLANCIA &#8211; TJ MUSA (2007-2011) (1200-1299 CC) \/ DI\u00c9SEL \/ LIM.CEE FASE 4<br \/>\nLANCIA &#8211; TJ MUSA (2007-2011) (1200-1299 CC) \/ DI\u00c9SEL \/ LIM.CEE FASE 5<br \/>\nLANCIA &#8211; 43 MUSA FLL (2011-2012) (1200-1299 CC) \/ DI\u00c9SEL \/ LIM.CEE FASE 5<br \/>\nLANCIA &#8211; TK NEW YPSILON (2011-&#8230;.)  JTD \/ DI\u00c9SEL<br \/>\nLANCIA &#8211; SJ THESIS (2001-2007) 2.4\u00a0JTD\u00a020V\u00a0CF4\u00a0175CV\/129KW<br \/>\nLANCIA &#8211; TE YPSILON (2003-2009) 1200 8V MPI CF4 60CV\/44KW<br \/>\nLANCIA &#8211; TE YPSILON (2003-2009) 1300\u00a016V\u00a0MJTD\u00a0CF4\u00a090CV\/66KW \/ 1300 16V MJTD CF4 105CV\/77KW<br \/>\nLANCIA &#8211; TE YPSILON (2003-2009) 1300 16V MJTD CF4 75CV\/55KW<br \/>\nLANCIA &#8211; TI YPSILON (2009-2011) (1242\u00a0-1248\u00a0CC) \/ LIM.CEE FASE 4 \/ 8 V\u00c1LVULAS<br \/>\nLANCIA &#8211; TI YPSILON (2009-2011) (1242\u00a0-1248\u00a0CC) \/ DI\u00c9SEL \/ LIM.CEE FASE 4 \/ 90 CV. \/ 105 CV.<br \/>\nLANCIA &#8211; TI YPSILON (2009-2011) (1242\u00a0-1248\u00a0CC) \/ DI\u00c9SEL \/ 75 CV. \/ LIM.CEE FASE 4<br \/>\nFIAT PROFESSIONAL &#8211; 3C DOBLO REST. 2005 (2005-&#8230;.) 1.3\u00a0MJTD\u00a0CF4\u00a062KW \/ 1.3\u00a0MJTD\u00a0CF4\u00a055KW<br \/>\nFIAT PROFESSIONAL &#8211; 3C DOBLO REST. 2005 (2005-&#8230;.) 1910\u00a0JTD\u00a08V\u00a0CF4\u00a0105CV\/77KW \/ 1910\u00a0JTD\u00a08V\u00a0CF4\u00a0100CV\/74KW \/ 1910\u00a0JTD\u00a08V\u00a0CF4\u00a0120CV\/88KW<br \/>\nFIAT PROFESSIONAL &#8211; 3V NUOVO DOBLO 2009 (2009-&#8230;.) 1248 DS. \/ LIM.CEE FASE 4 \/ DI\u00c9SEL \/ 90 CV. \/  \/ EURO 5 \/ EURO 5 B<br \/>\nFIAT PROFESSIONAL &#8211; 3N NUOVO FIORINO-QUBO (2007-&#8230;.) DI\u00c9SEL (FIAT) \/ DI\u00c9SEL \/ LIM.CEE FASE 4 \/  \/ 75CV<\/p>\n<p>LA PIEZA ES NUEVA Y ORIGINAL.<\/p>\n","protected":false},"excerpt":{"rendered":"<p>Set de ficha el\u00e9ctrica de la inyecci\u00f3n de: FIAT &#8211; 73 500L (2012-&#8230;.) TBD \/ DI\u00c9SEL \/ LIM.CEE FASE 5 FIAT &#8211; 2T CROMA (2005-2010) 1910\u00a0JTD\u00a0CF4\u00a08V\u00a0115CV\/85KW\u00a0MENOR POTENCIA BELGICA \/ 1900 JTD 8V 120 HP\/88KW FIAT &#8211; 2T CROMA (2005-2010) 1910\u00a0JTD\u00a0CF4\u00a016V136CV\/100KW\u00a0MENOR POTENCIA BELGICA \/ 1900 JTD 16V 150HP\/110KW FIAT &#8211; 2T CROMA (2005-2010) 2400 JTD 20V [&hellip;]<\/p>\n","protected":false},"featured_media":65721,"template":"","meta":{"_seopress_robots_primary_cat":"","_seopress_titles_title":"","_seopress_titles_desc":"","_seopress_robots_index":""},"product_cat":[44,51,74,16,82,52,86,87,20,91,92,50,93,21,94,47,121,99,101,105,56,108,125,127],"product_tag":[],"class_list":{"0":"post-65719","1":"product","2":"type-product","3":"status-publish","4":"has-post-thumbnail","6":"product_cat-recambios-alfa-romeo-147","7":"product_cat-recambios-alfa-romeo-159","8":"product_cat-recambios-fiat-500","9":"product_cat-recambios-alfa-romeo","10":"product_cat-recambios-fiat-bravo","11":"product_cat-recambios-alfa-romeo-brera","12":"product_cat-recambios-fiat-croma","13":"product_cat-recambios-fiat-doblo","14":"product_cat-recambios-fiat","15":"product_cat-recambios-fiat-fiorino","16":"product_cat-recambios-fiat-grande-punto","17":"product_cat-recambios-alfa-romeo-gt","18":"product_cat-recambios-fiat-idea","19":"product_cat-recambios-lancia","20":"product_cat-recambios-fiat-linea","21":"product_cat-recambios-alfa-romeo-mito","22":"product_cat-recambios-lancia-musa","23":"product_cat-recambios-fiat-panda","24":"product_cat-recambios-fiat-punto","25":"product_cat-recambios-fiat-sedici","26":"product_cat-recambios-alfa-romeo-spider","27":"product_cat-recambios-fiat-stilo","28":"product_cat-recambios-lancia-thesis","29":"product_cat-recambios-lancia-ypsilon","31":"first","32":"outofstock","33":"taxable","34":"shipping-taxable","35":"purchasable","36":"product-type-simple"},"_links":{"self":[{"href":"https:\/\/galicianparts.com\/shop\/wp-json\/wp\/v2\/product\/65719"}],"collection":[{"href":"https:\/\/galicianparts.com\/shop\/wp-json\/wp\/v2\/product"}],"about":[{"href":"https:\/\/galicianparts.com\/shop\/wp-json\/wp\/v2\/types\/product"}],"wp:featuredmedia":[{"embeddable":true,"href":"https:\/\/galicianparts.com\/shop\/wp-json\/wp\/v2\/media\/65721"}],"wp:attachment":[{"href":"https:\/\/galicianparts.com\/shop\/wp-json\/wp\/v2\/media?parent=65719"}],"wp:term":[{"taxonomy":"product_cat","embeddable":true,"href":"https:\/\/galicianparts.com\/shop\/wp-json\/wp\/v2\/product_cat?post=65719"},{"taxonomy":"product_tag","embeddable":true,"href":"https:\/\/galicianparts.com\/shop\/wp-json\/wp\/v2\/product_tag?post=65719"}],"curies":[{"name":"wp","href":"https:\/\/api.w.org\/{rel}","templated":true}]}}