{"id":65745,"date":"2023-01-02T14:34:47","date_gmt":"2023-01-02T12:34:47","guid":{"rendered":"https:\/\/galicianparts.com\/shop\/producto\/40003460-reten-ciguenal-fiat-panda-uno-fiorino-lancia-y10-original\/"},"modified":"2024-09-17T11:38:32","modified_gmt":"2024-09-17T09:38:32","slug":"40003460-reten-ciguenal-fiat-panda-uno-fiorino-lancia-y10-original","status":"publish","type":"product","link":"https:\/\/galicianparts.com\/shop\/producto\/40003460-reten-ciguenal-fiat-panda-uno-fiorino-lancia-y10-original\/","title":{"rendered":"40003460 Ret\u00e9n cig\u00fce\u00f1al Fiat Panda \/Uno \/Fiorino \/Lancia Y10 ORIGINAL"},"content":{"rendered":"<p>Ret\u00e9n de la tapa del c\u00e1rter, apoyo del cig\u00fce\u00f1al de:<br \/>\nMedidas: 70x8x85<\/p>\n<p>FIAT &#8211; 2B DUNA (1986-1990) 1100 BZ \/ 1300 BZ<br \/>\nFIAT &#8211; XP ELBA CSL (1991-1996) 1300 CARB.<br \/>\nFIAT &#8211; XS MILLE CLIP (1995-1997) 994 SPI<br \/>\nFIAT &#8211; 2P PANDA DS (1986-1993)<br \/>\nFIAT &#8211; ML UNO CS (1988-1990) 1100 GASOLINA<br \/>\nFIAT &#8211; MU UNO DIESEL R\/89 (1989-1995) 1300 ASPIRADO<br \/>\nFIAT &#8211; MS UNO R\/89 (1989-1995) 1116 TREND<br \/>\nFIAT &#8211; MR UNO R\/89 (1989-1995) 994 CARB. \/ 994 SPI<br \/>\nLANCIA &#8211; ZL Y10 FL.89 (1988-1992) 1300 MPI \/ 1300 MPI USA&#8217;83<br \/>\nLANCIA &#8211; ZM Y10 R.92 (1992-1995) 1300 MPI<br \/>\nFIAT PROFESSIONAL &#8211; 2M FIORINO (1991-1993) 1116 CARB \/ 1300 CARB<br \/>\nFIAT PROFESSIONAL &#8211; 2M FIORINO (1991-1993) 1300 DS<br \/>\nFIAT PROFESSIONAL &#8211; 2N FIORINO RL (1993-2000) 1301 CARB.<br \/>\nAUTOBIANCHI &#8211; Y10<\/p>\n<p>LA PIEZA ES NUEVA Y ORIGINAL.<\/p>\n","protected":false},"excerpt":{"rendered":"<p>Ret\u00e9n de la tapa del c\u00e1rter, apoyo del cig\u00fce\u00f1al de: Medidas: 70x8x85 FIAT &#8211; 2B DUNA (1986-1990) 1100 BZ \/ 1300 BZ FIAT &#8211; XP ELBA CSL (1991-1996) 1300 CARB. FIAT &#8211; XS MILLE CLIP (1995-1997) 994 SPI FIAT &#8211; 2P PANDA DS (1986-1993) FIAT &#8211; ML UNO CS (1988-1990) 1100 GASOLINA FIAT &#8211; MU [&hellip;]<\/p>\n","protected":false},"featured_media":65746,"template":"","meta":{"_seopress_robots_primary_cat":"","_seopress_titles_title":"","_seopress_titles_desc":"","_seopress_robots_index":""},"product_cat":[25,89,90,20,91,21,99,114,126,64],"product_tag":[],"class_list":{"0":"post-65745","1":"product","2":"type-product","3":"status-publish","4":"has-post-thumbnail","6":"product_cat-recambios-autobianchi","7":"product_cat-recambios-fiat-duna","8":"product_cat-recambios-fiat-elba","9":"product_cat-recambios-fiat","10":"product_cat-recambios-fiat-fiorino","11":"product_cat-recambios-lancia","12":"product_cat-recambios-fiat-panda","13":"product_cat-recambios-fiat-uno","14":"product_cat-recambios-lancia-y10","15":"product_cat-recambios-autobianchi-y10","17":"first","18":"outofstock","19":"taxable","20":"shipping-taxable","21":"purchasable","22":"product-type-simple"},"_links":{"self":[{"href":"https:\/\/galicianparts.com\/shop\/wp-json\/wp\/v2\/product\/65745"}],"collection":[{"href":"https:\/\/galicianparts.com\/shop\/wp-json\/wp\/v2\/product"}],"about":[{"href":"https:\/\/galicianparts.com\/shop\/wp-json\/wp\/v2\/types\/product"}],"wp:featuredmedia":[{"embeddable":true,"href":"https:\/\/galicianparts.com\/shop\/wp-json\/wp\/v2\/media\/65746"}],"wp:attachment":[{"href":"https:\/\/galicianparts.com\/shop\/wp-json\/wp\/v2\/media?parent=65745"}],"wp:term":[{"taxonomy":"product_cat","embeddable":true,"href":"https:\/\/galicianparts.com\/shop\/wp-json\/wp\/v2\/product_cat?post=65745"},{"taxonomy":"product_tag","embeddable":true,"href":"https:\/\/galicianparts.com\/shop\/wp-json\/wp\/v2\/product_tag?post=65745"}],"curies":[{"name":"wp","href":"https:\/\/api.w.org\/{rel}","templated":true}]}}