{"id":65823,"date":"2023-01-04T11:50:17","date_gmt":"2023-01-04T09:50:17","guid":{"rendered":"https:\/\/galicianparts.com\/shop\/producto\/4292059-silentblock-brazo-oscilante-fiat-127-128-seat-fura-autobianchi-a112-original\/"},"modified":"2025-06-12T16:52:31","modified_gmt":"2025-06-12T14:52:31","slug":"4292059-silentblock-brazo-oscilante-fiat-127-128-seat-fura-autobianchi-a112-original","status":"publish","type":"product","link":"https:\/\/galicianparts.com\/shop\/producto\/4292059-silentblock-brazo-oscilante-fiat-127-128-seat-fura-autobianchi-a112-original\/","title":{"rendered":"4292059 Silentblock brazo oscilante Fiat 127 \/128 \/Seat Fura \/Autobianchi A112 ORIGINAL"},"content":{"rendered":"<p>Silentblock del soporte del brazo de la suspensi\u00f3n delantera de:<br \/>\nDi\u00e1metro: 31 mm<\/p>\n<p>FIAT &#8211; XD SMALL 500 L-LS-SE (1990-1992)<br \/>\nFIAT &#8211; XN SMALL 990 (1990-1992)<br \/>\nFIAT 127 (127)<br \/>\n0.9, A\u00f1o 06.1971 &#8211; 05.1983, 903 , 40<br \/>\n0.9, A\u00f1o 06.1971 &#8211; 12.1986, 903 , 45<br \/>\n1.0, A\u00f1o 04.1977 &#8211; 12.1986, 1049 , 50<br \/>\n1.0 Sport, A\u00f1o 07.1978 &#8211; 02.1982, 1049 , 70<br \/>\n1.3 Di\u00e9sel, A\u00f1o 04.1981 &#8211; 12.1986, 1301 , 45<br \/>\n1.3 Sport, A\u00f1o 12.1981 &#8211; 05.1983, 1301 , 75<br \/>\nFIAT 128 Coup\u00e9 (128)<br \/>\n1.1, A\u00f1o 03.1972 &#8211; 02.1981, 1116 , 64<br \/>\n1.1, A\u00f1o 08.1975 &#8211; 02.1981, 1116 , 65<br \/>\n1.3, A\u00f1o 03.1972 &#8211; 12.1979, 1290 , 75<br \/>\n1.3 Berlinetta, A\u00f1o 06.1975 &#8211; 12.1979, 1290 , 73<br \/>\nFIAT 128 (128)<br \/>\n1.1, A\u00f1o 02.1975 &#8211; 09.1981, 1116 , 45<br \/>\n1.1, A\u00f1o 03.1969 &#8211; 12.1984, 1116 , 55<br \/>\n1.3 Rally, A\u00f1o 09.1971 &#8211; 02.1976, 1290 , 67<br \/>\n1.3 Sport, A\u00f1o 08.1974 &#8211; 12.1984, 1290 , 60<\/p>\n<p>SEAT Fura (025A)<br \/>\n0.9, A\u00f1o 03.1984 &#8211; 12.1986, 903 , 40<br \/>\n0.9, A\u00f1o 01.1982 &#8211; 06.1986, 903 , 43<br \/>\n0.9, A\u00f1o 01.1982 &#8211; 06.1986, 903 , 45<\/p>\n<p>AUTOBIANCHI A 112 Hatchback<br \/>\n0.9 Junior, A\u00f1o 07.1975 &#8211; 12.1985, 903 , 42<br \/>\n1.0 Abarth, A\u00f1o 09.1971 &#8211; 12.1975, 982 , 58<br \/>\n1.0 Abarth, A\u00f1o 01.1974 &#8211; 12.1984, 1050 , 70<br \/>\n1.0 E,Elite,LX, A\u00f1o 11.1977 &#8211; 12.1985, 965 , 48<\/p>\n<p>LA PIEZA ES NUEVA Y ORIGINAL.<\/p>\n","protected":false},"excerpt":{"rendered":"<p>Silentblock del soporte del brazo de la suspensi\u00f3n delantera de: Di\u00e1metro: 31 mm FIAT &#8211; XD SMALL 500 L-LS-SE (1990-1992) FIAT &#8211; XN SMALL 990 (1990-1992) FIAT 127 (127) 0.9, A\u00f1o 06.1971 &#8211; 05.1983, 903 , 40 0.9, A\u00f1o 06.1971 &#8211; 12.1986, 903 , 45 1.0, A\u00f1o 04.1977 &#8211; 12.1986, 1049 , 50 1.0 Sport, [&hellip;]<\/p>\n","protected":false},"featured_media":94062,"template":"","meta":{"_seopress_robots_primary_cat":"","_seopress_titles_title":"","_seopress_titles_desc":"","_seopress_robots_index":""},"product_cat":[68,69,74,63,25,20,91,208,26],"product_tag":[],"class_list":{"0":"post-65823","1":"product","2":"type-product","3":"status-publish","4":"has-post-thumbnail","6":"product_cat-recambios-fiat-127","7":"product_cat-recambios-fiat-128","8":"product_cat-recambios-fiat-500","9":"product_cat-recambios-autobianchi-a112","10":"product_cat-recambios-autobianchi","11":"product_cat-recambios-fiat","12":"product_cat-recambios-fiat-fiorino","13":"product_cat-recambios-seat-fura","14":"product_cat-recambios-seat","16":"first","17":"instock","18":"taxable","19":"shipping-taxable","20":"purchasable","21":"product-type-simple"},"_links":{"self":[{"href":"https:\/\/galicianparts.com\/shop\/wp-json\/wp\/v2\/product\/65823"}],"collection":[{"href":"https:\/\/galicianparts.com\/shop\/wp-json\/wp\/v2\/product"}],"about":[{"href":"https:\/\/galicianparts.com\/shop\/wp-json\/wp\/v2\/types\/product"}],"wp:featuredmedia":[{"embeddable":true,"href":"https:\/\/galicianparts.com\/shop\/wp-json\/wp\/v2\/media\/94062"}],"wp:attachment":[{"href":"https:\/\/galicianparts.com\/shop\/wp-json\/wp\/v2\/media?parent=65823"}],"wp:term":[{"taxonomy":"product_cat","embeddable":true,"href":"https:\/\/galicianparts.com\/shop\/wp-json\/wp\/v2\/product_cat?post=65823"},{"taxonomy":"product_tag","embeddable":true,"href":"https:\/\/galicianparts.com\/shop\/wp-json\/wp\/v2\/product_tag?post=65823"}],"curies":[{"name":"wp","href":"https:\/\/api.w.org\/{rel}","templated":true}]}}