{"id":6605,"date":"2020-10-20T11:09:42","date_gmt":"2020-10-20T09:09:42","guid":{"rendered":"https:\/\/galicianparts.com\/shop\/producto\/7664080-capuchon-palier-fiat-cinquecento-1992-1998-original\/"},"modified":"2025-03-24T13:13:49","modified_gmt":"2025-03-24T11:13:49","slug":"7664080-capuchon-palier-fiat-cinquecento-1992-1998-original","status":"publish","type":"product","link":"https:\/\/galicianparts.com\/shop\/producto\/7664080-capuchon-palier-fiat-cinquecento-1992-1998-original\/","title":{"rendered":"7664080 Capuch\u00f3n palier lado cambio Fiat Cinquecento 704cc (1992-1998) ORIGINAL"},"content":{"rendered":"<p>Capuch\u00f3n interior del eje de transmisi\u00f3n de:<br \/>\nDi\u00e1metro barra: 30mm<br \/>\nDi\u00e1metro interior: 85mm<br \/>\nLargo: 75mm<\/p>\n<p>FIAT &#8211; NM CINQUECENTO (1992-1998) 704 CARB. \/ 704 CARB.USA&#8217;83<\/p>\n<p>LA PIEZA ES NUEVA Y ORIGINAL.<\/p>\n","protected":false},"excerpt":{"rendered":"<p>Capuch\u00f3n interior del eje de transmisi\u00f3n de: Di\u00e1metro barra: 30mm Di\u00e1metro interior: 85mm Largo: 75mm FIAT &#8211; NM CINQUECENTO (1992-1998) 704 CARB. \/ 704 CARB.USA&#8217;83 LA PIEZA ES NUEVA Y ORIGINAL.<\/p>\n","protected":false},"featured_media":6605,"template":"","meta":{"_seopress_robots_primary_cat":"","_seopress_titles_title":"","_seopress_titles_desc":"","_seopress_robots_index":""},"product_cat":[84,20],"product_tag":[],"class_list":{"0":"post-6605","1":"product","2":"type-product","3":"status-publish","4":"has-post-thumbnail","6":"product_cat-recambios-fiat-cinquecento","7":"product_cat-recambios-fiat","9":"first","10":"instock","11":"taxable","12":"shipping-taxable","13":"purchasable","14":"product-type-simple"},"_links":{"self":[{"href":"https:\/\/galicianparts.com\/shop\/wp-json\/wp\/v2\/product\/6605"}],"collection":[{"href":"https:\/\/galicianparts.com\/shop\/wp-json\/wp\/v2\/product"}],"about":[{"href":"https:\/\/galicianparts.com\/shop\/wp-json\/wp\/v2\/types\/product"}],"wp:featuredmedia":[{"embeddable":true,"href":"https:\/\/galicianparts.com\/shop\/wp-json\/wp\/v2\/product\/6605"}],"wp:attachment":[{"href":"https:\/\/galicianparts.com\/shop\/wp-json\/wp\/v2\/media?parent=6605"}],"wp:term":[{"taxonomy":"product_cat","embeddable":true,"href":"https:\/\/galicianparts.com\/shop\/wp-json\/wp\/v2\/product_cat?post=6605"},{"taxonomy":"product_tag","embeddable":true,"href":"https:\/\/galicianparts.com\/shop\/wp-json\/wp\/v2\/product_tag?post=6605"}],"curies":[{"name":"wp","href":"https:\/\/api.w.org\/{rel}","templated":true}]}}