{"id":66057,"date":"2023-01-11T11:13:40","date_gmt":"2023-01-11T09:13:40","guid":{"rendered":"https:\/\/galicianparts.com\/shop\/producto\/48244-capuchon-palier-lado-rueda-fiat-panda-uno-seicento-lancia-dedra-delta-akron\/"},"modified":"2026-02-26T13:04:24","modified_gmt":"2026-02-26T11:04:24","slug":"48244-capuchon-palier-lado-rueda-fiat-panda-uno-seicento-lancia-dedra-delta-akron","status":"publish","type":"product","link":"https:\/\/galicianparts.com\/shop\/producto\/48244-capuchon-palier-lado-rueda-fiat-panda-uno-seicento-lancia-dedra-delta-akron\/","title":{"rendered":"48244 Capuch\u00f3n palier lado rueda Fiat Panda \/Uno \/Seicento \/Lancia Dedra \/Delta AKRON"},"content":{"rendered":"<p>7682886 Guardapolvo de la junta homocin\u00e9tica de los semiejes de transmisi\u00f3n de:<br \/>\nDi\u00e1metro barra: 19 mm<br \/>\nDi\u00e1metro junta homocin\u00e9tica: 65 mm<br \/>\nAltura: 81 mm<\/p>\n<p>FIAT &#8211; NM CINQUECENTO (1992-1998) 704 CARB. \/ 704 CARB.USA&#8217;83<br \/>\nFIAT &#8211; NM CINQUECENTO (1992-1998) 903 CARB. \/ 903 SPI\u00bbW\u00bb USA&#8217;83 \/ 899 SPI\u00bbW\u00bb \/ 899 CARB.<br \/>\nFIAT &#8211; NM CINQUECENTO (1992-1998) 1108 SPI\u00bbW\u00bbCF2<br \/>\nFIAT &#8211; XS MILLE CLIP (1995-1997) 994 SPI<br \/>\nFIAT &#8211; XS MILLE CLIP (1995-1997) 1372 SPI<br \/>\nFIAT &#8211; XS MILLE CLIP (1995-1997) 1697 DS<br \/>\nFIAT &#8211; 1S PANDA 4X2 MAQ 91 (1991-2003)<br \/>\nFIAT &#8211; LV PANDA 4X2 RL\/86 (1985-1991)<br \/>\nFIAT &#8211; 1T PANDA 4X4 MAQ 91 (1991-2003)<br \/>\nFIAT &#8211; 2R PANDA 4X4 R\/86 (1985-1991)<br \/>\nFIAT &#8211; 2P PANDA DS (1986-1993)<br \/>\nFIAT &#8211; 1E SEICENTO (1998-2010) 899 SPI<br \/>\nFIAT &#8211; 1E SEICENTO (1998-2010) 1108 SPI \/ 1108 MPI<br \/>\nFIAT &#8211; 1E SEICENTO (1998-2010) CAMBIO ESPECIF. (OPT. 157) \/ 1108 SPI \/ 1108 MPI<br \/>\nFIAT &#8211; MV TEMPRA 1370-1580 (1989-1993)<br \/>\nFIAT &#8211; MV TEMPRA 1370-1580 (1989-1993) CAMBIO AUTOMATICO<br \/>\nFIAT &#8211; MS UNO R\/89 (1989-1995) 1116 \/ 1116 TREND<br \/>\nFIAT &#8211; MR UNO R\/89 900-1.0-1.1 (1989-1995)<br \/>\nLANCIA &#8211; RY DEDRA BENZINA (1989-1994) 1600 \/ 1600 USA&#8217;83 MONOJETRONIC \/ 1600 USA&#8217;83 MONOJMORONIC<br \/>\nLANCIA &#8211; SL DEDRA FL.94 (1994-1999) ANTISKID \/ 1580 MPI 8V \/ 1580 SPI<br \/>\nLANCIA &#8211; TB DELTA R.86 (1986-1992) 1100 CARB \/ 1300 CARB \/ 1500 CARB<br \/>\nLANCIA &#8211; SF N.DELTA (1993-1999) ANTISKID \/ 1372 SPI\u00bbMJ\u00bb \/ 1580 8V \/ 1372 SPI\u00bbMM\u00bb CEE F2<br \/>\nLANCIA &#8211; ZL Y10 FL.89 (1988-1992)<br \/>\nLANCIA &#8211; ZM Y10 R.92 (1992-1995)<br \/>\nAUTOBIANCHI &#8211; Y10<br \/>\nSEAT &#8211; MARBELLA (28)<br \/>\n0.8, A\u00f1o 08.1986 &#8211; 12.1993, 843 , 34<br \/>\n0.9, A\u00f1o 01.1987 &#8211; 12.1993, 903 , 40<br \/>\n0.9 CAT, A\u00f1o 01.1990 &#8211; 11.1996, 903 , 40<br \/>\n0.9 CAT, A\u00f1o 11.1996 &#8211; 10.1998, 899 , 41<\/p>\n<p>LA PIEZA ES NUEVA AKRON.<\/p>\n","protected":false},"excerpt":{"rendered":"<p>7682886 Guardapolvo de la junta homocin\u00e9tica de los semiejes de transmisi\u00f3n de: Di\u00e1metro barra: 19 mm Di\u00e1metro junta homocin\u00e9tica: 65 mm Altura: 81 mm FIAT &#8211; NM CINQUECENTO (1992-1998) 704 CARB. \/ 704 CARB.USA&#8217;83 FIAT &#8211; NM CINQUECENTO (1992-1998) 903 CARB. \/ 903 SPI\u00bbW\u00bb USA&#8217;83 \/ 899 SPI\u00bbW\u00bb \/ 899 CARB. FIAT &#8211; NM CINQUECENTO [&hellip;]<\/p>\n","protected":false},"featured_media":68071,"template":"","meta":{"_seopress_robots_primary_cat":"","_seopress_titles_title":"","_seopress_titles_desc":"","_seopress_robots_index":""},"product_cat":[25,84,117,118,20,21,207,99,26,106,111,112,114,126,64],"product_tag":[],"class_list":{"0":"post-66057","1":"product","2":"type-product","3":"status-publish","4":"has-post-thumbnail","6":"product_cat-recambios-autobianchi","7":"product_cat-recambios-fiat-cinquecento","8":"product_cat-recambios-lancia-dedra","9":"product_cat-recambios-lancia-delta","10":"product_cat-recambios-fiat","11":"product_cat-recambios-lancia","12":"product_cat-recambios-seat-marbella","13":"product_cat-recambios-fiat-panda","14":"product_cat-recambios-seat","15":"product_cat-recambios-fiat-seicento","16":"product_cat-recambios-fiat-tempra","17":"product_cat-recambios-fiat-tipo","18":"product_cat-recambios-fiat-uno","19":"product_cat-recambios-lancia-y10","20":"product_cat-recambios-autobianchi-y10","22":"first","23":"instock","24":"taxable","25":"shipping-taxable","26":"purchasable","27":"product-type-simple"},"_links":{"self":[{"href":"https:\/\/galicianparts.com\/shop\/wp-json\/wp\/v2\/product\/66057"}],"collection":[{"href":"https:\/\/galicianparts.com\/shop\/wp-json\/wp\/v2\/product"}],"about":[{"href":"https:\/\/galicianparts.com\/shop\/wp-json\/wp\/v2\/types\/product"}],"wp:featuredmedia":[{"embeddable":true,"href":"https:\/\/galicianparts.com\/shop\/wp-json\/wp\/v2\/media\/68071"}],"wp:attachment":[{"href":"https:\/\/galicianparts.com\/shop\/wp-json\/wp\/v2\/media?parent=66057"}],"wp:term":[{"taxonomy":"product_cat","embeddable":true,"href":"https:\/\/galicianparts.com\/shop\/wp-json\/wp\/v2\/product_cat?post=66057"},{"taxonomy":"product_tag","embeddable":true,"href":"https:\/\/galicianparts.com\/shop\/wp-json\/wp\/v2\/product_tag?post=66057"}],"curies":[{"name":"wp","href":"https:\/\/api.w.org\/{rel}","templated":true}]}}