{"id":66104,"date":"2023-01-11T13:31:40","date_gmt":"2023-01-11T11:31:40","guid":{"rendered":"https:\/\/galicianparts.com\/shop\/producto\/71749549-kit-conexion-electrica-inyeccion-fiat-lancia-alfa-romeo-nuevo-original\/"},"modified":"2025-12-21T22:07:14","modified_gmt":"2025-12-21T20:07:14","slug":"71749549-kit-conexion-electrica-inyeccion-fiat-lancia-alfa-romeo-nuevo-original","status":"publish","type":"product","link":"https:\/\/galicianparts.com\/shop\/producto\/71749549-kit-conexion-electrica-inyeccion-fiat-lancia-alfa-romeo-nuevo-original\/","title":{"rendered":"71749549 Kit conexi\u00f3n el\u00e9ctrica inyecci\u00f3n Fiat \/Lancia \/Alfa Romeo NUEVO ORIGINAL"},"content":{"rendered":"<p>Set de clavija el\u00e9ctrica de la inyecci\u00f3n de:<br \/>\nFIAT &#8211; 83 500 MY2012 (2012-&#8230;.) 1.3 JTD 95 CV<br \/>\nFIAT &#8211; 83 500 MY2012 (2012-&#8230;.) 1242 GS &#8211; 1248 DS.<br \/>\nFIAT &#8211; 73 500L (2012-&#8230;.) TBD \/ DI\u00c9SEL \/ LIM.CEE FASE 5<br \/>\nFIAT &#8211; 2T CROMA (2005-2010) 1910\u00a0JTD\u00a0CF4\u00a08V\u00a0115CV\/85KW\u00a0MENOR POTENCIA BELGICA \/ 1900 JTD 8V 120 HP\/88KW<br \/>\nFIAT &#8211; 2T CROMA (2005-2010) 1910\u00a0JTD\u00a0CF4\u00a016V136CV\/100KW\u00a0MENOR POTENCIA BELGICA \/ 1900 JTD 16V  150HP\/110KW<br \/>\nFIAT &#8211; 2T CROMA (2005-2010) 2400 JTD 20V  200HP\/147KW<br \/>\nFIAT &#8211; 24 FREEMONT (2011-&#8230;.) 2.0 Mjet Di\u00e9sel<br \/>\nFIAT &#8211; 2Y GRANDE PUNTO (2005-2008) 1.2\u00a0MPI\u00a08V\u00a0CF4 \/ 1.4\u00a0MPI\u00a08V\u00a0CF4 \/ 1400\u00a0MPI\u00a08V\u00a0CF4\u00a0MENOR POTE.\u00a0AUSTRIA<br \/>\nFIAT &#8211; 2Y GRANDE PUNTO (2005-2008) 1910\u00a0JTD\u00a0CF4\u00a08V\u00a0115CV\/85KW\u00a0MENOR POTENCIA BELGICA \/ 1.9\u00a0JTD\u00a08V\u00a0CF4\u00a0120CV\/88KW \/ 1.9\u00a0JTD\u00a08V\u00a0CF4\u00a0130CV\/95KW<br \/>\nFIAT &#8211; 4C GRANDE PUNTO (2008-2009) 1100-1199 \/ 1370 \/ 8 V\u00c1LVULAS \/  \/ ASPIRADO \/ ALIMENTACI\u00d3N GLP (EST\u00c1NDAR ITALIA)<br \/>\nFIAT &#8211; 4C GRANDE PUNTO (2008-2009) 1370 \/ GASOLINA \/ METANO<br \/>\nFIAT &#8211; 4C GRANDE PUNTO (2008-2009) 1500-1599 \/ DI\u00c9SEL<br \/>\nFIAT &#8211; 4C GRANDE PUNTO (2008-2009) 1910 \/ DI\u00c9SEL \/ 8 V\u00c1LVULAS<br \/>\nFIAT &#8211; 3X GRANDE PUNTO ACTUAL (2009-2013) 1200-1299 \/ DI\u00c9SEL \/ LIM.CEE FASE 5 \/ 1.3 JTD 75 CV ECOF4\/ECOF5 \/ 1.3JTD 85 CV PURO2<br \/>\nFIAT &#8211; 3X GRANDE PUNTO ACTUAL (2009-2013) 1100-1199 \/ 1370 \/ GASOLINA \/ GASOLINA \/ METANO<br \/>\nFIAT &#8211; 4D IDEA (2008-2012) 1300-1399CC \/ 8 V\u00c1LVULAS<br \/>\nFIAT &#8211; 4D IDEA (2008-2012) 1500-1599CC<br \/>\nFIAT &#8211; 4D IDEA (2008-2012) 1200-1299 CC \/ LIM.CEE FASE 5<br \/>\nFIAT &#8211; 3M LINEA (2007-&#8230;.) 1598\u00a0JTD \/ DI\u00c9SEL \/ 1598 JTD 16V 105CV<br \/>\nFIAT &#8211; 1F MULTIPLA (1998-2010) 1910\u00a0JTD\u00a0CF4\u00a08V\u00a0115CV\/85KW\u00a0MENOR POTENCIA BELGICA \/ 1.9\u00a0JTD\u00a0120\u00a0CV\/88KW\u00a0CF4<br \/>\nFIAT &#8211; 3P NUOVA 500 (2007-2012) 1242-1248<br \/>\nFIAT &#8211; 3P NUOVA 500 (2007-2012) 1.3 JTD 95 CV<br \/>\nFIAT &#8211; 3L NUOVA BRAVO (2007-2009) 1958 JTD<br \/>\nFIAT &#8211; 3L NUOVA BRAVO (2007-2009) 1598 JTD 105CV \/ 1598 TB.GS  &#8211; 1598 JTD \/ (1.4 MPI)  (1.9 90CV) (1.6 90CV) \/ 1400 TRB GS \/1598\/1910 JTD 120CV<br \/>\nFIAT &#8211; 3L NUOVA BRAVO (2007-2009) 1910\u00a0JTD \/ 1400 TRB GS \/1910 JTD 150CV<br \/>\nFIAT &#8211; 3Y NUOVA BRAVO MY 2010 (2010-2014) 1598 \/ DI\u00c9SEL<br \/>\nFIAT &#8211; 3Y NUOVA BRAVO MY 2010 (2010-2014) 1956 \/ DI\u00c9SEL<br \/>\nFIAT &#8211; 2Q NUOVA PANDA (2003-2009) 1242 8V CF4  PETROL\/METHANE<br \/>\nFIAT &#8211; 33 NUOVA PANDA (2012-&#8230;.) 8V.LE 69HP \/ GASOLINA<br \/>\nFIAT &#8211; 33 NUOVA PANDA (2012-&#8230;.) JTD \/ DI\u00c9SEL<br \/>\nFIAT &#8211; 51 NUOVA PUNTO MY2012 (2012-2013) 1248 \/ DI\u00c9SEL \/ LIM.CEE FASE 5 \/ START&amp;STOP \/ 1.3 JTD EURO4\/5 75CV \/ 1.3 JTD EURO5    85CV \/ 1.3 JTD EURO5    95CV<br \/>\nFIAT &#8211; 51 NUOVA PUNTO MY2012 (2012-2013) 8 V\u00c1LVULAS \/ 1242 \/ 1368<br \/>\nFIAT &#8211; 71 PANDA CLASSIC (2012-2012) POR ESTABL.(1100~1199) \/ DIESEL \/ 1248 JTD DPF \/ LIM.CEE FASE 5<br \/>\nFIAT &#8211; 71 PANDA CLASSIC (2012-2012) POR ESTABL.(1100~1199) \/ BENZINA \/ LIM.CEE FASE 5 \/ POR ESTABL.(1300~1399) 1400 16V.LE \/ BENZINA \/ METANO<br \/>\nFIAT &#8211; 3U PANDA MY 2009 (2009-2010) GASOLINA \/ METANO \/ ALIMENTACI\u00d3N GLP (EST\u00c1NDAR ITALIA)<br \/>\nFIAT &#8211; 3U PANDA MY 2009 (2009-2010) GASOLINA \/ LIM.CEE FASE 5<br \/>\nFIAT &#8211; 0X PANDA MY 2011 (2010-2011) POR ESTABL.(1100~1199) \/ GASOLINA \/ LIM.CEE FASE 5 \/ POR ESTABL.(1300~1399) 1400 16V.LE \/ GASOLINA \/ METANO<br \/>\nFIAT &#8211; 0X PANDA MY 2011 (2010-2011) POR ESTABL.(1100~1199) \/ DI\u00c9SEL \/ 1248 JTD DPF \/ LIM.CEE FASE 5<br \/>\nFIAT &#8211; 3J PUNTO EVO (2009-2011) 1200-1299 \/ DI\u00c9SEL \/ LIM.CEE FASE 5 \/ START&amp;STOP \/ 1.3 JTD 75 CV ECOF4\/ECOF5 \/ 1.3 JTD 85CV ECOF5 ECO-PURO2 \/ 1.3 JTD 95CV ECOF5<br \/>\nFIAT &#8211; 3J PUNTO EVO (2009-2011) 8 V\u00c1LVULAS \/ 1.2 \/ 1370<br \/>\nFIAT &#8211; 3J PUNTO EVO (2009-2011) 1500-1599 \/ DI\u00c9SEL<br \/>\nFIAT &#8211; 6U PUNTO MY 2013 (2013-&#8230;.) 1248 \/ DI\u00c9SEL \/ LIM.CEE FASE 5 \/ START&amp;STOP \/ 1.3 JTD EURO4\/5 75CV \/ 1.3 JTD EURO5    85CV \/ 1.3 JTD EURO5    95CV<br \/>\nFIAT &#8211; 6U PUNTO MY 2013 (2013-&#8230;.) 8 V\u00c1LVULAS \/ 1242 \/ 1368<br \/>\nFIAT &#8211; 3B SEDICI (2006-2011) 2000\u00a0JTD\u00a0CF5\u00a016V\u00a0135CV\/100KW<br \/>\nFIAT &#8211; 3B SEDICI (2006-2011) 1910 JTD CF4 8V 120HP 88KW<br \/>\nFIAT &#8211; 74 SEDICI MY 2012 (2012-2014) 2.0 DI\u00c9SEL<br \/>\nFIAT &#8211; 2V STILO F.L.L. 2003 (2003-2007) 1.9\u00a0JTD\u00a08V\u00a0CF4\u00a090CV\/66KW\u00a0MENOR POT. AUSTRIA \/ 1910\u00a0JTD\u00a0CF4\u00a08V\u00a0115CV\/85KW\u00a0MENOR POTENCIA BELGICA \/ 1.9 JTD CF4 8V 120HP 88KW<br \/>\nFIAT &#8211; 2V STILO F.L.L. 2003 (2003-2007) 1.9 JTD CF4 16V 150HP 110KW<br \/>\nALFA ROMEO &#8211; W8 147 BZ\/DS (2000-2010) DPF SPECIFIC CATALYZER \/ (1910\u00a0JTD\u00a0CF4\u00a08V\u00a0115CV\/85KW\u00a0MENOR POT\u00a0BEL. \/ 1.9\u00a0JTD\u00a08V\u00a0CF4)<br \/>\nALFA ROMEO &#8211; W8 147 BZ\/DS (2000-2010) DPF SPECIFIC CATALYZER \/ (1910\u00a0JTD\u00a0CF4\u00a016V\u00a0136CV\/100KW\u00a0MENOR POT.\u00a0BEL. \/ 1.9\u00a0JTD\u00a016V\u00a0CF4 \/ 1910\u00a0JTD\u00a0CF4\u00a016V\u00a0170CV\/125KW\u00a0POTENCIADO)<br \/>\nALFA ROMEO &#8211; X8 159 MY11 (2010-2011) 1858-1910\u00a0CC<br \/>\nALFA ROMEO &#8211; X8 159 MY11 (2010-2011) 2387\u00a0CF4<br \/>\nALFA ROMEO &#8211; X8 159 MY11 (2010-2011) 1956\u00a0CF5<br \/>\nALFA ROMEO &#8211; X3 ALFA 159  (2005-2008) 1910\u00a0JTD\u00a0CF4\u00a08V\u00a0115CV\/85KW\u00a0MENOR POTENCIA BELGICA \/ 1.9 JTD 8V E4<br \/>\nALFA ROMEO &#8211; X3 ALFA 159  (2005-2008) 1910JTD\u00a0CF4\u00a016V\u00a0136CV\/100KW\u00a0MENOR POT. BELGICA \/ 1.9 JTD 16V E4<br \/>\nALFA ROMEO &#8211; X3 ALFA 159  (2005-2008) 2.4 JTD 20V E4 \/ 2400 JTD CF4 20V 4X2 210CV 154 KW \/ 2400 JTD CF4 20V 4X4 210CV 154KW<br \/>\nALFA ROMEO &#8211; X9 ALFA 159 (2008-2010)  1956\u00a0CF5<br \/>\nALFA ROMEO &#8211; X9 ALFA 159 (2008-2010)  8 V\u00c1LVULAS<br \/>\nALFA ROMEO &#8211; X9 ALFA 159 (2008-2010)  1858-1910\u00a0CC \/ DI\u00c9SEL \/ 16 V\u00c1LVULAS<br \/>\nALFA ROMEO &#8211; X9 ALFA 159 (2008-2010)  2387\u00a0CF4<br \/>\nALFA ROMEO &#8211; X6 ALFA MITO (2008-2011) 1598<br \/>\nALFA ROMEO &#8211; X6 ALFA MITO (2008-2011) 1.3 \/ DI\u00c9SEL \/ LIM.CEE FASE 5 \/ 95CV \/ 1.3\u00a0SDE\u00a085CV\u00a0EURO5<br \/>\nALFA ROMEO &#8211; X4 BRERA COUPE&#8217; (2005-2008) 2.4 JTD 20V CF4 200CV\/147 KW \/ 2400\u00a0JTD\u00a0CF4\u00a020V\u00a04X2\u00a0210CV\/\u00a0154KW<br \/>\nALFA ROMEO &#8211; 12 BRERA COUPE&#8217; M.Y. (2008-2010) 1956 CF5 121 KW<br \/>\nALFA ROMEO &#8211; 12 BRERA COUPE&#8217; M.Y. (2008-2010) 210 CV JTD \/ DA DEFIN.(2300~2399) \/ 200 CV (2.4 JTD CF4 \/ 1.8 TB CF5)<br \/>\nALFA ROMEO &#8211; X7 GIULIETTA (2010-2013) 1958 JTD \/ 1400 MAIR &#8211; 1958 JTD 170 CV \/ 1958\u00a0JTD\u00a0140\u00a0CV<br \/>\nALFA ROMEO &#8211; X7 GIULIETTA (2010-2013) 1598\u00a0JTD \/ 1400 BZ 1600 JTD 105 CV<br \/>\nALFA ROMEO &#8211; 5Y GIULIETTA M.Y. 2013 (2013 &#8211; &#8230;) 1958 JTD \/ 1400 MAIR &#8211; 1958 JTD 170 CV \/ 1958\u00a0JTD\u00a0140\u00a0CV \/ 1958 JTD  150 CV<br \/>\nALFA ROMEO &#8211; 5Y GIULIETTA M.Y. 2013 (2013 &#8211; &#8230;) 1598\u00a0JTD \/ 1600\u00a0JTD\u00a0105\u00a0HP<br \/>\nALFA ROMEO &#8211; X2 GT (2003-2010) DPF SPECIFIC CATALYZER \/ (1910 JTD 16V CF4 110 KW 150HP \/ 1910\u00a0JTD\u00a0CF4\u00a016V\u00a0170CV\/125KW\u00a0POT.)<br \/>\nALFA ROMEO &#8211; QZ MITO MY2011 (2011-2013) 1.3 \/ DI\u00c9SEL \/ LIM.CEE FASE 5 \/ 1.3\u00a0SDE\u00a095V\u00a0EURO5 \/ 1.3\u00a0SDE\u00a085CV\u00a0EURO5<br \/>\nALFA ROMEO &#8211; QZ MITO MY2011 (2011-2013) 1598 \/ DI\u00c9SEL \/ 1.6 JTD EURO5 -1.4 FIRE TRB EURO4 120CV<br \/>\nALFA ROMEO &#8211; QZ MITO MY2011 (2011-2013) 1370 \/ GASOLINA \/ 8 V\u00c1LVULAS<br \/>\nALFA ROMEO &#8211; 10 MITO MY2013 (2013-&#8230;.) DI\u00c9SEL \/ 1.3\u00a0SDE\u00a085CV\u00a0EURO5 \/ LIM.CEE FASE 5<br \/>\nALFA ROMEO &#8211; 10 MITO MY2013 (2013-&#8230;.) 1598 \/ DI\u00c9SEL \/ 1.6 JTD EURO5 -1.4 FIRE TRB 120CV<br \/>\nALFA ROMEO &#8211; 10 MITO MY2013 (2013-&#8230;.) 1370 \/ BENZINA \/ 8 V\u00c1LVULAS<br \/>\nALFA ROMEO &#8211; X5 NUOVO SPIDER (2006-2008) 2.4\u00a0JTD\u00a020V\u00a0CF4\u00a0200CV\/147KW<br \/>\nALFA ROMEO &#8211; 13 NUOVO SPIDER M.Y. (2008-2010) 1956 CF5 121 KW<br \/>\nALFA ROMEO &#8211; 13 NUOVO SPIDER M.Y. (2008-2010) 210 CV JTD \/ DA DEFIN.(2300~2399) \/ 200 CV (2.4 JTD CF4 \/ 1.8 TB CF5)<br \/>\nLANCIA &#8211; TN LANCIA DELTA MY 2011 (2011-2014) 1598 JTD \/ DI\u00c9SEL<br \/>\nLANCIA &#8211; TN LANCIA DELTA MY 2011 (2011-2014) 1910 JTD<br \/>\nLANCIA &#8211; TN LANCIA DELTA MY 2011 (2011-2014) 1958 JTD \/ DI\u00c9SEL<br \/>\nLANCIA &#8211; TJ MUSA (2007-2011) (1300-1399 CC) \/ 8 V\u00c1LVULAS<br \/>\nLANCIA &#8211; TJ MUSA (2007-2011) (1500-1599 CC)<br \/>\nLANCIA &#8211; TJ MUSA (2007-2011) (1200-1299 CC) \/ DI\u00c9SEL \/ LIM.CEE FASE 5<br \/>\nLANCIA &#8211; 43 MUSA FLL (2011-2012) (1300-1399 CC) \/ 8 V\u00c1LVULAS<br \/>\nLANCIA &#8211; 43 MUSA FLL (2011-2012) (1200-1299 CC) \/ DI\u00c9SEL \/ LIM.CEE FASE 5<br \/>\nLANCIA &#8211; 43 MUSA FLL (2011-2012) (1500-1599 CC) \/ DI\u00c9SEL<br \/>\nLANCIA &#8211; TK NEW YPSILON (2011-&#8230;.)  JTD \/ DI\u00c9SEL<br \/>\nLANCIA &#8211; TK NEW YPSILON (2011-&#8230;.)  8V.LE 69CV. \/ GASOLINA \/ GASOLINA \/ GPL<br \/>\nLANCIA &#8211; TH NUOVA DELTA 844 (2008-2011) 1958 JTD<br \/>\nLANCIA &#8211; TH NUOVA DELTA 844 (2008-2011) 1598\u00a0JTD<br \/>\nLANCIA &#8211; TH NUOVA DELTA 844 (2008-2011) 1910\u00a0JTD<br \/>\nLANCIA &#8211; SJ THESIS (2001-2007) 2.4\u00a0JTD\u00a020V\u00a0CF4\u00a0175CV\/129KW<br \/>\nLANCIA &#8211; TE YPSILON (2003-2009) 1400 8V MPI CF4 77CV\/56KW<br \/>\nLANCIA &#8211; TI YPSILON (2009-2011) (1368\u00a0CC) \/ LIM.CEE FASE 4 \/ 8 V\u00c1LVULAS<br \/>\nLANCIA &#8211; TI YPSILON (2009-2011) (1242\u00a0-1248\u00a0CC) \/ GASOLINA \/ LIM.CEE FASE 5 \/ (1368\u00a0CC) \/ ALIMENTACI\u00d3N GLP (EST\u00c1NDAR ITALIA)<br \/>\nLANCIA &#8211; TI YPSILON (2009-2011) (1242\u00a0-1248\u00a0CC) \/ DI\u00c9SEL \/ 75 CV. \/ LIM.CEE FASE 5<br \/>\nFIAT PROFESSIONAL &#8211; 3C DOBLO REST. 2005 (2005-&#8230;.) 1910\u00a0JTD\u00a08V\u00a0CF4\u00a0105CV\/77KW \/ 1910\u00a0JTD\u00a08V\u00a0CF4\u00a0100CV\/74KW \/ 1910\u00a0JTD\u00a08V\u00a0CF4\u00a0120CV\/88KW<br \/>\nFIAT PROFESSIONAL &#8211; 3V NUOVO DOBLO 2009 (2009-&#8230;.) 1998 DS.<br \/>\nFIAT PROFESSIONAL &#8211; 3V NUOVO DOBLO 2009 (2009-&#8230;.) 1248 DS. \/ DI\u00c9SEL \/ START&amp;STOP \/ 90 CV. \/ 75 CV. \/  \/ EURO 5 \/ EURO 5 B \/ LIM.CEE FASE 5<br \/>\nFIAT PROFESSIONAL &#8211; 3V NUOVO DOBLO 2009 (2009-&#8230;.) 1598 DS.<br \/>\nFIAT PROFESSIONAL &#8211; 4X NUOVO DUCATO MY 2011 (2011-2014) FAM. B DS \/ DI\u00c9SEL<br \/>\nFIAT PROFESSIONAL &#8211; 4Y NUOVO DUCATO MY 2014 (2014-&#8230;.) FAM. B DS \/ DIESEL<br \/>\nFIAT PROFESSIONAL &#8211; 3N NUOVO FIORINO-QUBO (2007-&#8230;.) GASOLINA\/ DI\u00c9SEL(PSA) \/ GASOLINA \/ METANO \/ 70CV (CNG)<br \/>\nFIAT PROFESSIONAL &#8211; 3N NUOVO FIORINO-QUBO (2007-&#8230;.) DI\u00c9SEL (FIAT) \/ DI\u00c9SEL \/ LIM.CEE FASE 5 \/ 75CV \/ 95CV \/ LIM.CEE FASE 4 \/ EURO 5<br \/>\nFIAT PROFESSIONAL &#8211; 52 STRADA 2011 (2011-2014) 1250 JTD \/ DI\u00c9SEL \/ LIM.CEE FASE 5 \/ KW71<\/p>\n<p>LA PIEZA ES NUEVA Y ORIGINAL.<\/p>\n","protected":false},"excerpt":{"rendered":"<p>Set de clavija el\u00e9ctrica de la inyecci\u00f3n de: FIAT &#8211; 83 500 MY2012 (2012-&#8230;.) 1.3 JTD 95 CV FIAT &#8211; 83 500 MY2012 (2012-&#8230;.) 1242 GS &#8211; 1248 DS. FIAT &#8211; 73 500L (2012-&#8230;.) TBD \/ DI\u00c9SEL \/ LIM.CEE FASE 5 FIAT &#8211; 2T CROMA (2005-2010) 1910\u00a0JTD\u00a0CF4\u00a08V\u00a0115CV\/85KW\u00a0MENOR POTENCIA BELGICA \/ 1900 JTD 8V 120 HP\/88KW [&hellip;]<\/p>\n","protected":false},"featured_media":66107,"template":"","meta":{"_seopress_robots_primary_cat":"","_seopress_titles_title":"","_seopress_titles_desc":"","_seopress_robots_index":""},"product_cat":[44,51,74,16,82,52,86,118,87,88,20,91,191,53,92,50,93,21,94,47,96,121,99,101,105,56,108,109,125,127],"product_tag":[],"class_list":{"0":"post-66104","1":"product","2":"type-product","3":"status-publish","4":"has-post-thumbnail","6":"product_cat-recambios-alfa-romeo-147","7":"product_cat-recambios-alfa-romeo-159","8":"product_cat-recambios-fiat-500","9":"product_cat-recambios-alfa-romeo","10":"product_cat-recambios-fiat-bravo","11":"product_cat-recambios-alfa-romeo-brera","12":"product_cat-recambios-fiat-croma","13":"product_cat-recambios-lancia-delta","14":"product_cat-recambios-fiat-doblo","15":"product_cat-recambios-fiat-ducato","16":"product_cat-recambios-fiat","17":"product_cat-recambios-fiat-fiorino","18":"product_cat-recambios-fiat-freemont","19":"product_cat-recambios-alfa-romeo-giulietta","20":"product_cat-recambios-fiat-grande-punto","21":"product_cat-recambios-alfa-romeo-gt","22":"product_cat-recambios-fiat-idea","23":"product_cat-recambios-lancia","24":"product_cat-recambios-fiat-linea","25":"product_cat-recambios-alfa-romeo-mito","26":"product_cat-recambios-fiat-multipla","27":"product_cat-recambios-lancia-musa","28":"product_cat-recambios-fiat-panda","29":"product_cat-recambios-fiat-punto","30":"product_cat-recambios-fiat-sedici","31":"product_cat-recambios-alfa-romeo-spider","32":"product_cat-recambios-fiat-stilo","33":"product_cat-recambios-fiat-strada","34":"product_cat-recambios-lancia-thesis","35":"product_cat-recambios-lancia-ypsilon","37":"first","38":"outofstock","39":"taxable","40":"shipping-taxable","41":"purchasable","42":"product-type-simple"},"_links":{"self":[{"href":"https:\/\/galicianparts.com\/shop\/wp-json\/wp\/v2\/product\/66104"}],"collection":[{"href":"https:\/\/galicianparts.com\/shop\/wp-json\/wp\/v2\/product"}],"about":[{"href":"https:\/\/galicianparts.com\/shop\/wp-json\/wp\/v2\/types\/product"}],"wp:featuredmedia":[{"embeddable":true,"href":"https:\/\/galicianparts.com\/shop\/wp-json\/wp\/v2\/media\/66107"}],"wp:attachment":[{"href":"https:\/\/galicianparts.com\/shop\/wp-json\/wp\/v2\/media?parent=66104"}],"wp:term":[{"taxonomy":"product_cat","embeddable":true,"href":"https:\/\/galicianparts.com\/shop\/wp-json\/wp\/v2\/product_cat?post=66104"},{"taxonomy":"product_tag","embeddable":true,"href":"https:\/\/galicianparts.com\/shop\/wp-json\/wp\/v2\/product_tag?post=66104"}],"curies":[{"name":"wp","href":"https:\/\/api.w.org\/{rel}","templated":true}]}}