{"id":66251,"date":"2023-01-13T10:33:56","date_gmt":"2023-01-13T08:33:56","guid":{"rendered":"https:\/\/galicianparts.com\/shop\/producto\/71749541-kit-conexion-electrica-inyeccion-fiat-lancia-alfa-romeo-nuevo-original\/"},"modified":"2023-01-18T08:50:45","modified_gmt":"2023-01-18T06:50:45","slug":"71749541-kit-conexion-electrica-inyeccion-fiat-lancia-alfa-romeo-nuevo-original","status":"publish","type":"product","link":"https:\/\/galicianparts.com\/shop\/producto\/71749541-kit-conexion-electrica-inyeccion-fiat-lancia-alfa-romeo-nuevo-original\/","title":{"rendered":"71749541 Kit conexi\u00f3n el\u00e9ctrica inyecci\u00f3n Fiat \/Lancia \/Alfa Romeo NUEVO ORIGINAL"},"content":{"rendered":"<p>Set de clavija el\u00e9ctrica de la inyecci\u00f3n de:<br \/>\nFIAT &#8211; 83 500 MY2012 (2012-&#8230;.)<br \/>\nFIAT &#8211; 73 500L (2012-&#8230;.)<br \/>\nFIAT &#8211; 2T CROMA (2005-2010)<br \/>\nFIAT &#8211; 24 FREEMONT (2011-&#8230;.)<br \/>\nFIAT &#8211; 2Y GRANDE PUNTO (2005-2008)<br \/>\nFIAT &#8211; 4C GRANDE PUNTO (2008-2009)<br \/>\nFIAT &#8211; 3X GRANDE PUNTO ACTUAL (2009-2013)<br \/>\nFIAT &#8211; 3S GRANDE PUNTO INTERN. INDIA (2008-2014)<br \/>\nFIAT &#8211; 0D GRANDE PUNTO INTERN. INDIA FL2014 (2014-&#8230;.)<br \/>\nFIAT &#8211; 2S IDEA (2003-2008)<br \/>\nFIAT &#8211; 4D IDEA (2008-2012)<br \/>\nFIAT &#8211; 3M LINEA (2007-&#8230;.)<br \/>\nFIAT &#8211; 1F MULTIPLA (1998-2010)<br \/>\nFIAT &#8211; 3P NUOVA 500 (2007-2012)<br \/>\nFIAT &#8211; 3L NUOVA BRAVO (2007-2009)<br \/>\nFIAT &#8211; 3Y NUOVA BRAVO MY 2010 (2010-2014)<br \/>\nFIAT &#8211; 2Q NUOVA PANDA (2003-2009)<br \/>\nFIAT &#8211; 33 NUOVA PANDA (2012-&#8230;.)<br \/>\nFIAT &#8211; 51 NUOVA PUNTO MY2012 (2012-2013)<br \/>\nFIAT &#8211; 71 PANDA CLASSIC (2012-2012)<br \/>\nFIAT &#8211; 3U PANDA MY 2009 (2009-2010)<br \/>\nFIAT &#8211; 0X PANDA MY 2011 (2010-2011)<br \/>\nFIAT &#8211; 3J PUNTO EVO (2009-2011)<br \/>\nFIAT &#8211; 2U PUNTO FL.&#8217;03 (2003-2010)<br \/>\nFIAT &#8211; 6U PUNTO MY 2013 (2013-&#8230;.)<br \/>\nFIAT &#8211; 3B SEDICI (2006-2011)<br \/>\nFIAT &#8211; 74 SEDICI MY 2012 (2012-2014)<br \/>\nFIAT &#8211; 2V STILO F.L.L. 2003 (2003-2007)<br \/>\nALFA ROMEO &#8211; W8 147 BZ\/DS (2000-2010)<br \/>\nALFA ROMEO &#8211; X1 156 M.Y.2002 BZ\/DS (2001-2005)<br \/>\nALFA ROMEO &#8211; X8 159 MY11 (2010-2011)<br \/>\nALFA ROMEO &#8211; W9 166 BZ-DS (1998-2007)<br \/>\nALFA ROMEO &#8211; X3 ALFA 159 (2005-2008)<br \/>\nALFA ROMEO &#8211; X9 ALFA 159 (2008-2010)<br \/>\nALFA ROMEO &#8211; X6 ALFA MITO (2008-2011)<br \/>\nALFA ROMEO &#8211; X4 BRERA COUPE&#8217; (2005-2008)<br \/>\nALFA ROMEO &#8211; 12 BRERA COUPE&#8217; M.Y. (2008-2010)<br \/>\nALFA ROMEO &#8211; X7 GIULIETTA (2010-2013)<br \/>\nALFA ROMEO &#8211; 5Y GIULIETTA M.Y. 2013 (2013 &#8211; &#8230;)<br \/>\nALFA ROMEO &#8211; X2 GT (2003-2010)<br \/>\nALFA ROMEO &#8211; QZ MITO MY2011 (2011-2013)<br \/>\nALFA ROMEO &#8211; 10 MITO MY2013 (2013-&#8230;.)<br \/>\nALFA ROMEO &#8211; X5 NUOVO SPIDER (2006-2008)<br \/>\nALFA ROMEO &#8211; 13 NUOVO SPIDER M.Y. (2008-2010)<br \/>\nLANCIA &#8211; TN LANCIA DELTA MY 2011 (2011-2014)<br \/>\nLANCIA &#8211; TG MUSA (2004-2007)<br \/>\nLANCIA &#8211; TJ MUSA (2007-2011)<br \/>\nLANCIA &#8211; 43 MUSA FLL (2011-2012)<br \/>\nLANCIA &#8211; TK NEW YPSILON (2011-&#8230;.)<br \/>\nLANCIA &#8211; TH NUOVA DELTA 844 (2008-2011)<br \/>\nLANCIA &#8211; SJ THESIS (2001-2007)<br \/>\nLANCIA &#8211; TE YPSILON (2003-2009)<br \/>\nLANCIA &#8211; TI YPSILON (2009-2011)<br \/>\nFIAT PROFESSIONAL &#8211; 3C DOBLO REST. 2005 (2005-&#8230;.)<br \/>\nFIAT PROFESSIONAL &#8211; 3V NUOVO DOBLO 2009 (2009-&#8230;.)<br \/>\nFIAT PROFESSIONAL &#8211; 4X NUOVO DUCATO MY 2011 (2011-2014)<br \/>\nFIAT PROFESSIONAL &#8211; 4Y NUOVO DUCATO MY 2014 (2014-&#8230;.)<br \/>\nFIAT PROFESSIONAL &#8211; 3N NUOVO FIORINO-QUBO (2007-&#8230;.)<br \/>\nFIAT PROFESSIONAL &#8211; 52 STRADA 2011 (2011-2014)<br \/>\nABARTH &#8211; 85 500 ABARTH MY2012 (2012-&#8230;.)<br \/>\nABARTH &#8211; 4A GRANDE PUNTO ABARTH (2007-2010)<br \/>\nABARTH &#8211; 3R NUOVA 500 ABARTH (2008-2012)<br \/>\nABARTH &#8211; 81 NUOVA PUNTO ABARTH MY2012 (2012-2013)<br \/>\nABARTH &#8211; 4B PUNTO EVO ABARTH (2010-2012)<br \/>\nCITROEN &#8211; JUMPER<br \/>\nPEUGEOT &#8211; BOXER<\/p>\n<p> LA PIEZA ES NUEVA Y ORIGINAL.<\/p>\n","protected":false},"excerpt":{"rendered":"<p>Set de clavija el\u00e9ctrica de la inyecci\u00f3n de: FIAT &#8211; 83 500 MY2012 (2012-&#8230;.) FIAT &#8211; 73 500L (2012-&#8230;.) FIAT &#8211; 2T CROMA (2005-2010) FIAT &#8211; 24 FREEMONT (2011-&#8230;.) FIAT &#8211; 2Y GRANDE PUNTO (2005-2008) FIAT &#8211; 4C GRANDE PUNTO (2008-2009) FIAT &#8211; 3X GRANDE PUNTO ACTUAL (2009-2013) FIAT &#8211; 3S GRANDE PUNTO INTERN. INDIA [&hellip;]<\/p>\n","protected":false},"featured_media":66254,"template":"","meta":{"_seopress_robots_primary_cat":"","_seopress_titles_title":"","_seopress_titles_desc":"","_seopress_robots_index":""},"product_cat":[44,49,51,57,74,16,155,82,52,23,86,118,87,88,20,91,191,53,92,50,93,137,21,94,47,96,121,99,24,101,105,56,108,109,125,127],"product_tag":[],"class_list":{"0":"post-66251","1":"product","2":"type-product","3":"status-publish","4":"has-post-thumbnail","6":"product_cat-recambios-alfa-romeo-147","7":"product_cat-recambios-alfa-romeo-156","8":"product_cat-recambios-alfa-romeo-159","9":"product_cat-recambios-alfa-romeo-166","10":"product_cat-recambios-fiat-500","11":"product_cat-recambios-alfa-romeo","12":"product_cat-recambios-peugeot-boxer","13":"product_cat-recambios-fiat-bravo","14":"product_cat-recambios-alfa-romeo-brera","15":"product_cat-recambios-citroen","16":"product_cat-recambios-fiat-croma","17":"product_cat-recambios-lancia-delta","18":"product_cat-recambios-fiat-doblo","19":"product_cat-recambios-fiat-ducato","20":"product_cat-recambios-fiat","21":"product_cat-recambios-fiat-fiorino","22":"product_cat-recambios-fiat-freemont","23":"product_cat-recambios-alfa-romeo-giulietta","24":"product_cat-recambios-fiat-grande-punto","25":"product_cat-recambios-alfa-romeo-gt","26":"product_cat-recambios-fiat-idea","27":"product_cat-recambios-citroen-jumper","28":"product_cat-recambios-lancia","29":"product_cat-recambios-fiat-linea","30":"product_cat-recambios-alfa-romeo-mito","31":"product_cat-recambios-fiat-multipla","32":"product_cat-recambios-lancia-musa","33":"product_cat-recambios-fiat-panda","34":"product_cat-recambios-peugeot","35":"product_cat-recambios-fiat-punto","36":"product_cat-recambios-fiat-sedici","37":"product_cat-recambios-alfa-romeo-spider","38":"product_cat-recambios-fiat-stilo","39":"product_cat-recambios-fiat-strada","40":"product_cat-recambios-lancia-thesis","41":"product_cat-recambios-lancia-ypsilon","43":"first","44":"outofstock","45":"taxable","46":"shipping-taxable","47":"purchasable","48":"product-type-simple"},"_links":{"self":[{"href":"https:\/\/galicianparts.com\/shop\/wp-json\/wp\/v2\/product\/66251"}],"collection":[{"href":"https:\/\/galicianparts.com\/shop\/wp-json\/wp\/v2\/product"}],"about":[{"href":"https:\/\/galicianparts.com\/shop\/wp-json\/wp\/v2\/types\/product"}],"wp:featuredmedia":[{"embeddable":true,"href":"https:\/\/galicianparts.com\/shop\/wp-json\/wp\/v2\/media\/66254"}],"wp:attachment":[{"href":"https:\/\/galicianparts.com\/shop\/wp-json\/wp\/v2\/media?parent=66251"}],"wp:term":[{"taxonomy":"product_cat","embeddable":true,"href":"https:\/\/galicianparts.com\/shop\/wp-json\/wp\/v2\/product_cat?post=66251"},{"taxonomy":"product_tag","embeddable":true,"href":"https:\/\/galicianparts.com\/shop\/wp-json\/wp\/v2\/product_tag?post=66251"}],"curies":[{"name":"wp","href":"https:\/\/api.w.org\/{rel}","templated":true}]}}