{"id":66358,"date":"2023-01-13T15:10:09","date_gmt":"2023-01-13T13:10:09","guid":{"rendered":"https:\/\/galicianparts.com\/shop\/producto\/9941248-regulador-tension-alternador-motorola-fiat-lancia-seat-citroen-nuevo-original\/"},"modified":"2024-04-15T19:27:05","modified_gmt":"2024-04-15T17:27:05","slug":"9941248-regulador-tension-alternador-motorola-fiat-lancia-seat-citroen-nuevo-original","status":"publish","type":"product","link":"https:\/\/galicianparts.com\/shop\/producto\/9941248-regulador-tension-alternador-motorola-fiat-lancia-seat-citroen-nuevo-original\/","title":{"rendered":"9941248 Regulador tensi\u00f3n alternador Motorola Fiat \/Lancia \/Seat \/Citroen NUEVO ORIGINAL"},"content":{"rendered":"<p>Regulador de voltaje MOTOROLA 2941121 del alternador de:<br \/>\nTensi\u00f3n: 14,5V<\/p>\n<p>CITRO\u00cbN Visa Hatchback<br \/>\n0.6, A\u00f1o 09.1978 &#8211; 06.1988, 652 , 34<br \/>\nFIAT Regata (138)<br \/>\n1.6 Super 100, A\u00f1o 10.1983 &#8211; 12.1990, 1585 , 101<br \/>\n1.9 Di\u00e9sel 65, A\u00f1o 04.1984 &#8211; 07.1989, 1929 , 65<br \/>\n1.3 70, A\u00f1o 09.1983 &#8211; 07.1989, 1301 , 65<br \/>\n1.3 70, A\u00f1o 09.1983 &#8211; 07.1986, 1301 , 68<br \/>\n1.9 Turbodi\u00e9sel 80, A\u00f1o 05.1986 &#8211; 07.1989, 1929 , 80<br \/>\n1.6 85, A\u00f1o 10.1983 &#8211; 06.1990, 1585 , 82<br \/>\n1.5 Super 85, A\u00f1o 09.1983 &#8211; 04.1985, 1498 , 82<br \/>\nFIAT Ritmo I Cabrio<br \/>\n1.5 80, A\u00f1o 01.1980 &#8211; 07.1989, 1498 , 86<br \/>\nFIAT Ritmo I Hatchback (138)<br \/>\n1.1 60, A\u00f1o 04.1985 &#8211; 12.1987, 1116 , 58<br \/>\n1.3 65, A\u00f1o 01.1978 &#8211; 08.1985, 1301 , 65<br \/>\n1.3 70, A\u00f1o 01.1983 &#8211; 04.1985, 1301 , 68<br \/>\nFIAT 126 (126)<br \/>\n0.7, A\u00f1o 09.1987 &#8211; 06.1996, 704 , 26<br \/>\nFIAT 131 Berlina (131)<br \/>\n1.3 Mirafiori, A\u00f1o 10.1974 &#8211; 12.1982, 1297 , 65<br \/>\n1.4 Super Mirafiori, A\u00f1o 04.1981 &#8211; 12.1983, 1367 , 75<br \/>\n1.6, A\u00f1o 11.1976 &#8211; 12.1984, 1585 , 85<br \/>\n1.6 Super Mirafiori, A\u00f1o 03.1979 &#8211; 03.1982, 1585 , 98<br \/>\n2.0 Super, A\u00f1o 01.1981 &#8211; 12.1984, 1995 , 113<br \/>\nFIAT 131 Familiare \/ Panorama (131)<br \/>\n1.6, A\u00f1o 11.1980 &#8211; 12.1984, 1585 , 85<br \/>\n1.6 Super, A\u00f1o 12.1979 &#8211; 12.1981, 1585 , 97<br \/>\nFIAT Argenta (132)<br \/>\n2, A\u00f1o 06.1978 &#8211; 12.1985, 1995 , 113<br \/>\nFIAT Tempra (159)<br \/>\n1.4 i.e., A\u00f1o 03.1991 &#8211; 08.1996, 1372 , 78<br \/>\n1.6 (159.AD), A\u00f1o 03.1990 &#8211; 08.1996, 1581 , 86<br \/>\n1.6 i.e., A\u00f1o 06.1992 &#8211; 08.1996, 1581 , 75<br \/>\nFIAT Tipo Hatchback (160)<br \/>\n1.4, A\u00f1o 07.1987 &#8211; 12.1989, 1372 , 71<br \/>\n1.4 i.e., A\u00f1o 05.1989 &#8211; 04.1995, 1372 , 70<br \/>\n1.6, A\u00f1o 01.1988 &#8211; 10.1991, 1581 , 83<br \/>\n1.6 i.e., A\u00f1o 10.1992 &#8211; 04.1995, 1581 , 75<br \/>\n1.6 i.e., A\u00f1o 07.1990 &#8211; 01.1993, 1581 , 78<br \/>\n1.7 D, A\u00f1o 01.1988 &#8211; 10.1994, 1697 , 58<br \/>\n1.9 TD, A\u00f1o 09.1990 &#8211; 04.1995, 1929 , 90<br \/>\nFIAT Fiorino Furg\u00f3n (127)<br \/>\n1.0, A\u00f1o 01.1980 &#8211; 12.1987, 1049 , 50<br \/>\nFIAT Fiorino II Furg\u00f3n (146)<br \/>\n1.7 D, A\u00f1o 01.1988 &#8211; 10.1999, 1697 , 60<br \/>\n60 1.7 D, A\u00f1o 05.1988 &#8211; 10.1996, 1697 , 57<br \/>\n65 1.7 TD, A\u00f1o 01.1997 &#8211; 05.2001, 1698 , 63<br \/>\n1.3, A\u00f1o 01.1988 &#8211; 12.1994, 1301 , 67<br \/>\nFIAT Uno Hatchback (146)<br \/>\n1.1 55, A\u00f1o 01.1983 &#8211; 08.1989, 1116 , 54<br \/>\n1.1 60, A\u00f1o 05.1985 &#8211; 08.1989, 1116 , 58<br \/>\n1.7 Di\u00e9sel 60, A\u00f1o 07.1986 &#8211; 08.1989, 1698 , 60<br \/>\n1.4 i.e. 70, A\u00f1o 09.1989 &#8211; 12.1993, 1372 , 72<br \/>\nFIAT Ducato I Furg\u00f3n (290)<br \/>\n1.9 D, A\u00f1o 07.1990 &#8211; 03.1994, 1929 , 71<br \/>\n1.9 TD, A\u00f1o 03.1989 &#8211; 03.1994, 1929 , 82<br \/>\nFIAT 132 (132_)<br \/>\n2.0, A\u00f1o 01.1976 &#8211; 06.1981, 1995 , 112<br \/>\nLANCIA Delta I (831)<br \/>\n1.3, A\u00f1o 09.1983 &#8211; 08.1992, 1301 , 79<br \/>\n1.5, A\u00f1o 09.1979 &#8211; 12.1992, 1498 , 86<br \/>\nLANCIA Beta H.P.E. (828)<br \/>\n1.6, A\u00f1o 08.1980 &#8211; 09.1984, 1585 , 101<br \/>\nLANCIA Prisma (831)<br \/>\n1.5, A\u00f1o 01.1983 &#8211; 04.1986, 1498 , 86<br \/>\n1.6, A\u00f1o 01.1983 &#8211; 04.1986, 1585 , 105<br \/>\nLANCIA Beta Coup\u00e9 (828)<br \/>\n1.6, A\u00f1o 04.1976 &#8211; 12.1984, 1585 , 101<br \/>\n2.0, A\u00f1o 04.1976 &#8211; 12.1984, 1995 , 120<br \/>\nSEAT Malaga (023A)<br \/>\n1.2, A\u00f1o 05.1985 &#8211; 12.1993, 1193 , 60<br \/>\nSEAT Terra Furg\u00f3n (024A)<br \/>\n1.3 D, A\u00f1o 03.1990 &#8211; 02.1992, 1272 , 45<br \/>\n1.4 D, A\u00f1o 10.1990 &#8211; 02.1992, 1398 , 48<br \/>\nSEAT Ibiza I Hatchback (021A)<br \/>\n1.2, A\u00f1o 11.1984 &#8211; 12.1993, 1193 , 60<br \/>\n1.2, A\u00f1o 11.1984 &#8211; 12.1993, 1193 , 64<br \/>\n1.5, A\u00f1o 11.1984 &#8211; 05.1993, 1461 , 85<br \/>\n1.5 i, A\u00f1o 10.1986 &#8211; 05.1993, 1461 , 100<br \/>\n1.5 i CAT, A\u00f1o 10.1986 &#8211; 05.1993, 1461 , 90<br \/>\n1.7 D, A\u00f1o 08.1990 &#8211; 05.1993, 1714 , 57<\/p>\n<p>LA PIEZA ES NUEVA Y ORIGINAL MOTOROLA<\/p>\n","protected":false},"excerpt":{"rendered":"<p>Regulador de voltaje MOTOROLA 2941121 del alternador de: Tensi\u00f3n: 14,5V CITRO\u00cbN Visa Hatchback 0.6, A\u00f1o 09.1978 &#8211; 06.1988, 652 , 34 FIAT Regata (138) 1.6 Super 100, A\u00f1o 10.1983 &#8211; 12.1990, 1585 , 101 1.9 Di\u00e9sel 65, A\u00f1o 04.1984 &#8211; 07.1989, 1929 , 65 1.3 70, A\u00f1o 09.1983 &#8211; 07.1989, 1301 , 65 1.3 70, [&hellip;]<\/p>\n","protected":false},"featured_media":66359,"template":"","meta":{"_seopress_robots_primary_cat":"","_seopress_titles_title":"","_seopress_titles_desc":"","_seopress_robots_index":""},"product_cat":[67,70,71,79,116,23,118,88,20,91,162,21,164,123,102,103,26,111,233,112,114,140],"product_tag":[],"class_list":{"0":"post-66358","1":"product","2":"type-product","3":"status-publish","4":"has-post-thumbnail","6":"product_cat-recambios-fiat-126","7":"product_cat-recambios-fiat-131","8":"product_cat-recambios-fiat-132","9":"product_cat-recambios-fiat-argenta","10":"product_cat-recambios-lancia-beta","11":"product_cat-recambios-citroen","12":"product_cat-recambios-lancia-delta","13":"product_cat-recambios-fiat-ducato","14":"product_cat-recambios-fiat","15":"product_cat-recambios-fiat-fiorino","16":"product_cat-recambios-seat-ibiza","17":"product_cat-recambios-lancia","18":"product_cat-recambios-seat-malaga","19":"product_cat-recambios-lancia-prisma","20":"product_cat-recambios-fiat-regata","21":"product_cat-recambios-fiat-ritmo","22":"product_cat-recambios-seat","23":"product_cat-recambios-fiat-tempra","24":"product_cat-recambios-seat-terra","25":"product_cat-recambios-fiat-tipo","26":"product_cat-recambios-fiat-uno","27":"product_cat-recambios-citroen-visa","29":"first","30":"outofstock","31":"taxable","32":"shipping-taxable","33":"purchasable","34":"product-type-simple"},"_links":{"self":[{"href":"https:\/\/galicianparts.com\/shop\/wp-json\/wp\/v2\/product\/66358"}],"collection":[{"href":"https:\/\/galicianparts.com\/shop\/wp-json\/wp\/v2\/product"}],"about":[{"href":"https:\/\/galicianparts.com\/shop\/wp-json\/wp\/v2\/types\/product"}],"wp:featuredmedia":[{"embeddable":true,"href":"https:\/\/galicianparts.com\/shop\/wp-json\/wp\/v2\/media\/66359"}],"wp:attachment":[{"href":"https:\/\/galicianparts.com\/shop\/wp-json\/wp\/v2\/media?parent=66358"}],"wp:term":[{"taxonomy":"product_cat","embeddable":true,"href":"https:\/\/galicianparts.com\/shop\/wp-json\/wp\/v2\/product_cat?post=66358"},{"taxonomy":"product_tag","embeddable":true,"href":"https:\/\/galicianparts.com\/shop\/wp-json\/wp\/v2\/product_tag?post=66358"}],"curies":[{"name":"wp","href":"https:\/\/api.w.org\/{rel}","templated":true}]}}