{"id":66364,"date":"2023-01-13T15:38:07","date_gmt":"2023-01-13T13:38:07","guid":{"rendered":"https:\/\/galicianparts.com\/shop\/producto\/4143929-soporte-trasero-cambio-fiat-124-seat-124-1430-nuevo-original\/"},"modified":"2023-01-23T13:43:42","modified_gmt":"2023-01-23T11:43:42","slug":"4143929-soporte-trasero-cambio-fiat-124-seat-124-1430-nuevo-original","status":"publish","type":"product","link":"https:\/\/galicianparts.com\/shop\/producto\/4143929-soporte-trasero-cambio-fiat-124-seat-124-1430-nuevo-original\/","title":{"rendered":"4143929 Soporte trasero cambio Fiat 124 \/ Seat 124 \/1430 NUEVO ORIGINAL"},"content":{"rendered":"<p>Taco de motor trasero, soporte de la caja de cambios de:<br \/>\nFIAT 124 Sport Spider (124)<br \/>\n1.4 Sport, A\u00f1o 01.1966 &#8211; 12.1972, 1438 , 90<br \/>\n1.6 Sport, A\u00f1o 11.1969 &#8211; 08.1973, 1608 , 112<br \/>\n1.6 Sport, A\u00f1o 11.1969 &#8211; 08.1973, 1592 , 100<br \/>\n1.6 Sport, A\u00f1o 01.1969 &#8211; 12.1974, 1592 , 108<br \/>\n1.6 Sport, A\u00f1o 01.1969 &#8211; 12.1974, 1592 , 104<br \/>\n1.8 Rally Abarth, A\u00f1o 09.1972 &#8211; 07.1975, 1756 , 128<br \/>\n1.7 Sport, A\u00f1o 01.1973 &#8211; 07.1975, 1739 , 112<br \/>\n1.8 Sport, A\u00f1o 01.1972 &#8211; 12.1977, 1756 , 118<br \/>\nFIAT 124 Berlina (124)<br \/>\n1.2, A\u00f1o 02.1973 &#8211; 07.1975, 1197 , 65<br \/>\n1.2, A\u00f1o 07.1966 &#8211; 10.1973, 1197 , 60<br \/>\n1.4, A\u00f1o 12.1968 &#8211; 12.1972, 1438 , 70<br \/>\n1.4, A\u00f1o 01.1973 &#8211; 07.1975, 1438 , 75<br \/>\n1.6, A\u00f1o 01.1973 &#8211; 07.1975, 1592 , 95<br \/>\nFIAT 124 Familiare (124) (A\u00f1o 04.1967 &#8211; 03.1975)<br \/>\n1.4, A\u00f1o 09.1967 &#8211; 05.1971, 1438 , 69<br \/>\n1.2, A\u00f1o 04.1967 &#8211; 05.1973, 1197 , 60<br \/>\n1.2, A\u00f1o 05.1973 &#8211; 03.1975, 1197 , 65<br \/>\nFIAT 124 Coup\u00e9 (124)<br \/>\n1.4 Sport, A\u00f1o 06.1967 &#8211; 10.1972, 1438 , 90<br \/>\n1.6, A\u00f1o 11.1971 &#8211; 10.1973, 1608 , 100<br \/>\n1.6, A\u00f1o 04.1970 &#8211; 10.1973, 1608 , 110<br \/>\n1.6 Sport, A\u00f1o 08.1972 &#8211; 12.1975, 1592 , 104<br \/>\n1.6 Sport, A\u00f1o 08.1972 &#8211; 12.1975, 1592 , 108<br \/>\n1.8 Sport, A\u00f1o 01.1973 &#8211; 02.1976, 1756 , 114<br \/>\n1.8 Sport, A\u00f1o 01.1973 &#8211; 02.1976, 1756 , 118<\/p>\n<p>SEAT 124 Berlina<br \/>\n1.6, A\u00f1o 09.1976 &#8211; 10.1980, 1585 , 95<br \/>\n1.6, A\u00f1o 09.1975 &#8211; 08.1976, 1608 , 98<br \/>\n1.8, A\u00f1o 09.1975 &#8211; 10.1980, 1756 , 118<br \/>\n1.4 1430, A\u00f1o 01.1970 &#8211; 12.1976, 1438 , 75<br \/>\n1.6 1430 Especial, A\u00f1o 01.1970 &#8211; 12.1976, 1592 , 95<br \/>\n2.0, A\u00f1o 04.1979 &#8211; 10.1980, 1995 , 116<br \/>\n1.2 D, A\u00f1o 01.1968 &#8211; 12.1976, 1197 , 60<br \/>\n1.2 LS, A\u00f1o 01.1968 &#8211; 10.1980, 1197 , 65<br \/>\nSEAT 124 Familiar<br \/>\n1.2 D, A\u00f1o 01.1970 &#8211; 12.1974, 1197 , 60<br \/>\n1.2 LS, A\u00f1o 01.1970 &#8211; 12.1976, 1197 , 65<\/p>\n<p>LA PIEZA ES NUEVA Y ORIGINAL.<\/p>\n","protected":false},"excerpt":{"rendered":"<p>Taco de motor trasero, soporte de la caja de cambios de: FIAT 124 Sport Spider (124) 1.4 Sport, A\u00f1o 01.1966 &#8211; 12.1972, 1438 , 90 1.6 Sport, A\u00f1o 11.1969 &#8211; 08.1973, 1608 , 112 1.6 Sport, A\u00f1o 11.1969 &#8211; 08.1973, 1592 , 100 1.6 Sport, A\u00f1o 01.1969 &#8211; 12.1974, 1592 , 108 1.6 Sport, A\u00f1o [&hellip;]<\/p>\n","protected":false},"featured_media":67010,"template":"","meta":{"_seopress_robots_primary_cat":"","_seopress_titles_title":"","_seopress_titles_desc":"","_seopress_robots_index":""},"product_cat":[65,159,160,20,26],"product_tag":[],"class_list":{"0":"post-66364","1":"product","2":"type-product","3":"status-publish","4":"has-post-thumbnail","6":"product_cat-recambios-fiat-124","7":"product_cat-recambios-seat-124","8":"product_cat-recambios-seat-1430","9":"product_cat-recambios-fiat","10":"product_cat-recambios-seat","12":"first","13":"outofstock","14":"taxable","15":"shipping-taxable","16":"purchasable","17":"product-type-simple"},"_links":{"self":[{"href":"https:\/\/galicianparts.com\/shop\/wp-json\/wp\/v2\/product\/66364"}],"collection":[{"href":"https:\/\/galicianparts.com\/shop\/wp-json\/wp\/v2\/product"}],"about":[{"href":"https:\/\/galicianparts.com\/shop\/wp-json\/wp\/v2\/types\/product"}],"wp:featuredmedia":[{"embeddable":true,"href":"https:\/\/galicianparts.com\/shop\/wp-json\/wp\/v2\/media\/67010"}],"wp:attachment":[{"href":"https:\/\/galicianparts.com\/shop\/wp-json\/wp\/v2\/media?parent=66364"}],"wp:term":[{"taxonomy":"product_cat","embeddable":true,"href":"https:\/\/galicianparts.com\/shop\/wp-json\/wp\/v2\/product_cat?post=66364"},{"taxonomy":"product_tag","embeddable":true,"href":"https:\/\/galicianparts.com\/shop\/wp-json\/wp\/v2\/product_tag?post=66364"}],"curies":[{"name":"wp","href":"https:\/\/api.w.org\/{rel}","templated":true}]}}