{"id":66596,"date":"2023-01-18T11:11:24","date_gmt":"2023-01-18T09:11:24","guid":{"rendered":"https:\/\/galicianparts.com\/shop\/producto\/46532789-pack-2-tornillos-llanta-trasera-fiat-seicento-sporting-1998-2010-nuevo-original\/"},"modified":"2025-06-11T11:00:11","modified_gmt":"2025-06-11T09:00:11","slug":"46532789-pack-2-tornillos-llanta-trasera-fiat-seicento-sporting-1998-2010-nuevo-original","status":"publish","type":"product","link":"https:\/\/galicianparts.com\/shop\/producto\/46532789-pack-2-tornillos-llanta-trasera-fiat-seicento-sporting-1998-2010-nuevo-original\/","title":{"rendered":"46532789 Pack 2 tornillos llanta trasera Fiat Seicento Sporting (1998-2010) NUEVO ORIGINAL"},"content":{"rendered":"<p>Juego, set de dos esp\u00e1rragos de las llantas de aleaci\u00f3n de las ruedas posteriores de:<br \/>\nM\u00e9trica: 12<br \/>\nLargo total: 53 mm<\/p>\n<p>FIAT &#8211; 1E SEICENTO (1998-2010) SPORTING \/ \u00abSPORTING\u00bb (M.Y.2000) \/ KIT SPORT \/ RUEDAS\u00a0DE\u00a0ALEACI\u00d3N\u00a0LIGERA \/ KIT DEPORTIVO<\/p>\n<p>LA PIEZA ES NUEVA Y ORIGINAL.<\/p>\n","protected":false},"excerpt":{"rendered":"<p>Juego, set de dos esp\u00e1rragos de las llantas de aleaci\u00f3n de las ruedas posteriores de: M\u00e9trica: 12 Largo total: 53 mm FIAT &#8211; 1E SEICENTO (1998-2010) SPORTING \/ \u00abSPORTING\u00bb (M.Y.2000) \/ KIT SPORT \/ RUEDAS\u00a0DE\u00a0ALEACI\u00d3N\u00a0LIGERA \/ KIT DEPORTIVO LA PIEZA ES NUEVA Y ORIGINAL.<\/p>\n","protected":false},"featured_media":87293,"template":"","meta":{"_seopress_robots_primary_cat":"","_seopress_titles_title":"","_seopress_titles_desc":"","_seopress_robots_index":""},"product_cat":[20,106],"product_tag":[],"class_list":{"0":"post-66596","1":"product","2":"type-product","3":"status-publish","4":"has-post-thumbnail","6":"product_cat-recambios-fiat","7":"product_cat-recambios-fiat-seicento","9":"first","10":"instock","11":"taxable","12":"shipping-taxable","13":"purchasable","14":"product-type-simple"},"_links":{"self":[{"href":"https:\/\/galicianparts.com\/shop\/wp-json\/wp\/v2\/product\/66596"}],"collection":[{"href":"https:\/\/galicianparts.com\/shop\/wp-json\/wp\/v2\/product"}],"about":[{"href":"https:\/\/galicianparts.com\/shop\/wp-json\/wp\/v2\/types\/product"}],"wp:featuredmedia":[{"embeddable":true,"href":"https:\/\/galicianparts.com\/shop\/wp-json\/wp\/v2\/media\/87293"}],"wp:attachment":[{"href":"https:\/\/galicianparts.com\/shop\/wp-json\/wp\/v2\/media?parent=66596"}],"wp:term":[{"taxonomy":"product_cat","embeddable":true,"href":"https:\/\/galicianparts.com\/shop\/wp-json\/wp\/v2\/product_cat?post=66596"},{"taxonomy":"product_tag","embeddable":true,"href":"https:\/\/galicianparts.com\/shop\/wp-json\/wp\/v2\/product_tag?post=66596"}],"curies":[{"name":"wp","href":"https:\/\/api.w.org\/{rel}","templated":true}]}}