{"id":66623,"date":"2023-01-18T13:02:15","date_gmt":"2023-01-18T11:02:15","guid":{"rendered":"https:\/\/galicianparts.com\/shop\/producto\/14329201-tapon-motor-d-36mm-fiat-lancia-alfa-romeo-autobianchi-nuevo-original\/"},"modified":"2025-12-03T11:04:57","modified_gmt":"2025-12-03T09:04:57","slug":"14329201-tapon-motor-d-36mm-fiat-lancia-alfa-romeo-autobianchi-nuevo-original","status":"publish","type":"product","link":"https:\/\/galicianparts.com\/shop\/producto\/14329201-tapon-motor-d-36mm-fiat-lancia-alfa-romeo-autobianchi-nuevo-original\/","title":{"rendered":"14329201 Tap\u00f3n motor D 36mm Fiat \/Lancia \/Alfa Romeo \/Autobianchi NUEVO ORIGINAL"},"content":{"rendered":"<p>Tap\u00f3n met\u00e1lico del motor o culata de:<br \/>\nDi\u00e1metro: 36 mm<\/p>\n<p>FIAT &#8211; 83 500 MY2012 (2012-&#8230;.) 1242 GS &#8211; 1248 DS. \/ BENZINA<br \/>\nFIAT &#8211; NM CINQUECENTO (1992-1998) 1108 SPI\u00bbW\u00bbCF2<br \/>\nFIAT &#8211; 2B DUNA (1986-1990) 1100 BZ \/ 1300 BZ<br \/>\nFIAT &#8211; XP ELBA CSL (1991-1996) 1300 CARB.<br \/>\nFIAT &#8211; 2Y GRANDE PUNTO (2005-2008) 1.2\u00a0MPI\u00a08V\u00a0CF4 \/ 1.4\u00a0MPI\u00a08V\u00a0CF4 \/ 1400\u00a0MPI\u00a08V\u00a0CF4\u00a0MENOR POTE.\u00a0AUSTRIA<br \/>\nFIAT &#8211; 4C GRANDE PUNTO (2008-2009) 1100-1199 \/ 1370 \/ 8 V\u00c1LVULAS<br \/>\nFIAT &#8211; 3X GRANDE PUNTO ACTUAL (2009-2013) 1100-1199 \/ 1370<br \/>\nFIAT &#8211; 2S IDEA (2003-2008)  1400\u00a08V\u00a0MPI\u00a0CF4\u00a077CV\/57KW<br \/>\nFIAT &#8211; 4D IDEA (2008-2012) 1300-1399CC \/ 8 V\u00c1LVULAS<br \/>\nFIAT &#8211; 3M LINEA (2007-&#8230;.) 1370 \/ 1.4 8V 80CV \/ 8 V\u00c1LVULAS<br \/>\nFIAT &#8211; XR MILLE (1994-1995) 1000 SPI<br \/>\nFIAT &#8211; XS MILLE CLIP (1995-1997) 994 SPI<br \/>\nFIAT &#8211; 3P NUOVA 500 (2007-2012) 1242-1248 \/ GASOLINA<br \/>\nFIAT &#8211; 2Q NUOVA PANDA (2003-2009) 1.1 8V<br \/>\nFIAT &#8211; 2Q NUOVA PANDA (2003-2009) 1.2 8V<br \/>\nFIAT &#8211; 2Q NUOVA PANDA (2003-2009) 1.1 8V \/ 1242 8V CF4  PETROL\/METHANE \/ 1.2 8V \/ 1242\u00a08V\u00a0CF5\u00a0GASOLINA\/GPL\u00a044KW\/60CV<br \/>\nFIAT &#8211; 33 NUOVA PANDA (2012-&#8230;.) 8V.LE 69HP \/ GASOLINA \/ GASOLINA \/ GPL<br \/>\nFIAT &#8211; 51 NUOVA PUNTO MY2012 (2012-2013) 8 V\u00c1LVULAS \/ 1242 \/ 1368<br \/>\nFIAT &#8211; 1X PALIO 2V EXTRA EUROPA (1997-2002) 1242 MPI EM.04 \/ 1242 MPI 8V CF2 \/ 1242 MPI 8V EM.04 \/ 1242 MPI CF3<br \/>\nFIAT &#8211; 1X PALIO 2V EXTRA EUROPA (1997-2002) 1108 CARB EM.04<br \/>\nFIAT &#8211; 1X PALIO 2V EXTRA EUROPA (1997-2002) 994 MPI CF2<br \/>\nFIAT &#8211; 2H PALIO 2V EXTRA EUROPA REST. 2002 (2002-2011) 1242 MPI 8V CF2 87RON \/ 1242\u00a08V\u00a0MPI\u00a0EM.\u00a004<br \/>\nFIAT &#8211; 2H PALIO 2V EXTRA EUROPA REST. 2002 (2002-2011) 1000\u00a08V<br \/>\nFIAT &#8211; 2H PALIO 2V EXTRA EUROPA REST. 2002 (2002-2011) 1242 8V CF3 EOBD<br \/>\nFIAT &#8211; 2H PALIO 2V EXTRA EUROPA REST. 2002 (2002-2011) 1400\u00a08V\u00a080CV\/59KW<br \/>\nFIAT &#8211; 3D PALIO 2V REST.2 (2005-2011) 1108 8V MPI GS CF3<br \/>\nFIAT &#8211; 3D PALIO 2V REST.2 (2005-2011) 1000 8V MPI TUNEZ<br \/>\nFIAT &#8211; 3D PALIO 2V REST.2 (2005-2011) 1400 8V 80CV<br \/>\nFIAT &#8211; 2G PALIO WE EUROPA REST. (2002-2004) 1242 MPI 8V CF3<br \/>\nFIAT &#8211; 1Y PALIO WE EXTRA EUROPA (1997-2002) 1242 MPI 8V CF2 87RON \/ 1242 MPI 8V CF2 \/ 1242 MPI CF3<br \/>\nFIAT &#8211; 2K PALIO WE EXTRA EUROPA REST. 2002 (2002-2008) 1242 MPI 8V CF3<br \/>\nFIAT &#8211; PY PALIO\/WEEKEND EUROPA (1997-2002) 1242 SW CF2 \/ 1242 BN CF2 \/ 1.2 SW CF3<br \/>\nFIAT &#8211; PY PALIO\/WEEKEND EUROPA (1997-2002) 1242 BN CF3<br \/>\nFIAT &#8211; 1S PANDA 4X2 MAQ 91 (1991-2003) 750 ACT CARB \/ 750 ACT CARB.DAV. \/ 1000 CARB. \/ 1000 CARB.DAV.<br \/>\nFIAT &#8211; 1S PANDA 4X2 MAQ 91 (1991-2003) 1000 SPI CF2 \/ 1100 SPI CF2 \/ 1000 SPI USA 83 WEBER \/ 1100 SPI USA 83 \/ 1000\u00a0SPI\u00a0USA\u00a083\u00a0BOSCH<br \/>\nFIAT &#8211; 1S PANDA 4X2 MAQ 91 (1991-2003) 1100 MPI CF3<br \/>\nFIAT &#8211; LV PANDA 4X2 RL\/86 (1985-1991) 1000 ACT \/ 1000 ACT DAV-15 \/ 1000 SPI USA&#8217;83 \/ 1100 SPI USA&#8217;83 C.A. \/ 1000 ACT USA&#8217;77 (CH) \/ 1000 ACT B.N.O. (D)<br \/>\nFIAT &#8211; LV PANDA 4X2 RL\/86 (1985-1991) 750 ACT \/ 750 ACT DAV 15<br \/>\nFIAT &#8211; 1T PANDA 4X4 MAQ 91 (1991-2003) 1000 CARB.<br \/>\nFIAT &#8211; 1T PANDA 4X4 MAQ 91 (1991-2003) 1000 SPI USA 83 \/ 1100 SPI USA 83 \/ 1100 SPI CF2<br \/>\nFIAT &#8211; 1T PANDA 4X4 MAQ 91 (1991-2003) 1100 MPI CF3<br \/>\nFIAT &#8211; 2R PANDA 4X4 R\/86 (1985-1991)<br \/>\nFIAT &#8211; 71 PANDA CLASSIC (2012-2012) BENZINA \/ LIM.CEE FASE 5 \/ BENZINA \/ METANO<br \/>\nFIAT &#8211; 2P PANDA DS (1986-1993)<br \/>\nFIAT &#8211; 3U PANDA MY 2009 (2009-2010) ALIMENTACI\u00d3N GLP (EST\u00c1NDAR ITALIA) \/ GASOLINA \/ METANO \/ GASOLINA \/ LIM.CEE FASE 4<br \/>\nFIAT &#8211; 3U PANDA MY 2009 (2009-2010) GASOLINA \/ LIM.CEE FASE 5 \/ POR ESTABL.(1300~1399) 1400 16V.LE \/ GASOLINA \/ METANO<br \/>\nFIAT &#8211; 0X PANDA MY 2011 (2010-2011) GASOLINA \/ LIM.CEE FASE 5 \/ POR ESTABL.(1300~1399) 1400 16V.LE \/ GASOLINA \/ METANO<br \/>\nFIAT &#8211; 0X PANDA MY 2011 (2010-2011) GASOLINA \/ LIM.CEE FASE 4<br \/>\nFIAT &#8211; NV PUNTO (1993-1997) 1.1 SPI 176A6000 \/ 1.2 SPI 176A7000 \/ 1.2 MPI \/ 1.2 SPI \u00abSELECTA \/ 1.1 SPI 176B2000 \/ 1.2 SPI CF2 176B4000<br \/>\nFIAT &#8211; 1N PUNTO BZ (1999-2003) 1.2 8V CF2 \/ 1.2 8V CF3 (OPT.229) \/ 1.2\u00a08V\u00a0CF3 \/ 1242 8V CF3 BZ\/MET<br \/>\nFIAT &#8211; 1A PUNTO BZ. GAMMA &#8217;97 (1997-1999) 1108 SPI CF2 \/ 1242 SPI \/ 1242 MPI 8V \/ 1108 SPI EM.04<br \/>\nFIAT &#8211; PF PUNTO CABRIO (1994-1997) 1242 SPI USA&#8217;83 \/ 1242 SPI CF2<br \/>\nFIAT &#8211; 1C PUNTO CABRIO GAMMA&#8217;97 (1997-2000) 1242 SPI<br \/>\nFIAT &#8211; 3J PUNTO EVO (2009-2011) 8 V\u00c1LVULAS \/ 1.2 \/ 1370<br \/>\nFIAT &#8211; 2U PUNTO FL.&#8217;03 (2003-2010) 1242 8V \/ 1.2\u00a08V\u00a0(OPC.229) \/ 1242 8V CF3 GASOLINA\/METANO<br \/>\nFIAT &#8211; 2U PUNTO FL.&#8217;03 (2003-2010) 1242 8V \/ 1.2\u00a08V\u00a0CF4\u00a0GASOLINA\/GPL \/ 1242 8V CF3 GASOLINA\/METANO<br \/>\nFIAT &#8211; 2U PUNTO FL.&#8217;03 (2003-2010) 1.2\u00a08V\u00a0(OPC.229)<br \/>\nFIAT &#8211; 6U PUNTO MY 2013 (2013-&#8230;.) 8 V\u00c1LVULAS \/ 1242 \/ 1368<br \/>\nFIAT &#8211; 1E SEICENTO (1998-2010) 1108 SPI \/ 1108 MPI<br \/>\nFIAT &#8211; 1E SEICENTO (1998-2010) 1108 MPI<br \/>\nFIAT &#8211; 2A SIENA EXTRA EUROPA (1997-2002) 1242 MPI EM.04 \/ 1242 MPI CF2 87RON \/ 1242 MPI CF2 \/ 1242 MPI EM.04 \/ 1242 MPI CF3<br \/>\nFIAT &#8211; 2L SIENA EXTRA EUROPA REST.(2002-2012) 1242 MPI 8V CF2 87 RON \/ 1242\u00a08V\u00a0MPI\u00a0EM.\u00a004<br \/>\nFIAT &#8211; 2L SIENA EXTRA EUROPA REST.(2002-2012) 1242 MPI 8V CF3<br \/>\nFIAT &#8211; 2L SIENA EXTRA EUROPA REST.(2002-2012) 1400\u00a08V\u00a080CV\/59KW\u00a0IRAN \/ 1400\u00a08V\u00a080CV\/59KW<br \/>\nFIAT &#8211; 3E SIENA REST.2 (2005-2011) 1400\u00a08V\u00a080CV\/59KW\u00a0178F\u00a03011 \/ 1400\u00a08V\u00a080CV\/59KW\u00a0178F\u00a05038<br \/>\nFIAT &#8211; ME TIPO (1987-1993) 1100 CARB.<br \/>\nFIAT &#8211; NS TIPO MQ.93 (1993-1995) 1108 SPI<br \/>\nFIAT &#8211; ML UNO CS (1988-1990) 1100 GASOLINA<br \/>\nFIAT &#8211; MU UNO DIESEL R\/89 (1989-1995) 1300 ASPIRADO<br \/>\nFIAT &#8211; 1D UNO MONDO (1995-2010) 1000 CARB. \/ 1000 USA 83 \/ 1000 CF2<br \/>\nFIAT &#8211; 1D UNO MONDO (1995-2010) 1242 SPI CF2<br \/>\nFIAT &#8211; 1D UNO MONDO (1995-2010) 1100 CARB.<br \/>\nFIAT &#8211; 1D UNO MONDO (1995-2010) 1242\u00a08V\u00a0MPI\u00a0CF3<br \/>\nFIAT &#8211; MS UNO R\/89 (1989-1995) 1116 TREND<br \/>\nFIAT &#8211; MR UNO R\/89 (1989-1995) 1000 \/ 1108 \/ 1000 DAV. \/ 1000 USA&#8217;83 \/ 1108 USA&#8217;83 (51CV) \/ 1100 USA&#8217;83 (49CV)<br \/>\nFIAT &#8211; MR UNO R\/89 (1989-1995) 994 CARB.<br \/>\nFIAT &#8211; MR UNO R\/89 (1989-1995) 994 SPI<br \/>\nALFA ROMEO &#8211; U5 155 ASPIRATO (1992-1996) 2.5 V6 \/ 2.5 V6 (MY.95)<br \/>\nALFA ROMEO &#8211; T3 155 GAMMA 96 BZ (1996-1997) 2500 V6<br \/>\nALFA ROMEO &#8211; QZ MITO MY2011 (2011-2013) 1370 \/ 8 V\u00c1LVULAS \/ GASOLINA<br \/>\nALFA ROMEO &#8211; 10 MITO MY2013 (2013-&#8230;.) 1370 \/ 8 V\u00c1LVULAS \/ BENZINA<br \/>\nALFA ROMEO &#8211; U7 NUOVO SPIDER (1995-1998) 3000 V6 12V \/ 3000 V6 12V BRASILE<br \/>\nALFA ROMEO &#8211; U9 SPIDER &#8217;98 (1998-2006) 3000 V6 12V \/ 3000 V6 12V BRASIL<br \/>\nLANCIA &#8211; TG MUSA (2004-2007) 1400\u00a08V\u00a0MPI\u00a0CF4\u00a077CV\/57KW<br \/>\nLANCIA &#8211; TJ MUSA (2007-2011) (1300-1399 CC) \/ 8 V\u00c1LVULAS<br \/>\nLANCIA &#8211; 43 MUSA FLL (2011-2012) (1300-1399 CC) \/ 8 V\u00c1LVULAS<br \/>\nLANCIA &#8211; TK NEW YPSILON (2011-&#8230;.) 8V.LE 69CV. \/ GASOLINA \/ GASOLINA \/ GPL<br \/>\nLANCIA &#8211; SU Y (1995-2000) 1242 SPI 8V \/ 1108 SPI<br \/>\nLANCIA &#8211; TA Y FL.2000 (2000-2003) 1.2 8V<br \/>\nLANCIA &#8211; ZL Y10 FL.89 (1988-1992) 1000 \/ 1000 DAV. \/ 1000 SPI USA&#8217;83 \/ 1100 SPI \/ 1100 SPI USA&#8217;83<br \/>\nLANCIA &#8211; ZL Y10 FL.89 (1988-1992) 1300 MPI \/ 1300 MPI USA&#8217;83<br \/>\nLANCIA &#8211; ZM Y10 R.92 (1992-1995) 1100 SPI 156C046 \/ 1100 SPI 176B2000<br \/>\nLANCIA &#8211; ZM Y10 R.92 (1992-1995) 1300 MPI<br \/>\nLANCIA &#8211; TE YPSILON (2003-2009) 1200 8V MPI CF4 60CV\/44KW<br \/>\nLANCIA &#8211; TE YPSILON (2003-2009) 1400 8V MPI CF4 77CV\/56KW<br \/>\nLANCIA &#8211; TI YPSILON (2009-2011) (1242\u00a0-1248\u00a0CC) \/ GASOLINA \/ LIM.CEE FASE 4<br \/>\nLANCIA &#8211; TI YPSILON (2009-2011) (1242\u00a0-1248\u00a0CC) \/ GASOLINA \/ LIM.CEE FASE 5<br \/>\nLANCIA &#8211; TI YPSILON (2009-2011) (1368\u00a0CC) \/ 8 V\u00c1LVULAS<br \/>\nFIAT PROFESSIONAL &#8211; 1W DOBLO (2000-2004) 1242 MPI 8V CF3<br \/>\nFIAT PROFESSIONAL &#8211; 2W DOBLO MY. 2004 (2004-2005) 1.2\u00a08V\u00a0CF3<br \/>\nFIAT PROFESSIONAL &#8211; 3C DOBLO REST. 2005 (2005-&#8230;.) 1.4\u00a0GS\u00a0MPI\u00a08V\u00a0CF4<br \/>\nFIAT PROFESSIONAL &#8211; 2M FIORINO (1991-1993) 1116 CARB \/ 1300 CARB<br \/>\nFIAT PROFESSIONAL &#8211; 2M FIORINO (1991-1993) 1300 DS<br \/>\nFIAT PROFESSIONAL &#8211; 3A FIORINO EXPORT (2004-2008) 1.2\u00a0MPI\u00a08V\u00a0U83<br \/>\nFIAT PROFESSIONAL &#8211; 2N FIORINO RL (1993-2000) 1301 CARB.<br \/>\nFIAT PROFESSIONAL &#8211; 3N NUOVO FIORINO-QUBO (2007-&#8230;.) GASOLINA\/ DI\u00c9SEL(PSA) \/ GASOLINA \/ METANO \/ 70CV (CNG)<br \/>\nFIAT PROFESSIONAL &#8211; 1G STRADA (1999-2005) 1242 CF2<br \/>\nFIAT PROFESSIONAL &#8211; 1G STRADA (1999-2005) 1242 CF3<br \/>\nFIAT PROFESSIONAL &#8211; 1G STRADA (1999-2005) 1242 M.P.I.  8V CF3 FL<br \/>\nFIAT PROFESSIONAL &#8211; 3G STRADA REST. 2 (2005-2011) 1242\u00a08V\u00a0RL\u00a0GS\u00a0EM04<br \/>\nAUTOBIANCHI &#8211; Y10<\/p>\n<p>LA PIEZA ES NUEVA Y ORIGINAL.<\/p>\n","protected":false},"excerpt":{"rendered":"<p>Tap\u00f3n met\u00e1lico del motor o culata de: Di\u00e1metro: 36 mm FIAT &#8211; 83 500 MY2012 (2012-&#8230;.) 1242 GS &#8211; 1248 DS. \/ BENZINA FIAT &#8211; NM CINQUECENTO (1992-1998) 1108 SPI\u00bbW\u00bbCF2 FIAT &#8211; 2B DUNA (1986-1990) 1100 BZ \/ 1300 BZ FIAT &#8211; XP ELBA CSL (1991-1996) 1300 CARB. FIAT &#8211; 2Y GRANDE PUNTO (2005-2008) 1.2\u00a0MPI\u00a08V\u00a0CF4 [&hellip;]<\/p>\n","protected":false},"featured_media":66626,"template":"","meta":{"_seopress_robots_primary_cat":"","_seopress_titles_title":"","_seopress_titles_desc":"","_seopress_robots_index":""},"product_cat":[48,74,16,25,84,87,89,90,20,91,92,93,21,94,47,121,98,99,101,106,107,56,109,112,114,64,126,127],"product_tag":[],"class_list":{"0":"post-66623","1":"product","2":"type-product","3":"status-publish","4":"has-post-thumbnail","6":"product_cat-recambios-alfa-romeo-155","7":"product_cat-recambios-fiat-500","8":"product_cat-recambios-alfa-romeo","9":"product_cat-recambios-autobianchi","10":"product_cat-recambios-fiat-cinquecento","11":"product_cat-recambios-fiat-doblo","12":"product_cat-recambios-fiat-duna","13":"product_cat-recambios-fiat-elba","14":"product_cat-recambios-fiat","15":"product_cat-recambios-fiat-fiorino","16":"product_cat-recambios-fiat-grande-punto","17":"product_cat-recambios-fiat-idea","18":"product_cat-recambios-lancia","19":"product_cat-recambios-fiat-linea","20":"product_cat-recambios-alfa-romeo-mito","21":"product_cat-recambios-lancia-musa","22":"product_cat-recambios-fiat-palio","23":"product_cat-recambios-fiat-panda","24":"product_cat-recambios-fiat-punto","25":"product_cat-recambios-fiat-seicento","26":"product_cat-recambios-fiat-siena","27":"product_cat-recambios-alfa-romeo-spider","28":"product_cat-recambios-fiat-strada","29":"product_cat-recambios-fiat-tipo","30":"product_cat-recambios-fiat-uno","31":"product_cat-recambios-autobianchi-y10","32":"product_cat-recambios-lancia-y10","33":"product_cat-recambios-lancia-ypsilon","35":"first","36":"outofstock","37":"taxable","38":"shipping-taxable","39":"purchasable","40":"product-type-simple"},"_links":{"self":[{"href":"https:\/\/galicianparts.com\/shop\/wp-json\/wp\/v2\/product\/66623"}],"collection":[{"href":"https:\/\/galicianparts.com\/shop\/wp-json\/wp\/v2\/product"}],"about":[{"href":"https:\/\/galicianparts.com\/shop\/wp-json\/wp\/v2\/types\/product"}],"wp:featuredmedia":[{"embeddable":true,"href":"https:\/\/galicianparts.com\/shop\/wp-json\/wp\/v2\/media\/66626"}],"wp:attachment":[{"href":"https:\/\/galicianparts.com\/shop\/wp-json\/wp\/v2\/media?parent=66623"}],"wp:term":[{"taxonomy":"product_cat","embeddable":true,"href":"https:\/\/galicianparts.com\/shop\/wp-json\/wp\/v2\/product_cat?post=66623"},{"taxonomy":"product_tag","embeddable":true,"href":"https:\/\/galicianparts.com\/shop\/wp-json\/wp\/v2\/product_tag?post=66623"}],"curies":[{"name":"wp","href":"https:\/\/api.w.org\/{rel}","templated":true}]}}