{"id":66679,"date":"2023-01-19T10:01:41","date_gmt":"2023-01-19T08:01:41","guid":{"rendered":"https:\/\/galicianparts.com\/shop\/producto\/71774012-conexion-electrica-ventilador-radiador-fiat-panda-500-lancia-ypsilon-original\/"},"modified":"2024-08-07T12:53:20","modified_gmt":"2024-08-07T10:53:20","slug":"71774012-conexion-electrica-ventilador-radiador-fiat-panda-500-lancia-ypsilon-original","status":"publish","type":"product","link":"https:\/\/galicianparts.com\/shop\/producto\/71774012-conexion-electrica-ventilador-radiador-fiat-panda-500-lancia-ypsilon-original\/","title":{"rendered":"71774012 Conexi\u00f3n el\u00e9ctrica ventilador radiador Fiat Panda \/500 \/Lancia Ypsilon ORIGINAL"},"content":{"rendered":"<p>Kit de conexi\u00f3n el\u00e9ctrica del electroventilador del radiador de refrigeraci\u00f3n del motor de:<br \/>\nFIAT &#8211; 83 500 MY2012 (2012-&#8230;.)<br \/>\nFIAT &#8211; 73 500L (2012-&#8230;.)<br \/>\nFIAT &#8211; 3P NUOVA 500 (2007-2012)<br \/>\nFIAT &#8211; 33 NUOVA PANDA (2012-&#8230;.)<br \/>\nLANCIA &#8211; TK NEW YPSILON (2011-&#8230;.)<br \/>\nABARTH &#8211; 85 500 ABARTH MY2012 (2012-&#8230;.)<br \/>\nABARTH &#8211; 3R NUOVA 500 ABARTH (2008-2012)<\/p>\n<p>LA PIEZA ES NUEVA Y ORIGINAL.<\/p>\n","protected":false},"excerpt":{"rendered":"<p>Kit de conexi\u00f3n el\u00e9ctrica del electroventilador del radiador de refrigeraci\u00f3n del motor de: FIAT &#8211; 83 500 MY2012 (2012-&#8230;.) FIAT &#8211; 73 500L (2012-&#8230;.) FIAT &#8211; 3P NUOVA 500 (2007-2012) FIAT &#8211; 33 NUOVA PANDA (2012-&#8230;.) LANCIA &#8211; TK NEW YPSILON (2011-&#8230;.) ABARTH &#8211; 85 500 ABARTH MY2012 (2012-&#8230;.) ABARTH &#8211; 3R NUOVA 500 ABARTH [&hellip;]<\/p>\n","protected":false},"featured_media":66959,"template":"","meta":{"_seopress_robots_primary_cat":"","_seopress_titles_title":"","_seopress_titles_desc":"","_seopress_robots_index":""},"product_cat":[74,20,21,99,127],"product_tag":[],"class_list":{"0":"post-66679","1":"product","2":"type-product","3":"status-publish","4":"has-post-thumbnail","6":"product_cat-recambios-fiat-500","7":"product_cat-recambios-fiat","8":"product_cat-recambios-lancia","9":"product_cat-recambios-fiat-panda","10":"product_cat-recambios-lancia-ypsilon","12":"first","13":"outofstock","14":"taxable","15":"shipping-taxable","16":"purchasable","17":"product-type-simple"},"_links":{"self":[{"href":"https:\/\/galicianparts.com\/shop\/wp-json\/wp\/v2\/product\/66679"}],"collection":[{"href":"https:\/\/galicianparts.com\/shop\/wp-json\/wp\/v2\/product"}],"about":[{"href":"https:\/\/galicianparts.com\/shop\/wp-json\/wp\/v2\/types\/product"}],"wp:featuredmedia":[{"embeddable":true,"href":"https:\/\/galicianparts.com\/shop\/wp-json\/wp\/v2\/media\/66959"}],"wp:attachment":[{"href":"https:\/\/galicianparts.com\/shop\/wp-json\/wp\/v2\/media?parent=66679"}],"wp:term":[{"taxonomy":"product_cat","embeddable":true,"href":"https:\/\/galicianparts.com\/shop\/wp-json\/wp\/v2\/product_cat?post=66679"},{"taxonomy":"product_tag","embeddable":true,"href":"https:\/\/galicianparts.com\/shop\/wp-json\/wp\/v2\/product_tag?post=66679"}],"curies":[{"name":"wp","href":"https:\/\/api.w.org\/{rel}","templated":true}]}}