{"id":66933,"date":"2023-01-20T15:40:32","date_gmt":"2023-01-20T13:40:32","guid":{"rendered":"https:\/\/galicianparts.com\/shop\/producto\/5888139-disco-embrague-fiat-panda-127-uno-seicento-lancia-y10-seat-fura-127-marbella-original-ap\/"},"modified":"2025-02-20T15:07:57","modified_gmt":"2025-02-20T13:07:57","slug":"5888139-disco-embrague-fiat-panda-127-uno-seicento-lancia-y10-seat-fura-127-marbella-original-ap","status":"publish","type":"product","link":"https:\/\/galicianparts.com\/shop\/producto\/5888139-disco-embrague-fiat-panda-127-uno-seicento-lancia-y10-seat-fura-127-marbella-original-ap\/","title":{"rendered":"5888139 Disco embrague Fiat Panda \/127 \/Uno \/Seicento \/Lancia Y10 \/Seat Fura \/127 \/Marbella ORIGINAL AP"},"content":{"rendered":"<p>Disco del embrague de:<br \/>\nDi\u00e1metro: 170mm.<br \/>\nN\u00ba de dientes: 20<\/p>\n<p>FIAT Cinquecento (170)<br \/>\n0.9, A\u00f1o 07.1991 &#8211; 12.1993, 903 , 41<br \/>\n0.9 i.e., A\u00f1o 07.1991 &#8211; 12.1993, 903 , 41<br \/>\n0.9 i.e. S, A\u00f1o 07.1991 &#8211; 07.1999, 899 , 40<br \/>\nFIAT 127 Hatchback (127)<br \/>\n0.9, A\u00f1o 06.1971 &#8211; 05.1983, 903 , 40<br \/>\n0.9, A\u00f1o 06.1971 &#8211; 12.1986, 903 , 45<br \/>\nFIAT Panda I Hatchback (141)<br \/>\n1.0, A\u00f1o 01.1986 &#8211; 04.1992, 999 , 44<br \/>\n1.0, A\u00f1o 01.1985 &#8211; 12.1992, 999 , 50<br \/>\n1.0 4&#215;4, A\u00f1o 01.1986 &#8211; 07.1989, 999 , 44<br \/>\n1.0 4&#215;4, A\u00f1o 05.1986 &#8211; 12.1994, 999 , 45<br \/>\n1.0, A\u00f1o 01.1986 &#8211; 12.1992, 999 , 50<br \/>\n1.0 i.e. KAT, A\u00f1o 10.1987 &#8211; 08.1998, 999 , 45<br \/>\n1.3 D, A\u00f1o 04.1986 &#8211; 12.1992, 1302 , 37<br \/>\n0.8, A\u00f1o 02.1981 &#8211; 12.1985, 837 , 34<br \/>\n0.9, A\u00f1o 04.1992 &#8211; 12.1996, 899 , 40<br \/>\n0.9, A\u00f1o 10.1980 &#8211; 06.1994, 903 , 45<br \/>\n1.0 4&#215;4, A\u00f1o 09.1983 &#8211; 12.1986, 965 , 48<br \/>\nFIAT Fiorino Furg\u00f3n (127)<br \/>\n0.9, A\u00f1o 10.1977 &#8211; 10.1986, 903 , 45<br \/>\nFIAT Uno Hatchback (146)<br \/>\n1.3 Super di\u00e9sel, A\u00f1o 06.1983 &#8211; 03.1992, 1302 , 45<br \/>\n0.9, A\u00f1o 03.1983 &#8211; 09.1992, 903 , 45<br \/>\n1.0 45, A\u00f1o 06.1986 &#8211; 12.1993, 999 , 44<br \/>\n1.0 i.e. 45, A\u00f1o 04.1984 &#8211; 10.1995, 999 , 45<br \/>\nFIAT Seicento \/ 600 Hatchback (187) (A\u00f1o 01.1998 &#8211; 01.2010)<br \/>\n0.9, A\u00f1o 01.1998 &#8211; 01.2010, 899 , 39<\/p>\n<p>LANCIA Y10 (156)<br \/>\n1.0 Fire, A\u00f1o 03.1985 &#8211; 02.1990, 999 , 50<br \/>\n1.0 Fire, A\u00f1o 03.1985 &#8211; 06.1989, 999 , 45<br \/>\n1.0 Fire, A\u00f1o 06.1985 &#8211; 06.1991, 999 , 44<br \/>\n1.0 Fire A las 4 ruedas, A\u00f1o 12.1986 &#8211; 02.1989, 999 , 44<br \/>\n1.0 Fire A las 4 ruedas, A\u00f1o 12.1987 &#8211; 02.1990, 999 , 50<br \/>\n1.0 Fire Allrad, A\u00f1o 12.1987 &#8211; 02.1992, 999 , 45<br \/>\n1.0 Fire KAT, A\u00f1o 10.1987 &#8211; 02.1992, 999 , 45<\/p>\n<p>SEAT Marbella (28)<br \/>\n0.8, A\u00f1o 08.1986 &#8211; 12.1993, 843 , 34<br \/>\n0.9, A\u00f1o 01.1987 &#8211; 12.1993, 903 , 40<br \/>\n0.9 CAT, A\u00f1o 01.1990 &#8211; 11.1996, 903 , 40<br \/>\nSEAT Terra (24)<br \/>\n0.9, A\u00f1o 02.1987 &#8211; 12.1996, 903 , 40<br \/>\n0.9 CAT, A\u00f1o 02.1992 &#8211; 12.1994, 903 , 40<br \/>\nSEAT Fura (025A)<br \/>\n0.9, A\u00f1o 03.1984 &#8211; 12.1986, 903 , 40<br \/>\n0.9, A\u00f1o 01.1982 &#8211; 06.1986, 903 , 43<br \/>\n0.9, A\u00f1o 01.1982 &#8211; 06.1986, 903 , 45<br \/>\nSEAT Ibiza I Hatchback (021A)<br \/>\n0.9, A\u00f1o 08.1990 &#8211; 05.1993, 903 , 40<br \/>\n0.9, A\u00f1o 08.1986 &#8211; 05.1993, 903 , 44<br \/>\nSEAT Panda (141A)<br \/>\n0.9, A\u00f1o 10.1980 &#8211; 12.1986, 903 , 42<\/p>\n<p>AUTOBIANCHI A 112 Hatchback<br \/>\n0.9, A\u00f1o 01.1976 &#8211; 12.1978, 903 , 45<br \/>\n0.9 E, A\u00f1o 01.1973 &#8211; 12.1977, 903 , 47<br \/>\n0.9 Junior, A\u00f1o 07.1975 &#8211; 12.1985, 903 , 42<br \/>\n1.0 Abarth, A\u00f1o 01.1974 &#8211; 12.1984, 1050 , 70<br \/>\n1.0 E,Elite,LX, A\u00f1o 11.1977 &#8211; 12.1985, 965 , 48<\/p>\n<p>LA PIEZA ES NUEVA Y ORIGINAL AP<\/p>\n","protected":false},"excerpt":{"rendered":"<p>Disco del embrague de: Di\u00e1metro: 170mm. N\u00ba de dientes: 20 FIAT Cinquecento (170) 0.9, A\u00f1o 07.1991 &#8211; 12.1993, 903 , 41 0.9 i.e., A\u00f1o 07.1991 &#8211; 12.1993, 903 , 41 0.9 i.e. S, A\u00f1o 07.1991 &#8211; 07.1999, 899 , 40 FIAT 127 Hatchback (127) 0.9, A\u00f1o 06.1971 &#8211; 05.1983, 903 , 40 0.9, A\u00f1o 06.1971 [&hellip;]<\/p>\n","protected":false},"featured_media":66972,"template":"","meta":{"_seopress_robots_primary_cat":"","_seopress_titles_title":"","_seopress_titles_desc":"","_seopress_robots_index":""},"product_cat":[68,63,25,84,20,91,208,162,21,207,237,99,26,106,233,114,126],"product_tag":[],"class_list":{"0":"post-66933","1":"product","2":"type-product","3":"status-publish","4":"has-post-thumbnail","6":"product_cat-recambios-fiat-127","7":"product_cat-recambios-autobianchi-a112","8":"product_cat-recambios-autobianchi","9":"product_cat-recambios-fiat-cinquecento","10":"product_cat-recambios-fiat","11":"product_cat-recambios-fiat-fiorino","12":"product_cat-recambios-seat-fura","13":"product_cat-recambios-seat-ibiza","14":"product_cat-recambios-lancia","15":"product_cat-recambios-seat-marbella","16":"product_cat-recambios-seat-panda","17":"product_cat-recambios-fiat-panda","18":"product_cat-recambios-seat","19":"product_cat-recambios-fiat-seicento","20":"product_cat-recambios-seat-terra","21":"product_cat-recambios-fiat-uno","22":"product_cat-recambios-lancia-y10","24":"first","25":"outofstock","26":"taxable","27":"shipping-taxable","28":"purchasable","29":"product-type-simple"},"_links":{"self":[{"href":"https:\/\/galicianparts.com\/shop\/wp-json\/wp\/v2\/product\/66933"}],"collection":[{"href":"https:\/\/galicianparts.com\/shop\/wp-json\/wp\/v2\/product"}],"about":[{"href":"https:\/\/galicianparts.com\/shop\/wp-json\/wp\/v2\/types\/product"}],"wp:featuredmedia":[{"embeddable":true,"href":"https:\/\/galicianparts.com\/shop\/wp-json\/wp\/v2\/media\/66972"}],"wp:attachment":[{"href":"https:\/\/galicianparts.com\/shop\/wp-json\/wp\/v2\/media?parent=66933"}],"wp:term":[{"taxonomy":"product_cat","embeddable":true,"href":"https:\/\/galicianparts.com\/shop\/wp-json\/wp\/v2\/product_cat?post=66933"},{"taxonomy":"product_tag","embeddable":true,"href":"https:\/\/galicianparts.com\/shop\/wp-json\/wp\/v2\/product_tag?post=66933"}],"curies":[{"name":"wp","href":"https:\/\/api.w.org\/{rel}","templated":true}]}}