{"id":6698,"date":"2020-10-20T19:37:08","date_gmt":"2020-10-20T17:37:08","guid":{"rendered":"https:\/\/galicianparts.com\/shop\/producto\/46523411-valvula-deposito-combustible-fiat-lancia-nueva-original\/"},"modified":"2022-04-14T15:17:18","modified_gmt":"2022-04-14T13:17:18","slug":"46523411-valvula-deposito-combustible-fiat-lancia-nueva-original","status":"publish","type":"product","link":"https:\/\/galicianparts.com\/shop\/producto\/46523411-valvula-deposito-combustible-fiat-lancia-nueva-original\/","title":{"rendered":"46523411 V\u00e1lvula dep\u00f3sito combustible Fiat \/ Lancia NUEVA ORIGINAL"},"content":{"rendered":"<p>V\u00e1lvula ventilaci\u00f3n de dep\u00f3sito de combustible original de Fiat \/ Lancia.<br \/>\nLA PIEZA ES NUEVA.<\/p>\n","protected":false},"excerpt":{"rendered":"<p>V\u00e1lvula ventilaci\u00f3n de dep\u00f3sito de combustible original de Fiat \/ Lancia. LA PIEZA ES NUEVA.<\/p>\n","protected":false},"featured_media":6699,"template":"","meta":{"_seopress_robots_primary_cat":"","_seopress_titles_title":"","_seopress_titles_desc":"","_seopress_robots_index":""},"product_cat":[20,21],"product_tag":[],"class_list":{"0":"post-6698","1":"product","2":"type-product","3":"status-publish","4":"has-post-thumbnail","6":"product_cat-recambios-fiat","7":"product_cat-recambios-lancia","9":"first","10":"outofstock","11":"taxable","12":"shipping-taxable","13":"purchasable","14":"product-type-simple"},"_links":{"self":[{"href":"https:\/\/galicianparts.com\/shop\/wp-json\/wp\/v2\/product\/6698"}],"collection":[{"href":"https:\/\/galicianparts.com\/shop\/wp-json\/wp\/v2\/product"}],"about":[{"href":"https:\/\/galicianparts.com\/shop\/wp-json\/wp\/v2\/types\/product"}],"wp:featuredmedia":[{"embeddable":true,"href":"https:\/\/galicianparts.com\/shop\/wp-json\/wp\/v2\/media\/6699"}],"wp:attachment":[{"href":"https:\/\/galicianparts.com\/shop\/wp-json\/wp\/v2\/media?parent=6698"}],"wp:term":[{"taxonomy":"product_cat","embeddable":true,"href":"https:\/\/galicianparts.com\/shop\/wp-json\/wp\/v2\/product_cat?post=6698"},{"taxonomy":"product_tag","embeddable":true,"href":"https:\/\/galicianparts.com\/shop\/wp-json\/wp\/v2\/product_tag?post=6698"}],"curies":[{"name":"wp","href":"https:\/\/api.w.org\/{rel}","templated":true}]}}