{"id":66982,"date":"2023-01-23T10:34:47","date_gmt":"2023-01-23T08:34:47","guid":{"rendered":"https:\/\/galicianparts.com\/shop\/producto\/14464880-junta-torica-d-63mm-fiat-lancia-alfa-romeo-nueva-original\/"},"modified":"2023-04-07T22:26:53","modified_gmt":"2023-04-07T20:26:53","slug":"14464880-junta-torica-d-63mm-fiat-lancia-alfa-romeo-nueva-original","status":"publish","type":"product","link":"https:\/\/galicianparts.com\/shop\/producto\/14464880-junta-torica-d-63mm-fiat-lancia-alfa-romeo-nueva-original\/","title":{"rendered":"14464880 Junta t\u00f3rica D 63mm Fiat \/Lancia \/Alfa Romeo NUEVA ORIGINAL"},"content":{"rendered":"<p>Junta t\u00f3rica del caudal\u00edmetro y del soporte del filtro de aceite de:<br \/>\nDi\u00e1metro: 63 mm<br \/>\nEspesor: 3,5 mm<\/p>\n<p>FIAT &#8211; 2Y GRANDE PUNTO (2005-2008) 1.3\u00a0MJTD\u00a016V\u00a0CF4\u00a090CV\/66KW<br \/>\nFIAT &#8211; 2Y GRANDE PUNTO (2005-2008) 1.3\u00a0MJTD\u00a016V\u00a0CF4\u00a075CV\/55KW<br \/>\nFIAT &#8211; 4C GRANDE PUNTO (2008-2009) 1200-1299 \/ DI\u00c9SEL \/ 1.3\u00a0JTD\u00a090CV\u00a0EURO4<br \/>\nFIAT &#8211; 4C GRANDE PUNTO (2008-2009) 1200-1299 \/ DI\u00c9SEL \/ 1.3\u00a0JTD\u00a075\u00a0CV\u00a0EURO4<br \/>\nFIAT &#8211; 3X GRANDE PUNTO ACTUAL (2009-2013) LIM.CEE FASE 4 \/ 1200-1299 \/ DI\u00c9SEL<br \/>\nFIAT &#8211; 3S GRANDE PUNTO INTERN. INDIA (2008-2014) 1.3 JTD 75CV<br \/>\nFIAT &#8211; 3S GRANDE PUNTO INTERN. INDIA (2008-2014) 1.3 JTD 90CV<br \/>\nFIAT &#8211; 0D GRANDE PUNTO INTERN. INDIA FL2014 (2014-&#8230;.) 1.3 JTD 75CV \/ 1.3 JTD 90CV<br \/>\nFIAT &#8211; 2S IDEA (2003-2008) 1300\u00a016V\u00a0MJTD\u00a0CF4\u00a090CV\/66KW<br \/>\nFIAT &#8211; 2S IDEA (2003-2008) 1910\u00a08V\u00a0JTD\u00a0100CV\/74KW<br \/>\nFIAT &#8211; 4D IDEA (2008-2012) 1200-1299 CC \/ LIM.CEE FASE 4<br \/>\nFIAT &#8211; 4D IDEA (2008-2012) 1800-1899CC<br \/>\nFIAT &#8211; 3M LINEA (2007-&#8230;.) 1.3 JTD INDIA \/ 1.3 JTD 85CV \/ 1.3 JTD 90CV INDIA<br \/>\nFIAT &#8211; 0C LINEA INDIA FL2014 (2014-&#8230;.) 1.3 JTD 90CV<br \/>\nFIAT &#8211; 3P NUOVA 500 (2007-2012) 1.3 JTD 75CV<br \/>\nFIAT &#8211; 3L NUOVA BRAVO (2007-2009) 1910\u00a0JTD \/ (1.4 MPI)  (1.9 90CV) (1.6 90CV) \/ 1400 TRB GS \/1598\/1910 JTD 120CV \/ 1400 TRB GS \/1910 JTD 150CV<br \/>\nFIAT &#8211; 3L NUOVA BRAVO (2007-2009) 1910\u00a0JTD \/ 1400 TRB GS \/1910 JTD 150CV<br \/>\nFIAT &#8211; 3Y NUOVA BRAVO MY 2010 (2010-2014) 1910<br \/>\nFIAT &#8211; 3Y NUOVA BRAVO MY 2010 (2010-2014) 1910 \/ 16 V\u00c1LVULAS<br \/>\nFIAT &#8211; 2Q NUOVA PANDA (2003-2009) 1250\u00a0MJTD\u00a075CV\/\u00a055KW<br \/>\nFIAT &#8211; 2H PALIO 2V EXTRA EUROPA REST. 2002 (2002-2011) 1910 DS CF3 (IND)<br \/>\nFIAT &#8211; 2G PALIO WE EUROPA REST. (2002-2004) AIRE ACONDICIONADO \/ 1910 DS CF3<br \/>\nFIAT &#8211; 2K PALIO WE EXTRA EUROPA REST. 2002 (2002-2008) 1910 DS CF3 (IND<br \/>\nFIAT &#8211; 3U PANDA MY 2009 (2009-2010) 1248 JTD DPF \/ LIM.CEE FASE 4<br \/>\nFIAT &#8211; 3J PUNTO EVO (2009-2011) 1200-1299 \/ LIM.CEE FASE 4<br \/>\nFIAT &#8211; 2U PUNTO FL.&#8217;03 (2003-2010) 1910 JTD 74 KW\/100CV<br \/>\nFIAT &#8211; 2L SIENA EXTRA EUROPA REST.(2002-2012) 1910 DS CF3<br \/>\nFIAT &#8211; 2C STILO (2001-2003) 1.9 JTD 58KW\/80CV<br \/>\nFIAT &#8211; 2C STILO (2001-2003) 1.9 JTD 85KW\/115CV<br \/>\nFIAT &#8211; 2V STILO F.L.L. 2003 (2003-2007) 1.9 JTD 58KW\/80CV \/ 1.9\u00a0JTD\u00a08V\u00a0100\u00a0CV\/74KW<br \/>\nFIAT &#8211; 2V STILO F.L.L. 2003 (2003-2007) 1.9 JTD 85KW\/115CV \/ 1.9 JTD 103KW\/140CV \/ 1.9 JTD 16V F3 126CV\/93KW COND DEPOT FRA \/ 1.9 JTD 16V F3 136CV\/100KW COND DEPOT BE<br \/>\nFIAT &#8211; 2V STILO F.L.L. 2003 (2003-2007) 1.9\u00a0JTD\u00a08V\u00a0CF4\u00a090CV\/66KW\u00a0MENOR POT. AUSTRIA \/ 1910\u00a0JTD\u00a0CF4\u00a08V\u00a0115CV\/85KW\u00a0MENOR POTENCIA BELGICA \/ 1.9 JTD CF4 8V 120HP 88KW \/ 1.9 JTD CF4 16V 150HP 110KW<br \/>\nFIAT &#8211; 2V STILO F.L.L. 2003 (2003-2007) 1.9 JTD 103KW\/140CV \/ 1.9 JTD 16V F3 126CV\/93KW COND DEPOT FRA \/ 1.9 JTD 16V F3 136CV\/100KW COND DEPOT BE<br \/>\nFIAT &#8211; 2V STILO F.L.L. 2003 (2003-2007) 1.9 JTD CF4 16V 150HP 110KW<br \/>\nALFA ROMEO &#8211; W8 147 (2000-2010) 1910\u00a0JTD\u00a0CF3\u00a016V\u00a0120CV\/93\u00a0KW \/ 1910\u00a0JTD\u00a016V\u00a0CF3\u00a0140CV\/103\u00a0KW \/ 1.9\u00a0JTD\u00a016V\u00a0CF3\u00a0136CV\/100KW\u00a0MENOR POT.\u00a0BEL. \/ 1.9\u00a0JTD\u00a016V\u00a0CF3\u00a0150CV\/110KW<br \/>\nALFA ROMEO &#8211; W8 147 (2000-2010) 1910\u00a0JTD\u00a0CF4\u00a016V\u00a0136CV\/100KW\u00a0MENOR POT.\u00a0BEL. \/ 1.9\u00a0JTD\u00a016V\u00a0CF4 \/ 1910\u00a0JTD\u00a0CF4\u00a016V\u00a0170CV\/125KW\u00a0POTENCIADO<br \/>\nALFA ROMEO &#8211; X1 156 M.Y.2002 (2001-2005) 1910 JTD 16V CF3 93KW \/ 1.9\u00a0JTD\u00a016V\u00a0CF3 \/ 1910\u00a0JTD\u00a0CF3\u00a016V\u00a0150CV\/110KW\u00a04X4 \/ 1910\u00a0JTD\u00a0CF3\u00a0136CV\/100KW\u00a0MENOR POT. BELGICA<br \/>\nALFA ROMEO &#8211; X1 156 M.Y.2002 (2001-2005) 2400\u00a0JTD\u00a020V\u00a0175CV\/129\u00a0KW\u00a0C.MEC. \/ 2400\u00a0JTD\u00a0CF3\u00a0163CV\/120KW\u00a0MENOR POT. BELGICA<br \/>\nALFA ROMEO &#8211; X1 156 M.Y.2002 (2001-2005) 1910\u00a0JTD\u00a016V\u00a0CF4\u00a0150CV\/110KW\u00a04X2 \/ 1910JTD\u00a0CF4\u00a016V\u00a0126CV\/93KW\u00a0MENOR POT.\u00a0FRANCIA \/ 1910\u00a0JTD\u00a0CF4\u00a016V\u00a0150CV\/110KW\u00a04X4<br \/>\nALFA ROMEO &#8211; W9 166 (1998-2007) 2400 JTD 20V 175CV\/129KW  C.MEC. \/ 2400 JTD 20V 175CV \/129KW C.AUTOM. \/ 2400 JTD CF3 20V CM 163CV\/122KW MENOR POT. BE \/ 2400 JTD CF3 20V C.A.163CV\/122W MENOR POT. BE<br \/>\nALFA ROMEO &#8211; W9 166 (1998-2007) 2400 JTD CF4 20V 180CV\/132KW<br \/>\nALFA ROMEO &#8211; X6 ALFA MITO (2008-2011) LIM.CEE FASE 4 \/ 1.3\u00a0SDE\u00a090CV\u00a0EURO4 \/ 95CV<br \/>\nALFA ROMEO &#8211; X2 GT (2003-2010) 1910\u00a0JTD\u00a016V\u00a0CF3\u00a0150CV\/110KW<br \/>\nALFA ROMEO &#8211; X2 GT (2003-2010) 1910 JTD 16V CF4 110 KW 150HP \/ 1910\u00a0JTD\u00a0CF4\u00a016V\u00a0170CV\/125KW\u00a0POT.<br \/>\nLANCIA &#8211; TG MUSA (2004-2007) 1300\u00a016V\u00a0MJTD\u00a0CF4\u00a090CV\/66KW<br \/>\nLANCIA &#8211; TG MUSA (2004-2007) 1910\u00a08V\u00a0JTD\u00a0CF4\u00a0100CV\/74KW<br \/>\nLANCIA &#8211; TJ MUSA (2007-2011) (1200-1299 CC) \/ LIM.CEE FASE 4<br \/>\nLANCIA &#8211; TJ MUSA (2007-2011) (1800-1899 CC)<br \/>\nLANCIA &#8211; SJ THESIS (2001-2007) 2400\u00a0JTD\u00a020V\u00a0163CV\/120\u00a0KW\u00a0C.\u00a0MEC. \/ 2400\u00a0JTD\u00a020V\u00a0163CV\/120KW\u00a0C.AUTOM. \/ 2400\u00a0JTD\u00a020V\u00a0175CV\/129KW\u00a0\u00a0C.\u00a0MEC. \/ 2400\u00a0JTD\u00a020V\u00a0175CV\/129KW\u00a0C.AUTOM.<br \/>\nLANCIA &#8211; SJ THESIS (2001-2007) 2.4\u00a0JTD\u00a020V\u00a0CF4\u00a0175CV\/129KW<br \/>\nLANCIA &#8211; TE YPSILON (2003-2009) 1300\u00a016V\u00a0MJTD\u00a0CF4\u00a070CV\/51KW \/ 1300\u00a016V\u00a0MJTD\u00a0CF4\u00a090CV\/66KW \/ 1300 16V MJTD CF4 75CV\/55KW \/ 1300 16V MJTD CF4 105CV\/77KW<br \/>\nLANCIA &#8211; TI YPSILON (2009-2011) 90 CV. \/ 105 CV. \/ DI\u00c9SEL \/ 75 CV. \/ LIM.CEE FASE 4<br \/>\nFIAT PROFESSIONAL &#8211; 3V NUOVO DOBLO 2009 (2009-&#8230;.)  SIN START&amp;STOP Y SIN EURO 5 \/ 1248 DS.<br \/>\nFIAT PROFESSIONAL &#8211; 3N NUOVO FIORINO-QUBO (2007-&#8230;.) DI\u00c9SEL (FIAT) \/ <\/p>\n<p>LA PIEZA ES NUEVA Y ORIGINAL.<\/p>\n","protected":false},"excerpt":{"rendered":"<p>Junta t\u00f3rica del caudal\u00edmetro y del soporte del filtro de aceite de: Di\u00e1metro: 63 mm Espesor: 3,5 mm FIAT &#8211; 2Y GRANDE PUNTO (2005-2008) 1.3\u00a0MJTD\u00a016V\u00a0CF4\u00a090CV\/66KW FIAT &#8211; 2Y GRANDE PUNTO (2005-2008) 1.3\u00a0MJTD\u00a016V\u00a0CF4\u00a075CV\/55KW FIAT &#8211; 4C GRANDE PUNTO (2008-2009) 1200-1299 \/ DI\u00c9SEL \/ 1.3\u00a0JTD\u00a090CV\u00a0EURO4 FIAT &#8211; 4C GRANDE PUNTO (2008-2009) 1200-1299 \/ DI\u00c9SEL \/ 1.3\u00a0JTD\u00a075\u00a0CV\u00a0EURO4 FIAT [&hellip;]<\/p>\n","protected":false},"featured_media":66984,"template":"","meta":{"_seopress_robots_primary_cat":"","_seopress_titles_title":"","_seopress_titles_desc":"","_seopress_robots_index":""},"product_cat":[44,49,57,74,16,82,87,20,91,92,50,93,21,94,47,121,98,99,101,107,108,125,127],"product_tag":[],"class_list":{"0":"post-66982","1":"product","2":"type-product","3":"status-publish","4":"has-post-thumbnail","6":"product_cat-recambios-alfa-romeo-147","7":"product_cat-recambios-alfa-romeo-156","8":"product_cat-recambios-alfa-romeo-166","9":"product_cat-recambios-fiat-500","10":"product_cat-recambios-alfa-romeo","11":"product_cat-recambios-fiat-bravo","12":"product_cat-recambios-fiat-doblo","13":"product_cat-recambios-fiat","14":"product_cat-recambios-fiat-fiorino","15":"product_cat-recambios-fiat-grande-punto","16":"product_cat-recambios-alfa-romeo-gt","17":"product_cat-recambios-fiat-idea","18":"product_cat-recambios-lancia","19":"product_cat-recambios-fiat-linea","20":"product_cat-recambios-alfa-romeo-mito","21":"product_cat-recambios-lancia-musa","22":"product_cat-recambios-fiat-palio","23":"product_cat-recambios-fiat-panda","24":"product_cat-recambios-fiat-punto","25":"product_cat-recambios-fiat-siena","26":"product_cat-recambios-fiat-stilo","27":"product_cat-recambios-lancia-thesis","28":"product_cat-recambios-lancia-ypsilon","30":"first","31":"outofstock","32":"taxable","33":"shipping-taxable","34":"purchasable","35":"product-type-simple"},"_links":{"self":[{"href":"https:\/\/galicianparts.com\/shop\/wp-json\/wp\/v2\/product\/66982"}],"collection":[{"href":"https:\/\/galicianparts.com\/shop\/wp-json\/wp\/v2\/product"}],"about":[{"href":"https:\/\/galicianparts.com\/shop\/wp-json\/wp\/v2\/types\/product"}],"wp:featuredmedia":[{"embeddable":true,"href":"https:\/\/galicianparts.com\/shop\/wp-json\/wp\/v2\/media\/66984"}],"wp:attachment":[{"href":"https:\/\/galicianparts.com\/shop\/wp-json\/wp\/v2\/media?parent=66982"}],"wp:term":[{"taxonomy":"product_cat","embeddable":true,"href":"https:\/\/galicianparts.com\/shop\/wp-json\/wp\/v2\/product_cat?post=66982"},{"taxonomy":"product_tag","embeddable":true,"href":"https:\/\/galicianparts.com\/shop\/wp-json\/wp\/v2\/product_tag?post=66982"}],"curies":[{"name":"wp","href":"https:\/\/api.w.org\/{rel}","templated":true}]}}