{"id":67116,"date":"2023-01-24T11:06:52","date_gmt":"2023-01-24T09:06:52","guid":{"rendered":"https:\/\/galicianparts.com\/shop\/producto\/7079875-regulador-altura-faros-delanteros-fiat-palio-siena-strada-nuevo-original\/"},"modified":"2024-12-18T19:32:39","modified_gmt":"2024-12-18T17:32:39","slug":"7079875-regulador-altura-faros-delanteros-fiat-palio-siena-strada-nuevo-original","status":"publish","type":"product","link":"https:\/\/galicianparts.com\/shop\/producto\/7079875-regulador-altura-faros-delanteros-fiat-palio-siena-strada-nuevo-original\/","title":{"rendered":"7079875 Regulador altura faros delanteros Fiat Palio \/Siena \/Strada NUEVO ORIGINAL"},"content":{"rendered":"<p>Motor el\u00e9ctrico de regulaci\u00f3n de la altura de los faros delanteros de:<br \/>\nFIAT &#8211; 1X PALIO 2V EXTRA EUROPA (1997-2002) CORRECTOR ALINEACI\u00d3N FAROS \/ (EL(TR) \/ HL(TR) \/ EL(TR)3)<br \/>\nFIAT &#8211; 1Y PALIO WE EXTRA EUROPA (1997-2002) CORRECTOR ALINEACI\u00d3N FAROS<br \/>\nFIAT &#8211; 1Y PALIO WE EXTRA EUROPA (1997-2002) EL (PL) \/ HL (PL)<br \/>\nFIAT &#8211; PY PALIO\/WEEKEND EUROPA (1997-2002) S.W.<br \/>\nFIAT &#8211; PY PALIO\/WEEKEND EUROPA (1997-2002) 2V 5P \/ 2V 3P<br \/>\nFIAT &#8211; 2A SIENA EXTRA EUROPA (1997-2002) CORRECTOR ALINEACI\u00d3N FAROS \/ (EL (PL) \/ HL (PL))<br \/>\nFIAT &#8211; 2A SIENA EXTRA EUROPA (1997-2002) CORRECTOR ALINEACI\u00d3N FAROS \/ (EL (PL) \/ HL (PL) \/ EL (TR) \/ HL (TR))<br \/>\nFIAT &#8211; 2A SIENA EXTRA EUROPA (1997-2002) EL (PL) \/ HL (PL)<br \/>\nFIAT &#8211; 2A SIENA EXTRA EUROPA (1997-2002) CORRECTOR ALINEACI\u00d3N FAROS \/ (EL (TR) \/ HL (TR))<br \/>\nFIAT &#8211; 2A SIENA EXTRA EUROPA (1997-2002) CORRECTOR ALINEACI\u00d3N FAROS \/ EL MY.2000 (PL) \/ HL MY.2000 (PL) \/ EL (VN) \/ HL (VN) \/ ED GAMMA 2002 (VN) \/ HL GAMMA 2002 (VN) \/ HLX GAMMA 2002 (VN)<br \/>\nFIAT PROFESSIONAL &#8211; 1G STRADA (1999-2005) TREKKING ANTERIOR AL  F.L. \/ TREKKING F.L CABINA CORTA \/ TREKKING F.L. CABINA LUNGA<\/p>\n<p>LA PIEZA ES NUEVA Y ORIGINAL.<\/p>\n","protected":false},"excerpt":{"rendered":"<p>Motor el\u00e9ctrico de regulaci\u00f3n de la altura de los faros delanteros de: FIAT &#8211; 1X PALIO 2V EXTRA EUROPA (1997-2002) CORRECTOR ALINEACI\u00d3N FAROS \/ (EL(TR) \/ HL(TR) \/ EL(TR)3) FIAT &#8211; 1Y PALIO WE EXTRA EUROPA (1997-2002) CORRECTOR ALINEACI\u00d3N FAROS FIAT &#8211; 1Y PALIO WE EXTRA EUROPA (1997-2002) EL (PL) \/ HL (PL) FIAT &#8211; [&hellip;]<\/p>\n","protected":false},"featured_media":67121,"template":"","meta":{"_seopress_robots_primary_cat":"","_seopress_titles_title":"","_seopress_titles_desc":"","_seopress_robots_index":""},"product_cat":[20,98,107,109],"product_tag":[],"class_list":{"0":"post-67116","1":"product","2":"type-product","3":"status-publish","4":"has-post-thumbnail","6":"product_cat-recambios-fiat","7":"product_cat-recambios-fiat-palio","8":"product_cat-recambios-fiat-siena","9":"product_cat-recambios-fiat-strada","11":"first","12":"outofstock","13":"taxable","14":"shipping-taxable","15":"purchasable","16":"product-type-simple"},"_links":{"self":[{"href":"https:\/\/galicianparts.com\/shop\/wp-json\/wp\/v2\/product\/67116"}],"collection":[{"href":"https:\/\/galicianparts.com\/shop\/wp-json\/wp\/v2\/product"}],"about":[{"href":"https:\/\/galicianparts.com\/shop\/wp-json\/wp\/v2\/types\/product"}],"wp:featuredmedia":[{"embeddable":true,"href":"https:\/\/galicianparts.com\/shop\/wp-json\/wp\/v2\/media\/67121"}],"wp:attachment":[{"href":"https:\/\/galicianparts.com\/shop\/wp-json\/wp\/v2\/media?parent=67116"}],"wp:term":[{"taxonomy":"product_cat","embeddable":true,"href":"https:\/\/galicianparts.com\/shop\/wp-json\/wp\/v2\/product_cat?post=67116"},{"taxonomy":"product_tag","embeddable":true,"href":"https:\/\/galicianparts.com\/shop\/wp-json\/wp\/v2\/product_tag?post=67116"}],"curies":[{"name":"wp","href":"https:\/\/api.w.org\/{rel}","templated":true}]}}