{"id":67159,"date":"2023-01-24T12:46:09","date_gmt":"2023-01-24T10:46:09","guid":{"rendered":"https:\/\/galicianparts.com\/shop\/producto\/71728838-bombilla-d2s-faro-xenon-alfa-romeo-147-gt-lancia-citroen-peugeot-original\/"},"modified":"2023-11-16T18:00:26","modified_gmt":"2023-11-16T16:00:26","slug":"71728838-bombilla-d2s-faro-xenon-alfa-romeo-147-gt-lancia-citroen-peugeot-original","status":"publish","type":"product","link":"https:\/\/galicianparts.com\/shop\/producto\/71728838-bombilla-d2s-faro-xenon-alfa-romeo-147-gt-lancia-citroen-peugeot-original\/","title":{"rendered":"71728838 Bombilla D2S faro xen\u00f3n Alfa Romeo 147 \/GT \/Lancia \/Citro\u00ebn \/Peugeot ORIGINAL"},"content":{"rendered":"<p>L\u00e1mpara de los faros de xen\u00f3n de:<br \/>\nTipo de l\u00e1mpara: D2S (l\u00e1mpara de descarga gaseosa)<br \/>\nTensi\u00f3n [V]: 85<br \/>\nPotencia nominal [W]: 35<\/p>\n<p>ALFA ROMEO &#8211; W8 147 BZ\/DS (2000-2010) FAROS\u00a0A\u00a0DESCARGA\u00a0DE\u00a0GAS \/ PROGRESSION \/ DISTINCTIVE \/ GTA<br \/>\nALFA ROMEO 156 Berlina (932)<br \/>\n1.6 16V T.SPARK, A\u00f1o 09.1997 &#8211; 09.2005, 1598 , 112<br \/>\n1.6 16V T.SPARK, A\u00f1o 09.1997 &#8211; 09.2005, 1598 , 120<br \/>\n1.8 16V T.SPARK, A\u00f1o 09.1997 &#8211; 10.2000, 1747 , 144<br \/>\n1.8 16V T.SPARK, A\u00f1o 10.2000 &#8211; 09.2005, 1747 , 140<br \/>\n1.9 JTD, A\u00f1o 11.2003 &#8211; 09.2005, 1910 , 126<br \/>\n1.9 JTD, A\u00f1o 11.2002 &#8211; 11.2004, 1910 , 136<br \/>\n1.9 JTD, A\u00f1o 10.2000 &#8211; 05.2001, 1910 , 110<br \/>\n1.9 JTD, A\u00f1o 05.2001 &#8211; 09.2005, 1910 , 115<br \/>\n1.9 JTD (932.AXN00, 932.BXE00), A\u00f1o 07.2004 &#8211; 09.2005, 1910 , 150<br \/>\n1.9 JTD, A\u00f1o 09.1997 &#8211; 10.2000, 1910 , 105<br \/>\n1.9 JTD 16V, A\u00f1o 11.2002 &#8211; 09.2005, 1910 , 140<br \/>\n2.0 16V T.SPARK, A\u00f1o 09.1997 &#8211; 06.2002, 1970 , 155<br \/>\n2.0 16V T.SPARK, A\u00f1o 10.2000 &#8211; 03.2002, 1970 , 150<br \/>\n2.0 JTS, A\u00f1o 01.2002 &#8211; 09.2005, 1970 , 160<br \/>\n2.0 JTS, A\u00f1o 03.2002 &#8211; 09.2005, 1970 , 166<br \/>\n2.4 JTD, A\u00f1o 06.2003 &#8211; 09.2005, 2387 , 163<br \/>\n2.4 JTD, A\u00f1o 10.2003 &#8211; 09.2005, 2387 , 175<br \/>\n2.4 JTD, A\u00f1o 10.2000 &#8211; 09.2005, 2387 , 140<br \/>\n2.4 JTD, A\u00f1o 03.2002 &#8211; 09.2005, 2387 , 150<br \/>\n2.4 JTD, A\u00f1o 09.1997 &#8211; 09.2003, 2387 , 136<br \/>\n2.5 V6 24V, A\u00f1o 09.1997 &#8211; 12.2001, 2492 , 190<br \/>\n2.5 V6 24V, A\u00f1o 10.2000 &#8211; 09.2005, 2492 , 192<br \/>\n3.2 GTA, A\u00f1o 03.2002 &#8211; 09.2005, 3179 , 250<br \/>\nALFA ROMEO 166 (936)<br \/>\n2.0 T.Spark, A\u00f1o 09.1998 &#8211; 10.2000, 1970 , 155<br \/>\n2.0 T.Spark, A\u00f1o 10.2000 &#8211; 06.2007, 1970 , 150<br \/>\n2.0 V6, A\u00f1o 09.1998 &#8211; 10.2000, 1996 , 205<br \/>\n2.4 JTD, A\u00f1o 04.2002 &#8211; 06.2007, 2387 , 150<br \/>\n2.4 JTD, A\u00f1o 10.2003 &#8211; 06.2007, 2387 , 163<br \/>\n2.4 JTD, A\u00f1o 10.2003 &#8211; 06.2007, 2387 , 175<br \/>\n2.4 JTD, A\u00f1o 07.2006 &#8211; 06.2007, 2387 , 180<br \/>\n2.4 JTD, A\u00f1o 07.2005 &#8211; 06.2007, 2387 , 185<br \/>\n2.4 JTD, A\u00f1o 09.1998 &#8211; 10.2000, 2387 , 136<br \/>\n2.4 JTD, A\u00f1o 10.2000 &#8211; 06.2007, 2387 , 140<br \/>\n2.5 V6 24V, A\u00f1o 10.2000 &#8211; 06.2007, 2492 , 188<br \/>\n2.5 V6 24V, A\u00f1o 09.1998 &#8211; 12.2006, 2492 , 190<br \/>\n3.0 V6 24V, A\u00f1o 10.2000 &#8211; 06.2007, 2959 , 220<br \/>\n3.0 V6 24V, A\u00f1o 09.1998 &#8211; 06.2007, 2959 , 226<br \/>\n3.2 V6 24V, A\u00f1o 10.2003 &#8211; 06.2007, 3179 , 240<br \/>\nALFA ROMEO GT (937)<br \/>\n1.8 TS, A\u00f1o 11.2003 &#8211; 09.2010, 1747 , 140<br \/>\n1.9 JTD, A\u00f1o 11.2003 &#8211; 09.2010, 1910 , 150<br \/>\n1.9 JTD, A\u00f1o 05.2008 &#8211; 09.2010, 1910 , 170<br \/>\n2.0 JTS, A\u00f1o 12.2006 &#8211; 09.2010, 1970 , 162<br \/>\n2.0 JTS, A\u00f1o 11.2003 &#8211; 09.2010, 1970 , 165<br \/>\n3.2 GTA, A\u00f1o 11.2003 &#8211; 09.2010, 3179 , 240<br \/>\nALFA ROMEO 4C Coup\u00e9 (960_)<br \/>\n1.8 (960.CXB1A), A\u00f1o 03.2013 &#8211; &#8230;, 1742 , 241<br \/>\nALFA ROMEO 4C Spider (961_)<br \/>\n1.8, A\u00f1o 10.2014 &#8211; &#8230;, 1742 , 241<\/p>\n<p>CITRO\u00cbN C6 Berlina<br \/>\n2.2 HDi, A\u00f1o 06.2006 &#8211; 12.2010, 2179 , 163<br \/>\n2.2 HDi, A\u00f1o 06.2006 &#8211; 12.2012, 2179 , 170<br \/>\n2.7 HDi, A\u00f1o 09.2005 &#8211; 12.2011, 2720 , 204<br \/>\n3.0 HDi, A\u00f1o 04.2009 &#8211; 12.2012, 2992 , 241<br \/>\n3.0 V6, A\u00f1o 09.2005 &#8211; 12.2012, 2946 , 211<br \/>\nCITRO\u00cbN C-Crosser SUV<br \/>\n2.0, A\u00f1o 11.2010 &#8211; &#8230;, 1998 , 147<br \/>\n2.0 A las 4 ruedas, A\u00f1o 11.2010 &#8211; &#8230;, 1998 , 147<br \/>\n2.2 HDi, A\u00f1o 02.2007 &#8211; &#8230;, 2179 , 156<br \/>\n2.4 16V, A\u00f1o 08.2008 &#8211; &#8230;, 2360 , 170<br \/>\nCITRO\u00cbN C4 Aircross<br \/>\n1.6, A\u00f1o 04.2012 &#8211; &#8230;, 1590 , 117<br \/>\n1.6 HDi 115, A\u00f1o 04.2012 &#8211; &#8230;, 1560 , 114<br \/>\n1.6 HDi 115 AWC, A\u00f1o 05.2012 &#8211; &#8230;, 1560 , 114<br \/>\n1.8 HDi 150, A\u00f1o 04.2012 &#8211; &#8230;, 1798 , 150<br \/>\n1.8 HDi 150 AWC, A\u00f1o 04.2012 &#8211; &#8230;, 1798 , 150<\/p>\n<p>LANCIA Kappa (838)<br \/>\n2.0 16V Turbo, A\u00f1o 02.1995 &#8211; 10.2001, 1995 , 205<br \/>\n2.0 20V, A\u00f1o 10.1994 &#8211; 10.2001, 1998 , 146<br \/>\n2.0 20V, A\u00f1o 07.1996 &#8211; 10.2001, 1998 , 155<br \/>\n2.0 20V Turbo, A\u00f1o 06.1998 &#8211; 10.2001, 1998 , 220<br \/>\n2.4 20V, A\u00f1o 08.1994 &#8211; 10.2001, 2446 , 175<br \/>\n2.4 JTD, A\u00f1o 06.1998 &#8211; 10.2001, 2387 , 136<br \/>\n2.4 T.DS, A\u00f1o 08.1994 &#8211; 10.2001, 2387 , 124<br \/>\n3.0 24V, A\u00f1o 08.1994 &#8211; 10.2001, 2959 , 204<br \/>\nLANCIA Thesis (841)<br \/>\n2.0 Turbo, A\u00f1o 07.2002 &#8211; 07.2009, 1998 , 185<br \/>\n2.4, A\u00f1o 07.2002 &#8211; 07.2009, 2446 , 170<br \/>\n2.4 D Multijet, A\u00f1o 04.2006 &#8211; 07.2009, 2387 , 185<br \/>\n2.4 JTD, A\u00f1o 09.2003 &#8211; 07.2009, 2387 , 163<br \/>\n2.4 JTD, A\u00f1o 05.2003 &#8211; 07.2009, 2387 , 175<br \/>\n2.4 JTD, A\u00f1o 07.2002 &#8211; 07.2009, 2387 , 150<br \/>\n3.0 V6, A\u00f1o 07.2002 &#8211; 07.2009, 2959 , 215<br \/>\n3.2 V6, A\u00f1o 05.2003 &#8211; 07.2009, 3179 , 230<\/p>\n<p>PEUGEOT 407 Berlina<br \/>\n1.6 HDi 110, A\u00f1o 05.2004 &#8211; 12.2010, 1560 , 109<br \/>\n1.8, A\u00f1o 05.2004 &#8211; 07.2005, 1749 , 116<br \/>\n1.8 16V, A\u00f1o 09.2005 &#8211; 12.2010, 1749 , 125<br \/>\n2.0, A\u00f1o 05.2004 &#8211; 07.2005, 1997 , 136<br \/>\n2.0 16V, A\u00f1o 09.2005 &#8211; 12.2010, 1997 , 140<br \/>\n2.0 16V, A\u00f1o 08.2008 &#8211; 12.2009, 1997 , 143<br \/>\n2.0 Bioflex, A\u00f1o 09.2007 &#8211; 02.2011, 1997 , 140<br \/>\n2.0 HDi, A\u00f1o 06.2009 &#8211; 12.2010, 1997 , 140<br \/>\n2.0 HDi, A\u00f1o 07.2009 &#8211; 12.2010, 1997 , 163<br \/>\n2.0 HDi 135, A\u00f1o 05.2004 &#8211; 10.2010, 1997 , 136<br \/>\n2.2, A\u00f1o 05.2004 &#8211; 10.2006, 2230 , 158<br \/>\n2.2 16V, A\u00f1o 09.2005 &#8211; 12.2010, 2230 , 163<br \/>\n2.2 HDi, A\u00f1o 06.2008 &#8211; 12.2010, 2179 , 163<br \/>\n2.2 HDi 170, A\u00f1o 05.2006 &#8211; 12.2010, 2179 , 170<br \/>\n2.7 HDi, A\u00f1o 10.2005 &#8211; 12.2010, 2720 , 204<br \/>\n3.0, A\u00f1o 05.2004 &#8211; 12.2010, 2946 , 211<br \/>\nPEUGEOT 407 SW<br \/>\n1.6 HDi 110, A\u00f1o 05.2004 &#8211; 12.2010, 1560 , 109<br \/>\n1.8, A\u00f1o 05.2004 &#8211; 07.2005, 1749 , 116<br \/>\n1.8 16V, A\u00f1o 09.2005 &#8211; 12.2010, 1749 , 125<br \/>\n2.0, A\u00f1o 05.2004 &#8211; 07.2005, 1997 , 136<br \/>\n2.0 16V, A\u00f1o 09.2005 &#8211; 12.2010, 1997 , 140<br \/>\n2.0 Bioflex, A\u00f1o 01.2008 &#8211; 12.2010, 1997 , 140<br \/>\n2.0 HDi, A\u00f1o 11.2004 &#8211; 10.2007, 1997 , 126<br \/>\n2.0 HDi, A\u00f1o 08.2008 &#8211; 12.2010, 1997 , 140<br \/>\n2.0 HDi, A\u00f1o 07.2009 &#8211; 12.2010, 1997 , 163<br \/>\n2.0 HDi 135, A\u00f1o 07.2004 &#8211; 12.2010, 1997 , 136<br \/>\n2.2, A\u00f1o 05.2004 &#8211; 07.2005, 2230 , 158<br \/>\n2.2 16V, A\u00f1o 09.2005 &#8211; 12.2010, 2230 , 163<br \/>\n2.2 HDi, A\u00f1o 06.2008 &#8211; 12.2010, 2179 , 163<br \/>\n2.2 HDi 170, A\u00f1o 05.2006 &#8211; 12.2010, 2179 , 170<br \/>\n2.7 HDi, A\u00f1o 10.2005 &#8211; 12.2010, 2720 , 204<br \/>\n3.0, A\u00f1o 05.2004 &#8211; 12.2010, 2946 , 211<br \/>\nPEUGEOT 4007 (VU, VV)<br \/>\n2.0, A\u00f1o 11.2010 &#8211; 03.2013, 1998 , 147<br \/>\n2.0 4&#215;4, A\u00f1o 11.2010 &#8211; 03.2013, 1998 , 147<br \/>\n2.2 HDi, A\u00f1o 02.2007 &#8211; 03.2013, 2179 , 156<br \/>\n2.4 16V, A\u00f1o 01.2008 &#8211; 03.2013, 2360 , 170<br \/>\nPEUGEOT 4008 SUV<br \/>\n1.6, A\u00f1o 05.2012 &#8211; &#8230;, 1590 , 117<br \/>\n1.6 HDi, A\u00f1o 05.2012 &#8211; &#8230;, 1560 , 114<br \/>\n1.6 HDi AWC, A\u00f1o 05.2012 &#8211; &#8230;, 1560 , 114<br \/>\n1.8 HDi, A\u00f1o 05.2012 &#8211; &#8230;, 1798 , 150<br \/>\n1.8 HDi AWC, A\u00f1o 05.2012 &#8211; &#8230;, 1798 , 150<br \/>\n2.0 AWC, A\u00f1o 05.2012 &#8211; &#8230;, 1998 , 150<\/p>\n<p>SEAT Alhambra I (7V8, 7V9)<br \/>\n1.8 T 20V, A\u00f1o 10.1997 &#8211; 03.2010, 1781 , 150<br \/>\n1.9 TDI, A\u00f1o 04.1996 &#8211; 03.2010, 1896 , 90<br \/>\n1.9 TDI, A\u00f1o 08.1996 &#8211; 06.2000, 1896 , 110<br \/>\n1.9 TDI, A\u00f1o 06.2000 &#8211; 03.2010, 1896 , 115<br \/>\n1.9 TDI, A\u00f1o 11.2002 &#8211; 11.2008, 1896 , 131<br \/>\n1.9 TDI, A\u00f1o 05.2005 &#8211; 05.2007, 1896 , 150<br \/>\n1.9 TDI 4motion, A\u00f1o 06.2000 &#8211; 03.2010, 1896 , 115<br \/>\n2.0 i, A\u00f1o 04.1996 &#8211; 03.2010, 1984 , 115<br \/>\n2.0 TDI, A\u00f1o 11.2005 &#8211; 03.2010, 1968 , 140<br \/>\n2.8 V6, A\u00f1o 06.2000 &#8211; 03.2010, 2792 , 204<br \/>\n2.8 V6 4motion, A\u00f1o 06.2000 &#8211; 03.2010, 2792 , 204<br \/>\nSEAT Ritmo (138)<br \/>\n1.4, A\u00f1o 07.1978 &#8211; 09.1983, 1438 , 77<br \/>\n1.7 D, A\u00f1o 10.1979 &#8211; 09.1983, 1714 , 56<\/p>\n<p>LA PIEZA ES NUEVA Y ORIGINAL.<\/p>\n","protected":false},"excerpt":{"rendered":"<p>L\u00e1mpara de los faros de xen\u00f3n de: Tipo de l\u00e1mpara: D2S (l\u00e1mpara de descarga gaseosa) Tensi\u00f3n [V]: 85 Potencia nominal [W]: 35 ALFA ROMEO &#8211; W8 147 BZ\/DS (2000-2010) FAROS\u00a0A\u00a0DESCARGA\u00a0DE\u00a0GAS \/ PROGRESSION \/ DISTINCTIVE \/ GTA ALFA ROMEO 156 Berlina (932) 1.6 16V T.SPARK, A\u00f1o 09.1997 &#8211; 09.2005, 1598 , 112 1.6 16V T.SPARK, A\u00f1o [&hellip;]<\/p>\n","protected":false},"featured_media":76662,"template":"","meta":{"_seopress_robots_primary_cat":"","_seopress_titles_title":"","_seopress_titles_desc":"","_seopress_robots_index":""},"product_cat":[344,44,49,57,348,359,152,192,16,350,134,327,23,50,119,21,24,198,26,125],"product_tag":[],"class_list":{"0":"post-67159","1":"product","2":"type-product","3":"status-publish","4":"has-post-thumbnail","6":"product_cat-recambios-citroen-c-crosser","7":"product_cat-recambios-alfa-romeo-147","8":"product_cat-recambios-alfa-romeo-156","9":"product_cat-recambios-alfa-romeo-166","10":"product_cat-recambios-peugeot-4007","11":"product_cat-recambios-peugeot-4008","12":"product_cat-recambios-peugeot-407","13":"product_cat-recambios-alfa-romeo-4c","14":"product_cat-recambios-alfa-romeo","15":"product_cat-recambios-seat-alhambra","16":"product_cat-recambios-citroen-c4","17":"product_cat-recambios-citroen-c6","18":"product_cat-recambios-citroen","19":"product_cat-recambios-alfa-romeo-gt","20":"product_cat-recambios-lancia-kappa","21":"product_cat-recambios-lancia","22":"product_cat-recambios-peugeot","23":"product_cat-recambios-seat-ritmo","24":"product_cat-recambios-seat","25":"product_cat-recambios-lancia-thesis","27":"first","28":"outofstock","29":"taxable","30":"shipping-taxable","31":"purchasable","32":"product-type-simple"},"_links":{"self":[{"href":"https:\/\/galicianparts.com\/shop\/wp-json\/wp\/v2\/product\/67159"}],"collection":[{"href":"https:\/\/galicianparts.com\/shop\/wp-json\/wp\/v2\/product"}],"about":[{"href":"https:\/\/galicianparts.com\/shop\/wp-json\/wp\/v2\/types\/product"}],"wp:featuredmedia":[{"embeddable":true,"href":"https:\/\/galicianparts.com\/shop\/wp-json\/wp\/v2\/media\/76662"}],"wp:attachment":[{"href":"https:\/\/galicianparts.com\/shop\/wp-json\/wp\/v2\/media?parent=67159"}],"wp:term":[{"taxonomy":"product_cat","embeddable":true,"href":"https:\/\/galicianparts.com\/shop\/wp-json\/wp\/v2\/product_cat?post=67159"},{"taxonomy":"product_tag","embeddable":true,"href":"https:\/\/galicianparts.com\/shop\/wp-json\/wp\/v2\/product_tag?post=67159"}],"curies":[{"name":"wp","href":"https:\/\/api.w.org\/{rel}","templated":true}]}}