{"id":67179,"date":"2023-01-24T13:57:27","date_gmt":"2023-01-24T11:57:27","guid":{"rendered":"https:\/\/galicianparts.com\/shop\/producto\/46739790-junta-valvula-deposito-combustible-fiat-seicento-barchetta-cinquecento-alfa-166-original\/"},"modified":"2023-05-09T09:41:41","modified_gmt":"2023-05-09T07:41:41","slug":"46739790-junta-valvula-deposito-combustible-fiat-seicento-barchetta-cinquecento-alfa-166-original","status":"publish","type":"product","link":"https:\/\/galicianparts.com\/shop\/producto\/46739790-junta-valvula-deposito-combustible-fiat-seicento-barchetta-cinquecento-alfa-166-original\/","title":{"rendered":"46739790 Junta v\u00e1lvula dep\u00f3sito combustible Fiat Seicento \/Barchetta \/Cinquecento \/Alfa 166 ORIGINAL"},"content":{"rendered":"<p>Junta de goma de las v\u00e1lvulas superiores del dep\u00f3sito de carburante de:<br \/>\nDi\u00e1metro exterior: 43 mm<br \/>\nDi\u00e1metro interior: 36 mm<br \/>\nAltura: 6 mm<\/p>\n<p>FIAT &#8211; PK BARCHETTA (1995-2004) 1.8 16V (183A1000)<br \/>\nFIAT &#8211; NM CINQUECENTO (1992-1998) 903 SPI\u00bbW\u00bb USA&#8217;83 \/ 899 SPI\u00bbW\u00bb \/ 1108 SPI\u00bbW\u00bbCF2<br \/>\nFIAT &#8211; 1E SEICENTO (1998-2010) 899 SPI \/ 1108 SPI<br \/>\nALFA ROMEO &#8211; W9 166 (1998-2007) SEDAN 98 \/ 2400\u00a0JTD\u00a0CF3\u00a0140\u00a0CV\/103KW \/ 2400\u00a0JTD\u00a0CF3\u00a0150\u00a0CV\/110KW<br \/>\nALFA ROMEO &#8211; W9 166 (1998-2007) FL 03 PROGRESSION \/ 2400\u00a0JTD\u00a0CF3\u00a0150\u00a0CV\/110KW \/ 2400 JTD 20V 175CV\/129KW  C.MEC. \/ 2400 JTD 20V 175CV \/129KW C.AUTOM. \/ 2400 JTD CF3 20V CM 163CV\/122KW MENOR POT. BE \/ 2400 JTD CF3 20V C.A.163CV\/122W MENOR POT. BE \/ 2400 JTD CF4 20V 180CV\/132KW<br \/>\nALFA ROMEO &#8211; W9 166 (1998-2007) FL 03 DISTINCTIVE \/ 2400\u00a0JTD\u00a0CF3\u00a0150\u00a0CV\/110KW \/ 2400 JTD 20V 175CV\/129KW  C.MEC. \/ 2400 JTD 20V 175CV \/129KW C.AUTOM. \/ 2400 JTD CF3 20V CM 163CV\/122KW MENOR POT. BE \/ 2400 JTD CF3 20V C.A.163CV\/122W MENOR POT. BE \/ 2400 JTD CF4 20V 180CV\/132KW<br \/>\nALFA ROMEO &#8211; W9 166 (1998-2007) FL 03 BASIS \/ 2400\u00a0JTD\u00a0CF3\u00a0150\u00a0CV\/110KW<br \/>\nALFA ROMEO &#8211; W9 166 (1998-2007) EQUIPAMIENTO LUXURY \/ 2400 JTD 20V 175CV\/129KW  C.MEC. \/ 2400 JTD 20V 175CV \/129KW C.AUTOM. \/ 2400 JTD CF3 20V CM 163CV\/122KW MENOR POT. BE \/ 2400 JTD CF3 20V C.A.163CV\/122W MENOR POT. BE \/ 2400 JTD CF4 20V 180CV\/132KW<\/p>\n<p>LA PIEZA ES NUEVA Y ORIGINAL.<\/p>\n","protected":false},"excerpt":{"rendered":"<p>Junta de goma de las v\u00e1lvulas superiores del dep\u00f3sito de carburante de: Di\u00e1metro exterior: 43 mm Di\u00e1metro interior: 36 mm Altura: 6 mm FIAT &#8211; PK BARCHETTA (1995-2004) 1.8 16V (183A1000) FIAT &#8211; NM CINQUECENTO (1992-1998) 903 SPI\u00bbW\u00bb USA&#8217;83 \/ 899 SPI\u00bbW\u00bb \/ 1108 SPI\u00bbW\u00bbCF2 FIAT &#8211; 1E SEICENTO (1998-2010) 899 SPI \/ 1108 SPI [&hellip;]<\/p>\n","protected":false},"featured_media":70050,"template":"","meta":{"_seopress_robots_primary_cat":"","_seopress_titles_title":"","_seopress_titles_desc":"","_seopress_robots_index":""},"product_cat":[57,16,80,84,20,106],"product_tag":[],"class_list":{"0":"post-67179","1":"product","2":"type-product","3":"status-publish","4":"has-post-thumbnail","6":"product_cat-recambios-alfa-romeo-166","7":"product_cat-recambios-alfa-romeo","8":"product_cat-recambios-fiat-barchetta","9":"product_cat-recambios-fiat-cinquecento","10":"product_cat-recambios-fiat","11":"product_cat-recambios-fiat-seicento","13":"first","14":"outofstock","15":"taxable","16":"shipping-taxable","17":"purchasable","18":"product-type-simple"},"_links":{"self":[{"href":"https:\/\/galicianparts.com\/shop\/wp-json\/wp\/v2\/product\/67179"}],"collection":[{"href":"https:\/\/galicianparts.com\/shop\/wp-json\/wp\/v2\/product"}],"about":[{"href":"https:\/\/galicianparts.com\/shop\/wp-json\/wp\/v2\/types\/product"}],"wp:featuredmedia":[{"embeddable":true,"href":"https:\/\/galicianparts.com\/shop\/wp-json\/wp\/v2\/media\/70050"}],"wp:attachment":[{"href":"https:\/\/galicianparts.com\/shop\/wp-json\/wp\/v2\/media?parent=67179"}],"wp:term":[{"taxonomy":"product_cat","embeddable":true,"href":"https:\/\/galicianparts.com\/shop\/wp-json\/wp\/v2\/product_cat?post=67179"},{"taxonomy":"product_tag","embeddable":true,"href":"https:\/\/galicianparts.com\/shop\/wp-json\/wp\/v2\/product_tag?post=67179"}],"curies":[{"name":"wp","href":"https:\/\/api.w.org\/{rel}","templated":true}]}}