{"id":67187,"date":"2023-01-24T14:26:17","date_gmt":"2023-01-24T12:26:17","guid":{"rendered":"https:\/\/galicianparts.com\/shop\/producto\/7703051-junta-tapon-llenado-aceite-lancia-delta-evo-y10-fiat-uno-tb-alfa-75-original\/"},"modified":"2026-01-04T22:21:39","modified_gmt":"2026-01-04T20:21:39","slug":"7703051-junta-tapon-llenado-aceite-lancia-delta-evo-y10-fiat-uno-tb-alfa-75-original","status":"publish","type":"product","link":"https:\/\/galicianparts.com\/shop\/producto\/7703051-junta-tapon-llenado-aceite-lancia-delta-evo-y10-fiat-uno-tb-alfa-75-original\/","title":{"rendered":"7703051 Junta tap\u00f3n llenado aceite Lancia Delta Evo \/Y10 \/Fiat Uno TB \/Alfa 75 ORIGINAL"},"content":{"rendered":"<p>Junta de goma del tap\u00f3n de llenado del aceite de:<br \/>\nDi\u00e1metro interior: 31 mm<br \/>\nDi\u00e1metro exterior: 53 mm<\/p>\n<p>FIAT &#8211; 1V BRAVA (1995-1998) 1930 DS EM 08<br \/>\nFIAT &#8211; 1U BRAVO (1995-1998) 1930 DS EM 08-65CV<br \/>\nFIAT &#8211; MZ CROMA CHT FL.90 (1990-1992)<br \/>\nFIAT &#8211; MY CROMA IE-IE TB. FL.90 (1990-1996) 2000 8V EM.04 IE WEBER \/ 2000 8V USA&#8217;83 (MOT.154C3) \/ 2000 8V TURBO EM.04 \/ 2000 8V TURBO USA&#8217;83 \/ 2000 8V USA&#8217;83 (MOT.834B) \/ 2000 8V EM.04 IE BOSCH (SA) \/ 2000 8V EM.04 IE BOSCH (CSI-DZ)<br \/>\nFIAT &#8211; NQ CROMA IE. 2500 V6 (1993-1996)<br \/>\nFIAT &#8211; MJ CROMA TURBO DS FL.90 (1990-1996) 2500 (8144.97) \/ 2500 (8144.97S)<br \/>\nFIAT &#8211; 2B DUNA (1986-1990) 1100 BZ \/ 1300 BZ<br \/>\nFIAT &#8211; 2B DUNA (1986-1990) 1700 DS<br \/>\nFIAT &#8211; XP ELBA CSL (1991-1996) 1300 CARB.<br \/>\nFIAT &#8211; XP ELBA CSL (1991-1996) 1500 SPI USA&#8217;83<br \/>\nFIAT &#8211; XP ELBA CSL (1991-1996) 1697 DS<br \/>\nFIAT &#8211; XR MILLE (1994-1995) 1000 SPI<br \/>\nFIAT &#8211; XR MILLE (1994-1995) 1697 DS<br \/>\nFIAT &#8211; XS MILLE CLIP (1995-1997) 994 SPI<br \/>\nFIAT &#8211; XS MILLE CLIP (1995-1997) 1697 DS<br \/>\nFIAT &#8211; 1X PALIO 2V EXTRA EUROPA (1997-2002) 1697 DS EM.08<br \/>\nFIAT &#8211; 2H PALIO 2V EXTRA EUROPA REST. 2002 (2002-2011) 1697\u00a0TD\u00a0CF2<br \/>\nFIAT &#8211; 3D PALIO 2V REST.2 (2005-2011) 1697\u00a0TB\/DS\u00a0CF2<br \/>\nFIAT &#8211; 1Y PALIO WE EXTRA EUROPA (1997-2002) 1697 TDS SOFT ECE08\/CF1 46KW \/ 1697 TDS SOFT CF2 51KW \/ 1697 TDS ECE08 53 KW<br \/>\nFIAT &#8211; 2K PALIO WE EXTRA EUROPA REST. 2002 (2002-2008) 1697\u00a0TD\u00a0CF2<br \/>\nFIAT &#8211; 3F PALIO WEEKEND REST.2 (2005-2009) 1697\u00a0TB\/DS\u00a0CF2<br \/>\nFIAT &#8211; PY PALIO\/WEEKEND EUROPA (1997-2002) 1697 TDS SW<br \/>\nFIAT &#8211; 1S PANDA 4X2 MAQ 91 (1991-2003) 750 ACB CARB \/ 900 ACB CARB<br \/>\nFIAT &#8211; LV PANDA 4X2 RL\/86(1985-1991) 750 ACB \/ 900 ACB<br \/>\nFIAT &#8211; 2P PANDA DS (1986-1993)<br \/>\nFIAT &#8211; NX PUNTO D-TD (1993-1997) 1697 T.DS EM.08 (70 CV) \/ 1697 T.DS USA&#8217;87-CEE FASE 2 (70 CV)<br \/>\nFIAT &#8211; NX PUNTO D-TD (1993-1997) AIRE ACONDICIONADO \/ 1697 T.DS EM.08 (70 CV) \/ 1697 T.DS USA&#8217;87-CEE FASE 2 (70 CV)<br \/>\nFIAT &#8211; NX PUNTO D-TD (1993-1997) 1697 DS EM.08<br \/>\nFIAT &#8211; NX PUNTO D-TD (1993-1997) 1697 T.DS CEE FASE 2 SOFT (63 CV)<br \/>\nFIAT &#8211; 1B PUNTO TB.DS. GAMMA&#8217;97 (1997-1999) 1697 T.DS EM.08 (72CV) \/ 1697 T.DS CF2 (69CV) \/ 1697 T.DS CF2 SOFT (63CV)<br \/>\nFIAT &#8211; 1B PUNTO TB.DS. GAMMA&#8217;97 (1997-1999) AIRE ACONDICIONADO \/ 1697 T.DS EM.08 (72CV) \/ 1697 T.DS CF2 (69CV) \/ 1697 T.DS CF2 SOFT (63CV)<br \/>\nFIAT &#8211; 1B PUNTO TB.DS. GAMMA&#8217;97 (1997-1999) 1697 DS EM.08<br \/>\nFIAT &#8211; 2A SIENA EXTRA EUROPA (1997-2002) 1697 DS EM.08<br \/>\nFIAT &#8211; 2A SIENA EXTRA EUROPA (1997-2002) 1697 TDS SOFT ECE08 \/ 1697 TDS SOFT CF2<br \/>\nFIAT &#8211; 2L SIENA EXTRA EUROPA REST.(2002-2012) 1697\u00a0TD\u00a0CF2<br \/>\nFIAT &#8211; 3E SIENA REST.2 (2005-2011) 1697\u00a0TB\/DS\u00a0CF2<br \/>\nFIAT &#8211; MW TEMPRA 1750-2000 (1989-1993) SEDAN SX-SLX \/ S.W.SX-SLX \/ SEDAN BASICAS \/ S.W.BASICAS<br \/>\nFIAT &#8211; MW TEMPRA 1750-2000 (1989-1993) S.W. 4X4<br \/>\nFIAT &#8211; MW TEMPRA 1750-2000 (1989-1993) CAMBIO AUTOMATICO<br \/>\nFIAT &#8211; MX TEMPRA DIESEL-TURBO D.(1989-1993)<br \/>\nFIAT &#8211; NZ TEMPRA MAQ.93 1750-2000 (&#8217;93-&#8217;96) SEDAN \u00abSX\u00bb \/ SEDAN \u00abSLX\u00bb \/ S.W.4X2 \u00abSX\u00bb \/ S.W.4X2 \u00abSLX\u00bb<br \/>\nFIAT &#8211; NZ TEMPRA MAQ.93 1750-2000 (&#8217;93-&#8217;96) S.W.4X4 SX \/ S.W. 4X4 SLX<br \/>\nFIAT &#8211; NJ TEMPRA MQ.93 D-TD (1993-1996) 1930 ASPIRATO<br \/>\nFIAT &#8211; NJ TEMPRA MQ.93 D-TD (1993-1996) 1930 TURBO \/ 1930 TURBO USA&#8217;87-CF2<br \/>\nFIAT &#8211; NG TIPO 1750-2000 (1990-1993)<br \/>\nFIAT &#8211; MF TIPO DIESEL-T.DS. (1987-1993) 1697 \/ 1930 ASPIRADO<br \/>\nFIAT &#8211; MF TIPO DIESEL-T.DS. (1987-1993) 1930 TURBO \/ 1930 TURBO USA&#8217;87 (82CV) \/ 1930 TURBO USA&#8217;87 (92CV)<br \/>\nFIAT &#8211; NT TIPO MAQ.93 D-TD (1993-1995)<br \/>\nFIAT &#8211; NU TIPO MQ.93 (1993-1995) 1750 105CV (77KW) \/ 2000 8V \/ 1750 USA&#8217;83 90CV (66KW) \/ 2000 8V (BRASIL) \/ 1750 CEE F2 97CV (71KW) \/ 1750 CEE F2 90CV (66KW)<br \/>\nFIAT &#8211; ML UNO CS (1988-1990) 1100 GASOLINA<br \/>\nFIAT &#8211; ML UNO CS (1988-1990) 1700 DIESEL(149) \/ 1700 DIESEL(146)<br \/>\nFIAT &#8211; MU UNO DIESEL R\/89 (1989-1995) 1300 ASPIRADO<br \/>\nFIAT &#8211; MU UNO DIESEL R\/89 (1989-1995) 1367 TURBO<br \/>\nFIAT &#8211; MU UNO DIESEL R\/89 (1989-1995) 1697 ASPIRADO \/ 1930 ASPIRADO<br \/>\nFIAT &#8211; 1D UNO MONDO (1995-2010) 1697 DS EM08<br \/>\nFIAT &#8211; 1D UNO MONDO (1995-2010) 1697 ASPIRATED DIESEL<br \/>\nFIAT &#8211; MS UNO R\/89 (1989-1995) 1116 \/ 1500 SPI USA&#8217;83<br \/>\nFIAT &#8211; MS UNO R\/89 (1989-1995) 1116 TREND<br \/>\nFIAT &#8211; MR UNO R\/89 (1989-1995) 903<br \/>\nFIAT &#8211; MR UNO R\/89 (1989-1995) 994 CARB. \/ 994 SPI<br \/>\nFIAT &#8211; MT UNO TURBO R\/89 (1989-1993) 1300 USA&#8217;83<br \/>\nALFA ROMEO &#8211; R3 \u00abR.Z.\u00bb (1992-1993)<br \/>\nALFA ROMEO &#8211; M9 \u00abS.Z.\u00bb (1989-1991)<br \/>\nALFA ROMEO &#8211; U1 145 (1994-1996) 1930 TB\/DS EM.08 \/ 1930 TB\/DS CEE FASE 2<br \/>\nALFA ROMEO &#8211; T5 145 GAMMA 97 (1997-1999) 1930 T.DS. CEE FASE 2 \/ 1930 T.DS. EM08 ARGENTINA<br \/>\nALFA ROMEO &#8211; U2 146 (1995-1996) 1930 T.DS EM 08 \/ 1930 T.DS CEE FASE 2<br \/>\nALFA ROMEO &#8211; T6 146 GAMMA 97 (1997-1999) 1930 T.DS. CEE FASE 2 \/ 1930 T.DS. EM08 ARGENTINA<br \/>\nALFA ROMEO &#8211; T4 155 GAMMA 96 DS (1996-1997) 1930 TD<br \/>\nALFA ROMEO &#8211; U6 155 TURBO (1992-1996) 1930 TD<br \/>\nALFA ROMEO &#8211; U6 155 TURBO (1992-1996) 2000 TB\/BZ 4X4<br \/>\nALFA ROMEO &#8211; K0 164 (1987-1992) 2.0 T.SPARK \/ 2.0 T.SPARK USA&#8217;83<br \/>\nALFA ROMEO &#8211; K0 164 (1987-1992) 3.0 V6 ECE \/ 3.0 V6 USA&#8217;83 \/ 3.0 V6 QV \/ 3.0 V6 USA&#8217;83 BRASIL<br \/>\nALFA ROMEO &#8211; K2 164 TURBO BZ. (1987-1992) 2.0 4 CIL.<br \/>\nALFA ROMEO &#8211; K2 164 TURBO BZ. (1987-1992) 2.0 V6 \/ 2.0 V6 USA&#8217;83<br \/>\nALFA ROMEO &#8211; N0 164 U.S.A. MY.91\/93 (1990-1992)<br \/>\nALFA ROMEO &#8211; U3 75 BZ 4 CILINDRI (1988-1992) 1600 CARB. \/ 1800 CARB.<br \/>\nALFA ROMEO &#8211; U3 75 BZ 4 CILINDRI (1988-1992) 1600 IE.ML4.1 \/ 1600 IE.ML4.1 USA&#8217;83 \/ 1800 IE.ML4.1 \/ 1800 IE.ML4.1 USA 83<br \/>\nALFA ROMEO &#8211; U3 75 BZ 4 CILINDRI (1988-1992) 1800 IE<br \/>\nALFA ROMEO &#8211; U3 75 BZ 4 CILINDRI (1988-1992) 1800 TB \/ 1800 TB.REFORZADO<br \/>\nALFA ROMEO &#8211; U3 75 BZ 4 CILINDRI (1988-1992) 2000 TWIN SPARK \/ 2000 TWIN SPARK USA 83<br \/>\nALFA ROMEO &#8211; U4 75 BZ 6 CILINDRI E TD (1988-1992) 2.5 V6 C.A. \/ 3.0 V6 \/ 3.0 V6 USA&#8217;83 \/ 3.0 V6 &#8216;POTENZIATO&#8217; USA 83<br \/>\nALFA ROMEO &#8211; P6 SPIDER EUROPA FL.90 (1990-1993)<br \/>\nALFA ROMEO &#8211; P8 SPIDER FL.USA MY.91-93(1990-1993)<br \/>\nLANCIA &#8211; RY DEDRA BENZINA (1989-1994) 1800 \/ 1800 USA&#8217;83 105CV (77KW) \/ 1800 CC.(USA 83) 90CV (66KW) \/ 2000 \/ 2000 USA&#8217;83<br \/>\nLANCIA &#8211; SL DEDRA FL.94 (1994-1999) 1750 MPI \/ 2000 MPI C. AUT.<br \/>\nLANCIA &#8211; SN DEDRA FL.94 T.DS (1994-1999)<br \/>\nLANCIA &#8211; RJ DEDRA IE.TB.INTEGRALE (1990-1994)<br \/>\nLANCIA &#8211; RZ DEDRA TURBO DIESEL (1989-1994)<br \/>\nLANCIA &#8211; RT DELTA 4WD INTEGRALE (1986-1991) 2000 8V \/ 2000 8V COMP.MIGLIORATA \/ 2000 8V USA 83<br \/>\nLANCIA &#8211; SA DELTA EVOLUZIONE (1991-1994) 2000 8V USA83<br \/>\nLANCIA &#8211; TB DELTA R.86 (1986-1992) 1100 CARB \/ 1300 CARB \/ 1500 CARB<br \/>\nLANCIA &#8211; TB DELTA R.86 (1986-1992) 1600 MPI \/ 1600 SPI USA 83 \/ 1600 MPI TB \/ 1600 MPI TB USA 83<br \/>\nLANCIA &#8211; TB DELTA R.86 (1986-1992) 1930 TB\/DS<br \/>\nLANCIA &#8211; SS KAPPA  3.0 V6 (1994-2001)<br \/>\nLANCIA &#8211; SF N.DELTA (1993-1999) 1750 105CV (77KW) \/ 1750 90CV (66KW) \/ 1750 CEE F2 97CV (71KW) \/ 1750 CEE F2 90CV (66KW)<br \/>\nLANCIA &#8211; SQ N.DELTA TB\/DS (1994-1999)<br \/>\nLANCIA &#8211; SD THEMA 3.0 V6 FL.92 (1992-1994)<br \/>\nLANCIA &#8211; SZ THEMA R.88 (1988-1992) 2000 8V EM.04 \/ 2000 8V USA\/83 \/ 2000 TB 8V USA\/83 \/ 2000 16V EM.04 \/ 2000 16V USA\/83 \/ 2000 TB 16V EM.04 \/ 2000 TB 16V USA\/83<br \/>\nLANCIA &#8211; SZ THEMA R.88 (1988-1992) 2500 TB\/DS (8144.97) \/ 2500 TB\/DS (8144.97S)EM.08<br \/>\nLANCIA &#8211; SZ THEMA R.88 (1988-1992) 3000 8.32<br \/>\nLANCIA &#8211; SE THEMA I.E. 8V FL.92 (1992-1994)<br \/>\nLANCIA &#8211; ZL Y10 FL.89 (1988-1992) 1300 MPI \/ 1300 MPI USA&#8217;83<br \/>\nLANCIA &#8211; ZM Y10 R.92 (1992-1995) 1300 MPI<br \/>\nFIAT PROFESSIONAL &#8211; PE DUCATO&#8217;94 DIESEL (1994-2002) 1930 DS \/ 1930 TD \/ 1930 TD CAT<br \/>\nFIAT PROFESSIONAL &#8211; 2M FIORINO (1991-1993) 1116 CARB \/ 1300 CARB<br \/>\nFIAT PROFESSIONAL &#8211; 2M FIORINO (1991-1993) 1500 SPI USA&#8217;83<br \/>\nFIAT PROFESSIONAL &#8211; 2M FIORINO (1991-1993) 1300 DS<br \/>\nFIAT PROFESSIONAL &#8211; 2M FIORINO (1991-1993) 1697 DS(149 B3) \/ 1697 DS(146 B2) \/ 1697 DS USA &#8217;83<br \/>\nFIAT PROFESSIONAL &#8211; 3A FIORINO EXPORT (2004-2008) 1697 ASPIRATED DIESEL<br \/>\nFIAT PROFESSIONAL &#8211; 2N FIORINO RL (1993-2000) 1301 CARB.<br \/>\nFIAT PROFESSIONAL &#8211; 2N FIORINO RL (1993-2000) 1697 DS<br \/>\nFIAT PROFESSIONAL &#8211; 2N FIORINO RL (1993-2000) 1697 TB\/DS<br \/>\nFIAT PROFESSIONAL &#8211; NA NUOVO DUCATO DS.R.90 (1990-1994) 1930 \/ 1930 TURBO<br \/>\nFIAT PROFESSIONAL &#8211; 1G STRADA (1999-2005) 1697 TDS<br \/>\nFIAT PROFESSIONAL &#8211; 3G STRADA REST. 2 (2005-2011) 1697\u00a0TB\/DS\u00a0CF2<br \/>\nFIAT PROFESSIONAL &#8211; NC TALENTO R.90 (1990-1994) DI\u00c9SEL<br \/>\nAUTOBIANCHI &#8211; Y10<\/p>\n<p>LA PIEZA ES NUEVA Y ORIGINAL.<\/p>\n","protected":false},"excerpt":{"rendered":"<p>Junta de goma del tap\u00f3n de llenado del aceite de: Di\u00e1metro interior: 31 mm Di\u00e1metro exterior: 53 mm FIAT &#8211; 1V BRAVA (1995-1998) 1930 DS EM 08 FIAT &#8211; 1U BRAVO (1995-1998) 1930 DS EM 08-65CV FIAT &#8211; MZ CROMA CHT FL.90 (1990-1992) FIAT &#8211; MY CROMA IE-IE TB. FL.90 (1990-1996) 2000 8V EM.04 IE [&hellip;]<\/p>\n","protected":false},"featured_media":94002,"template":"","meta":{"_seopress_robots_primary_cat":"","_seopress_titles_title":"","_seopress_titles_desc":"","_seopress_robots_index":""},"product_cat":[45,46,48,54,58,16,25,81,82,86,117,118,88,89,90,20,91,119,21,98,99,101,107,56,109,110,111,124,112,114,64,126],"product_tag":[],"class_list":{"0":"post-67187","1":"product","2":"type-product","3":"status-publish","4":"has-post-thumbnail","6":"product_cat-recambios-alfa-romeo-145","7":"product_cat-recambios-alfa-romeo-146","8":"product_cat-recambios-alfa-romeo-155","9":"product_cat-recambios-alfa-romeo-164","10":"product_cat-recambios-alfa-romeo-75","11":"product_cat-recambios-alfa-romeo","12":"product_cat-recambios-autobianchi","13":"product_cat-recambios-fiat-brava","14":"product_cat-recambios-fiat-bravo","15":"product_cat-recambios-fiat-croma","16":"product_cat-recambios-lancia-dedra","17":"product_cat-recambios-lancia-delta","18":"product_cat-recambios-fiat-ducato","19":"product_cat-recambios-fiat-duna","20":"product_cat-recambios-fiat-elba","21":"product_cat-recambios-fiat","22":"product_cat-recambios-fiat-fiorino","23":"product_cat-recambios-lancia-kappa","24":"product_cat-recambios-lancia","25":"product_cat-recambios-fiat-palio","26":"product_cat-recambios-fiat-panda","27":"product_cat-recambios-fiat-punto","28":"product_cat-recambios-fiat-siena","29":"product_cat-recambios-alfa-romeo-spider","30":"product_cat-recambios-fiat-strada","31":"product_cat-recambios-fiat-talento","32":"product_cat-recambios-fiat-tempra","33":"product_cat-recambios-lancia-thema","34":"product_cat-recambios-fiat-tipo","35":"product_cat-recambios-fiat-uno","36":"product_cat-recambios-autobianchi-y10","37":"product_cat-recambios-lancia-y10","39":"first","40":"instock","41":"taxable","42":"shipping-taxable","43":"purchasable","44":"product-type-simple"},"_links":{"self":[{"href":"https:\/\/galicianparts.com\/shop\/wp-json\/wp\/v2\/product\/67187"}],"collection":[{"href":"https:\/\/galicianparts.com\/shop\/wp-json\/wp\/v2\/product"}],"about":[{"href":"https:\/\/galicianparts.com\/shop\/wp-json\/wp\/v2\/types\/product"}],"wp:featuredmedia":[{"embeddable":true,"href":"https:\/\/galicianparts.com\/shop\/wp-json\/wp\/v2\/media\/94002"}],"wp:attachment":[{"href":"https:\/\/galicianparts.com\/shop\/wp-json\/wp\/v2\/media?parent=67187"}],"wp:term":[{"taxonomy":"product_cat","embeddable":true,"href":"https:\/\/galicianparts.com\/shop\/wp-json\/wp\/v2\/product_cat?post=67187"},{"taxonomy":"product_tag","embeddable":true,"href":"https:\/\/galicianparts.com\/shop\/wp-json\/wp\/v2\/product_tag?post=67187"}],"curies":[{"name":"wp","href":"https:\/\/api.w.org\/{rel}","templated":true}]}}