{"id":67193,"date":"2023-01-24T14:50:07","date_gmt":"2023-01-24T12:50:07","guid":{"rendered":"https:\/\/galicianparts.com\/shop\/producto\/9939903-reloj-presion-y-temperatura-aceite-fiat-uno-turbo-nuevo-original\/"},"modified":"2023-01-24T14:56:59","modified_gmt":"2023-01-24T12:56:59","slug":"9939903-reloj-presion-y-temperatura-aceite-fiat-uno-turbo-nuevo-original","status":"publish","type":"product","link":"https:\/\/galicianparts.com\/shop\/producto\/9939903-reloj-presion-y-temperatura-aceite-fiat-uno-turbo-nuevo-original\/","title":{"rendered":"9939903 Reloj presi\u00f3n y temperatura aceite Fiat Uno Turbo MK1 NUEVO ORIGINAL"},"content":{"rendered":"<p>Man\u00f3metro, indicadores de presi\u00f3n y temperatura del aceite del cuadro de instrumentos del salpicadero de:<br \/>\nFIAT UNO TURBO I.E PRIMERA SERIE<\/p>\n<p>LA PIEZA ES NUEVA Y ORIGINAL.<\/p>\n","protected":false},"excerpt":{"rendered":"<p>Man\u00f3metro, indicadores de presi\u00f3n y temperatura del aceite del cuadro de instrumentos del salpicadero de: FIAT UNO TURBO I.E PRIMERA SERIE LA PIEZA ES NUEVA Y ORIGINAL.<\/p>\n","protected":false},"featured_media":67194,"template":"","meta":{"_seopress_robots_primary_cat":"","_seopress_titles_title":"","_seopress_titles_desc":"","_seopress_robots_index":""},"product_cat":[20,114],"product_tag":[],"class_list":{"0":"post-67193","1":"product","2":"type-product","3":"status-publish","4":"has-post-thumbnail","6":"product_cat-recambios-fiat","7":"product_cat-recambios-fiat-uno","9":"first","10":"instock","11":"taxable","12":"shipping-taxable","13":"purchasable","14":"product-type-simple"},"_links":{"self":[{"href":"https:\/\/galicianparts.com\/shop\/wp-json\/wp\/v2\/product\/67193"}],"collection":[{"href":"https:\/\/galicianparts.com\/shop\/wp-json\/wp\/v2\/product"}],"about":[{"href":"https:\/\/galicianparts.com\/shop\/wp-json\/wp\/v2\/types\/product"}],"wp:featuredmedia":[{"embeddable":true,"href":"https:\/\/galicianparts.com\/shop\/wp-json\/wp\/v2\/media\/67194"}],"wp:attachment":[{"href":"https:\/\/galicianparts.com\/shop\/wp-json\/wp\/v2\/media?parent=67193"}],"wp:term":[{"taxonomy":"product_cat","embeddable":true,"href":"https:\/\/galicianparts.com\/shop\/wp-json\/wp\/v2\/product_cat?post=67193"},{"taxonomy":"product_tag","embeddable":true,"href":"https:\/\/galicianparts.com\/shop\/wp-json\/wp\/v2\/product_tag?post=67193"}],"curies":[{"name":"wp","href":"https:\/\/api.w.org\/{rel}","templated":true}]}}