{"id":67234,"date":"2023-01-25T10:22:04","date_gmt":"2023-01-25T08:22:04","guid":{"rendered":"https:\/\/galicianparts.com\/shop\/producto\/16286724-pack-5-tornillos-m6x50-fiat-lancia-alfa-romeo-citroen-peugeot-original\/"},"modified":"2023-10-30T14:33:06","modified_gmt":"2023-10-30T12:33:06","slug":"16286724-pack-5-tornillos-m6x50-fiat-lancia-alfa-romeo-citroen-peugeot-original","status":"publish","type":"product","link":"https:\/\/galicianparts.com\/shop\/producto\/16286724-pack-5-tornillos-m6x50-fiat-lancia-alfa-romeo-citroen-peugeot-original\/","title":{"rendered":"16286724 Pack 5 tornillos M6x50 Fiat \/Lancia \/Alfa Romeo \/Citro\u00ebn \/Peugeot ORIGINAL"},"content":{"rendered":"<p>Juego, set de 5 tornillos para el palier derecho, tubo del termostato, toma del aire carburado, carcasa del cambio, colector de admisi\u00f3n, soporte del tubo de escape, palanca del cambio, chapa antical\u00f3rica del turbo, etc&#8230;<br \/>\nM\u00e9trica: 6<br \/>\nLargo: 50 mm<\/p>\n<p>FIAT &#8211; PK BARCHETTA (1995-2004)<br \/>\nFIAT &#8211; 1V BRAVA (1995-1998) 1910 TB\/DS 100CV \/ 1910 TB\/DS 75CV<br \/>\nFIAT &#8211; 1V BRAVA (1995-1998) 1800 MPI 16V<br \/>\nFIAT &#8211; 1M BRAVA G.98 (1998-2001) 1910 TD (75 CV) \/ 1910 TD (100 CV)<br \/>\nFIAT &#8211; 1M BRAVA G.98 (1998-2001) 1910 JTD CF3<br \/>\nFIAT &#8211; 1U BRAVO (1995-1998) 1910 TB\/DS 100CV \/ 1910 TB\/DS 75CV<br \/>\nFIAT &#8211; 1U BRAVO (1995-1998) 1800 16V<br \/>\nFIAT &#8211; 1L BRAVO G.98 (1998-2001) 1910 TD (75 CV) \/ 1910 TD (100 CV)<br \/>\nFIAT &#8211; 1L BRAVO G.98 (1998-2001) 1910 JTD CF3<br \/>\nFIAT &#8211; NM CINQUECENTO (1992-1998) 704 CARB.USA&#8217;83<br \/>\nFIAT &#8211; PC COUPE&#8217; (1994-1996) 2000 ASPIRATO \/ 2000 ASP.(BRASILE)<br \/>\nFIAT &#8211; PC COUPE&#8217; (1994-1996) 2000 TURBO<br \/>\nFIAT &#8211; MY CROMA IE-IE TB. FL.90 (1990-1996) 2000 16V USA&#8217;83 \/ 2000 16V 91 RON (CINA)<br \/>\nFIAT &#8211; MY CROMA IE-IE TB. FL.90 (1990-1996)<br \/>\nFIAT &#8211; NQ CROMA IE. 2500 V6 (1993-1996)<br \/>\nFIAT &#8211; MJ CROMA TURBO DS FL.90 (1990-1996)<br \/>\nFIAT &#8211; 2B DUNA (1986-1990) 1100 BZ \/ 1300 BZ<br \/>\nFIAT &#8211; 2B DUNA (1986-1990) 1700 DS<br \/>\nFIAT &#8211; XP ELBA CSL (1991-1996) 1372 SPI USA&#8217;83 (MONOJETRONIC) \/ 1580 SPI USA&#8217;83 (MONOJETRONIC) \/ 1697 DS \/ 1372 SPI CEE F2 (MONOMOTRONIC) \/ 1580 SPI CEE F2 (MONOMOTRONIC)<br \/>\nFIAT &#8211; 2Y GRANDE PUNTO (2005-2008) 1.4\u00a0MPI\u00a016V\u00a0CF4\u00a0PDA<br \/>\nFIAT &#8211; 4C GRANDE PUNTO (2008-2009) 1370 \/ 16 V\u00c1LVULAS \/ ASPIRADO<br \/>\nFIAT &#8211; 4C GRANDE PUNTO (2008-2009) 1500-1599 \/ DI\u00c9SEL<br \/>\nFIAT &#8211; 2S IDEA (2003-2008) 1910\u00a08V\u00a0JTD\u00a0100CV\/74KW \/ 1300\u00a016V\u00a0MJTD\u00a0CF4\u00a090CV\/66KW \/ 1598 JTD F4 16V 115CV\/85KW DEPOT BELGIO \/ 1598\u00a0JTD\u00a0CF4\u00a016V\u00a0120CV\/88KW<br \/>\nFIAT &#8211; 4D IDEA (2008-2012) 1800-1899CC \/ 1500-1599CC \/ 1200-1299 CC \/ LIM.CEE FASE 4 \/ LIM.CEE FASE 5<br \/>\nFIAT &#8211; 3M LINEA (2007-&#8230;.) 1598\u00a0JTD \/ DI\u00c9SEL \/ 1598 JTD 16V 105CV<br \/>\nFIAT &#8211; PU MAREA DIESEL (1996-1999) 1910 TD (100CV)<br \/>\nFIAT &#8211; PU MAREA DIESEL (1996-1999) 1910 TD SOFT (75CV)<br \/>\nFIAT &#8211; PU MAREA DIESEL (1996-1999) 2400 TD<br \/>\nFIAT &#8211; PU MAREA DIESEL (1996-1999) 1910 TD (100CV) \/ 1910 TD SOFT (75CV)<br \/>\nFIAT &#8211; 1R MAREA DS GAMMA&#8217;99 (1999-2002) 1910 TD 75CV<br \/>\nFIAT &#8211; 1R MAREA DS GAMMA&#8217;99 (1999-2002) 1910 JTD CF2 105CV \/ 1910 TD 75CV \/ 1910 JTD CF3 110CV \/ 1910 JTD CF3 100 CV<br \/>\nFIAT &#8211; XR MILLE (1994-1995) 1000 SPI<br \/>\nFIAT &#8211; XR MILLE (1994-1995) 1697 DS<br \/>\nFIAT &#8211; 3L NUOVA BRAVO (2007-2009) 1598 TB.GS  &#8211; 1598 JTD<br \/>\nFIAT &#8211; 3L NUOVA BRAVO (2007-2009) 1598 JTD 105CV \/ 1598 TB.GS  &#8211; 1598 JTD \/ (1.4 MPI)  (1.9 90CV) (1.6 90CV) \/ 1400 TRB GS \/1598\/1910 JTD 120CV \/ 1910\u00a0JTD<br \/>\nFIAT &#8211; 3Y NUOVA BRAVO MY 2010 (2010-2014) 1598 \/ DI\u00c9SEL<br \/>\nFIAT &#8211; 33 NUOVA PANDA (2012-&#8230;.) DI\u00c9SEL<br \/>\nFIAT &#8211; 1X PALIO 2V EXTRA EUROPA (1997-2002) AIRE ACONDICIONADO \/ 994 MPI CF2 \/ 1372 SPI EM.04 \/ 1372 SPI CF2(TR) \/ 1580 MPI TORQUE 16V CF2 \/ 1580 MPI 16V EM.04 R.L. \/ 1596 16V CF3<br \/>\nFIAT &#8211; 2H PALIO 2V EXTRA EUROPA REST. 2002 (2002-2011) 1910 DS CF3 (IND) \/ AIRE ACONDICIONADO<br \/>\nFIAT &#8211; 2G PALIO WE EUROPA REST. (2002-2004) 1910 JTD CF3<br \/>\nFIAT &#8211; 1Y PALIO WE EXTRA EUROPA (1997-2002) AIRE ACONDICIONADO \/ 1372 SPI EM.04 \/ 1372 SPI CF2 (TR) \/ 1580 MPI TORQUE 16V CF2 \/ 1580 MPI 16V EM.04 \/ 1580 MPI 16V EM.04 R.L. \/ 1596 MPI TORQUE 16V CF3<br \/>\nFIAT &#8211; 2K PALIO WE EXTRA EUROPA REST. 2002 (2002-2008) 1910 JTD CF3<br \/>\nFIAT &#8211; 2K PALIO WE EXTRA EUROPA REST. 2002 (2002-2008) 1596 16V CF3 (IND) \/ AIRE ACONDICIONADO<br \/>\nFIAT &#8211; 2K PALIO WE EXTRA EUROPA REST. 2002 (2002-2008) 1910 DS CF3 (IND \/ AIRE ACONDICIONADO<br \/>\nFIAT &#8211; PY PALIO\/WEEKEND EUROPA (1997-2002) AIRE ACONDICIONADO \/ 1580 SW \/ 1596 16V CF3 SW<br \/>\nFIAT &#8211; 1T PANDA 4X4 MAQ 91 (1991-2003) 1000 CARB.<br \/>\nFIAT &#8211; 1T PANDA 4X4 MAQ 91 (1991-2003) 1100 SPI USA 83<br \/>\nFIAT &#8211; 1T PANDA 4X4 MAQ 91 (1991-2003) 1100 SPI CF2<br \/>\nFIAT &#8211; 1T PANDA 4X4 MAQ 91 (1991-2003) 1100 MPI CF3<br \/>\nFIAT &#8211; 1T PANDA 4X4 MAQ 91 (1991-2003) 1100 SPI USA 83 \/ 1100 SPI CF2 \/ 1100 MPI CF3<br \/>\nFIAT &#8211; 2R PANDA 4X4 R\/86 (1985-1991) 1000 SPI USA 83<br \/>\nFIAT &#8211; 2R PANDA 4X4 R\/86 (1985-1991) 1000 ACT CARB<br \/>\nFIAT &#8211; 2P PANDA DS (1986-1993)<br \/>\nFIAT &#8211; 1N PUNTO BZ (1999-2003) 1.8 16V CF2 \/ 1.8 16V CF3<br \/>\nFIAT &#8211; 1A PUNTO BZ. GAMMA &#8217;97 (1997-1999) 1372 MPI TURBO<br \/>\nFIAT &#8211; 1A PUNTO BZ. GAMMA &#8217;97 (1997-1999) \u00abGT\u00bb<br \/>\nFIAT &#8211; NX PUNTO D-TD (1993-1997) 1697 T.DS EM.08 (70 CV) \/ 1697 T.DS USA&#8217;87-CEE FASE 2 (70 CV) \/ 1697 T.DS CEE FASE 2 SOFT (63 CV)<br \/>\nFIAT &#8211; 1P PUNTO DS (1999-2003) 1.9 JTD 80 CV \/ 1.9 JTD 85 CV<br \/>\nFIAT &#8211; 3J PUNTO EVO (2009-2011) 1500-1599<br \/>\nFIAT &#8211; 2U PUNTO FL.&#8217;03 (2003-2010) 1910 JTD 85CV\/63 KW<br \/>\nFIAT &#8211; NW PUNTO GT (1993-1997)<br \/>\nFIAT &#8211; 1B PUNTO TB.DS. GAMMA&#8217;97 (1997-1999) 1697 T.DS EM.08 (72CV) \/ 1697 T.DS CF2 (69CV) \/ 1697 T.DS CF2 SOFT (63CV)<br \/>\nFIAT &#8211; 1B PUNTO TB.DS. GAMMA&#8217;97 (1997-1999) 1697 T.DS EM.08 (72CV) \/ 1697 T.DS CF2 (69CV)<br \/>\nFIAT &#8211; 2A SIENA EXTRA EUROPA (1997-2002) AIRE ACONDICIONADO \/ 1372 SPI CF2(PL) \/ 1372 SPI EM.04 \/ 1372 SPI CF2(TR-ET) \/ 1580 MPI TORQUE 16V CF2 \/ 1580 MPI 16V EM.04 R.L. \/ 1596 16V CF3<br \/>\nFIAT &#8211; 2L SIENA EXTRA EUROPA REST.(2002-2012) AIRE ACONDICIONADO \/ 1596 16V CF3 (IND) \/ 1580\u00a016V\u00a0MPI\u00a0EM\u00a004<br \/>\nFIAT &#8211; 2L SIENA EXTRA EUROPA REST.(2002-2012) 1910 DS CF3 \/ AIRE ACONDICIONADO<br \/>\nFIAT &#8211; 2C STILO (2001-2003) 1.8 16V CF4<br \/>\nFIAT &#8211; 2V STILO F.L.L. 2003 (2003-2007) 1.8 16V CF4<br \/>\nFIAT &#8211; 2V STILO F.L.L. 2003 (2003-2007) 1.9 JTD CF4 8V 120HP 88KW<br \/>\nFIAT &#8211; 2V STILO F.L.L. 2003 (2003-2007) 1.9 JTD CF4 16V 150HP 110KW<br \/>\nFIAT &#8211; MW TEMPRA 1750-2000 (1989-1993) S.W. 4X4 \/ CORRECTOR ALINEACI\u00d3N FAROS<br \/>\nFIAT &#8211; NY TEMPRA MAQ.93 (&#8217;93-&#8217;96) 1580 CARB. \/ 1372 CARB. \/ 1580 CARB. 91RON<br \/>\nFIAT &#8211; NZ TEMPRA MAQ.93 1750-2000 (&#8217;93-&#8217;96) CORRECTOR ALINEACI\u00d3N FAROS \/ (S.W.4X4 SX \/ S.W. 4X4 SLX)<br \/>\nFIAT &#8211; NS TIPO MQ.93 (1993-1995) 1372 CARB. \/ 1580 CARB.(95 RON)<br \/>\nFIAT &#8211; NU TIPO MQ.93 (1993-1995) 2000 16V \/ 2000 16V (BRASIL)<br \/>\nFIAT &#8211; MP TIPO SPORT 16V IE. (1988-1993) 1750<br \/>\nFIAT &#8211; MP TIPO SPORT 16V IE. (1988-1993) 2000 USA&#8217;83<br \/>\nFIAT &#8211; ML UNO CS (1988-1990) 1100 GASOLINA<br \/>\nFIAT &#8211; ML UNO CS (1988-1990)<br \/>\nFIAT &#8211; MS UNO R\/89 (1989-1995) 1116 TREND<br \/>\nFIAT &#8211; MT UNO TURBO R\/89 (1989-1993) 1370 \/ 1370 USA&#8217;83<br \/>\nALFA ROMEO &#8211; R3 \u00abR.Z.\u00bb (1992-1993)<br \/>\nALFA ROMEO &#8211; M9 \u00abS.Z.\u00bb (1989-1991)<br \/>\nALFA ROMEO &#8211; U1 145 (1994-1996) 1.3 8V \/ 1.6 8V \/ 1.7 16V<br \/>\nALFA ROMEO &#8211; U1 145 (1994-1996) 2.0 T.SPARK 16V \/ 2.0 T.SPARK 16V BR<br \/>\nALFA ROMEO &#8211; T5 145 GAMMA 97 (1997-1999) 1600 T.S.<br \/>\nALFA ROMEO &#8211; T5 145 GAMMA 97 (1997-1999) 1800 T.S(AR32201)STEP.A \/ 1800 T.S.(AR67106) \/ 1800 T.S.16V BRASIL<br \/>\nALFA ROMEO &#8211; W3 145 M.Y. &#8217;99 (1999-2000) 1600 T.S.16V (AR67601) \/ 1600 T.S. 16V (AR32102)<br \/>\nALFA ROMEO &#8211; W3 145 M.Y. &#8217;99 (1999-2000) 1800 T.S.16V<br \/>\nALFA ROMEO &#8211; U2 146 (1995-1996) 1.3 8V \/ 1.6 8V \/ 1.7 16V<br \/>\nALFA ROMEO &#8211; T6 146 GAMMA 97 (1997-1999) 1600 T.S. 16V<br \/>\nALFA ROMEO &#8211; T6 146 GAMMA 97 (1997-1999) 1800 T.S. 16V \/ 1800 T.S.16V STEP.A<br \/>\nALFA ROMEO &#8211; W4 146 M.Y. &#8217;99 (1999-2000) 1600 T.S.16V (AR67601) \/ 1600 T.S. 16V (AR32102)<br \/>\nALFA ROMEO &#8211; W4 146 M.Y. &#8217;99 (1999-2000) 1800 T.S.16V<br \/>\nALFA ROMEO &#8211; W8 147 (2000-2010) 3200 GTA<br \/>\nALFA ROMEO &#8211; W8 147 (2000-2010) 1.9\u00a0JTD\u00a016V\u00a0CF4 \/ DPF SPECIFIC CATALYZER \/ 1910\u00a0JTD\u00a0CF4\u00a016V\u00a0170CV\/125KW\u00a0POTENCIADO \/ DPF SPECIFIC CATALYZER<br \/>\nALFA ROMEO &#8211; W8 147 (2000-2010) 1600 TS 16V 76 KW \/ 1600 TS 16V 88KW \/ 2000 TS 16V \/ 1910\u00a0JTD\u00a0CF3\u00a08V\u00a0100CV\/74\u00a0KW<br \/>\nALFA ROMEO &#8211; U5 155 ASPIRATO (1992-1996) 1.7 T.S. \/ 1.8 T.S. \/ 2.0 T.S. 8 VAL.<br \/>\nALFA ROMEO &#8211; T3 155 GAMMA 96 BZ (1996-1997) 2500 V6<br \/>\nALFA ROMEO &#8211; U6 155 TURBO (1992-1996) 2000 TB\/BZ 4X4<br \/>\nALFA ROMEO &#8211; T7 156 BENZINA (1997-2002) 2500 V6 \/ 2500 V6 BRASIL \/ 2500 V6 CF3<br \/>\nALFA ROMEO &#8211; X1 156 M.Y.2002 (2001-2005) 2000 JTS 16V \/ 2000 JTS 16V BELG.<br \/>\nALFA ROMEO &#8211; X1 156 M.Y.2002 (2001-2005) 2500 V6 24V<br \/>\nALFA ROMEO &#8211; X1 156 M.Y.2002 (2001-2005) 3200 GTA<br \/>\nALFA ROMEO &#8211; K0 164 (1987-1992) ARMOURED VEHICLE \/ 2.0 T.SPARK \/ 2.0 T.SPARK USA&#8217;83<br \/>\nALFA ROMEO &#8211; K0 164 (1987-1992) ARMOURED VEHICLE \/ 3.0 V6 ECE \/ 3.0 V6 USA&#8217;83 \/ 3.0 V6 QV \/ 3.0 V6 USA&#8217;83 BRASIL \/ 2.5 T.D.<br \/>\nALFA ROMEO &#8211; K0 164 (1987-1992) CONDUCCION\u00a0A DERECHA<br \/>\nALFA ROMEO &#8211; K0 164 (1987-1992) ASIENTO TRASERO DESDOB.CON REGUL.ELECTR. \/ CONDUCCION\u00a0A DERECHA<br \/>\nALFA ROMEO &#8211; W1 164 FL\/92 (1992-1997) 3000 6V Q.V. 24VAL \/ 3000 6V Q.V. 24VAL GD \/ 3000 6V Q4 24VAL \/ 3000 6V Q4 24VAL CEE F2<br \/>\nALFA ROMEO &#8211; W1 164 FL\/92 (1992-1997) 2000 T.S.<br \/>\nALFA ROMEO &#8211; W1 164 FL\/92 (1992-1997) 3000 6V 12VAL \/ 3000 6V 12VAL BR<br \/>\nALFA ROMEO &#8211; W2 164 SUPER (1992-1997) 3000 V6 24V \/ 3000 V6 24V(CEE-F2) \/ 3000 V6 24V BR \/ 3000 V6 24V 4X4(CEE-F2)<br \/>\nALFA ROMEO &#8211; W2 164 SUPER (1992-1997) 2000 T.SPARK<br \/>\nALFA ROMEO &#8211; W2 164 SUPER (1992-1997) 3000 V6 12V \/ 3000 V6 12V(CEE-F2)<br \/>\nALFA ROMEO &#8211; K2 164 TURBO BZ.(1987-1992) 2.0 4 CIL.<br \/>\nALFA ROMEO &#8211; R4 164 USA MY.94-95 (1993-1995)<br \/>\nALFA ROMEO &#8211; W9 166 (1998-2007) 2500 V6 24V \/ 2500 V6 24V CF3 \/ 3000 V6 24V \/ 3000 V6 24V C.A. (BRASIL) \/ 3000 V6 24V CF3 \/ 3000 V6 24V CF3 C.A. (BRASIL)<br \/>\nALFA ROMEO &#8211; W9 166 (1998-2007) 3200 V6 24V<br \/>\nALFA ROMEO &#8211; W9 166 (1998-2007) 2400 JTD 20V 175CV\/129KW  C.MEC. \/ 2400 JTD 20V 175CV \/129KW C.AUTOM. \/ 2400 JTD CF3 20V CM 163CV\/122KW MENOR POT. BE \/ 2400 JTD CF3 20V C.A.163CV\/122W MENOR POT. BE \/ 2400 JTD CF4 20V 180CV\/132KW<br \/>\nALFA ROMEO &#8211; W5 33 CARB.\/DS (1990-1994) BN 4X2 MEDIO \/ SW 4X2 MEDIO<br \/>\nALFA ROMEO &#8211; W5 33 CARB.\/DS (1990-1994) BN 4X2 ELEGANT \/ SW 4X2 ELEGANT<br \/>\nALFA ROMEO &#8211; W5 33 CARB.\/DS (1990-1994)<br \/>\nALFA ROMEO &#8211; W7 33 ED.88 (1988-1990) BN 4X2 \/ BN 4X2 ELEG. \/ SW 4X2 \/ SW 4X2 QV<br \/>\nALFA ROMEO &#8211; W6 33 I.E. 8\/16 VALV. (1990-1994) BN 4X2 MED \/ BN 4X2 EL \/ SEDAN 4X2 SP. \/ SW 4X2 MED. \/ SW 4X2 EL<br \/>\nALFA ROMEO &#8211; W6 33 I.E. 8\/16 VALV. (1990-1994)<br \/>\nALFA ROMEO &#8211; U3 75 BZ 4 CILINDRI (1988-1992) 1800 TB<br \/>\nALFA ROMEO &#8211; U3 75 BZ 4 CILINDRI (1988-1992)<br \/>\nALFA ROMEO &#8211; U4 75 BZ 6 CILINDRI E TD (1988-1992) 2.5 V6 C.A. \/ 3.0 V6 \/ 3.0 V6 USA&#8217;83 \/ 3.0 V6 &#8216;POTENZIATO&#8217; USA 83<br \/>\nALFA ROMEO &#8211; U4 75 BZ 6 CILINDRI E TD (1988-1992) 3.0 V6 \/ 3.0 V6 USA&#8217;83 \/ 3.0 V6 &#8216;POTENZIATO&#8217; USA 83 \/ 2.0 TD \/ 2.4 TD<br \/>\nALFA ROMEO &#8211; X6 ALFA MITO (2008-2011) 1370 \/ GASOLINA \/ 1.4\u00a0FIRE\u00a016V\u00a078CV\u00a0EURO5<br \/>\nALFA ROMEO &#8211; X6 ALFA MITO (2008-2011) 1598<br \/>\nALFA ROMEO &#8211; X6 ALFA MITO (2008-2011) 1370 \/ 120CV \/ 1.4 FIRE 16V TURBO MULTIAIR 135CV EURO 5 Y SIN CAMBIO ESPEC\u00cdFICO \/ CAMBIO MEC\u00c1NICO 20\/28 KGM (M20\/M28 3H)<br \/>\nALFA ROMEO &#8211; X6 ALFA MITO (2008-2011) 95CV \/ 1.3\u00a0SDE\u00a085CV\u00a0EURO5 \/ 1.3<br \/>\nALFA ROMEO &#8211; U8 G T V  (1995-1998) 2000 TB V6<br \/>\nALFA ROMEO &#8211; X2 GT (2003-2010) 2000 JTS \/ 2000 JTS BELGIUM<br \/>\nALFA ROMEO &#8211; X2 GT (2003-2010) 3200 6V<br \/>\nALFA ROMEO &#8211; X2 GT (2003-2010) DPF SPECIFIC CATALYZER \/ 1910 JTD 16V CF4 110 KW 150HP \/ 1910\u00a0JTD\u00a0CF4\u00a016V\u00a0170CV\/125KW\u00a0POT.<br \/>\nALFA ROMEO &#8211; W0 GTV &#8217;98 (1998-2005) 3000 V6 24V \/ 3000 24V 6M CF3<br \/>\nALFA ROMEO &#8211; W0 GTV &#8217;98 (1998-2005) 3200 V6 24V<br \/>\nALFA ROMEO &#8211; W0 GTV &#8217;98 (1998-2005) 2000 JTS<br \/>\nALFA ROMEO &#8211; W0 GTV &#8217;98 (1998-2005) 1800 T.S.16V \/ 2000 T.S. CF2 \/ 2000 T.S. CF3 \/ 2000 JTS<br \/>\nALFA ROMEO &#8211; W0 GTV &#8217;98 (1998-2005) 2000 TB V6<br \/>\nALFA ROMEO &#8211; QZ MITO MY2011 (2011-2013) 1370 \/ 16 V\u00c1LVULAS \/ GASOLINA \/ 1.4 FIRE 8V\/16V 78CV EURO5<br \/>\nALFA ROMEO &#8211; QZ MITO MY2011 (2011-2013) 1598 \/ DI\u00c9SEL \/ 1.6 JTD EURO5 -1.4 FIRE TRB EURO4 120CV<br \/>\nALFA ROMEO &#8211; 10 MITO MY2013 (2013-&#8230;.) 1598 \/ DI\u00c9SEL \/ 1.6 JTD EURO5 -1.4 FIRE TRB 120CV<br \/>\nALFA ROMEO &#8211; U7 NUOVO SPIDER (1995-1998) 3000 V6 12V \/ 3000 V6 12V BRASILE<br \/>\nALFA ROMEO &#8211; U9 SPIDER &#8217;98 (1998-2006) 3000 24V 6M CF3<br \/>\nALFA ROMEO &#8211; U9 SPIDER &#8217;98 (1998-2006) 3200 V6 24V<br \/>\nALFA ROMEO &#8211; U9 SPIDER &#8217;98 (1998-2006) 2000 JTS<br \/>\nALFA ROMEO &#8211; U9 SPIDER &#8217;98 (1998-2006) 2000 TB V6<br \/>\nALFA ROMEO &#8211; U9 SPIDER &#8217;98 (1998-2006) 3000 V6 12V \/ 3000 V6 12V BRASIL<br \/>\nLANCIA &#8211; SM DEDRA FL.94 (1994-1999) 1750 16V 132CV \/ SEDAN LX 4X2 \/ S.W. LS 4X2 \/ S.W. LX 4X2 \/ BN LS 4X2<br \/>\nLANCIA &#8211; SM DEDRA FL.94 (1994-1999) 1750 16V 132CV \/ BN. &#8217;98 \/ S.W. &#8217;98<br \/>\nLANCIA &#8211; RJ DEDRA IE.TB.INTEGRALE (1990-1994)  2000 \/ 2000 USA&#8217;83<br \/>\nLANCIA &#8211; TB DELTA R.86 (1986-1992) 1100 CARB \/ 1300 CARB \/ 1500 CARB<br \/>\nLANCIA &#8211; TB DELTA R.86 (1986-1992) 1930 TB\/DS<br \/>\nLANCIA &#8211; SS KAPPA  3.0 V6 (1994-2001)<br \/>\nLANCIA &#8211; SV KAPPA  COUPE&#8217; (1997-2001) 3000 V6 24V C.AUTOM.<br \/>\nLANCIA &#8211; SR KAPPA DIESEL (1994-2001) 2400 T.DS(838A3.000) \/ 2400 T.DS(838A7.000)<br \/>\nLANCIA &#8211; TN LANCIA DELTA MY 2011 (2011-2014) 1598 JTD \/ DI\u00c9SEL<br \/>\nLANCIA &#8211; SX LYBRA BZ (1999-2005) 1.8 16V CF2 \/ 1.8 16V CF3 \/ 1.8 16V CF4<br \/>\nLANCIA &#8211; TG MUSA (2004-2007) 1910\u00a08V\u00a0JTD\u00a0CF4\u00a0100CV\/74KW \/ 1300\u00a016V\u00a0MJTD\u00a0CF4\u00a090CV\/66KW<br \/>\nLANCIA &#8211; TJ MUSA (2007-2011) (1800-1899 CC) \/ (1500-1599 CC) \/ (1200-1299 CC) \/ LIM.CEE FASE 4 \/ LIM.CEE FASE 5 \/ (1100-1199 CC) \/ DI\u00c9SEL<br \/>\nLANCIA &#8211; 43 MUSA FLL (2011-2012) (1200-1299 CC) \/ DI\u00c9SEL<br \/>\nLANCIA &#8211; SG N.DELTA (&#8217;93-&#8217;99) 2000 16V TB USA 83 \/ 2000 16V TB CEE F2<br \/>\nLANCIA &#8211; SG N.DELTA (&#8217;93-&#8217;99) 1750 16V 132CV<br \/>\nLANCIA &#8211; TH NUOVA DELTA 844 (2008-2011) 1598\u00a0JTD<br \/>\nLANCIA &#8211; SD THEMA 3.0 V6 FL.92 (1992-1994)<br \/>\nLANCIA &#8211; SZ THEMA R.88 (1988-1992) 2500 TB\/DS (8144.97) \/ 2500 TB\/DS (8144.97S)EM.08<br \/>\nLANCIA &#8211; SZ THEMA R.88 (1988-1992) 3000 8.32 \/ 3000 8.32 USA\/83<br \/>\nLANCIA &#8211; SZ THEMA R.88 (1988-1992) 2000 16V EM.04 \/ 2000 16V USA\/83 \/ 2000 TB 16V EM.04 \/ 2000 TB 16V USA\/83<br \/>\nLANCIA &#8211; SZ THEMA R.88 (1988-1992) 2850 6V<br \/>\nLANCIA &#8211; SJ THESIS (2001-2007) 3000 V6 BZ \/ 3200 V6 24V<br \/>\nLANCIA &#8211; SJ THESIS (2001-2007) 2000 TB 5C BZ \/ 2400 5C BZ \/ 2400\u00a0JTD\u00a010V\u00a0150CV\/110\u00a0KW<br \/>\nLANCIA &#8211; SJ THESIS (2001-2007) 2000 TB 5C BZ \/ 2400 5C BZ \/ 2400\u00a0JTD\u00a010V\u00a0150CV\/110\u00a0KW \/ 2400\u00a0JTD\u00a020V\u00a0163CV\/120\u00a0KW\u00a0C.\u00a0MEC. \/ 2400\u00a0JTD\u00a020V\u00a0163CV\/120KW\u00a0C.AUTOM. \/ 2400\u00a0JTD\u00a020V\u00a0175CV\/129KW\u00a0\u00a0C.\u00a0MEC. \/ 2400\u00a0JTD\u00a020V\u00a0175CV\/129KW\u00a0C.AUTOM.<br \/>\nLANCIA &#8211; SJ THESIS (2001-2007) 2.4\u00a0JTD\u00a020V\u00a0CF4\u00a0175CV\/129KW<br \/>\nLANCIA &#8211; SU Y (1995-2000)<br \/>\nLANCIA &#8211; ZL Y10 FL.89 (1988-1992) 4WD \/ 1000 SPI USA&#8217;83<br \/>\nLANCIA &#8211; ZL Y10 FL.89 (1988-1992) 4WD \/ 1100 SPI USA&#8217;83<br \/>\nLANCIA &#8211; ZL Y10 FL.89 (1988-1992) 4WD \/ 1100 SPI<br \/>\nLANCIA &#8211; ZL Y10 FL.89 (1988-1992) 1300 MPI \/ 1300 MPI USA&#8217;83<br \/>\nLANCIA &#8211; ZM Y10 R.92 (1992-1995) 4WD \/ 1100 SPI 156C046<br \/>\nLANCIA &#8211; ZM Y10 R.92 (1992-1995) 4WD \/ 1100 SPI 176B2000<br \/>\nLANCIA &#8211; TE YPSILON (2003-2009) 1300\u00a016V\u00a0MJTD\u00a0CF4\u00a070CV\/51KW \/ 1300 16V MJTD CF4 75CV\/55KW<br \/>\nLANCIA &#8211; TI YPSILON (2009-2011) DI\u00c9SEL \/ 75 CV. \/ LIM.CEE FASE 4 \/ LIM.CEE FASE 5<br \/>\nFIAT PROFESSIONAL &#8211; 1W DOBLO (2000-2004) 1910 JTD CF3 \/ 1910 JTD CF3 105 CV<br \/>\nFIAT PROFESSIONAL &#8211; 2W DOBLO MY. 2004 (2004-2005) 1250\u00a0MJTD\u00a051KW \/ 1.9 JTD CF3 105HP<br \/>\nFIAT PROFESSIONAL &#8211; 3C DOBLO REST. 2005 (2005-&#8230;.) 1.3\u00a0MJTD\u00a0CF4\u00a062KW \/ 1.3\u00a0MJTD\u00a0CF4\u00a055KW \/ 1910\u00a0JTD\u00a08V\u00a0CF4\u00a0105CV\/77KW \/ 1910\u00a0JTD\u00a08V\u00a0CF4\u00a0100CV\/74KW \/ 1910\u00a0JTD\u00a08V\u00a0CF4\u00a0120CV\/88KW<br \/>\nFIAT PROFESSIONAL &#8211; ND DUCATO 4X4 R.90 (1990-1994) 2500 DIESEL \/ 2500 TURBO DIESEL<br \/>\nFIAT PROFESSIONAL &#8211; PE DUCATO&#8217;94 DIESEL (1994-2002) CONDUCCION A\u00a0IZQUIERDA<br \/>\nFIAT PROFESSIONAL &#8211; PE DUCATO&#8217;94 DIESEL (1994-2002) CONDUCCION\u00a0A DERECHA<br \/>\nFIAT PROFESSIONAL &#8211; 2M FIORINO (1991-1993) 1500 SPI USA&#8217;83<br \/>\nFIAT PROFESSIONAL &#8211; 2M FIORINO (1991-1993) 1300 DS<br \/>\nFIAT PROFESSIONAL &#8211; 2M FIORINO (1991-1993) 1116 CARB \/ 1300 CARB<br \/>\nFIAT PROFESSIONAL &#8211; 2M FIORINO (1991-1993) 1116 CARB \/ 1300 CARB \/ 1500 SPI USA&#8217;83<br \/>\nFIAT PROFESSIONAL &#8211; 2M FIORINO (1991-1993) 1300 DS \/ 1697 DS(149 B3) \/ 1697 DS(146 B2) \/ 1697 DS USA &#8217;83<br \/>\nFIAT PROFESSIONAL &#8211; 2N FIORINO RL (1993-2000) 1301 CARB.<br \/>\nFIAT PROFESSIONAL &#8211; 2N FIORINO RL (1993-2000) CONDUCCION A\u00a0IZQUIERDA \/ 1372 SPI \/ 1580 SPI \/ 1372 SPI C.F.2 \/ 1580 SPI C.F.2 \/ 1697 DS<br \/>\nFIAT PROFESSIONAL &#8211; 2N FIORINO RL (1993-2000) CONDUCCION\u00a0A DERECHA \/ 1372 SPI C.F.2 \/ 1697 DS<br \/>\nFIAT PROFESSIONAL &#8211; 3V NUOVO DOBLO 2009 (2009-&#8230;.) 1598 DS.<br \/>\nFIAT PROFESSIONAL &#8211; 3V NUOVO DOBLO 2009 (2009-&#8230;.) 1248 DS.<br \/>\nFIAT PROFESSIONAL &#8211; NA NUOVO DUCATO DS.R.90 (1990-1994) 2500 \/ 2500 TURBO<br \/>\nFIAT PROFESSIONAL &#8211; 4X NUOVO DUCATO MY 2011 (2011-2014) F1A \/ DI\u00c9SEL<br \/>\nFIAT PROFESSIONAL &#8211; 4Y NUOVO DUCATO MY 2014 (2014-&#8230;.) F1A \/ DIESEL<br \/>\nFIAT PROFESSIONAL &#8211; 3N NUOVO FIORINO-QUBO (2007-&#8230;.)<br \/>\nFIAT PROFESSIONAL &#8211; 1G STRADA (1999-2005) 1910 JTD CF3<br \/>\nFIAT PROFESSIONAL &#8211; 3G STRADA REST. 2 (2005-2011) STRADA\u00a01.3\u00a0MJET\u00a085CV\/63KW\u00a0CF4\u00a0NO\u00a0DPF<br \/>\nAUTOBIANCHI &#8211; Y10<br \/>\nCITROEN &#8211; JUMPER DIESEL<br \/>\nCITROEN &#8211; C25 2500 \/ 2500 TURBO<br \/>\nCITREN &#8211; NEMO<br \/>\nPEUGEOT &#8211; BOXER DIESEL<br \/>\nPEUGEOT &#8211; J5 2500 \/ 2500 TURBO<br \/>\nPEUGEOT &#8211; BIPPER<\/p>\n<p>LA PIEZA ES NUEVA Y ORIGINAL.<\/p>\n","protected":false},"excerpt":{"rendered":"<p>Juego, set de 5 tornillos para el palier derecho, tubo del termostato, toma del aire carburado, carcasa del cambio, colector de admisi\u00f3n, soporte del tubo de escape, palanca del cambio, chapa antical\u00f3rica del turbo, etc&#8230; M\u00e9trica: 6 Largo: 50 mm FIAT &#8211; PK BARCHETTA (1995-2004) FIAT &#8211; 1V BRAVA (1995-1998) 1910 TB\/DS 100CV \/ 1910 [&hellip;]<\/p>\n","protected":false},"featured_media":72133,"template":"","meta":{"_seopress_robots_primary_cat":"","_seopress_titles_title":"","_seopress_titles_desc":"","_seopress_robots_index":""},"product_cat":[45,46,44,48,49,54,57,43,58,16,25,80,154,155,81,82,132,84,23,85,86,117,118,87,88,89,90,20,91,92,50,55,93,157,137,119,21,94,120,95,47,121,139,98,99,24,101,107,56,108,109,111,124,125,112,114,64,126,127],"product_tag":[],"class_list":{"0":"post-67234","1":"product","2":"type-product","3":"status-publish","4":"has-post-thumbnail","6":"product_cat-recambios-alfa-romeo-145","7":"product_cat-recambios-alfa-romeo-146","8":"product_cat-recambios-alfa-romeo-147","9":"product_cat-recambios-alfa-romeo-155","10":"product_cat-recambios-alfa-romeo-156","11":"product_cat-recambios-alfa-romeo-164","12":"product_cat-recambios-alfa-romeo-166","13":"product_cat-recambios-alfa-romeo-33","14":"product_cat-recambios-alfa-romeo-75","15":"product_cat-recambios-alfa-romeo","16":"product_cat-recambios-autobianchi","17":"product_cat-recambios-fiat-barchetta","18":"product_cat-recambios-peugeot-bipper","19":"product_cat-recambios-peugeot-boxer","20":"product_cat-recambios-fiat-brava","21":"product_cat-recambios-fiat-bravo","22":"product_cat-recambios-citroen-c25","23":"product_cat-recambios-fiat-cinquecento","24":"product_cat-recambios-citroen","25":"product_cat-recambios-fiat-coupe","26":"product_cat-recambios-fiat-croma","27":"product_cat-recambios-lancia-dedra","28":"product_cat-recambios-lancia-delta","29":"product_cat-recambios-fiat-doblo","30":"product_cat-recambios-fiat-ducato","31":"product_cat-recambios-fiat-duna","32":"product_cat-recambios-fiat-elba","33":"product_cat-recambios-fiat","34":"product_cat-recambios-fiat-fiorino","35":"product_cat-recambios-fiat-grande-punto","36":"product_cat-recambios-alfa-romeo-gt","37":"product_cat-recambios-alfa-romeo-gtv","38":"product_cat-recambios-fiat-idea","39":"product_cat-recambios-peugeot-j5","40":"product_cat-recambios-citroen-jumper","41":"product_cat-recambios-lancia-kappa","42":"product_cat-recambios-lancia","43":"product_cat-recambios-fiat-linea","44":"product_cat-recambios-lancia-lybra","45":"product_cat-recambios-fiat-marea","46":"product_cat-recambios-alfa-romeo-mito","47":"product_cat-recambios-lancia-musa","48":"product_cat-recambios-citroen-nemo","49":"product_cat-recambios-fiat-palio","50":"product_cat-recambios-fiat-panda","51":"product_cat-recambios-peugeot","52":"product_cat-recambios-fiat-punto","53":"product_cat-recambios-fiat-siena","54":"product_cat-recambios-alfa-romeo-spider","55":"product_cat-recambios-fiat-stilo","56":"product_cat-recambios-fiat-strada","57":"product_cat-recambios-fiat-tempra","58":"product_cat-recambios-lancia-thema","59":"product_cat-recambios-lancia-thesis","60":"product_cat-recambios-fiat-tipo","61":"product_cat-recambios-fiat-uno","62":"product_cat-recambios-autobianchi-y10","63":"product_cat-recambios-lancia-y10","64":"product_cat-recambios-lancia-ypsilon","66":"first","67":"outofstock","68":"taxable","69":"shipping-taxable","70":"purchasable","71":"product-type-simple"},"_links":{"self":[{"href":"https:\/\/galicianparts.com\/shop\/wp-json\/wp\/v2\/product\/67234"}],"collection":[{"href":"https:\/\/galicianparts.com\/shop\/wp-json\/wp\/v2\/product"}],"about":[{"href":"https:\/\/galicianparts.com\/shop\/wp-json\/wp\/v2\/types\/product"}],"wp:featuredmedia":[{"embeddable":true,"href":"https:\/\/galicianparts.com\/shop\/wp-json\/wp\/v2\/media\/72133"}],"wp:attachment":[{"href":"https:\/\/galicianparts.com\/shop\/wp-json\/wp\/v2\/media?parent=67234"}],"wp:term":[{"taxonomy":"product_cat","embeddable":true,"href":"https:\/\/galicianparts.com\/shop\/wp-json\/wp\/v2\/product_cat?post=67234"},{"taxonomy":"product_tag","embeddable":true,"href":"https:\/\/galicianparts.com\/shop\/wp-json\/wp\/v2\/product_tag?post=67234"}],"curies":[{"name":"wp","href":"https:\/\/api.w.org\/{rel}","templated":true}]}}