{"id":67362,"date":"2023-01-26T10:12:22","date_gmt":"2023-01-26T08:12:22","guid":{"rendered":"https:\/\/galicianparts.com\/shop\/producto\/4379471-cilindro-freno-tambor-delantero-fiat-500-600-850-seat-133-600-850-original\/"},"modified":"2023-01-26T10:16:12","modified_gmt":"2023-01-26T08:16:12","slug":"4379471-cilindro-freno-tambor-delantero-fiat-500-600-850-seat-133-600-850-original","status":"publish","type":"product","link":"https:\/\/galicianparts.com\/shop\/producto\/4379471-cilindro-freno-tambor-delantero-fiat-500-600-850-seat-133-600-850-original\/","title":{"rendered":"4379471 Cilindro freno tambor delantero Fiat 500 \/600 \/850 \/Seat 133 \/600 \/850 ORIGINAL"},"content":{"rendered":"<p>Bomb\u00edn de los frenos del tambor delantero de:<\/p>\n<p>FIAT 500 Berlina<br \/>\n0.5, A\u00f1o 01.1957 &#8211; 12.1961, 476 , 15<br \/>\nFIAT 600 Berlina<br \/>\n0.6, A\u00f1o 03.1955 &#8211; 05.1961, 629 , 20<br \/>\n0.8, A\u00f1o 10.1960 &#8211; 02.1971, 767 , 23<br \/>\nFIAT 850 Berlina<br \/>\n0.8, A\u00f1o 07.1964 &#8211; 10.1972, 843 , 37<br \/>\n0.8 Special, A\u00f1o 03.1968 &#8211; 10.1972, 843 , 48<\/p>\n<p>SEAT 133 Hatchback<br \/>\n0.8, A\u00f1o 05.1974 &#8211; 11.1979, 837 , 34<br \/>\nSEAT 600 D Berlina<br \/>\n0.8, A\u00f1o 09.1963 &#8211; 04.1970, 761 , 23<br \/>\nSEAT 850 Berlina<br \/>\n0.9, A\u00f1o 02.1972 &#8211; 07.1975, 843 , 34<br \/>\n0.9, A\u00f1o 01.1966 &#8211; 12.1974, 843 , 37<br \/>\n0.9, A\u00f1o 01.1966 &#8211; 12.1974, 843 , 47<\/p>\n<p>LA PIEZA ES NUEVA Y ORIGINAL.<\/p>\n","protected":false},"excerpt":{"rendered":"<p>Bomb\u00edn de los frenos del tambor delantero de: FIAT 500 Berlina 0.5, A\u00f1o 01.1957 &#8211; 12.1961, 476 , 15 FIAT 600 Berlina 0.6, A\u00f1o 03.1955 &#8211; 05.1961, 629 , 20 0.8, A\u00f1o 10.1960 &#8211; 02.1971, 767 , 23 FIAT 850 Berlina 0.8, A\u00f1o 07.1964 &#8211; 10.1972, 843 , 37 0.8 Special, A\u00f1o 03.1968 &#8211; 10.1972, [&hellip;]<\/p>\n","protected":false},"featured_media":67364,"template":"","meta":{"_seopress_robots_primary_cat":"","_seopress_titles_title":"","_seopress_titles_desc":"","_seopress_robots_index":""},"product_cat":[187,74,168,75,167,76,20,26],"product_tag":[],"class_list":{"0":"post-67362","1":"product","2":"type-product","3":"status-publish","4":"has-post-thumbnail","6":"product_cat-recambios-seat-133","7":"product_cat-recambios-fiat-500","8":"product_cat-recambios-seat-600","9":"product_cat-recambios-fiat-600","10":"product_cat-recambios-seat-850","11":"product_cat-recambios-fiat-850","12":"product_cat-recambios-fiat","13":"product_cat-recambios-seat","15":"first","16":"instock","17":"taxable","18":"shipping-taxable","19":"purchasable","20":"product-type-simple"},"_links":{"self":[{"href":"https:\/\/galicianparts.com\/shop\/wp-json\/wp\/v2\/product\/67362"}],"collection":[{"href":"https:\/\/galicianparts.com\/shop\/wp-json\/wp\/v2\/product"}],"about":[{"href":"https:\/\/galicianparts.com\/shop\/wp-json\/wp\/v2\/types\/product"}],"wp:featuredmedia":[{"embeddable":true,"href":"https:\/\/galicianparts.com\/shop\/wp-json\/wp\/v2\/media\/67364"}],"wp:attachment":[{"href":"https:\/\/galicianparts.com\/shop\/wp-json\/wp\/v2\/media?parent=67362"}],"wp:term":[{"taxonomy":"product_cat","embeddable":true,"href":"https:\/\/galicianparts.com\/shop\/wp-json\/wp\/v2\/product_cat?post=67362"},{"taxonomy":"product_tag","embeddable":true,"href":"https:\/\/galicianparts.com\/shop\/wp-json\/wp\/v2\/product_tag?post=67362"}],"curies":[{"name":"wp","href":"https:\/\/api.w.org\/{rel}","templated":true}]}}