{"id":67467,"date":"2023-01-30T19:42:47","date_gmt":"2023-01-30T17:42:47","guid":{"rendered":"https:\/\/galicianparts.com\/shop\/producto\/4373254-soporte-tubo-escape-fiat-127-128-seat-fura-127-nuevo\/"},"modified":"2025-12-03T20:52:44","modified_gmt":"2025-12-03T18:52:44","slug":"4373254-soporte-tubo-escape-fiat-127-128-seat-fura-127-nuevo","status":"publish","type":"product","link":"https:\/\/galicianparts.com\/shop\/producto\/4373254-soporte-tubo-escape-fiat-127-128-seat-fura-127-nuevo\/","title":{"rendered":"4373254 Soporte tubo escape Fiat 127 \/128 \/Seat Fura \/127 NUEVO"},"content":{"rendered":"<p>Soporte del tubo de escape de:<br \/>\nLargo: 170mm<\/p>\n<p>FIAT 127 (127)<br \/>\n0.9, A\u00f1o 06.1971 &#8211; 12.1986, 903 , 45<br \/>\n1.0, A\u00f1o 04.1977 &#8211; 12.1986, 1049 , 50<br \/>\nFIAT 128 Berlina (128)<br \/>\n1.1, A\u00f1o 03.1969 &#8211; 12.1984, 1116 , 55<br \/>\n1.3 Sport, A\u00f1o 08.1974 &#8211; 12.1984, 1290 , 60<br \/>\nFIAT 127 FIORINO (127) (A\u00f1o 01.1977 &#8211; 12.1987)<br \/>\n1.0, A\u00f1o 01.1977 &#8211; 12.1986, 1049 , 50<br \/>\n1.3 D, A\u00f1o 06.1981 &#8211; 12.1986, 1301 , 45<\/p>\n<p>SEAT Fura (025A)<br \/>\n0.9, A\u00f1o 03.1984 &#8211; 12.1986, 903 , 40<br \/>\n0.9, A\u00f1o 01.1982 &#8211; 06.1986, 903 , 43<br \/>\nSEAT 127<br \/>\n0.9, A\u00f1o 04.1972 &#8211; 12.1982, 903 , 45<br \/>\n1.0, A\u00f1o 04.1972 &#8211; 12.1982, 1010 , 52<\/p>\n<p>LA PIEZA ES NUEVA Y ORIGINAL.<\/p>\n","protected":false},"excerpt":{"rendered":"<p>Soporte del tubo de escape de: Largo: 170mm FIAT 127 (127) 0.9, A\u00f1o 06.1971 &#8211; 12.1986, 903 , 45 1.0, A\u00f1o 04.1977 &#8211; 12.1986, 1049 , 50 FIAT 128 Berlina (128) 1.1, A\u00f1o 03.1969 &#8211; 12.1984, 1116 , 55 1.3 Sport, A\u00f1o 08.1974 &#8211; 12.1984, 1290 , 60 FIAT 127 FIORINO (127) (A\u00f1o 01.1977 &#8211; [&hellip;]<\/p>\n","protected":false},"featured_media":71052,"template":"","meta":{"_seopress_robots_primary_cat":"","_seopress_titles_title":"","_seopress_titles_desc":"","_seopress_robots_index":""},"product_cat":[179,68,69,20,91,208,26],"product_tag":[],"class_list":{"0":"post-67467","1":"product","2":"type-product","3":"status-publish","4":"has-post-thumbnail","6":"product_cat-recambios-seat-127","7":"product_cat-recambios-fiat-127","8":"product_cat-recambios-fiat-128","9":"product_cat-recambios-fiat","10":"product_cat-recambios-fiat-fiorino","11":"product_cat-recambios-seat-fura","12":"product_cat-recambios-seat","14":"first","15":"outofstock","16":"taxable","17":"shipping-taxable","18":"purchasable","19":"product-type-simple"},"_links":{"self":[{"href":"https:\/\/galicianparts.com\/shop\/wp-json\/wp\/v2\/product\/67467"}],"collection":[{"href":"https:\/\/galicianparts.com\/shop\/wp-json\/wp\/v2\/product"}],"about":[{"href":"https:\/\/galicianparts.com\/shop\/wp-json\/wp\/v2\/types\/product"}],"wp:featuredmedia":[{"embeddable":true,"href":"https:\/\/galicianparts.com\/shop\/wp-json\/wp\/v2\/media\/71052"}],"wp:attachment":[{"href":"https:\/\/galicianparts.com\/shop\/wp-json\/wp\/v2\/media?parent=67467"}],"wp:term":[{"taxonomy":"product_cat","embeddable":true,"href":"https:\/\/galicianparts.com\/shop\/wp-json\/wp\/v2\/product_cat?post=67467"},{"taxonomy":"product_tag","embeddable":true,"href":"https:\/\/galicianparts.com\/shop\/wp-json\/wp\/v2\/product_tag?post=67467"}],"curies":[{"name":"wp","href":"https:\/\/api.w.org\/{rel}","templated":true}]}}