{"id":67477,"date":"2023-01-30T22:09:10","date_gmt":"2023-01-30T20:09:10","guid":{"rendered":"https:\/\/galicianparts.com\/shop\/producto\/4240587-pack-2-slintblocks-barra-estabilizadora-fiat-127-128-131-seat-fura-127-akron\/"},"modified":"2024-03-26T22:40:15","modified_gmt":"2024-03-26T20:40:15","slug":"4240587-pack-2-slintblocks-barra-estabilizadora-fiat-127-128-131-seat-fura-127-akron","status":"publish","type":"product","link":"https:\/\/galicianparts.com\/shop\/producto\/4240587-pack-2-slintblocks-barra-estabilizadora-fiat-127-128-131-seat-fura-127-akron\/","title":{"rendered":"4240587 Pack 2 silentblocks barra estabilizadora Fiat 127 \/128 \/131 \/Seat Fura \/127 AKRON"},"content":{"rendered":"<p>Juego, set de 2 silentblocks de la barra estabilizadora de la suspensi\u00f3n delantera de:<br \/>\nDi\u00e1metro interior: 34mm<br \/>\nDi\u00e1metro exterior: 17,5mm<br \/>\nAltura: 20mm<\/p>\n<p>FIAT 127 Hatchback (127) (A\u00f1o 06.1971 &#8211; 05.1996)<br \/>\nFIAT 128 Berlina (128) (A\u00f1o 03.1969 &#8211; 12.1984)<br \/>\nFIAT 131 Berlina (131) (A\u00f1o 10.1974 &#8211; 03.1987)<br \/>\nFIAT Fiorino Furg\u00f3n (127) (A\u00f1o 10.1977 &#8211; 12.1987)<br \/>\nFIAT Fiorino I Furg\u00f3n (147) (A\u00f1o 01.1980 &#8211; 10.1993)<br \/>\nFIAT 127 Panorama (127) (A\u00f1o 01.1977 &#8211; 12.1986)<br \/>\nFIAT Fiorino Pick-up (147) (A\u00f1o 10.1977 &#8211; 10.1989)<\/p>\n<p>SEAT Fura (025A) (A\u00f1o 01.1982 &#8211; 12.1986)<br \/>\nSEAT 127 (A\u00f1o 04.1972 &#8211; 12.1982)<\/p>\n<p>AUTOBIANCHI A 112 Hatchback (A\u00f1o 10.1969 &#8211; 12.1986)<\/p>\n<p>LA PIEZA ES NUEVA AKRON<\/p>\n","protected":false},"excerpt":{"rendered":"<p>Juego, set de 2 silentblocks de la barra estabilizadora de la suspensi\u00f3n delantera de: Di\u00e1metro interior: 34mm Di\u00e1metro exterior: 17,5mm Altura: 20mm FIAT 127 Hatchback (127) (A\u00f1o 06.1971 &#8211; 05.1996) FIAT 128 Berlina (128) (A\u00f1o 03.1969 &#8211; 12.1984) FIAT 131 Berlina (131) (A\u00f1o 10.1974 &#8211; 03.1987) FIAT Fiorino Furg\u00f3n (127) (A\u00f1o 10.1977 &#8211; 12.1987) FIAT [&hellip;]<\/p>\n","protected":false},"featured_media":74102,"template":"","meta":{"_seopress_robots_primary_cat":"","_seopress_titles_title":"","_seopress_titles_desc":"","_seopress_robots_index":""},"product_cat":[179,68,69,70,63,25,20,91,208,26],"product_tag":[],"class_list":{"0":"post-67477","1":"product","2":"type-product","3":"status-publish","4":"has-post-thumbnail","6":"product_cat-recambios-seat-127","7":"product_cat-recambios-fiat-127","8":"product_cat-recambios-fiat-128","9":"product_cat-recambios-fiat-131","10":"product_cat-recambios-autobianchi-a112","11":"product_cat-recambios-autobianchi","12":"product_cat-recambios-fiat","13":"product_cat-recambios-fiat-fiorino","14":"product_cat-recambios-seat-fura","15":"product_cat-recambios-seat","17":"first","18":"outofstock","19":"taxable","20":"shipping-taxable","21":"purchasable","22":"product-type-simple"},"_links":{"self":[{"href":"https:\/\/galicianparts.com\/shop\/wp-json\/wp\/v2\/product\/67477"}],"collection":[{"href":"https:\/\/galicianparts.com\/shop\/wp-json\/wp\/v2\/product"}],"about":[{"href":"https:\/\/galicianparts.com\/shop\/wp-json\/wp\/v2\/types\/product"}],"wp:featuredmedia":[{"embeddable":true,"href":"https:\/\/galicianparts.com\/shop\/wp-json\/wp\/v2\/media\/74102"}],"wp:attachment":[{"href":"https:\/\/galicianparts.com\/shop\/wp-json\/wp\/v2\/media?parent=67477"}],"wp:term":[{"taxonomy":"product_cat","embeddable":true,"href":"https:\/\/galicianparts.com\/shop\/wp-json\/wp\/v2\/product_cat?post=67477"},{"taxonomy":"product_tag","embeddable":true,"href":"https:\/\/galicianparts.com\/shop\/wp-json\/wp\/v2\/product_tag?post=67477"}],"curies":[{"name":"wp","href":"https:\/\/api.w.org\/{rel}","templated":true}]}}