{"id":67515,"date":"2023-01-31T11:32:11","date_gmt":"2023-01-31T09:32:11","guid":{"rendered":"https:\/\/galicianparts.com\/shop\/producto\/10499896-conexion-electrica-caja-fusibles-fiat-punto-1999-2003-nuevo-original\/"},"modified":"2023-01-31T11:34:14","modified_gmt":"2023-01-31T09:34:14","slug":"10499896-conexion-electrica-caja-fusibles-fiat-punto-1999-2003-nuevo-original","status":"publish","type":"product","link":"https:\/\/galicianparts.com\/shop\/producto\/10499896-conexion-electrica-caja-fusibles-fiat-punto-1999-2003-nuevo-original\/","title":{"rendered":"10499896 Conexi\u00f3n el\u00e9ctrica caja fusibles Fiat Punto (1999-2003) NUEVO ORIGINAL"},"content":{"rendered":"<p>Ficha, clavija el\u00e9ctrica de la caja de fusibles y rel\u00e9s de:<br \/>\nFIAT &#8211; 1N PUNTO BZ (1999-2003) 1.2 8V CF2<br \/>\nFIAT &#8211; 1N PUNTO BZ (1999-2003) 1.2 16V CF2 \/ 1.8 16V CF2<br \/>\nFIAT &#8211; 1N PUNTO BZ (1999-2003) CAMBIO AUTOMATICO<br \/>\nFIAT &#8211; 1N PUNTO BZ (1999-2003) 1.2 8V CF2 \/ 1.2 8V CF3 (OPT.229) \/ 1.2\u00a08V\u00a0CF3<br \/>\nFIAT &#8211; 1N PUNTO BZ (1999-2003) 1.2 16V CF2 \/ 1.2 16V CF3 \/ 1.8 16V CF2 \/ 1.8 16V CF3<br \/>\nFIAT &#8211; 1N PUNTO BZ (1999-2003) 1.2 8V CF2 \/ 1.2 8V CF3 (OPT.229) \/ 1.2\u00a08V\u00a0CF3 \/ 1242 8V CF3 BZ\/MET<br \/>\nFIAT &#8211; 1P PUNTO DS (1999-2003) 1.9 DS<br \/>\nFIAT &#8211; 1P PUNTO DS (1999-2003) 1.9 JTD 80 CV<br \/>\nFIAT &#8211; 1P PUNTO DS (1999-2003)<\/p>\n<p>LA PIEZA ES NUEVA Y ORIGINAL.<\/p>\n","protected":false},"excerpt":{"rendered":"<p>Ficha, clavija el\u00e9ctrica de la caja de fusibles y rel\u00e9s de: FIAT &#8211; 1N PUNTO BZ (1999-2003) 1.2 8V CF2 FIAT &#8211; 1N PUNTO BZ (1999-2003) 1.2 16V CF2 \/ 1.8 16V CF2 FIAT &#8211; 1N PUNTO BZ (1999-2003) CAMBIO AUTOMATICO FIAT &#8211; 1N PUNTO BZ (1999-2003) 1.2 8V CF2 \/ 1.2 8V CF3 (OPT.229) [&hellip;]<\/p>\n","protected":false},"featured_media":67519,"template":"","meta":{"_seopress_robots_primary_cat":"","_seopress_titles_title":"","_seopress_titles_desc":"","_seopress_robots_index":""},"product_cat":[20,101],"product_tag":[],"class_list":{"0":"post-67515","1":"product","2":"type-product","3":"status-publish","4":"has-post-thumbnail","6":"product_cat-recambios-fiat","7":"product_cat-recambios-fiat-punto","9":"first","10":"instock","11":"taxable","12":"shipping-taxable","13":"purchasable","14":"product-type-simple"},"_links":{"self":[{"href":"https:\/\/galicianparts.com\/shop\/wp-json\/wp\/v2\/product\/67515"}],"collection":[{"href":"https:\/\/galicianparts.com\/shop\/wp-json\/wp\/v2\/product"}],"about":[{"href":"https:\/\/galicianparts.com\/shop\/wp-json\/wp\/v2\/types\/product"}],"wp:featuredmedia":[{"embeddable":true,"href":"https:\/\/galicianparts.com\/shop\/wp-json\/wp\/v2\/media\/67519"}],"wp:attachment":[{"href":"https:\/\/galicianparts.com\/shop\/wp-json\/wp\/v2\/media?parent=67515"}],"wp:term":[{"taxonomy":"product_cat","embeddable":true,"href":"https:\/\/galicianparts.com\/shop\/wp-json\/wp\/v2\/product_cat?post=67515"},{"taxonomy":"product_tag","embeddable":true,"href":"https:\/\/galicianparts.com\/shop\/wp-json\/wp\/v2\/product_tag?post=67515"}],"curies":[{"name":"wp","href":"https:\/\/api.w.org\/{rel}","templated":true}]}}