{"id":67533,"date":"2023-01-31T11:57:01","date_gmt":"2023-01-31T09:57:01","guid":{"rendered":"https:\/\/galicianparts.com\/shop\/producto\/7795996-pack-4-tornillos-m6-colector-admision-fiat-lancia-alfa-romeo-original\/"},"modified":"2025-11-24T23:12:47","modified_gmt":"2025-11-24T21:12:47","slug":"7795996-pack-4-tornillos-m6-colector-admision-fiat-lancia-alfa-romeo-original","status":"publish","type":"product","link":"https:\/\/galicianparts.com\/shop\/producto\/7795996-pack-4-tornillos-m6-colector-admision-fiat-lancia-alfa-romeo-original\/","title":{"rendered":"7795996 Pack 4 tornillos M6 colector admisi\u00f3n Fiat \/Lancia \/Alfa Romeo ORIGINAL"},"content":{"rendered":"<p>Juego, set de 4 esp\u00e1rragos del colector de la admisi\u00f3n de aire de:<br \/>\nM\u00e9trica: 6<br \/>\nLargo total: 32 mm<\/p>\n<p>FIAT &#8211; 63 500 USA &#8211; CINA (2010-&#8230;.) FIAT 500 Model Year 2012 \/ 1.4 \/ GASOLINA \/ MOTOR 1.4 PETROL MULTIAIR<br \/>\nFIAT &#8211; 73 500L (2012-&#8230;.) 1370 \/ 16 VALVOLE \/ 1.4 MPI 95CV ECOF6 &#8211; 1.3 SDE 95CV ECOF6<br \/>\nFIAT &#8211; 73 500L (2012-&#8230;.) 1370 \/ BENZINA \/ 1.4 TJET 120CV ECOF6-1.6 MDE 120CV F5\/F6<br \/>\nFIAT &#8211; 73 500L (2012-&#8230;.) 1370 \/ BENZINA \/ GPL \/ 1.4 TJET 120CV ECOF6-1.6 MDE 120CV F5\/F6<br \/>\nFIAT &#8211; 1M BRAVA G.98 (1998-2001) 1.2 16V CF2<br \/>\nFIAT &#8211; 1M BRAVA G.98 (1998-2001) 1.2 16V CF3<br \/>\nFIAT &#8211; 1L BRAVO G.98 (1998-2001) 1.2 16V CF2<br \/>\nFIAT &#8211; 1L BRAVO G.98 (1998-2001) 1.2 16V CF3<br \/>\nFIAT &#8211; 2Y GRANDE PUNTO (2005-2008) 1.4\u00a0MPI\u00a016V\u00a0CF4\u00a0PDA<br \/>\nFIAT &#8211; 4C GRANDE PUNTO (2008-2009) 16 V\u00c1LVULAS \/ 1100-1199 \/ 1370 \/ ASPIRADO<br \/>\nFIAT &#8211; 2S IDEA (2003-2008) 1200\u00a016V\u00a0MPI\u00a0CF4\u00a080CV\/59KW<br \/>\nFIAT &#8211; 2S IDEA (2003-2008) 1400 16V MPI CF4 95CV\/80KW \/ 1400\u00a016V\u00a0MPI\u00a0CF4\u00a090CV\/66KW<br \/>\nFIAT &#8211; 4D IDEA (2008-2012) 1100-1199 CC \/ GASOLINA<br \/>\nFIAT &#8211; 4D IDEA (2008-2012) 1300-1399CC \/ 16 V\u00c1LVULAS<br \/>\nFIAT &#8211; 1Q MAREA BZ GAMMA&#8217;99 (1999-2002) 1200 16V<br \/>\nFIAT &#8211; 3L NUOVA BRAVO (2007-2009) 1370  ASP.GS.-1.4 TB.GS. \/ ASPIRADO<br \/>\nFIAT &#8211; 3Y NUOVA BRAVO MY 2010 (2010-2014) 1368 \/ TURBO \/ 140 CV<br \/>\nFIAT &#8211; 3Y NUOVA BRAVO MY 2010 (2010-2014) 1368 \/ ASPIRADO<br \/>\nFIAT &#8211; 2Q NUOVA PANDA (2003-2009) 1400\u00a016V\u00a0CF4<br \/>\nFIAT &#8211; 51 NUOVA PUNTO MY2012 (2012-2013) 1368 \/ 16 VALVULAS \/ TURBO \/ GASOLINA \/ LIM.CEE FASE 5<br \/>\nFIAT &#8211; 2H PALIO 2V EXTRA EUROPA REST. 2002 (2002-2011) 1242\u00a016V\u00a0CF3<br \/>\nFIAT &#8211; 2H PALIO 2V EXTRA EUROPA REST. 2002 (2002-2011) 1242\u00a016V\u00a0USA83<br \/>\nFIAT &#8211; 3D PALIO 2V REST.2 (2005-2011) 1242\u00a016V\u00a0CF3<br \/>\nFIAT &#8211; 2G PALIO WE EUROPA REST. (2002-2004) 1242\u00a016V\u00a0CF3<br \/>\nFIAT &#8211; 2K PALIO WE EXTRA EUROPA REST. 2002 (2002-2008) 1242\u00a016V\u00a0CF3<br \/>\nFIAT &#8211; 3U PANDA MY 2009 (2009-2010) 1400 16V.LE \/ GASOLINA<br \/>\nFIAT &#8211; 1N PUNTO BZ (1999-2003) 1.2 16V CF2 \/ 1.2 16V CF3<br \/>\nFIAT &#8211; 1A PUNTO BZ. GAMMA &#8217;97 (1997-1999) 1242 MPI 16V<br \/>\nFIAT &#8211; 1C PUNTO CABRIO GAMMA&#8217;97 (1997-2000) 1242 MPI 16V<br \/>\nFIAT &#8211; 3J PUNTO EVO (2009-2011) 1370 \/ 16 V\u00c1LVULAS \/ TURBO \/ GASOLINA \/ LIM.CEE FASE 5<br \/>\nFIAT &#8211; 2U PUNTO FL.&#8217;03 (2003-2010) 1242\u00a016V\u00a0CF3<br \/>\nFIAT &#8211; 2U PUNTO FL.&#8217;03 (2003-2010) 1400\u00a016V\u00a0CF4<br \/>\nFIAT &#8211; 6U PUNTO MY 2013 (2013-&#8230;.) 1368 \/ 16 VALVOLE \/ TURBO \/ BENZINA \/ LIM.CEE FASE 5<br \/>\nFIAT &#8211; 2L SIENA EXTRA EUROPA REST. (2002-2012) 1242\u00a016V\u00a0CF3<br \/>\nFIAT &#8211; 2L SIENA EXTRA EUROPA REST. (2002-2012) 1242\u00a016V\u00a0USA83<br \/>\nFIAT &#8211; 3E SIENA REST.2 (2005-2011) 1242\u00a016V\u00a0CF3<br \/>\nFIAT &#8211; 2C STILO BZ\/DS (2001-2003) 1.2 16V<br \/>\nFIAT &#8211; 2V STILO F.L.L. 2003 (2003-2007) 1.4 16V CF4 95CV\/70KW \/ 1.4\u00a016V\u00a0CF4\u00a095CV\/66KW<br \/>\nALFA ROMEO &#8211; X6 ALFA MITO (2008-2011) 1.4\u00a0FIRE\u00a016V\u00a078CV\u00a0EURO5 \/ 1.4\u00a0FIRE\u00a016V\u00a0MULTIAIR\u00a0105CV\u00a0(EURO\u00a05)<br \/>\nALFA ROMEO &#8211; X6 ALFA MITO (2008-2011) 1370 \/ 120CV \/ 1.4\u00a0FIRE\u00a016V\u00a0TURBO\u00a0155CV\u00a0(EURO\u00a05)<br \/>\nALFA ROMEO &#8211; X6 ALFA MITO (2008-2011) 1.4 FIRE 16V TURBO MULTIAIR 135CV EURO 5 \/ 1.4\u00a0FIRE\u00a016V\u00a0TURBO\u00a0MULTIAIR\u00a0170CV\u00a0EURO\u00a05<br \/>\nALFA ROMEO &#8211; X7 GIULIETTA (2010-2013) 1370 TRB GS \/ GASOLINA \/ 1400 MAIR &#8211; 1958 JTD 170 CV<br \/>\nALFA ROMEO &#8211; X7 GIULIETTA (2010-2013) 1370 TRB GS \/ GASOLINA \/ 1400 GASOL. TRB 120 CV \/ 1400 BZ 1600 JTD 105 CV<br \/>\nALFA ROMEO &#8211; X7 GIULIETTA (2010-2013) 1370 TRB GS \/ GASOLINA \/ GPL \/ 1400 GASOL. TRB 120 CV<br \/>\nALFA ROMEO &#8211; 5Y GIULIETTA M.Y. 2013 (2013 &#8211; &#8230;) 1370 TRB GS \/ BENZINA \/ 1400 MAIR &#8211; 1958 JTD 170 CV<br \/>\nALFA ROMEO &#8211; 5Y GIULIETTA M.Y. 2013 (2013 &#8211; &#8230;) 1370 TRB GS \/ BENZINA \/ 1400 GASOL. TRB 120 CV \/ 1600\u00a0JTD\u00a0105\u00a0HP<br \/>\nALFA ROMEO &#8211; 5Y GIULIETTA M.Y. 2013 (2013 &#8211; &#8230;) 1370 TRB GS \/ BENZINA \/ GPL \/ 1400 GASOL. TRB 120 CV<br \/>\nALFA ROMEO &#8211; QZ MITO MY2011 (2011-2013) 1370 \/ 16 V\u00c1LVULAS \/ 1.4 FIRE 8V\/16V 78CV EURO5 \/ 1.4\u00a0FIRE\u00a016V\u00a0MULTIAIR\u00a0105CV\u00a0(EURO\u00a05)<br \/>\nALFA ROMEO &#8211; QZ MITO MY2011 (2011-2013) 1370 \/ 16 V\u00c1LVULAS \/ 1.6 JTD EURO5 -1.4 FIRE TRB EURO4 120CV<br \/>\nALFA ROMEO &#8211; QZ MITO MY2011 (2011-2013) 1.4\u00a0FIRE\u00a016V\u00a0TURBO\u00a0MULTIAIR\u00a0170CV\u00a0EURO\u00a05 \/ 1370 \/ 16 V\u00c1LVULAS \/ 1.4 FIRE 16V TURBO MULTIAIR 135CV EURO 5<br \/>\nALFA ROMEO &#8211; 10 MITO MY2013 (2013-&#8230;.) 1370 \/ 16 VALVOLE \/ 1.6 JTD EURO5 -1.4 FIRE TRB 120CV<br \/>\nALFA ROMEO &#8211; 10 MITO MY2013 (2013-&#8230;.) 1370 \/ 16 VALVOLE \/ 1.4 FIRE 16V TURBO MULTIAIR 135CV EURO 5 \/ 1.4\u00a0FIRE\u00a016V\u00a0TURBO\u00a0MULTIAIR\u00a0170CV\u00a0EURO\u00a05 \/ 1.4 16V TURBO MULTIAIR 140 CV EURO 6<br \/>\nLANCIA &#8211; TN LANCIA DELTA MY 2011 (2011-2014) 1370 1.4 TRB GS FIRE \/ GASOLINA \/ 1.4 GS 140CV<br \/>\nLANCIA &#8211; TN LANCIA DELTA MY 2011 (2011-2014) 1370 1.4 TRB GS FIRE \/ GASOLINA \/ GPL \/ 1.4 GS 120CV  \/ 1.6 JTD 120CV<br \/>\nLANCIA &#8211; TG MUSA (2004-2007) 1400 16V MPI CF4 95CV\/80KW \/ 1400\u00a016V\u00a0MPI\u00a0CF4\u00a090CV\/66KW<br \/>\nLANCIA &#8211; TJ MUSA (2007-2011) (1300-1399 CC) \/ 16 V\u00c1LVULAS<br \/>\nLANCIA &#8211; 43 MUSA FLL (2011-2012) (1300-1399 CC) \/ 16 VALVULAS<br \/>\nLANCIA &#8211; TH NUOVA DELTA 844 (2008-2011) 1370 1.4 TRB GS FIRE \/ 1400 GS TRB 140CV CEEF5<br \/>\nLANCIA &#8211; SU Y (1995-2000) 1242 MPI 16V CF2<br \/>\nLANCIA &#8211; TA Y FL.2000 (2000-2003) 1.2 16V<br \/>\nLANCIA &#8211; TE YPSILON (2003-2009) 1200\u00a016V\u00a0MPI\u00a0CF4\u00a080CV\/59KW<br \/>\nLANCIA &#8211; TE YPSILON (2003-2009) 1400 16V MPI CF4 95CV\/80KW<br \/>\nLANCIA &#8211; TI YPSILON (2009-2011) (1368\u00a0CC) \/ 16 V\u00c1LVULAS<br \/>\nFIAT PROFESSIONAL &#8211; 3V NUOVO DOBLO 2009 (2009-&#8230;.) 1370 GS. \/ 1.4\u00a016V\u00a0TURBO\u00a0120CV \/ GASOLINA<br \/>\nABARTH &#8211; 81 NUOVA PUNTO ABARTH MY2012 (2012-2013) 1368<br \/>\nABARTH &#8211; 4B PUNTO EVO ABARTH (2010-2012) 1370<\/p>\n<p>LA PIEZA ES NUEVA Y ORIGINAL.<\/p>\n","protected":false},"excerpt":{"rendered":"<p>Juego, set de 4 esp\u00e1rragos del colector de la admisi\u00f3n de aire de: M\u00e9trica: 6 Largo total: 32 mm FIAT &#8211; 63 500 USA &#8211; CINA (2010-&#8230;.) FIAT 500 Model Year 2012 \/ 1.4 \/ GASOLINA \/ MOTOR 1.4 PETROL MULTIAIR FIAT &#8211; 73 500L (2012-&#8230;.) 1370 \/ 16 VALVOLE \/ 1.4 MPI 95CV ECOF6 [&hellip;]<\/p>\n","protected":false},"featured_media":67536,"template":"","meta":{"_seopress_robots_primary_cat":"","_seopress_titles_title":"","_seopress_titles_desc":"","_seopress_robots_index":""},"product_cat":[74,16,81,82,118,87,20,53,92,93,21,95,47,121,98,99,101,107,108,127],"product_tag":[],"class_list":{"0":"post-67533","1":"product","2":"type-product","3":"status-publish","4":"has-post-thumbnail","6":"product_cat-recambios-fiat-500","7":"product_cat-recambios-alfa-romeo","8":"product_cat-recambios-fiat-brava","9":"product_cat-recambios-fiat-bravo","10":"product_cat-recambios-lancia-delta","11":"product_cat-recambios-fiat-doblo","12":"product_cat-recambios-fiat","13":"product_cat-recambios-alfa-romeo-giulietta","14":"product_cat-recambios-fiat-grande-punto","15":"product_cat-recambios-fiat-idea","16":"product_cat-recambios-lancia","17":"product_cat-recambios-fiat-marea","18":"product_cat-recambios-alfa-romeo-mito","19":"product_cat-recambios-lancia-musa","20":"product_cat-recambios-fiat-palio","21":"product_cat-recambios-fiat-panda","22":"product_cat-recambios-fiat-punto","23":"product_cat-recambios-fiat-siena","24":"product_cat-recambios-fiat-stilo","25":"product_cat-recambios-lancia-ypsilon","27":"first","28":"outofstock","29":"taxable","30":"shipping-taxable","31":"purchasable","32":"product-type-simple"},"_links":{"self":[{"href":"https:\/\/galicianparts.com\/shop\/wp-json\/wp\/v2\/product\/67533"}],"collection":[{"href":"https:\/\/galicianparts.com\/shop\/wp-json\/wp\/v2\/product"}],"about":[{"href":"https:\/\/galicianparts.com\/shop\/wp-json\/wp\/v2\/types\/product"}],"wp:featuredmedia":[{"embeddable":true,"href":"https:\/\/galicianparts.com\/shop\/wp-json\/wp\/v2\/media\/67536"}],"wp:attachment":[{"href":"https:\/\/galicianparts.com\/shop\/wp-json\/wp\/v2\/media?parent=67533"}],"wp:term":[{"taxonomy":"product_cat","embeddable":true,"href":"https:\/\/galicianparts.com\/shop\/wp-json\/wp\/v2\/product_cat?post=67533"},{"taxonomy":"product_tag","embeddable":true,"href":"https:\/\/galicianparts.com\/shop\/wp-json\/wp\/v2\/product_tag?post=67533"}],"curies":[{"name":"wp","href":"https:\/\/api.w.org\/{rel}","templated":true}]}}