{"id":67606,"date":"2023-01-31T14:29:36","date_gmt":"2023-01-31T12:29:36","guid":{"rendered":"https:\/\/galicianparts.com\/shop\/producto\/46307561-presilla-d-215x15-palier-fiat-grande-punto-lancia-ypsilon-alfa-mito-original\/"},"modified":"2024-04-10T09:43:18","modified_gmt":"2024-04-10T07:43:18","slug":"46307561-presilla-d-215x15-palier-fiat-grande-punto-lancia-ypsilon-alfa-mito-original","status":"publish","type":"product","link":"https:\/\/galicianparts.com\/shop\/producto\/46307561-presilla-d-215x15-palier-fiat-grande-punto-lancia-ypsilon-alfa-mito-original\/","title":{"rendered":"46307561 Presilla D 21,5X1,5 palier Fiat Grande Punto \/Lancia Ypsilon \/Alfa Mito ORIGINAL"},"content":{"rendered":"<p>Circlip de la junta homocin\u00e9tica de los ejes de transmisi\u00f3n de:<br \/>\nDi\u00e1metro interior: 21,5 mm<br \/>\nEspesor: 1,5 mm<\/p>\n<p>FIAT &#8211; 2Y GRANDE PUNTO (2005-2008) 1.2\u00a0MPI\u00a08V\u00a0CF4<br \/>\nFIAT &#8211; 2Y GRANDE PUNTO (2005-2008) 1.4\u00a0MPI\u00a08V\u00a0CF4 \/ 1400\u00a0MPI\u00a08V\u00a0CF4\u00a0MENOR POTE.\u00a0AUSTRIA \/ 1.4\u00a0MPI\u00a016V\u00a0CF4\u00a0PDA<br \/>\nFIAT &#8211; 4C GRANDE PUNTO (2008-2009) 1100-1199<br \/>\nFIAT &#8211; 4C GRANDE PUNTO (2008-2009) 1370 \/ ALIMENTACI\u00d3N GLP (EST\u00c1NDAR ITALIA) \/ GASOLINA \/ 8 V\u00c1LVULAS \/ 16 V\u00c1LVULAS \/ GASOLINA \/ METANO<br \/>\nFIAT &#8211; 3X GRANDE PUNTO ACTUAL (2009-2013) 1100-1199 \/ 1370<br \/>\nFIAT &#8211; 2S IDEA (2003-2008) 1400 16V MPI CF4 95CV\/80KW<br \/>\nFIAT &#8211; 2S IDEA (2003-2008) 1200\u00a016V\u00a0MPI\u00a0CF4\u00a080CV\/59KW<br \/>\nFIAT &#8211; 2S IDEA (2003-2008) 1400 16V MPI CF4 95CV\/80KW \/ 1400\u00a08V\u00a0MPI\u00a0CF4\u00a077CV\/57KW \/ 1400\u00a016V\u00a0MPI\u00a0CF4\u00a090CV\/66KW<br \/>\nFIAT &#8211; 2S IDEA (2003-2008)  1200\u00a016V\u00a0MPI\u00a0CF4\u00a080CV\/59KW \/ 1400 16V MPI CF4 95CV\/80KW \/ 1400\u00a08V\u00a0MPI\u00a0CF4\u00a077CV\/57KW \/ 1400\u00a016V\u00a0MPI\u00a0CF4\u00a090CV\/66KW<br \/>\nFIAT &#8211; 4D IDEA (2008-2012) 1300-1399CC \/ 16 V\u00c1LVULAS<br \/>\nFIAT &#8211; 4D IDEA (2008-2012) 1100-1199 CC \/ 16 V\u00c1LVULAS \/ 8 V\u00c1LVULAS<br \/>\nFIAT &#8211; 4D IDEA (2008-2012) 1300-1399CC \/ 16 V\u00c1LVULAS \/ 1300-1399CC \/ 8 V\u00c1LVULAS<br \/>\nFIAT &#8211; 4D IDEA (2008-2012) 1100-1199 CC \/ GASOLINA \/ 1300-1399CC \/ 16 V\u00c1LVULAS \/ 8 V\u00c1LVULAS<br \/>\nFIAT &#8211; 51 NUOVA PUNTO MY2012 (2012-2013) 1242 \/ 1368 \/ 8 V\u00c1LVULAS<br \/>\nFIAT &#8211; 1N PUNTO BZ (1999-2003) 1.2 8V CF2 \/ 1.2 8V CF3 (OPT.229) \/ 1.2\u00a08V\u00a0CF3 \/ 1242 8V CF3 BZ\/MET \/ 1.2 16V CF2 \/ 1.2 16V CF3<br \/>\nFIAT &#8211; 1N PUNTO BZ (1999-2003) CAMBIO AUTOMATICO \/ 1.2 16V CF2 \/ 1.2 16V CF3<br \/>\nFIAT &#8211; 1P PUNTO DS (1999-2003) 1.9 DS<br \/>\nFIAT &#8211; 3J PUNTO EVO (2009-2011) 1370 \/ 8 V\u00c1LVULAS<br \/>\nFIAT &#8211; 3J PUNTO EVO (2009-2011) 1.2<br \/>\nFIAT &#8211; 2U PUNTO FL.&#8217;03 (2003-2010) 1242 8V \/ 1.2\u00a08V\u00a0(OPC.229) \/ 1242 8V CF3 GASOLINA\/METANO<br \/>\nFIAT &#8211; 2U PUNTO FL.&#8217;03 (2003-2010) CONDUCCION A\u00a0IZQUIERDA \/ (AIRE ACONDICIONADO \/ CLIMATIZADOR\u00a0AUTOM\u00c1TICO) \/ 1242 8V \/ 1.2\u00a08V\u00a0(OPC.229) \/ 1.2\u00a08V\u00a0CF4\u00a0GASOLINA\/GPL \/ 1242 8V CF3 GASOLINA\/METANO<br \/>\nFIAT &#8211; 2U PUNTO FL.&#8217;03 (2003-2010) CONDUCCION A\u00a0IZQUIERDA \/ CONDUCCION\u00a0A DERECHA \/ 1242 8V \/ 1.2\u00a08V\u00a0(OPC.229) \/ 1.2\u00a08V\u00a0CF4\u00a0GASOLINA\/GPL \/ 1242 8V CF3 GASOLINA\/METANO<br \/>\nFIAT &#8211; 2U PUNTO FL.&#8217;03 (2003-2010) 1242 8V \/ 1.2\u00a08V\u00a0(OPC.229) \/ 1.2\u00a08V\u00a0CF4\u00a0GASOLINA\/GPL \/ 1242 8V CF3 GASOLINA\/METANO<br \/>\nFIAT &#8211; 2U PUNTO FL.&#8217;03 (2003-2010) 1242\u00a016V\u00a0CF3<br \/>\nFIAT &#8211; 2U PUNTO FL.&#8217;03 (2003-2010) 1400\u00a016V\u00a0CF4<br \/>\nFIAT &#8211; 2U PUNTO FL.&#8217;03 (2003-2010) 1242\u00a016V\u00a0CF3 \/ 1400\u00a016V\u00a0CF4<br \/>\nFIAT &#8211; 2U PUNTO FL.&#8217;03 (2003-2010) 1242\u00a016V\u00a0CF3 \/ CAMBIO AUTOMATICO<br \/>\nFIAT &#8211; 2C STILO (2001-2003) 1.2 16V<br \/>\nALFA ROMEO &#8211; X6 ALFA MITO (2008-2011) ASPIRADO \/ 1598 \/ CAMBIO MEC\u00c1NICO 20\/28 KGM (M20\/M28 3H) \/ 1370 \/ 1.4\u00a0FIRE\u00a016V\u00a078CV\u00a0EURO5 \/ 120CV \/ 1.4 FIRE 16V TURBO MULTIAIR 135CV EURO 5 \/ 1.4\u00a0FIRE\u00a016V\u00a0TURBO\u00a0155CV\u00a0(EURO\u00a05)<br \/>\nALFA ROMEO &#8211; QZ MITO MY2011 (2011-2013) 1.4\u00a0FIRE\u00a08V\u00a070CV\u00a0EURO5 \/ 1.4 FIRE 8V\/16V 78CV EURO5<br \/>\nLANCIA &#8211; TG MUSA (2004-2007) 1400 16V MPI CF4 95CV\/80KW \/ 1400\u00a08V\u00a0MPI\u00a0CF4\u00a077CV\/57KW \/ 1400\u00a016V\u00a0MPI\u00a0CF4\u00a090CV\/66KW<br \/>\nLANCIA &#8211; TJ MUSA (2007-2011) (1300-1399 CC) \/ 16 V\u00c1LVULAS \/ 8 V\u00c1LVULAS<br \/>\nLANCIA &#8211; 43 MUSA FLL (2011-2012) (1300-1399 CC) \/ GASOLINA<br \/>\nLANCIA &#8211; SU Y (1995-2000) 1242 MPI 16V CF2 \/ 1242 SPI 8V \/ 6 SPEED<br \/>\nLANCIA &#8211; TA Y FL.2000 (2000-2003) 1.2 16V \/ ELEFANTE AZUL 8V \/ LS \/ S.E. VANITY (EX ART)<br \/>\nLANCIA &#8211; TA Y FL.2000 (2000-2003) 1.2 8V \/ ELEFANTE AZUL 8V \/ LS \/ S.E. VANITY (EX ART)<br \/>\nLANCIA &#8211; TA Y FL.2000 (2000-2003) LX \/ ELEFANTE ROJO \/ ELEFANTE AZUL 16V \/ S.E. DODO\/SPICY<br \/>\nLANCIA &#8211; TE YPSILON (2003-2009) 1200 8V MPI CF4 60CV\/44KW \/ 1200\u00a016V\u00a0MPI\u00a0CF4\u00a080CV\/59KW<br \/>\nLANCIA &#8211; TE YPSILON (2003-2009) 1400 16V MPI CF4 95CV\/80KW \/ 1400 8V MPI CF4 77CV\/56KW<br \/>\nLANCIA &#8211; TE YPSILON (2003-2009) 1200 8V MPI CF4 60CV\/44KW \/ 1200\u00a016V\u00a0MPI\u00a0CF4\u00a080CV\/59KW \/ 1400 16V MPI CF4 95CV\/80KW \/ 1400 8V MPI CF4 77CV\/56KW<br \/>\nLANCIA &#8211; TI YPSILON (2009-2011) (1242\u00a0-1248\u00a0CC) \/ GASOLINA \/ LIM.CEE FASE 4 \/ 16 V\u00c1LVULAS \/ 8 V\u00c1LVULAS<br \/>\nLANCIA &#8211; TI YPSILON (2009-2011) (1242\u00a0-1248\u00a0CC) \/ GASOLINA \/ LIM.CEE FASE 5 \/ 16 V\u00c1LVULAS \/ 8 V\u00c1LVULAS<br \/>\nLANCIA &#8211; TI YPSILON (2009-2011) 16 V\u00c1LVULAS \/ (1368\u00a0CC) \/ 8 V\u00c1LVULAS \/ LIM.CEE FASE 4 \/ LIM.CEE FASE 5<br \/>\nLANCIA &#8211; TI YPSILON (2009-2011) (1242\u00a0-1248\u00a0CC) \/ GASOLINA \/ LIM.CEE FASE 4 \/ (1368\u00a0CC) \/ 16 V\u00c1LVULAS \/ 8 V\u00c1LVULAS \/ LIM.CEE FASE 5<\/p>\n<p>LA PIEZA ES NUEVA Y ORIGINAL.<\/p>\n","protected":false},"excerpt":{"rendered":"<p>Circlip de la junta homocin\u00e9tica de los ejes de transmisi\u00f3n de: Di\u00e1metro interior: 21,5 mm Espesor: 1,5 mm FIAT &#8211; 2Y GRANDE PUNTO (2005-2008) 1.2\u00a0MPI\u00a08V\u00a0CF4 FIAT &#8211; 2Y GRANDE PUNTO (2005-2008) 1.4\u00a0MPI\u00a08V\u00a0CF4 \/ 1400\u00a0MPI\u00a08V\u00a0CF4\u00a0MENOR POTE.\u00a0AUSTRIA \/ 1.4\u00a0MPI\u00a016V\u00a0CF4\u00a0PDA FIAT &#8211; 4C GRANDE PUNTO (2008-2009) 1100-1199 FIAT &#8211; 4C GRANDE PUNTO (2008-2009) 1370 \/ ALIMENTACI\u00d3N GLP (EST\u00c1NDAR [&hellip;]<\/p>\n","protected":false},"featured_media":67607,"template":"","meta":{"_seopress_robots_primary_cat":"","_seopress_titles_title":"","_seopress_titles_desc":"","_seopress_robots_index":""},"product_cat":[16,20,92,93,21,47,121,101,108,127],"product_tag":[],"class_list":{"0":"post-67606","1":"product","2":"type-product","3":"status-publish","4":"has-post-thumbnail","6":"product_cat-recambios-alfa-romeo","7":"product_cat-recambios-fiat","8":"product_cat-recambios-fiat-grande-punto","9":"product_cat-recambios-fiat-idea","10":"product_cat-recambios-lancia","11":"product_cat-recambios-alfa-romeo-mito","12":"product_cat-recambios-lancia-musa","13":"product_cat-recambios-fiat-punto","14":"product_cat-recambios-fiat-stilo","15":"product_cat-recambios-lancia-ypsilon","17":"first","18":"outofstock","19":"taxable","20":"shipping-taxable","21":"purchasable","22":"product-type-simple"},"_links":{"self":[{"href":"https:\/\/galicianparts.com\/shop\/wp-json\/wp\/v2\/product\/67606"}],"collection":[{"href":"https:\/\/galicianparts.com\/shop\/wp-json\/wp\/v2\/product"}],"about":[{"href":"https:\/\/galicianparts.com\/shop\/wp-json\/wp\/v2\/types\/product"}],"wp:featuredmedia":[{"embeddable":true,"href":"https:\/\/galicianparts.com\/shop\/wp-json\/wp\/v2\/media\/67607"}],"wp:attachment":[{"href":"https:\/\/galicianparts.com\/shop\/wp-json\/wp\/v2\/media?parent=67606"}],"wp:term":[{"taxonomy":"product_cat","embeddable":true,"href":"https:\/\/galicianparts.com\/shop\/wp-json\/wp\/v2\/product_cat?post=67606"},{"taxonomy":"product_tag","embeddable":true,"href":"https:\/\/galicianparts.com\/shop\/wp-json\/wp\/v2\/product_tag?post=67606"}],"curies":[{"name":"wp","href":"https:\/\/api.w.org\/{rel}","templated":true}]}}