{"id":67680,"date":"2023-02-01T12:10:52","date_gmt":"2023-02-01T10:10:52","guid":{"rendered":"https:\/\/galicianparts.com\/shop\/producto\/1300506080-casquillo-apoyo-superior-amortiguador-fiat-ducato-06-citroen-peugeot-original\/"},"modified":"2023-11-16T19:50:40","modified_gmt":"2023-11-16T17:50:40","slug":"1300506080-casquillo-apoyo-superior-amortiguador-fiat-ducato-06-citroen-peugeot-original","status":"publish","type":"product","link":"https:\/\/galicianparts.com\/shop\/producto\/1300506080-casquillo-apoyo-superior-amortiguador-fiat-ducato-06-citroen-peugeot-original\/","title":{"rendered":"1300506080 Casquillo apoyo superior amortiguador Fiat Ducato (06-&#8230;) Citro\u00ebn \/Peugeot ORIGINAL"},"content":{"rendered":"<p>Casquillo del soporte superior del amortiguador de la suspensi\u00f3n delantera de:<br \/>\nDi\u00e1metro interior: 39 mm<br \/>\nDi\u00e1metro exterior: 44 mm<\/p>\n<p>FIAT PROFESSIONAL &#8211; 2J NUOVO DUCATO 2006 (2006-2014) 100 CV. \/ F1A \/ 120 CV \/ 130\u00a0CV.<br \/>\nFIAT PROFESSIONAL &#8211; 2J NUOVO DUCATO 2006 (2006-2014) GASOLINA \/ METANO \/ 150 CV. COMERCIALES \/ 150 CV. COMERCIALES \/ DI\u00c9SEL \/ 140 CV.<br \/>\nFIAT PROFESSIONAL &#8211; 2J NUOVO DUCATO 2006 (2006-2014) PUMA \/ 120 CV \/ 130\u00a0CV.<br \/>\nFIAT PROFESSIONAL &#8211; 4X NUOVO DUCATO MY 2011 (2011-2014)<br \/>\nFIAT PROFESSIONAL &#8211; 4Y NUOVO DUCATO MY 2014 (2014-&#8230;.) LIM.CEE FASE 5<br \/>\nCITROEN &#8211; JUMPER<br \/>\nPEUGEOT &#8211; BOXER<\/p>\n<p>LA PIEZA ES NUEVA Y ORIGINAL.<\/p>\n","protected":false},"excerpt":{"rendered":"<p>Casquillo del soporte superior del amortiguador de la suspensi\u00f3n delantera de: Di\u00e1metro interior: 39 mm Di\u00e1metro exterior: 44 mm FIAT PROFESSIONAL &#8211; 2J NUOVO DUCATO 2006 (2006-2014) 100 CV. \/ F1A \/ 120 CV \/ 130\u00a0CV. FIAT PROFESSIONAL &#8211; 2J NUOVO DUCATO 2006 (2006-2014) GASOLINA \/ METANO \/ 150 CV. COMERCIALES \/ 150 CV. COMERCIALES [&hellip;]<\/p>\n","protected":false},"featured_media":67681,"template":"","meta":{"_seopress_robots_primary_cat":"","_seopress_titles_title":"","_seopress_titles_desc":"","_seopress_robots_index":""},"product_cat":[155,23,88,20,137,24],"product_tag":[],"class_list":{"0":"post-67680","1":"product","2":"type-product","3":"status-publish","4":"has-post-thumbnail","6":"product_cat-recambios-peugeot-boxer","7":"product_cat-recambios-citroen","8":"product_cat-recambios-fiat-ducato","9":"product_cat-recambios-fiat","10":"product_cat-recambios-citroen-jumper","11":"product_cat-recambios-peugeot","13":"first","14":"outofstock","15":"taxable","16":"shipping-taxable","17":"purchasable","18":"product-type-simple"},"_links":{"self":[{"href":"https:\/\/galicianparts.com\/shop\/wp-json\/wp\/v2\/product\/67680"}],"collection":[{"href":"https:\/\/galicianparts.com\/shop\/wp-json\/wp\/v2\/product"}],"about":[{"href":"https:\/\/galicianparts.com\/shop\/wp-json\/wp\/v2\/types\/product"}],"wp:featuredmedia":[{"embeddable":true,"href":"https:\/\/galicianparts.com\/shop\/wp-json\/wp\/v2\/media\/67681"}],"wp:attachment":[{"href":"https:\/\/galicianparts.com\/shop\/wp-json\/wp\/v2\/media?parent=67680"}],"wp:term":[{"taxonomy":"product_cat","embeddable":true,"href":"https:\/\/galicianparts.com\/shop\/wp-json\/wp\/v2\/product_cat?post=67680"},{"taxonomy":"product_tag","embeddable":true,"href":"https:\/\/galicianparts.com\/shop\/wp-json\/wp\/v2\/product_tag?post=67680"}],"curies":[{"name":"wp","href":"https:\/\/api.w.org\/{rel}","templated":true}]}}