{"id":67691,"date":"2023-02-01T12:37:18","date_gmt":"2023-02-01T10:37:18","guid":{"rendered":"https:\/\/galicianparts.com\/shop\/producto\/11130088-rele-multifuncion-20-10a-12v-fiat-lancia-alfa-romeo-citroen-peugeot-original\/"},"modified":"2023-07-15T18:28:21","modified_gmt":"2023-07-15T16:28:21","slug":"11130088-rele-multifuncion-20-10a-12v-fiat-lancia-alfa-romeo-citroen-peugeot-original","status":"publish","type":"product","link":"https:\/\/galicianparts.com\/shop\/producto\/11130088-rele-multifuncion-20-10a-12v-fiat-lancia-alfa-romeo-citroen-peugeot-original\/","title":{"rendered":"11130088 Rel\u00e9 multifunci\u00f3n 20-10A 12V Fiat \/Lancia \/Alfa Romeo \/Citro\u00ebn \/Peugeot ORIGINAL"},"content":{"rendered":"<p>Rel\u00e9 multifunci\u00f3n de la calefacci\u00f3n, limpiaparabrisas, alumbrado exterior, cableado el\u00e9ctrico, botones, interruptores, etc&#8230;<br \/>\nTensi\u00f3n nominal: 12V<br \/>\nIntensidad de corriente: 10A \/ 20A<\/p>\n<p>FIAT &#8211; 73 500L (2012-&#8230;.)<br \/>\nFIAT &#8211; 1M BRAVA G.98 (1998-2001) ADDITIONAL HEATER AND AIR VENTS \/ 1910 JTD (105 CV) \/ 1910 JTD CF3<br \/>\nFIAT &#8211; 1L BRAVO G.98 (1998-2001) ADDITIONAL HEATER AND AIR VENTS \/ 1910 JTD CF2 (105 CV) \/ 1910 JTD CF3<br \/>\nFIAT &#8211; PC COUPE&#8217; (1994-1996) LIMPIAFAROS \/ LIMPIA LUNA<br \/>\nFIAT &#8211; PX COUPE&#8217; GAMMA&#8217;96 (1996-2000) 2000 20V 5CIL.ASP.STEP-A<br \/>\nFIAT &#8211; PX COUPE&#8217; GAMMA&#8217;96 (1996-2000) 2000 20V 5CIL.ASP.<br \/>\nFIAT &#8211; 3X GRANDE PUNTO ACTUAL (2009-2013)<br \/>\nFIAT &#8211; 3S GRANDE PUNTO INTERN. INDIA (2008-2014) EMOTION<br \/>\nFIAT &#8211; PT MAREA BENZINA (1996-1999)<br \/>\nFIAT &#8211; PU MAREA DIESEL (1996-1999)<br \/>\nFIAT &#8211; 1R MAREA DS GAMMA&#8217;99 (1999-2002) ADDITIONAL HEATER AND AIR VENTS \/ 1910 JTD CF2 105CV \/ 1910 JTD CF3 110CV \/ 1910 JTD CF3 100 CV<br \/>\nFIAT &#8211; 1R MAREA DS GAMMA&#8217;99 (1999-2002) ADDITIONAL HEATER AND AIR VENTS \/ 2400 JTD CF2 136CV<br \/>\nFIAT &#8211; 1R MAREA DS GAMMA&#8217;99 (1999-2002)<br \/>\nFIAT &#8211; 1F MULTIPLA (1998-2010) IZDA. \/ ELX \/ SX MY 2002 \/ ELX MY 2002<br \/>\nFIAT &#8211; 51 NUOVA PUNTO MY2012 (2012-2013)<br \/>\nFIAT &#8211; 2H PALIO 2V EXTRA EUROPA REST. 2002 (2002-2011) AIRE ACONDICIONADO \/ EL 5DR (ZA) \/ GO BASIC 5DR (ZA) \/ 1697\u00a0TD\u00a0CF2<br \/>\nFIAT &#8211; 2H PALIO 2V EXTRA EUROPA REST. 2002 (2002-2011) LIMPIA LUNA \/ EX (MA) \/ 1000\u00a08V<br \/>\nFIAT &#8211; 3D PALIO 2V REST.2 (2005-2011) LIMPIA LUNA \/ BASE ECONOMY EXPORTACION \/ BASE EXPORT<br \/>\nFIAT &#8211; 1Y PALIO WE EXTRA EUROPA (1997-2002) AIRE ACONDICIONADO \/ 1697 TDS SOFT ECE08\/CF1 46KW \/ 1697 TDS SOFT CF2 51KW \/ 1697 TDS ECE08 53 KW<br \/>\nFIAT &#8211; PY PALIO\/WEEKEND EUROPA (1997-2002) 1697 TDS SW \/ AIRE ACONDICIONADO<br \/>\nFIAT &#8211; PY PALIO\/WEEKEND EUROPA (1997-2002) 1.9 DS CF3 \/ AIRE ACONDICIONADO<br \/>\nFIAT &#8211; 1N PUNTO BZ (1999-2003) GUARDIA CIVIL \/ CARABINIERI ELX \/ ELEVAL.ELEC.DELANT.<br \/>\nFIAT &#8211; 3J PUNTO EVO (2009-2011)<br \/>\nFIAT &#8211; 2U PUNTO FL.&#8217;03 (2003-2010) VAN BIPOWER \/ BIPOWER \/ ELEVAL.ELEC.DELANT.<br \/>\nFIAT &#8211; 2U PUNTO FL.&#8217;03 (2003-2010) GUARDIA CIVIL \/ ELEVAL.ELEC.DELANT.<br \/>\nFIAT &#8211; 2U PUNTO FL.&#8217;03 (2003-2010) BIPOWER F.L. 2008 \/ VAN BIPOWER F.L. 2008 \/ ELEVAL.ELEC.DELANT.<br \/>\nFIAT &#8211; 6U PUNTO MY 2013 (2013-&#8230;.)<br \/>\nFIAT &#8211; 1B PUNTO TB.DS. GAMMA&#8217;97 (1997-1999)<br \/>\nFIAT &#8211; 1H SEICENTO ELETTRA (1998-2003)<br \/>\nFIAT &#8211; 2L SIENA EXTRA EUROPA REST.(2002-2012) EL\u00a0(ZA) \/ ELX\u00a0(ZA)<br \/>\nFIAT &#8211; 3E SIENA REST.2 (2005-2011) LIMPIA LUNA \/ 1400\u00a08V\u00a080CV\/59KW\u00a0178F\u00a03011<br \/>\nFIAT &#8211; 3E SIENA REST.2 (2005-2011) 1400\u00a08V\u00a080CV\/59KW\u00a0178F\u00a05038<br \/>\nFIAT &#8211; 1D UNO MONDO (1995-2010) 1000 CARB. \/ 1000 USA 83 \/ 1000 CF2 \/ 1370 CARB. \/ 1242 SPI CF2 \/ 1100 CARB. \/ 1697 DS EM08<br \/>\nALFA ROMEO &#8211; W3 145 M.Y. &#8217;99 (1999-2000) ADDITIONAL HEATER AND AIR VENTS \/ 1910 JTD CF2<br \/>\nALFA ROMEO &#8211; W4 146 M.Y. &#8217;99 (1999-2000) ADDITIONAL HEATER AND AIR VENTS \/ 1910 JTD CF2<br \/>\nALFA ROMEO &#8211; T7 156 BENZINA (1997-2002)<br \/>\nALFA ROMEO &#8211; X1 156 M.Y.2002 BZ\/DS (2001-2005)<br \/>\nALFA ROMEO &#8211; T8 156 TD.ID. (1997-2002) ADDITIONAL HEATER AND AIR VENTS<br \/>\nALFA ROMEO &#8211; T8 156 TD.ID. (1997-2002)<br \/>\nALFA ROMEO &#8211; W9 166 BZ-DS (1998-2007) CALEFACTOR\u00a0ADICIONAL AUT\u00d3NOMO \/ SEDAN 98<br \/>\nALFA ROMEO &#8211; W9 166 BZ-DS (1998-2007) FL 03 PROGRESSION \/ FL 03 DISTINCTIVE \/ FL 03 BASIS<br \/>\nALFA ROMEO &#8211; X3 ALFA 159  (2005-2008) BN BASIS \/ BN MEDIUM \/ BN HIGH \/ BN TI<br \/>\nALFA ROMEO &#8211; X9 ALFA 159 (2008-2010)  BN. 3 VOLUMENES<br \/>\nALFA ROMEO &#8211; X2 GT (2003-2010)<br \/>\nALFA ROMEO &#8211; W0 GTV &#8217;98 (1998-2005)<br \/>\nALFA ROMEO &#8211; U9 SPIDER &#8217;98 (1998-2006)<br \/>\nLANCIA &#8211; TG MUSA (2004-2007)<br \/>\nLANCIA &#8211; TJ MUSA (2007-2011)<br \/>\nLANCIA &#8211; 43 MUSA FLL (2011-2012) ALIMENTACI\u00d3N GLP (EST\u00c1NDAR ITALIA)<br \/>\nLANCIA &#8211; TK NEW YPSILON (2011-&#8230;.)   \/<br \/>\nLANCIA &#8211; TK NEW YPSILON (2011-&#8230;.)  EURO 5 +<br \/>\nLANCIA &#8211; TK NEW YPSILON (2011-&#8230;.)  EURO 6<br \/>\nLANCIA &#8211; SU Y (1995-2000)<br \/>\nLANCIA &#8211; TA Y FL.2000 (2000-2003)<br \/>\nLANCIA &#8211; TE YPSILON (2003-2009) 1400\u00a08V\u00a0GPL<br \/>\nLANCIA &#8211; TI YPSILON (2009-2011)<br \/>\nFIAT PROFESSIONAL &#8211; PD DUCATO &#8217;94 BENZINA (1994-2002)<br \/>\nFIAT PROFESSIONAL &#8211; 2E DUCATO RESTYL. BZ\/DS (2001-2006)<br \/>\nFIAT PROFESSIONAL &#8211; 2E DUCATO RESTYL. BZ\/DS (2001-2006) ADDITIONAL HEATER AND AIR VENTS \/ AUTOMATIC HEATER<br \/>\nFIAT PROFESSIONAL &#8211; 3T DUCATO RUSSIA 2008 (2008-2011)<br \/>\nFIAT PROFESSIONAL &#8211; 3T DUCATO RUSSIA 2008 (2008-2011) ADDITIONAL HEATER AND AIR VENTS \/ AUTOMATIC HEATER<br \/>\nFIAT PROFESSIONAL &#8211; 3T DUCATO RUSSIA 2008 (2008-2011) AIRE ACONDICIONADO<br \/>\nFIAT PROFESSIONAL &#8211; PE DUCATO&#8217;94 DIESEL (1994-2002) CALEFACTOR\u00a0ADICIONAL AUT\u00d3NOMO \/ 2800 JTD \/ 2800 JTD EGR<br \/>\nFIAT PROFESSIONAL &#8211; PE DUCATO&#8217;94 DIESEL (1994-2002) 2800 JTD \/ 2800 JTD EGR<br \/>\nFIAT PROFESSIONAL &#8211; 2N FIORINO RL (1993-2000) 1697 TB\/DS<br \/>\nFIAT PROFESSIONAL &#8211; 2J NUOVO DUCATO 2006 (2006-2014)<br \/>\nFIAT PROFESSIONAL &#8211; 4X NUOVO DUCATO MY 2011 (2011-2014) COMBINATO MODULAR Y SIN EMBELLECEDOR MANDOS AMBULANCIA \/ FAM. B DS<br \/>\nFIAT PROFESSIONAL &#8211; 4X NUOVO DUCATO MY 2011 (2011-2014) COMBINATO MODULAR \/  Y SIN EMBELLECEDOR MANDOS AMBULANCIA \/ F1A<br \/>\nFIAT PROFESSIONAL &#8211; 4X NUOVO DUCATO MY 2011 (2011-2014) ACRISTALADO BASE MINIBUS Y SIN EMBELLECEDOR MANDOS AMBULANCIA \/ F1C<br \/>\nFIAT PROFESSIONAL &#8211; 4Y NUOVO DUCATO MY 2014 (2014-&#8230;.) COMBINATO MODULARE \/ FAM. B DS \/ LIM.CEE FASE 5<br \/>\nFIAT PROFESSIONAL &#8211; 4Y NUOVO DUCATO MY 2014 (2014-&#8230;.) AMBULANCE COMMAND PLATES \/ FAM. B DS \/ LIM.CEE FASE 5<br \/>\nFIAT PROFESSIONAL &#8211; 4Y NUOVO DUCATO MY 2014 (2014-&#8230;.) COMBINATO MODULARE \/  Y SIN AMBULANCE COMMAND PLATES \/ F1C \/ LIM.CEE FASE 5<br \/>\nFIAT PROFESSIONAL &#8211; 4Y NUOVO DUCATO MY 2014 (2014-&#8230;.) AMBULANCE COMMAND PLATES \/ F1C \/ LIM.CEE FASE 5<br \/>\nFIAT PROFESSIONAL &#8211; 3N NUOVO FIORINO-QUBO (2007-&#8230;.) EXCLUSI\u00d3N\u00a0ASIENTO\u00a0PASAJERO<br \/>\nFIAT PROFESSIONAL &#8211; 1G STRADA (1999-2005) 1697 TDS \/ AIRE ACONDICIONADO<br \/>\nFIAT PROFESSIONAL &#8211; 1G STRADA (1999-2005) 1.9 DS CF3 \/ AIRE ACONDICIONADO<br \/>\nFIAT PROFESSIONAL &#8211; 1G STRADA (1999-2005) LIMPIA LUNA \/ TREKKING-SIRIA<br \/>\nFIAT PROFESSIONAL &#8211; 3G STRADA REST. 2 (2005-2011) 1697\u00a0TB\/DS\u00a0CF2 \/ EL\u00a0(ZA) \/ ELX\u00a0(ZA)<\/p>\n<p>LA PIEZA ES NUEVA Y ORIGINAL.<\/p>\n","protected":false},"excerpt":{"rendered":"<p>Rel\u00e9 multifunci\u00f3n de la calefacci\u00f3n, limpiaparabrisas, alumbrado exterior, cableado el\u00e9ctrico, botones, interruptores, etc&#8230; Tensi\u00f3n nominal: 12V Intensidad de corriente: 10A \/ 20A FIAT &#8211; 73 500L (2012-&#8230;.) FIAT &#8211; 1M BRAVA G.98 (1998-2001) ADDITIONAL HEATER AND AIR VENTS \/ 1910 JTD (105 CV) \/ 1910 JTD CF3 FIAT &#8211; 1L BRAVO G.98 (1998-2001) ADDITIONAL HEATER [&hellip;]<\/p>\n","protected":false},"featured_media":67692,"template":"","meta":{"_seopress_robots_primary_cat":"","_seopress_titles_title":"","_seopress_titles_desc":"","_seopress_robots_index":""},"product_cat":[45,46,49,51,57,16,155,81,82,23,85,88,20,91,92,50,55,137,21,95,96,121,98,24,101,106,107,56,109,114,127],"product_tag":[],"class_list":{"0":"post-67691","1":"product","2":"type-product","3":"status-publish","4":"has-post-thumbnail","6":"product_cat-recambios-alfa-romeo-145","7":"product_cat-recambios-alfa-romeo-146","8":"product_cat-recambios-alfa-romeo-156","9":"product_cat-recambios-alfa-romeo-159","10":"product_cat-recambios-alfa-romeo-166","11":"product_cat-recambios-alfa-romeo","12":"product_cat-recambios-peugeot-boxer","13":"product_cat-recambios-fiat-brava","14":"product_cat-recambios-fiat-bravo","15":"product_cat-recambios-citroen","16":"product_cat-recambios-fiat-coupe","17":"product_cat-recambios-fiat-ducato","18":"product_cat-recambios-fiat","19":"product_cat-recambios-fiat-fiorino","20":"product_cat-recambios-fiat-grande-punto","21":"product_cat-recambios-alfa-romeo-gt","22":"product_cat-recambios-alfa-romeo-gtv","23":"product_cat-recambios-citroen-jumper","24":"product_cat-recambios-lancia","25":"product_cat-recambios-fiat-marea","26":"product_cat-recambios-fiat-multipla","27":"product_cat-recambios-lancia-musa","28":"product_cat-recambios-fiat-palio","29":"product_cat-recambios-peugeot","30":"product_cat-recambios-fiat-punto","31":"product_cat-recambios-fiat-seicento","32":"product_cat-recambios-fiat-siena","33":"product_cat-recambios-alfa-romeo-spider","34":"product_cat-recambios-fiat-strada","35":"product_cat-recambios-fiat-uno","36":"product_cat-recambios-lancia-ypsilon","38":"first","39":"outofstock","40":"taxable","41":"shipping-taxable","42":"purchasable","43":"product-type-simple"},"_links":{"self":[{"href":"https:\/\/galicianparts.com\/shop\/wp-json\/wp\/v2\/product\/67691"}],"collection":[{"href":"https:\/\/galicianparts.com\/shop\/wp-json\/wp\/v2\/product"}],"about":[{"href":"https:\/\/galicianparts.com\/shop\/wp-json\/wp\/v2\/types\/product"}],"wp:featuredmedia":[{"embeddable":true,"href":"https:\/\/galicianparts.com\/shop\/wp-json\/wp\/v2\/media\/67692"}],"wp:attachment":[{"href":"https:\/\/galicianparts.com\/shop\/wp-json\/wp\/v2\/media?parent=67691"}],"wp:term":[{"taxonomy":"product_cat","embeddable":true,"href":"https:\/\/galicianparts.com\/shop\/wp-json\/wp\/v2\/product_cat?post=67691"},{"taxonomy":"product_tag","embeddable":true,"href":"https:\/\/galicianparts.com\/shop\/wp-json\/wp\/v2\/product_tag?post=67691"}],"curies":[{"name":"wp","href":"https:\/\/api.w.org\/{rel}","templated":true}]}}