{"id":67700,"date":"2023-02-01T12:53:45","date_gmt":"2023-02-01T10:53:45","guid":{"rendered":"https:\/\/galicianparts.com\/shop\/producto\/7597870-muelle-valvula-fiat-croma-1-9-td-1990-1996-nuevo-original\/"},"modified":"2023-02-01T12:55:06","modified_gmt":"2023-02-01T10:55:06","slug":"7597870-muelle-valvula-fiat-croma-1-9-td-1990-1996-nuevo-original","status":"publish","type":"product","link":"https:\/\/galicianparts.com\/shop\/producto\/7597870-muelle-valvula-fiat-croma-1-9-td-1990-1996-nuevo-original\/","title":{"rendered":"7597870 Muelle v\u00e1lvula Fiat Croma 1.9 TD (1990-1996) NUEVO ORIGINAL"},"content":{"rendered":"<p>Resorte de las v\u00e1lvulas del motor de:<br \/>\nLargo: 58 mm<br \/>\nDi\u00e1metro exterior: 31,1 mm<br \/>\nDi\u00e1metro interior: 23,3 mm<\/p>\n<p>FIAT &#8211; MJ CROMA TURBO DIESEL FL.90 (1990-1996) 1930 (154C6.000) \/ 1930 (154D1.000)<\/p>\n<p>LA PIEZA ES NUEVA Y ORIGINAL.<\/p>\n","protected":false},"excerpt":{"rendered":"<p>Resorte de las v\u00e1lvulas del motor de: Largo: 58 mm Di\u00e1metro exterior: 31,1 mm Di\u00e1metro interior: 23,3 mm FIAT &#8211; MJ CROMA TURBO DIESEL FL.90 (1990-1996) 1930 (154C6.000) \/ 1930 (154D1.000) LA PIEZA ES NUEVA Y ORIGINAL.<\/p>\n","protected":false},"featured_media":67703,"template":"","meta":{"_seopress_robots_primary_cat":"","_seopress_titles_title":"","_seopress_titles_desc":"","_seopress_robots_index":""},"product_cat":[86,20],"product_tag":[],"class_list":{"0":"post-67700","1":"product","2":"type-product","3":"status-publish","4":"has-post-thumbnail","6":"product_cat-recambios-fiat-croma","7":"product_cat-recambios-fiat","9":"first","10":"instock","11":"taxable","12":"shipping-taxable","13":"purchasable","14":"product-type-simple"},"_links":{"self":[{"href":"https:\/\/galicianparts.com\/shop\/wp-json\/wp\/v2\/product\/67700"}],"collection":[{"href":"https:\/\/galicianparts.com\/shop\/wp-json\/wp\/v2\/product"}],"about":[{"href":"https:\/\/galicianparts.com\/shop\/wp-json\/wp\/v2\/types\/product"}],"wp:featuredmedia":[{"embeddable":true,"href":"https:\/\/galicianparts.com\/shop\/wp-json\/wp\/v2\/media\/67703"}],"wp:attachment":[{"href":"https:\/\/galicianparts.com\/shop\/wp-json\/wp\/v2\/media?parent=67700"}],"wp:term":[{"taxonomy":"product_cat","embeddable":true,"href":"https:\/\/galicianparts.com\/shop\/wp-json\/wp\/v2\/product_cat?post=67700"},{"taxonomy":"product_tag","embeddable":true,"href":"https:\/\/galicianparts.com\/shop\/wp-json\/wp\/v2\/product_tag?post=67700"}],"curies":[{"name":"wp","href":"https:\/\/api.w.org\/{rel}","templated":true}]}}