{"id":6779,"date":"2020-10-22T12:54:09","date_gmt":"2020-10-22T10:54:09","guid":{"rendered":"https:\/\/galicianparts.com\/shop\/producto\/40004290-reten-ciguenal-lancia-delta-fiat-124-131-original\/"},"modified":"2024-10-30T15:50:59","modified_gmt":"2024-10-30T13:50:59","slug":"40004290-reten-ciguenal-lancia-delta-fiat-124-131-original","status":"publish","type":"product","link":"https:\/\/galicianparts.com\/shop\/producto\/40004290-reten-ciguenal-lancia-delta-fiat-124-131-original\/","title":{"rendered":"40004290 Ret\u00e9n cig\u00fce\u00f1al Lancia Delta HF TB\/ Fiat 124 \/131 \/Ritmo \/Seat ORIGINAL"},"content":{"rendered":"<p>Ret\u00e9n de la tapa del c\u00e1rter, apoyo del cig\u00fce\u00f1al del lado del volante de motor de:<br \/>\nMedidas: 90x70x10 mm<\/p>\n<p>FIAT Ritmo I (138)<br \/>\n1.6, A\u00f1o 12.1985 &#8211; 12.1987, 1585 ccm, 90 cv<br \/>\n1.6, A\u00f1o 05.1981 &#8211; 12.1987, 1585 ccm, 105 cv<br \/>\nFIAT 131 Berlina (131)<br \/>\n1.3 Super Mirafiori, A\u00f1o 03.1978 &#8211; 12.1980, 1297 ccm, 78 cv<br \/>\n1.4 Mirafiori, A\u00f1o 11.1980 &#8211; 01.1984, 1367 ccm, 70 cv<br \/>\n1.4 Super Mirafiori, A\u00f1o 04.1981 &#8211; 12.1983, 1367 ccm, 75 cv<br \/>\n1.6 (131A1), A\u00f1o 10.1974 &#8211; 09.1981, 1585 ccm, 75 cv<br \/>\n1.6 Super Mirafiori, A\u00f1o 03.1979 &#8211; 03.1982, 1585 ccm, 98 cv<br \/>\nFIAT 131 Familiare \/ Panorama (131)<br \/>\n1.3 Mirafiori (131AF), A\u00f1o 03.1975 &#8211; 12.1978, 1297 ccm, 54 cv<br \/>\n1.4 Mirafiori, A\u00f1o 11.1981 &#8211; 01.1984, 1367 ccm, 70 cv<br \/>\n1.6, A\u00f1o 11.1980 &#8211; 12.1984, 1585 ccm, 85 cv<br \/>\n1.6 CL, A\u00f1o 03.1975 &#8211; 12.1978, 1585 ccm, 75 cv<br \/>\n1.6 Super, A\u00f1o 12.1979 &#8211; 12.1981, 1585 ccm, 97 cv<br \/>\nFIAT Croma I Hatchback (154)<br \/>\n1.6, A\u00f1o 12.1985 &#8211; 12.1990, 1585 ccm, 83 cv<br \/>\n2.5 TD, A\u00f1o 12.1985 &#8211; 08.1989, 2445 ccm, 101 cv<br \/>\nFIAT Argenta (132)<br \/>\n1.6, A\u00f1o 04.1981 &#8211; 12.1985, 1585 ccm, 98 cv<br \/>\nFIAT Tipo Hatchback (160)<br \/>\n1.4 i.e., A\u00f1o 05.1989 &#8211; 04.1995, 1372 ccm, 70 cv<br \/>\nFIAT 238-Serie Bus<br \/>\n1.4, A\u00f1o 09.1966 &#8211; 06.1976, 1440 ccm, 46 cv<br \/>\nFIAT 242-Serie Furg\u00f3n<br \/>\n1.9, A\u00f1o 10.1975 &#8211; 07.1982, 1995 ccm, 69 cv<br \/>\nFIAT 124 (124)<br \/>\n1200 (124A), A\u00f1o 09.1967 &#8211; 07.1975, 1197 ccm, 65 cv<br \/>\n1400 Special, A\u00f1o 12.1968 &#8211; 12.1972, 1438 ccm, 70 cv<br \/>\n1400 Special (124A), A\u00f1o 01.1971 &#8211; 07.1975, 1438 ccm, 75 cv<br \/>\nFIAT 124 Coup\u00e9 (124)<br \/>\n1.4 Sport, A\u00f1o 06.1967 &#8211; 10.1972, 1438 ccm, 90 cv<br \/>\n1.8 Sport, A\u00f1o 01.1973 &#8211; 02.1976, 1756 ccm, 118 cv<br \/>\nFIAT 124 Sport Spider (124)<br \/>\n1500 Sport (BS), A\u00f1o 01.1966 &#8211; 12.1972, 1438 ccm, 90 cv<br \/>\n1600 Sport (BS1), A\u00f1o 11.1969 &#8211; 08.1973, 1608 ccm, 100 cv<br \/>\n1800 Sport (CS1), A\u00f1o 01.1972 &#8211; 12.1977, 1756 ccm, 118 cv<br \/>\nFIAT 125 Berlina (125)<br \/>\n1.6 (TA), A\u00f1o 10.1968 &#8211; 10.1973, 1608 ccm, 100 cv<br \/>\nFIAT 132 (132_)<br \/>\n1.6, A\u00f1o 05.1977 &#8211; 09.1982, 1585 ccm, 88 cv<br \/>\n1.6, A\u00f1o 01.1976 &#8211; 12.1982, 1585 ccm, 98 cv<br \/>\nFIAT 242 Bus (242_)<br \/>\n1.9, A\u00f1o 10.1975 &#8211; 07.1982, 1995 ccm, 69 cv<\/p>\n<p>LANCIA Delta I (831)<br \/>\n1.6 GT (831AB.06), A\u00f1o 11.1982 &#8211; 04.1986, 1585 ccm, 105 cv<br \/>\n1.6 GT i.e., A\u00f1o 05.1987 &#8211; 08.1992, 1585 ccm, 90 cv<br \/>\n1.6 GT i.e., A\u00f1o 08.1986 &#8211; 08.1988, 1585 ccm, 109 cv<br \/>\n1.6 HF Turbo (831AB.0), A\u00f1o 10.1983 &#8211; 12.1986, 1585 ccm, 131 cv<br \/>\n1.6 HF Turbo, A\u00f1o 08.1986 &#8211; 08.1988, 1585 ccm, 140 cv<br \/>\n1.6 HF Turbo, A\u00f1o 04.1987 &#8211; 03.1989, 1585 ccm, 132 cv<br \/>\nLANCIA Prisma (831)<br \/>\n1.6 (831AB), A\u00f1o 08.1986 &#8211; 02.1992, 1585 ccm, 99 cv<br \/>\n1.6 (831AB), A\u00f1o 01.1983 &#8211; 04.1986, 1585 ccm, 105 cv<br \/>\n1.6 i.e. (831AB), A\u00f1o 05.1986 &#8211; 12.1989, 1585 ccm, 109 cv<br \/>\n1.6 i.e. Super (831AB), A\u00f1o 05.1987 &#8211; 12.1989, 1585 ccm, 90 cv<\/p>\n<p>SEAT Ronda (022A)<br \/>\n1.2, A\u00f1o 10.1984 &#8211; 12.1986, 1193 ccm, 60 cv<br \/>\n1.2, A\u00f1o 08.1983 &#8211; 05.1985, 1197 ccm, 64 cv<br \/>\n1.5, A\u00f1o 09.1984 &#8211; 12.1986, 1461 ccm, 85 cv<br \/>\nSEAT Malaga (023A)<br \/>\n1.2, A\u00f1o 05.1985 &#8211; 12.1993, 1193 ccm, 60 cv<br \/>\n1.2, A\u00f1o 11.1984 &#8211; 12.1993, 1193 ccm, 64 cv<br \/>\n1.2 i, A\u00f1o 12.1989 &#8211; 12.1993, 1193 ccm, 71 cv<br \/>\n1.5, A\u00f1o 05.1985 &#8211; 12.1993, 1461 ccm, 85 cv<br \/>\n1.5 i, A\u00f1o 01.1987 &#8211; 12.1993, 1461 ccm, 100 cv<br \/>\n1.5 i Cat, A\u00f1o 10.1986 &#8211; 12.1993, 1461 ccm, 90 cv<br \/>\nSEAT Ibiza I Hatchback (021A)<br \/>\n1.2, A\u00f1o 11.1984 &#8211; 12.1993, 1193 ccm, 60 cv<br \/>\n1.2, A\u00f1o 11.1984 &#8211; 12.1993, 1193 ccm, 63 cv<br \/>\n1.2 i, A\u00f1o 01.1989 &#8211; 05.1993, 1193 ccm, 71 cv<br \/>\n1.5, A\u00f1o 11.1984 &#8211; 05.1993, 1461 ccm, 85 cv<br \/>\n1.5 i, A\u00f1o 10.1986 &#8211; 05.1993, 1461 ccm, 89 cv<br \/>\n1.5 i, A\u00f1o 10.1986 &#8211; 05.1993, 1461 ccm, 100 cv<br \/>\n1.5 i Cat, A\u00f1o 10.1986 &#8211; 05.1993, 1461 ccm, 90 cv<br \/>\nSEAT 131<br \/>\n1.6, A\u00f1o 03.1982 &#8211; 01.1985, 1592 ccm, 97 cv<br \/>\n2.0, A\u00f1o 06.1978 &#8211; 12.1985, 1994 ccm, 116 cv<br \/>\nSEAT 132 Berlina<br \/>\n1.6, A\u00f1o 05.1973 &#8211; 12.1980, 1592 ccm, 98 cv<\/p>\n<p>LA PIEZA ES NUEVA Y ORIGINAL.<\/p>\n","protected":false},"excerpt":{"rendered":"<p>Ret\u00e9n de la tapa del c\u00e1rter, apoyo del cig\u00fce\u00f1al del lado del volante de motor de: Medidas: 90x70x10 mm FIAT Ritmo I (138) 1.6, A\u00f1o 12.1985 &#8211; 12.1987, 1585 ccm, 90 cv 1.6, A\u00f1o 05.1981 &#8211; 12.1987, 1585 ccm, 105 cv FIAT 131 Berlina (131) 1.3 Super Mirafiori, A\u00f1o 03.1978 &#8211; 12.1980, 1297 ccm, 78 [&hellip;]<\/p>\n","protected":false},"featured_media":82963,"template":"","meta":{"_seopress_robots_primary_cat":"","_seopress_titles_title":"","_seopress_titles_desc":"","_seopress_robots_index":""},"product_cat":[65,66,70,199,232,71,209,73,79,86,118,20,162,21,164,123,103,165,26,112],"product_tag":[],"class_list":{"0":"post-6779","1":"product","2":"type-product","3":"status-publish","4":"has-post-thumbnail","6":"product_cat-recambios-fiat-124","7":"product_cat-recambios-fiat-125","8":"product_cat-recambios-fiat-131","9":"product_cat-recambios-seat-131","10":"product_cat-recambios-seat-132","11":"product_cat-recambios-fiat-132","12":"product_cat-recambios-fiat-238","13":"product_cat-recambios-fiat-242","14":"product_cat-recambios-fiat-argenta","15":"product_cat-recambios-fiat-croma","16":"product_cat-recambios-lancia-delta","17":"product_cat-recambios-fiat","18":"product_cat-recambios-seat-ibiza","19":"product_cat-recambios-lancia","20":"product_cat-recambios-seat-malaga","21":"product_cat-recambios-lancia-prisma","22":"product_cat-recambios-fiat-ritmo","23":"product_cat-recambios-seat-ronda","24":"product_cat-recambios-seat","25":"product_cat-recambios-fiat-tipo","27":"first","28":"outofstock","29":"taxable","30":"shipping-taxable","31":"purchasable","32":"product-type-simple"},"_links":{"self":[{"href":"https:\/\/galicianparts.com\/shop\/wp-json\/wp\/v2\/product\/6779"}],"collection":[{"href":"https:\/\/galicianparts.com\/shop\/wp-json\/wp\/v2\/product"}],"about":[{"href":"https:\/\/galicianparts.com\/shop\/wp-json\/wp\/v2\/types\/product"}],"wp:featuredmedia":[{"embeddable":true,"href":"https:\/\/galicianparts.com\/shop\/wp-json\/wp\/v2\/media\/82963"}],"wp:attachment":[{"href":"https:\/\/galicianparts.com\/shop\/wp-json\/wp\/v2\/media?parent=6779"}],"wp:term":[{"taxonomy":"product_cat","embeddable":true,"href":"https:\/\/galicianparts.com\/shop\/wp-json\/wp\/v2\/product_cat?post=6779"},{"taxonomy":"product_tag","embeddable":true,"href":"https:\/\/galicianparts.com\/shop\/wp-json\/wp\/v2\/product_tag?post=6779"}],"curies":[{"name":"wp","href":"https:\/\/api.w.org\/{rel}","templated":true}]}}