{"id":67846,"date":"2023-02-03T11:51:42","date_gmt":"2023-02-03T09:51:42","guid":{"rendered":"https:\/\/galicianparts.com\/shop\/producto\/12331487-conexion-electrica-3-pin-fiat-uno-mondo-1995-2010-nuevo-original\/"},"modified":"2023-02-03T11:53:20","modified_gmt":"2023-02-03T09:53:20","slug":"12331487-conexion-electrica-3-pin-fiat-uno-mondo-1995-2010-nuevo-original","status":"publish","type":"product","link":"https:\/\/galicianparts.com\/shop\/producto\/12331487-conexion-electrica-3-pin-fiat-uno-mondo-1995-2010-nuevo-original\/","title":{"rendered":"12331487 Conexi\u00f3n el\u00e9ctrica 3 pin Fiat Uno Mondo (1995-2010) NUEVO ORIGINAL"},"content":{"rendered":"<p>Ficha, clavija el\u00e9ctrica de 3 pin de:<br \/>\nFIAT &#8211; 1D UNO MONDO (1995-2010) 1242\u00a08V\u00a0MPI\u00a0CF3 \/ 1697 ASPIRATED DIESEL<\/p>\n<p>LA PIEZA ES NUEVA Y ORIGINAL.<\/p>\n","protected":false},"excerpt":{"rendered":"<p>Ficha, clavija el\u00e9ctrica de 3 pin de: FIAT &#8211; 1D UNO MONDO (1995-2010) 1242\u00a08V\u00a0MPI\u00a0CF3 \/ 1697 ASPIRATED DIESEL LA PIEZA ES NUEVA Y ORIGINAL.<\/p>\n","protected":false},"featured_media":67848,"template":"","meta":{"_seopress_robots_primary_cat":"","_seopress_titles_title":"","_seopress_titles_desc":"","_seopress_robots_index":""},"product_cat":[20,114],"product_tag":[],"class_list":{"0":"post-67846","1":"product","2":"type-product","3":"status-publish","4":"has-post-thumbnail","6":"product_cat-recambios-fiat","7":"product_cat-recambios-fiat-uno","9":"first","10":"instock","11":"taxable","12":"shipping-taxable","13":"purchasable","14":"product-type-simple"},"_links":{"self":[{"href":"https:\/\/galicianparts.com\/shop\/wp-json\/wp\/v2\/product\/67846"}],"collection":[{"href":"https:\/\/galicianparts.com\/shop\/wp-json\/wp\/v2\/product"}],"about":[{"href":"https:\/\/galicianparts.com\/shop\/wp-json\/wp\/v2\/types\/product"}],"wp:featuredmedia":[{"embeddable":true,"href":"https:\/\/galicianparts.com\/shop\/wp-json\/wp\/v2\/media\/67848"}],"wp:attachment":[{"href":"https:\/\/galicianparts.com\/shop\/wp-json\/wp\/v2\/media?parent=67846"}],"wp:term":[{"taxonomy":"product_cat","embeddable":true,"href":"https:\/\/galicianparts.com\/shop\/wp-json\/wp\/v2\/product_cat?post=67846"},{"taxonomy":"product_tag","embeddable":true,"href":"https:\/\/galicianparts.com\/shop\/wp-json\/wp\/v2\/product_tag?post=67846"}],"curies":[{"name":"wp","href":"https:\/\/api.w.org\/{rel}","templated":true}]}}