{"id":68135,"date":"2023-02-13T15:06:19","date_gmt":"2023-02-13T13:06:19","guid":{"rendered":"https:\/\/galicianparts.com\/shop\/producto\/9633518580-sensor-temperatura-bomba-agua-fiat-ducato-94-06-nuevo-original\/"},"modified":"2024-12-18T11:50:08","modified_gmt":"2024-12-18T09:50:08","slug":"9633518580-sensor-temperatura-bomba-agua-fiat-ducato-94-06-nuevo-original","status":"publish","type":"product","link":"https:\/\/galicianparts.com\/shop\/producto\/9633518580-sensor-temperatura-bomba-agua-fiat-ducato-94-06-nuevo-original\/","title":{"rendered":"9633518580 Sensor temperatura refrigerante Fiat Ducato (94-06) Peugeot \/Citroen NUEVO ORIGINAL"},"content":{"rendered":"<p>Electrovalvula de temperatura del refrigerante del termostato de:<\/p>\n<p>FIAT Ducato II (230)<br \/>\n2.0 JTD, A\u00f1o 10.2001 &#8211; 04.2002, 1997 , 84<br \/>\nFIAT Ducato II (244)<br \/>\n2.0 JTD, A\u00f1o 04.2002 &#8211; &#8230;, 1997 , 84<\/p>\n<p>CITRO\u00cbN Berlingo \/ Berlingo First I Furg\u00f3n (M)<br \/>\n2.0 HDI 90, A\u00f1o 12.1999 &#8211; 12.2011, 1997 , 90<br \/>\n2.0 HDI 90 4WD, A\u00f1o 11.2000 &#8211; 10.2005, 1997 , 90<br \/>\nCITRO\u00cbN Berlingo \/ Berlingo First I (MF, GJK, GFK)<br \/>\n2.0 HDI 90, A\u00f1o 12.1999 &#8211; 10.2005, 1997 , 90<br \/>\nCITRO\u00cbN Xsara (N1)<br \/>\n2.0 HDi 90, A\u00f1o 02.1999 &#8211; 03.2005, 1997 , 90<br \/>\nCITRO\u00cbN Jumper I Furg\u00f3n (230)<br \/>\n2.0 HDI, A\u00f1o 11.2001 &#8211; 04.2002, 1997 , 84<br \/>\nCITRO\u00cbN Jumper I Furg\u00f3n (244)<br \/>\n2.0 HDi, A\u00f1o 04.2002 &#8211; &#8230;, 1997 , 84<br \/>\n2.2 HDi, A\u00f1o 04.2002 &#8211; &#8230;, 2179 , 101<\/p>\n<p>PEUGEOT 306<br \/>\n2.0 HDI 90, A\u00f1o 06.1999 &#8211; 05.2001, 1997 , 90<br \/>\nPEUGEOT Boxer (230)<br \/>\n2.0 HDI, A\u00f1o 08.2001 &#8211; 04.2002, 1997 , 84<br \/>\nPEUGEOT Partner I<br \/>\n2.0 HDi, A\u00f1o 04.2000 &#8211; 07.2008, 1997 , 90<br \/>\nPEUGEOT 206 (2A\/C)<br \/>\n2.0 HDI 90, A\u00f1o 12.1999 &#8211; 09.2009, 1997 , 90<br \/>\nPEUGEOT Boxer (244)<br \/>\n2.0 HDi, A\u00f1o 04.2002 &#8211; &#8230;, 1997 , 84<br \/>\n2.2 HDi, A\u00f1o 04.2002 &#8211; &#8230;, 2179 , 101<\/p>\n<p>LA PIEZA ES NUEVA Y ORIGINAL.<\/p>\n","protected":false},"excerpt":{"rendered":"<p>Electrovalvula de temperatura del refrigerante del termostato de: FIAT Ducato II (230) 2.0 JTD, A\u00f1o 10.2001 &#8211; 04.2002, 1997 , 84 FIAT Ducato II (244) 2.0 JTD, A\u00f1o 04.2002 &#8211; &#8230;, 1997 , 84 CITRO\u00cbN Berlingo \/ Berlingo First I Furg\u00f3n (M) 2.0 HDI 90, A\u00f1o 12.1999 &#8211; 12.2011, 1997 , 90 2.0 HDI 90 [&hellip;]<\/p>\n","protected":false},"featured_media":68461,"template":"","meta":{"_seopress_robots_primary_cat":"","_seopress_titles_title":"","_seopress_titles_desc":"","_seopress_robots_index":""},"product_cat":[146,147,129,155,23,88,20,137,158,24,143],"product_tag":[],"class_list":{"0":"post-68135","1":"product","2":"type-product","3":"status-publish","4":"has-post-thumbnail","6":"product_cat-recambios-peugeot-206","7":"product_cat-recambios-peugeot-306","8":"product_cat-recambios-citroen-berlingo","9":"product_cat-recambios-peugeot-boxer","10":"product_cat-recambios-citroen","11":"product_cat-recambios-fiat-ducato","12":"product_cat-recambios-fiat","13":"product_cat-recambios-citroen-jumper","14":"product_cat-recambios-peugeot-partner","15":"product_cat-recambios-peugeot","16":"product_cat-recambios-citroen-xsara","18":"first","19":"outofstock","20":"taxable","21":"shipping-taxable","22":"purchasable","23":"product-type-simple"},"_links":{"self":[{"href":"https:\/\/galicianparts.com\/shop\/wp-json\/wp\/v2\/product\/68135"}],"collection":[{"href":"https:\/\/galicianparts.com\/shop\/wp-json\/wp\/v2\/product"}],"about":[{"href":"https:\/\/galicianparts.com\/shop\/wp-json\/wp\/v2\/types\/product"}],"wp:featuredmedia":[{"embeddable":true,"href":"https:\/\/galicianparts.com\/shop\/wp-json\/wp\/v2\/media\/68461"}],"wp:attachment":[{"href":"https:\/\/galicianparts.com\/shop\/wp-json\/wp\/v2\/media?parent=68135"}],"wp:term":[{"taxonomy":"product_cat","embeddable":true,"href":"https:\/\/galicianparts.com\/shop\/wp-json\/wp\/v2\/product_cat?post=68135"},{"taxonomy":"product_tag","embeddable":true,"href":"https:\/\/galicianparts.com\/shop\/wp-json\/wp\/v2\/product_tag?post=68135"}],"curies":[{"name":"wp","href":"https:\/\/api.w.org\/{rel}","templated":true}]}}