{"id":6816,"date":"2020-10-22T18:51:47","date_gmt":"2020-10-22T16:51:47","guid":{"rendered":"https:\/\/galicianparts.com\/shop\/producto\/7553000-valvula-admision-fiat-uno-1-4-td-1989-1995-nueva-original\/"},"modified":"2021-11-09T22:30:45","modified_gmt":"2021-11-09T20:30:45","slug":"7553000-valvula-admision-fiat-uno-1-4-td-1989-1995-nueva-original","status":"publish","type":"product","link":"https:\/\/galicianparts.com\/shop\/producto\/7553000-valvula-admision-fiat-uno-1-4-td-1989-1995-nueva-original\/","title":{"rendered":"7553000 V\u00e1lvula admisi\u00f3n Fiat Uno 1.4 TD (1989-1995) NUEVA ORIGINAL"},"content":{"rendered":"<p>V\u00e1lvula de admisi\u00f3n de motor 1367 TD de FIAT &#8211; MU UNO DIESEL R\/89 (1989-1995)<br \/>\nLA PIEZA ES NUEVA Y ORIGINAL.<\/p>\n","protected":false},"excerpt":{"rendered":"<p>V\u00e1lvula de admisi\u00f3n de motor 1367 TD de FIAT &#8211; MU UNO DIESEL R\/89 (1989-1995) LA PIEZA ES NUEVA Y ORIGINAL.<\/p>\n","protected":false},"featured_media":6817,"template":"","meta":{"_seopress_robots_primary_cat":"","_seopress_titles_title":"","_seopress_titles_desc":"","_seopress_robots_index":""},"product_cat":[20,114],"product_tag":[],"class_list":{"0":"post-6816","1":"product","2":"type-product","3":"status-publish","4":"has-post-thumbnail","6":"product_cat-recambios-fiat","7":"product_cat-recambios-fiat-uno","9":"first","10":"outofstock","11":"taxable","12":"shipping-taxable","13":"purchasable","14":"product-type-simple"},"_links":{"self":[{"href":"https:\/\/galicianparts.com\/shop\/wp-json\/wp\/v2\/product\/6816"}],"collection":[{"href":"https:\/\/galicianparts.com\/shop\/wp-json\/wp\/v2\/product"}],"about":[{"href":"https:\/\/galicianparts.com\/shop\/wp-json\/wp\/v2\/types\/product"}],"wp:featuredmedia":[{"embeddable":true,"href":"https:\/\/galicianparts.com\/shop\/wp-json\/wp\/v2\/media\/6817"}],"wp:attachment":[{"href":"https:\/\/galicianparts.com\/shop\/wp-json\/wp\/v2\/media?parent=6816"}],"wp:term":[{"taxonomy":"product_cat","embeddable":true,"href":"https:\/\/galicianparts.com\/shop\/wp-json\/wp\/v2\/product_cat?post=6816"},{"taxonomy":"product_tag","embeddable":true,"href":"https:\/\/galicianparts.com\/shop\/wp-json\/wp\/v2\/product_tag?post=6816"}],"curies":[{"name":"wp","href":"https:\/\/api.w.org\/{rel}","templated":true}]}}