{"id":68258,"date":"2023-02-15T10:48:06","date_gmt":"2023-02-15T08:48:06","guid":{"rendered":"https:\/\/galicianparts.com\/shop\/producto\/9621917480-junta-culata-m-1-9-d-td-fiat-ducato-94-02-scudo-citroen-peugeot-original\/"},"modified":"2024-12-10T22:38:18","modified_gmt":"2024-12-10T20:38:18","slug":"9621917480-junta-culata-m-1-9-d-td-fiat-ducato-94-02-scudo-citroen-peugeot-original","status":"publish","type":"product","link":"https:\/\/galicianparts.com\/shop\/producto\/9621917480-junta-culata-m-1-9-d-td-fiat-ducato-94-02-scudo-citroen-peugeot-original\/","title":{"rendered":"9621917480 Junta culata M 1.9 D\/TD Fiat Ducato (94-02) Scudo \/Citro\u00ebn \/Peugeot ORIGINAL"},"content":{"rendered":"<p>Junta de la culata de motor de:<br \/>\nEspesor: 1,48 mm<\/p>\n<p>FIAT Ducato II (230L)<br \/>\n1.9 TD, A\u00f1o 05.1998 &#8211; 11.2001, 1905 , 80<br \/>\n1.9 TD, A\u00f1o 04.1998 &#8211; 04.2002, 1905 , 90<br \/>\nFIAT Ulysse I (220)<br \/>\n1.9 TD, A\u00f1o 05.1997 &#8211; 12.1999, 1905 , 92<br \/>\n1.9 TD, A\u00f1o 02.1995 &#8211; 08.2002, 1905 , 90<br \/>\nFIAT Scudo I (220)<br \/>\n1.9 TD, A\u00f1o 02.1996 &#8211; 12.2006, 1905 , 92<br \/>\n1.9 TD Eco, A\u00f1o 02.1996 &#8211; 12.2006, 1905 , 90<\/p>\n<p>CITRO\u00cbN Jumper I (230)<br \/>\n1.9 TD, A\u00f1o 08.1994 &#8211; 04.2002, 1905 , 90<br \/>\n1.9 TD, A\u00f1o 02.1994 &#8211; 04.2002, 1905 , 92<br \/>\n1.9 TD 4&#215;4, A\u00f1o 08.1996 &#8211; 04.2002, 1905 , 92<br \/>\nCITRO\u00cbN Xantia (X1, X2)<br \/>\n1.9 SD, A\u00f1o 02.1996 &#8211; 01.1998, 1905 , 75<br \/>\n1.9 Turbo D, A\u00f1o 10.1994 &#8211; 01.1998, 1905 , 90<br \/>\nCITRO\u00cbN ZX (N2)<br \/>\n1.9 DT, A\u00f1o 07.1994 &#8211; 10.1997, 1905 , 88<br \/>\n1.9 DT, A\u00f1o 06.1992 &#8211; 06.1994, 1905 , 92<br \/>\n1.9 TD, A\u00f1o 07.1992 &#8211; 06.1997, 1905 , 90<br \/>\nCITRO\u00cbN Evasion (22, U6)<br \/>\n1.9 TD, A\u00f1o 11.1994 &#8211; 07.2002, 1905 , 90<br \/>\n1.9 TD, A\u00f1o 10.1995 &#8211; 12.1998, 1905 , 92<br \/>\nCITRO\u00cbN BX Familiar<br \/>\n1.9 DT TXD, A\u00f1o 02.1992 &#8211; 12.1994, 1905 , 90<br \/>\nCITRO\u00cbN Jumpy I MPV<br \/>\n1.9 TD, A\u00f1o 10.1995 &#8211; 08.2000, 1905 , 90<br \/>\n1.9 TD, A\u00f1o 04.1996 &#8211; 11.2003, 1905 , 92<br \/>\nCITRO\u00cbN Xsara (N1)<br \/>\n1.9 TD, A\u00f1o 04.1997 &#8211; 09.2000, 1905 , 90<br \/>\nCITRO\u00cbN Jumpy I Furg\u00f3n<br \/>\n1.9 DT, A\u00f1o 10.1995 &#8211; 08.2000, 1905 , 88<br \/>\n1.9 TD, A\u00f1o 10.1995 &#8211; 08.2000, 1905 , 90<br \/>\n1.9 TD, A\u00f1o 10.1995 &#8211; 08.2000, 1905 , 92<br \/>\nCITRO\u00cbN Xsara Furg\u00f3n \/ Hatchback (N3)<br \/>\n1.9 D, A\u00f1o 05.1998 &#8211; 08.2000, 1905 , 88<\/p>\n<p>PEUGEOT 806<br \/>\n1.9 TD, A\u00f1o 07.1995 &#8211; 08.2002, 1905 , 90<br \/>\n1.9 TD, A\u00f1o 05.1997 &#8211; 08.2002, 1905 , 92<br \/>\nPEUGEOT 306<br \/>\n1.9 D, A\u00f1o 03.1998 &#8211; 05.2001, 1905 , 75<br \/>\n1.9 D, A\u00f1o 04.1993 &#8211; 04.1997, 1905 , 94<br \/>\n1.9 DT, A\u00f1o 05.1993 &#8211; 05.2001, 1905 , 90<br \/>\n1.9 SRDT, A\u00f1o 06.1994 &#8211; 05.2001, 1905 , 90<br \/>\nPEUGEOT 405 II (4E)<br \/>\n1.9 TD, A\u00f1o 08.1992 &#8211; 10.1996, 1905 , 90<br \/>\n1.9 TD, A\u00f1o 08.1992 &#8211; 10.1996, 1905 , 94<br \/>\nPEUGEOT Boxer Bus (230)<br \/>\n1.9 TD, A\u00f1o 08.1994 &#8211; 04.2002, 1905 , 90<br \/>\n1.9 TD, A\u00f1o 03.1994 &#8211; 04.2002, 1905 , 92<br \/>\n1.9 TD 4&#215;4, A\u00f1o 07.1996 &#8211; 04.2002, 1905 , 92<br \/>\nPEUGEOT 406<br \/>\n1.9 D, A\u00f1o 10.1996 &#8211; 05.2004, 1905 , 75<br \/>\n1.9 TD, A\u00f1o 01.1996 &#8211; 05.2004, 1905 , 90<br \/>\n1.9 TD, A\u00f1o 01.1996 &#8211; 05.2004, 1905 , 92<br \/>\n1.9 TD, A\u00f1o 10.1995 &#8211; 10.1997, 1905 , 94<br \/>\nPEUGEOT Expert I (224)<br \/>\n1.9 TD, A\u00f1o 02.1996 &#8211; 09.2000, 1905 , 90<br \/>\n1.9 TD, A\u00f1o 02.1996 &#8211; 05.1998, 1905 , 92<br \/>\nPEUGEOT Boxer Furg\u00f3n (230)<br \/>\n1.9 DT 4&#215;4, A\u00f1o 03.1996 &#8211; 09.1998, 1905 , 90<br \/>\n1.9 TD, A\u00f1o 07.1999 &#8211; 04.2002, 1905 , 90<br \/>\n1.9 TD, A\u00f1o 03.1994 &#8211; 04.2002, 1905 , 92<br \/>\nPEUGEOT 306 Familiar<br \/>\n1.9 D, A\u00f1o 03.1998 &#8211; 04.2002, 1905 , 75<br \/>\n1.9 TD, A\u00f1o 02.1997 &#8211; 04.2002, 1905 , 90<br \/>\n1.9 TD, A\u00f1o 01.1999 &#8211; 04.2002, 1905 , 92<\/p>\n<p>LA PIEZA ES NUEVA Y ORIGINAL.<\/p>\n","protected":false},"excerpt":{"rendered":"<p>Junta de la culata de motor de: Espesor: 1,48 mm FIAT Ducato II (230L) 1.9 TD, A\u00f1o 05.1998 &#8211; 11.2001, 1905 , 80 1.9 TD, A\u00f1o 04.1998 &#8211; 04.2002, 1905 , 90 FIAT Ulysse I (220) 1.9 TD, A\u00f1o 05.1997 &#8211; 12.1999, 1905 , 92 1.9 TD, A\u00f1o 02.1995 &#8211; 08.2002, 1905 , 90 FIAT [&hellip;]<\/p>\n","protected":false},"featured_media":68261,"template":"","meta":{"_seopress_robots_primary_cat":"","_seopress_titles_title":"","_seopress_titles_desc":"","_seopress_robots_index":""},"product_cat":[147,150,151,189,155,130,23,88,188,156,20,137,138,24,104,113,141,143,144],"product_tag":[],"class_list":{"0":"post-68258","1":"product","2":"type-product","3":"status-publish","4":"has-post-thumbnail","6":"product_cat-recambios-peugeot-306","7":"product_cat-recambios-peugeot-405","8":"product_cat-recambios-peugeot-406","9":"product_cat-recambios-peugeot-806","10":"product_cat-recambios-peugeot-boxer","11":"product_cat-recambios-citroen-bx","12":"product_cat-recambios-citroen","13":"product_cat-recambios-fiat-ducato","14":"product_cat-recambios-citroen-evasion","15":"product_cat-recambios-peugeot-expert","16":"product_cat-recambios-fiat","17":"product_cat-recambios-citroen-jumper","18":"product_cat-recambios-citroen-jumpy","19":"product_cat-recambios-peugeot","20":"product_cat-recambios-fiat-scudo","21":"product_cat-recambios-fiat-ulysse","22":"product_cat-recambios-citroen-xantia","23":"product_cat-recambios-citroen-xsara","24":"product_cat-recambios-citroen-zx","26":"first","27":"outofstock","28":"taxable","29":"shipping-taxable","30":"purchasable","31":"product-type-simple"},"_links":{"self":[{"href":"https:\/\/galicianparts.com\/shop\/wp-json\/wp\/v2\/product\/68258"}],"collection":[{"href":"https:\/\/galicianparts.com\/shop\/wp-json\/wp\/v2\/product"}],"about":[{"href":"https:\/\/galicianparts.com\/shop\/wp-json\/wp\/v2\/types\/product"}],"wp:featuredmedia":[{"embeddable":true,"href":"https:\/\/galicianparts.com\/shop\/wp-json\/wp\/v2\/media\/68261"}],"wp:attachment":[{"href":"https:\/\/galicianparts.com\/shop\/wp-json\/wp\/v2\/media?parent=68258"}],"wp:term":[{"taxonomy":"product_cat","embeddable":true,"href":"https:\/\/galicianparts.com\/shop\/wp-json\/wp\/v2\/product_cat?post=68258"},{"taxonomy":"product_tag","embeddable":true,"href":"https:\/\/galicianparts.com\/shop\/wp-json\/wp\/v2\/product_tag?post=68258"}],"curies":[{"name":"wp","href":"https:\/\/api.w.org\/{rel}","templated":true}]}}