{"id":68556,"date":"2023-02-17T12:32:39","date_gmt":"2023-02-17T10:32:39","guid":{"rendered":"https:\/\/galicianparts.com\/shop\/producto\/4372331-guia-valvula-005-fiat-panda-punto-uno-doblo-lancia-y10-delta-seat-original\/"},"modified":"2023-02-17T12:34:49","modified_gmt":"2023-02-17T10:34:49","slug":"4372331-guia-valvula-005-fiat-panda-punto-uno-doblo-lancia-y10-delta-seat-original","status":"publish","type":"product","link":"https:\/\/galicianparts.com\/shop\/producto\/4372331-guia-valvula-005-fiat-panda-punto-uno-doblo-lancia-y10-delta-seat-original\/","title":{"rendered":"4372331 Gu\u00eda v\u00e1lvula +0,05 Fiat Panda \/Punto \/Uno \/Doblo \/Lancia Y10 \/Delta \/Seat ORIGINAL"},"content":{"rendered":"<p>Gu\u00eda de las v\u00e1lvulas del motor de:<br \/>\nMedida: +0,05<\/p>\n<p>FIAT Cinquecento (170)<br \/>\n0.9, A\u00f1o 07.1991 &#8211; 12.1993, 903 , 41<br \/>\n0.9 i.e., A\u00f1o 07.1991 &#8211; 12.1993, 903 , 41<br \/>\n0.9 i.e. S, A\u00f1o 07.1991 &#8211; 07.1999, 899 , 40<br \/>\n1.1 Sporting, A\u00f1o 10.1994 &#8211; 01.1998, 1108 , 54<br \/>\nFIAT 127 Hatchback (127)<br \/>\n0.9, A\u00f1o 06.1971 &#8211; 05.1983, 903 , 40<br \/>\n0.9, A\u00f1o 06.1971 &#8211; 12.1986, 903 , 45<br \/>\nFIAT Panda I Hatchback (141)<br \/>\n1.0, A\u00f1o 01.1986 &#8211; 04.1992, 999 , 44<br \/>\n1.0, A\u00f1o 01.1985 &#8211; 12.1992, 999 , 50<br \/>\n1.0 4&#215;4, A\u00f1o 01.1986 &#8211; 07.1989, 999 , 44<br \/>\n1.0 4&#215;4, A\u00f1o 05.1986 &#8211; 12.1994, 999 , 45<br \/>\n1.0, A\u00f1o 01.1986 &#8211; 12.1992, 999 , 50<br \/>\n1.0 i.e. KAT, A\u00f1o 10.1987 &#8211; 08.1998, 999 , 45<br \/>\n1.1, A\u00f1o 05.1991 &#8211; 12.1999, 1108 , 50<br \/>\n1.1, A\u00f1o 02.1995 &#8211; 09.2003, 1108 , 54<br \/>\n1.1 4&#215;4, A\u00f1o 02.1995 &#8211; 07.2004, 1108 , 54<br \/>\n1.1 Trekking 4&#215;4, A\u00f1o 10.1991 &#8211; 07.2004, 1108 , 50<br \/>\n0.7, A\u00f1o 01.1986 &#8211; 10.2003, 770 , 34<br \/>\n0.8, A\u00f1o 02.1981 &#8211; 12.1985, 837 , 34<br \/>\n0.9, A\u00f1o 04.1992 &#8211; 12.1996, 899 , 40<br \/>\n0.9, A\u00f1o 10.1980 &#8211; 06.1994, 903 , 45<br \/>\n1.0, A\u00f1o 09.1982 &#8211; 08.1983, 965 , 48<br \/>\n1.0 4&#215;4, A\u00f1o 09.1983 &#8211; 12.1986, 965 , 48<br \/>\nFIAT Tipo Hatchback (160)<br \/>\n1.1, A\u00f1o 01.1988 &#8211; 10.1991, 1108 , 56<br \/>\nFIAT Fiorino Furg\u00f3n (127)<br \/>\n0.9, A\u00f1o 10.1977 &#8211; 10.1986, 903 , 45<br \/>\nFIAT Fiorino I Furg\u00f3n (147)<br \/>\n1.0, A\u00f1o 12.1986 &#8211; 04.1988, 1049 , 56<br \/>\nFIAT Punto I (176)<br \/>\n1.1 55, A\u00f1o 09.1993 &#8211; 09.1999, 1108 , 54<br \/>\n1.2 60, A\u00f1o 01.1994 &#8211; 09.1999, 1242 , 58<br \/>\n1.2 60, A\u00f1o 09.1993 &#8211; 09.1999, 1242 , 60<br \/>\n1.2 75, A\u00f1o 10.1993 &#8211; 09.1999, 1242 , 73<br \/>\nFIAT Uno Hatchback (146)<br \/>\n0.9, A\u00f1o 02.1984 &#8211; 08.1989, 903 , 41<br \/>\n1.0, A\u00f1o 06.1989 &#8211; 02.1992, 999 , 42<br \/>\n1.0 iE, A\u00f1o 05.1998 &#8211; 08.2000, 999 , 46<br \/>\n1.0 Mille Fire MPI, A\u00f1o 09.1998 &#8211; 12.2003, 999 , 54<br \/>\n1.1, A\u00f1o 04.1986 &#8211; 06.2006, 1108 , 56<br \/>\n1.1, A\u00f1o 10.1988 &#8211; 06.2006, 1108 , 58<br \/>\n1.1 IE, A\u00f1o 08.1992 &#8211; 12.1996, 1108 , 49<br \/>\n0.9, A\u00f1o 03.1983 &#8211; 09.1992, 903 , 45<br \/>\n0.9 45, A\u00f1o 02.1984 &#8211; 12.1988, 903 , 46<br \/>\n1.0 45, A\u00f1o 06.1986 &#8211; 12.1993, 999 , 44<br \/>\n1.0 i.e. 45, A\u00f1o 04.1984 &#8211; 10.1995, 999 , 45<br \/>\n1.1 50, A\u00f1o 01.1990 &#8211; 12.1993, 1108 , 50<br \/>\n1.1 60, A\u00f1o 04.1989 &#8211; 12.1992, 1108 , 57<br \/>\nFIAT Brava Hatchback (182)<br \/>\n1.6 16V, A\u00f1o 08.1999 &#8211; 03.2000, 1581 , 106<br \/>\n1.6 16V, A\u00f1o 02.1996 &#8211; 10.2001, 1581 , 103<br \/>\n1.6 16V, A\u00f1o 10.1995 &#8211; 10.2001, 1581 , 90<br \/>\n1.6 16V, A\u00f1o 01.1999 &#8211; 12.2002, 1596 , 103<br \/>\nFIAT Bravo I Hatchback (182)<br \/>\n1.6, A\u00f1o 09.2000 &#8211; 10.2001, 1596 , 103<br \/>\n1.6 16V, A\u00f1o 03.1996 &#8211; 10.2001, 1581 , 103<br \/>\n1.6 16V, A\u00f1o 10.1995 &#8211; 10.2001, 1581 , 90<br \/>\nFIAT Marea (185)<br \/>\n1.6, A\u00f1o 03.1999 &#8211; 08.2000, 1581 , 92<br \/>\n1.6, A\u00f1o 09.2000 &#8211; 08.2002, 1596 , 103<br \/>\n1.6, A\u00f1o 06.2005 &#8211; 12.2007, 1596 , 106<br \/>\n1.6 100 16V, A\u00f1o 09.1996 &#8211; 05.2002, 1581 , 103<br \/>\n1.6 100 16V Bipower, A\u00f1o 04.1999 &#8211; 05.2002, 1581 , 103<br \/>\n1.6 16V, A\u00f1o 04.1997 &#8211; 02.1999, 1581 , 102<br \/>\nFIAT Palio I Hatchback (178)<br \/>\n1.1, A\u00f1o 06.2006 &#8211; &#8230;, 1108 , 57<br \/>\n1.2, A\u00f1o 07.1997 &#8211; 08.2002, 1242 , 60<br \/>\n1.2, A\u00f1o 06.1999 &#8211; 10.2000, 1242 , 68<br \/>\n1.2, A\u00f1o 06.1998 &#8211; &#8230;, 1242 , 73<br \/>\n1.6, A\u00f1o 06.2006 &#8211; &#8230;, 1596 , 101<br \/>\n1.6, A\u00f1o 06.2006 &#8211; &#8230;, 1596 , 102<br \/>\n1.6, A\u00f1o 06.1996 &#8211; 01.2012, 1596 , 103<br \/>\n1.6 16V, A\u00f1o 04.1996 &#8211; 10.2002, 1581 , 100<br \/>\n1.6 16V, A\u00f1o 04.1996 &#8211; 02.2003, 1581 , 106<br \/>\nFIAT Palio I Weekend (178)<br \/>\n1.2, A\u00f1o 07.1997 &#8211; 10.2004, 1242 , 60<br \/>\n1.2, A\u00f1o 06.1999 &#8211; 10.2002, 1242 , 68<br \/>\n1.6 16V, A\u00f1o 04.1996 &#8211; 02.2001, 1581 , 100<br \/>\n1.6 16V, A\u00f1o 02.2001 &#8211; 01.2012, 1596 , 103<br \/>\n1.6 16V, A\u00f1o 02.1997 &#8211; 10.2001, 1581 , 116<br \/>\nFIAT Seicento \/ 600 Hatchback (187)<br \/>\n0.9, A\u00f1o 01.1998 &#8211; 01.2010, 899 , 39<br \/>\n1.1, A\u00f1o 01.1998 &#8211; 01.2010, 1108 , 54<br \/>\nFIAT Multipla (186)<br \/>\n1.6, A\u00f1o 05.2004 &#8211; 08.2005, 1596 , 92<br \/>\n1.6, A\u00f1o 03.2001 &#8211; 08.2005, 1596 , 101<br \/>\n1.6, A\u00f1o 09.2000 &#8211; 06.2010, 1596 , 103<br \/>\n1.6 100 16V, A\u00f1o 04.1999 &#8211; 06.2010, 1581 , 103<br \/>\n1.6 16V, A\u00f1o 04.1999 &#8211; 04.2002, 1581 , 116<br \/>\n1.6 16V, A\u00f1o 04.2002 &#8211; 06.2010, 1596 , 95<br \/>\n1.6 16V Bipower, A\u00f1o 04.1999 &#8211; 06.2010, 1581 , 103<br \/>\n1.6 16V Bipower, A\u00f1o 10.2001 &#8211; 06.2010, 1596 , 103<br \/>\n1.6 16V Blupower, A\u00f1o 04.1999 &#8211; 06.2010, 1581 , 95<br \/>\n1.6 16V GPL, A\u00f1o 10.2001 &#8211; 06.2010, 1596 , 103<br \/>\n1.6 Natural Power (186AGB1A05), A\u00f1o 11.2008 &#8211; 06.2010, 1596 , 105<br \/>\nFIAT Strada Pick-up (178)<br \/>\n1.2, A\u00f1o 04.2003 &#8211; &#8230;, 1242 , 60<br \/>\nFIAT Punto II Hatchback (188)<br \/>\n1.2 60, A\u00f1o 09.1999 &#8211; 12.2010, 1242 , 60<br \/>\n1.2 Bifuel, A\u00f1o 08.2007 &#8211; 03.2012, 1242 , 60<br \/>\n1.2 Bipower (188BXA1A), A\u00f1o 08.2001 &#8211; 05.2003, 1242 , 60<br \/>\n1.2 Natural Power, A\u00f1o 09.2003 &#8211; 03.2012, 1242 , 60<br \/>\n1.2 Natural Power (188BXA1A), A\u00f1o 04.2004 &#8211; 04.2006, 1242 , 52<br \/>\nFIAT Fiorino Pick-up (147)<br \/>\n1.0, A\u00f1o 12.1986 &#8211; 10.1989, 1036 , 56<br \/>\nFIAT 900 T\/E Pulmino (200_)<br \/>\n0.9, A\u00f1o 01.1978 &#8211; 01.1986, 903 , 35<br \/>\nFIAT Siena (178, 172)<br \/>\n1.2, A\u00f1o 09.2001 &#8211; 12.2009, 1242 , 60<br \/>\n1.6, A\u00f1o 11.2000 &#8211; 12.2009, 1596 , 103<br \/>\n1.6 16V, A\u00f1o 09.1998 &#8211; 12.2009, 1581 , 103<br \/>\n1.6 16V, A\u00f1o 09.1998 &#8211; 12.2009, 1581 , 106<br \/>\nFIAT Doblo I (119, 223)<br \/>\n1.2, A\u00f1o 03.2001 &#8211; &#8230;, 1242 , 65<br \/>\n1.6, A\u00f1o 09.2002 &#8211; &#8230;, 1596 , 92<br \/>\n1.6 16V, A\u00f1o 10.2001 &#8211; &#8230;, 1596 , 103<br \/>\n1.6 Natural Power, A\u00f1o 09.2002 &#8211; &#8230;, 1596 , 103<br \/>\n1.6 Natural Power (223AXD1A), A\u00f1o 11.2005 &#8211; 07.2009, 1596 , 92<br \/>\n1.6 Natural Power, A\u00f1o 09.2002 &#8211; &#8230;, 1596 , 103<br \/>\n1.6 Natural Power (223WXD1A), A\u00f1o 02.2004 &#8211; 07.2009, 1596 , 92<br \/>\nFIAT Stilo (192)<br \/>\n1.6, A\u00f1o 04.2005 &#8211; 11.2006, 1596 , 136<br \/>\n1.6 16V, A\u00f1o 10.2001 &#8211; 11.2006, 1596 , 103<br \/>\nFIAT Panda II Hatchback (169)<br \/>\n1.1, A\u00f1o 09.2003 &#8211; &#8230;, 1108 , 54<br \/>\n1.2, A\u00f1o 09.2003 &#8211; &#8230;, 1242 , 60<br \/>\n1.2 4&#215;4, A\u00f1o 10.2004 &#8211; &#8230;, 1242 , 60<br \/>\n1.2 LPG, A\u00f1o 04.2009 &#8211; &#8230;, 1242 , 60<br \/>\n1.2 Natural Power, A\u00f1o 01.2007 &#8211; 12.2011, 1242 , 60<br \/>\nFIAT Cinquecento Furg\u00f3n \/ Hatchback (170)<br \/>\n0.9 iE (170CF), A\u00f1o 07.1991 &#8211; 02.1998, 899 , 39<br \/>\n1.1 iE (170AH), A\u00f1o 10.1994 &#8211; 02.1998, 1108 , 54<\/p>\n<p>LANCIA A 112 Hatchback<br \/>\n0.9 Junior (A112B\/2), A\u00f1o 03.1981 &#8211; 06.1986, 903 , 40<br \/>\n1.0 LX, A\u00f1o 03.1984 &#8211; 12.1986, 965 , 48<br \/>\nLANCIA Dedra (835)<br \/>\n1.6 16V, A\u00f1o 01.1996 &#8211; 07.1999, 1581 , 103<br \/>\nLANCIA Delta II (836)<br \/>\n1.6 i.e., A\u00f1o 03.1996 &#8211; 08.1999, 1581 , 90<br \/>\n1.6 i.e. 16V, A\u00f1o 01.1996 &#8211; 08.1999, 1581 , 103<br \/>\nLANCIA Y10 (156)<br \/>\n1.0 Fire, A\u00f1o 03.1985 &#8211; 07.1989, 1049 , 56<br \/>\n1.0 Fire, A\u00f1o 03.1985 &#8211; 02.1990, 999 , 50<br \/>\n1.0 Fire, A\u00f1o 03.1985 &#8211; 06.1989, 999 , 45<br \/>\n1.0 Fire, A\u00f1o 06.1985 &#8211; 06.1991, 999 , 44<br \/>\n1.0 Fire A las 4 ruedas, A\u00f1o 12.1986 &#8211; 02.1989, 999 , 44<br \/>\n1.0 Fire A las 4 ruedas, A\u00f1o 12.1987 &#8211; 02.1990, 999 , 50<br \/>\n1.0 Fire Allrad, A\u00f1o 12.1987 &#8211; 02.1992, 999 , 45<br \/>\n1.0 Fire KAT, A\u00f1o 10.1987 &#8211; 02.1992, 999 , 45<br \/>\n1.1 Avenue, A\u00f1o 01.1995 &#8211; 12.1995, 1108 , 54<br \/>\n1.1 Avenue Allrad, A\u00f1o 01.1995 &#8211; 12.1995, 1108 , 54<br \/>\n1.1 i.e, A\u00f1o 08.1989 &#8211; 06.1992, 1108 , 57<br \/>\n1.1 i.e Allrad, A\u00f1o 08.1989 &#8211; 06.1992, 1108 , 57<br \/>\n1.1 i.e. Fire, A\u00f1o 07.1989 &#8211; 09.1995, 1108 , 50<br \/>\n1.1 i.e. Fire Allrad, A\u00f1o 09.1992 &#8211; 12.1995, 1108 , 50<br \/>\nLANCIA Y (840)<br \/>\n1.1, A\u00f1o 11.1995 &#8211; 09.2003, 1108 , 54<br \/>\n1.2, A\u00f1o 03.1996 &#8211; 09.2003, 1242 , 60<br \/>\nLANCIA Lybra Berlina (839)<br \/>\n1.6, A\u00f1o 10.2000 &#8211; 10.2005, 1596 , 103<br \/>\n1.6 16V, A\u00f1o 07.1999 &#8211; 10.2005, 1581 , 103<br \/>\nLANCIA Ypsilon II (843)<br \/>\n1.2, A\u00f1o 10.2003 &#8211; 12.2011, 1242 , 60<\/p>\n<p>SEAT Marbella Hatchback (28)<br \/>\n0.9, A\u00f1o 01.1987 &#8211; 12.1993, 903 , 40<br \/>\n0.9 CAT, A\u00f1o 01.1990 &#8211; 11.1996, 903 , 40<br \/>\nSEAT Fura (025A)<br \/>\n0.9, A\u00f1o 03.1984 &#8211; 12.1986, 903 , 40<br \/>\n0.9, A\u00f1o 01.1982 &#8211; 06.1986, 903 , 45<br \/>\nSEAT Panda (141A)<br \/>\n0.9, A\u00f1o 10.1980 &#8211; 12.1986, 903 , 42<br \/>\nSEAT 127<br \/>\n0.9, A\u00f1o 04.1972 &#8211; 12.1982, 903 , 45<\/p>\n<p>AUTOBIANCHI A 112 Hatchback<br \/>\n0.9, A\u00f1o 10.1969 &#8211; 12.1972, 903 , 44<br \/>\n0.9, A\u00f1o 01.1976 &#8211; 12.1978, 903 , 45<br \/>\n0.9 E, A\u00f1o 01.1973 &#8211; 12.1977, 903 , 47<br \/>\n0.9 Junior, A\u00f1o 07.1975 &#8211; 12.1985, 903 , 42<br \/>\n1.0 E,Elite,LX, A\u00f1o 11.1977 &#8211; 12.1985, 965 , 48<br \/>\nAUTOBIANCHI Y10 Hatchback<br \/>\n1.0, A\u00f1o 03.1985 &#8211; 10.1995, 999 , 45<br \/>\n1.0, A\u00f1o 03.1985 &#8211; 10.1995, 1049 , 56<br \/>\n1.0 4WD, A\u00f1o 12.1986 &#8211; 10.1995, 999 , 50<br \/>\n1.0 Cat, A\u00f1o 10.1987 &#8211; 10.1995, 999 , 45<br \/>\n1.1, A\u00f1o 06.1989 &#8211; 10.1995, 1108 , 57<br \/>\n1.1 4WD, A\u00f1o 06.1989 &#8211; 10.1995, 1108 , 57<br \/>\n1.1 i.e. Cat, A\u00f1o 09.1990 &#8211; 10.1995, 1108 , 57<\/p>\n<p>LA PIEZA ES NUEVA Y ORIGINAL.<\/p>\n","protected":false},"excerpt":{"rendered":"<p>Gu\u00eda de las v\u00e1lvulas del motor de: Medida: +0,05 FIAT Cinquecento (170) 0.9, A\u00f1o 07.1991 &#8211; 12.1993, 903 , 41 0.9 i.e., A\u00f1o 07.1991 &#8211; 12.1993, 903 , 41 0.9 i.e. S, A\u00f1o 07.1991 &#8211; 07.1999, 899 , 40 1.1 Sporting, A\u00f1o 10.1994 &#8211; 01.1998, 1108 , 54 FIAT 127 Hatchback (127) 0.9, A\u00f1o 06.1971 [&hellip;]<\/p>\n","protected":false},"featured_media":68557,"template":"","meta":{"_seopress_robots_primary_cat":"","_seopress_titles_title":"","_seopress_titles_desc":"","_seopress_robots_index":""},"product_cat":[68,179,186,369,63,25,81,82,84,117,118,87,20,91,208,21,207,95,96,98,99,237,101,26,106,107,108,109,112,114,64,126,127],"product_tag":[],"class_list":{"0":"post-68556","1":"product","2":"type-product","3":"status-publish","4":"has-post-thumbnail","6":"product_cat-recambios-fiat-127","7":"product_cat-recambios-seat-127","8":"product_cat-recambios-fiat-900","9":"product_cat-recambios-lancia-a112","10":"product_cat-recambios-autobianchi-a112","11":"product_cat-recambios-autobianchi","12":"product_cat-recambios-fiat-brava","13":"product_cat-recambios-fiat-bravo","14":"product_cat-recambios-fiat-cinquecento","15":"product_cat-recambios-lancia-dedra","16":"product_cat-recambios-lancia-delta","17":"product_cat-recambios-fiat-doblo","18":"product_cat-recambios-fiat","19":"product_cat-recambios-fiat-fiorino","20":"product_cat-recambios-seat-fura","21":"product_cat-recambios-lancia","22":"product_cat-recambios-seat-marbella","23":"product_cat-recambios-fiat-marea","24":"product_cat-recambios-fiat-multipla","25":"product_cat-recambios-fiat-palio","26":"product_cat-recambios-fiat-panda","27":"product_cat-recambios-seat-panda","28":"product_cat-recambios-fiat-punto","29":"product_cat-recambios-seat","30":"product_cat-recambios-fiat-seicento","31":"product_cat-recambios-fiat-siena","32":"product_cat-recambios-fiat-stilo","33":"product_cat-recambios-fiat-strada","34":"product_cat-recambios-fiat-tipo","35":"product_cat-recambios-fiat-uno","36":"product_cat-recambios-autobianchi-y10","37":"product_cat-recambios-lancia-y10","38":"product_cat-recambios-lancia-ypsilon","40":"first","41":"instock","42":"taxable","43":"shipping-taxable","44":"purchasable","45":"product-type-simple"},"_links":{"self":[{"href":"https:\/\/galicianparts.com\/shop\/wp-json\/wp\/v2\/product\/68556"}],"collection":[{"href":"https:\/\/galicianparts.com\/shop\/wp-json\/wp\/v2\/product"}],"about":[{"href":"https:\/\/galicianparts.com\/shop\/wp-json\/wp\/v2\/types\/product"}],"wp:featuredmedia":[{"embeddable":true,"href":"https:\/\/galicianparts.com\/shop\/wp-json\/wp\/v2\/media\/68557"}],"wp:attachment":[{"href":"https:\/\/galicianparts.com\/shop\/wp-json\/wp\/v2\/media?parent=68556"}],"wp:term":[{"taxonomy":"product_cat","embeddable":true,"href":"https:\/\/galicianparts.com\/shop\/wp-json\/wp\/v2\/product_cat?post=68556"},{"taxonomy":"product_tag","embeddable":true,"href":"https:\/\/galicianparts.com\/shop\/wp-json\/wp\/v2\/product_tag?post=68556"}],"curies":[{"name":"wp","href":"https:\/\/api.w.org\/{rel}","templated":true}]}}