{"id":68568,"date":"2023-02-17T13:26:51","date_gmt":"2023-02-17T11:26:51","guid":{"rendered":"https:\/\/galicianparts.com\/shop\/producto\/46308127-pack-3-presillas-d-23mm-palier-fiat-lancia-alfa-romeo-nuevo-original\/"},"modified":"2023-02-17T13:28:11","modified_gmt":"2023-02-17T11:28:11","slug":"46308127-pack-3-presillas-d-23mm-palier-fiat-lancia-alfa-romeo-nuevo-original","status":"publish","type":"product","link":"https:\/\/galicianparts.com\/shop\/producto\/46308127-pack-3-presillas-d-23mm-palier-fiat-lancia-alfa-romeo-nuevo-original\/","title":{"rendered":"46308127 Pack 3 presillas D 23mm palier Fiat \/Lancia \/Alfa Romeo NUEVO ORIGINAL"},"content":{"rendered":"<p>Juego, set de 3 criclips de la cruceta de los ejes de trasmisi\u00f3n de:<br \/>\nDi\u00e1metro interior: 23 mm<br \/>\nDi\u00e1metro exterior: 30 mm<\/p>\n<p>FIAT &#8211; 2T CROMA (2005-2010)<br \/>\nFIAT &#8211; 2S IDEA (2003-2008)<br \/>\nFIAT &#8211; 4D IDEA (2008-2012)<br \/>\nFIAT &#8211; 3M LINEA (2007-&#8230;.)<br \/>\nFIAT &#8211; 3L NUOVA BRAVO (2007-2009)<br \/>\nFIAT &#8211; 3Y NUOVA BRAVO MY 2010 (2010-2014)<br \/>\nFIAT &#8211; 3J PUNTO EVO (2009-2011)<br \/>\nFIAT &#8211; 2V STILO F.L.L. 2003 (2003-2007)<br \/>\nALFA ROMEO &#8211; W8 147 BZ\/DS (2000-2010)<br \/>\nALFA ROMEO &#8211; X1 156 M.Y.2002 BZ\/DS (2001-2005)<br \/>\nALFA ROMEO &#8211; X8 159 MY11 (2010-2011)<br \/>\nALFA ROMEO &#8211; W9 166 BZ-DS (1998-2007)<br \/>\nALFA ROMEO &#8211; 5U 4C (2013-&#8230;.)<br \/>\nALFA ROMEO &#8211; X3 ALFA 159 (2005-2008)<br \/>\nALFA ROMEO &#8211; X9 ALFA 159 (2008-2010)<br \/>\nALFA ROMEO &#8211; X6 ALFA MITO (2008-2011)<br \/>\nALFA ROMEO &#8211; X4 BRERA COUPE&#8217; (2005-2008)<br \/>\nALFA ROMEO &#8211; 12 BRERA COUPE&#8217; M.Y. (2008-2010)<br \/>\nALFA ROMEO &#8211; X7 GIULIETTA (2010-2013)<br \/>\nALFA ROMEO &#8211; 5Y GIULIETTA M.Y. 2013 (2013 &#8211; &#8230;)<br \/>\nALFA ROMEO &#8211; X2 GT (2003-2010)<br \/>\nALFA ROMEO &#8211; QZ MITO MY2011 (2011-2013)<br \/>\nALFA ROMEO &#8211; 10 MITO MY2013 (2013-&#8230;.)<br \/>\nALFA ROMEO &#8211; X5 NUOVO SPIDER (2006-2008)<br \/>\nALFA ROMEO &#8211; 13 NUOVO SPIDER M.Y. (2008-2010)<br \/>\nLANCIA &#8211; TN LANCIA DELTA MY 2011 (2011-2014)<br \/>\nLANCIA &#8211; SY LYBRA DS (1999-2005)<br \/>\nLANCIA &#8211; TJ MUSA (2007-2011)<br \/>\nLANCIA &#8211; 43 MUSA FLL (2011-2012)<br \/>\nLANCIA &#8211; TH NUOVA DELTA 844 (2008-2011)<br \/>\nFIAT PROFESSIONAL &#8211; 3V NUOVO DOBLO 2009 (2009-&#8230;.)<br \/>\nFIAT PROFESSIONAL &#8211; 52 STRADA 2011 (2011-2014)<br \/>\nABARTH &#8211; 81 NUOVA PUNTO ABARTH MY2012 (2012-2013)<br \/>\nABARTH &#8211; 4B PUNTO EVO ABARTH (2010-2012) <\/p>\n<p> LA PIEZA ES NUEVA Y ORIGINAL.<\/p>\n","protected":false},"excerpt":{"rendered":"<p>Juego, set de 3 criclips de la cruceta de los ejes de trasmisi\u00f3n de: Di\u00e1metro interior: 23 mm Di\u00e1metro exterior: 30 mm FIAT &#8211; 2T CROMA (2005-2010) FIAT &#8211; 2S IDEA (2003-2008) FIAT &#8211; 4D IDEA (2008-2012) FIAT &#8211; 3M LINEA (2007-&#8230;.) FIAT &#8211; 3L NUOVA BRAVO (2007-2009) FIAT &#8211; 3Y NUOVA BRAVO MY 2010 [&hellip;]<\/p>\n","protected":false},"featured_media":68570,"template":"","meta":{"_seopress_robots_primary_cat":"","_seopress_titles_title":"","_seopress_titles_desc":"","_seopress_robots_index":""},"product_cat":[44,49,51,57,192,16,82,52,86,118,87,20,53,50,93,21,94,120,47,121,101,56,108,109],"product_tag":[],"class_list":{"0":"post-68568","1":"product","2":"type-product","3":"status-publish","4":"has-post-thumbnail","6":"product_cat-recambios-alfa-romeo-147","7":"product_cat-recambios-alfa-romeo-156","8":"product_cat-recambios-alfa-romeo-159","9":"product_cat-recambios-alfa-romeo-166","10":"product_cat-recambios-alfa-romeo-4c","11":"product_cat-recambios-alfa-romeo","12":"product_cat-recambios-fiat-bravo","13":"product_cat-recambios-alfa-romeo-brera","14":"product_cat-recambios-fiat-croma","15":"product_cat-recambios-lancia-delta","16":"product_cat-recambios-fiat-doblo","17":"product_cat-recambios-fiat","18":"product_cat-recambios-alfa-romeo-giulietta","19":"product_cat-recambios-alfa-romeo-gt","20":"product_cat-recambios-fiat-idea","21":"product_cat-recambios-lancia","22":"product_cat-recambios-fiat-linea","23":"product_cat-recambios-lancia-lybra","24":"product_cat-recambios-alfa-romeo-mito","25":"product_cat-recambios-lancia-musa","26":"product_cat-recambios-fiat-punto","27":"product_cat-recambios-alfa-romeo-spider","28":"product_cat-recambios-fiat-stilo","29":"product_cat-recambios-fiat-strada","31":"first","32":"instock","33":"taxable","34":"shipping-taxable","35":"purchasable","36":"product-type-simple"},"_links":{"self":[{"href":"https:\/\/galicianparts.com\/shop\/wp-json\/wp\/v2\/product\/68568"}],"collection":[{"href":"https:\/\/galicianparts.com\/shop\/wp-json\/wp\/v2\/product"}],"about":[{"href":"https:\/\/galicianparts.com\/shop\/wp-json\/wp\/v2\/types\/product"}],"wp:featuredmedia":[{"embeddable":true,"href":"https:\/\/galicianparts.com\/shop\/wp-json\/wp\/v2\/media\/68570"}],"wp:attachment":[{"href":"https:\/\/galicianparts.com\/shop\/wp-json\/wp\/v2\/media?parent=68568"}],"wp:term":[{"taxonomy":"product_cat","embeddable":true,"href":"https:\/\/galicianparts.com\/shop\/wp-json\/wp\/v2\/product_cat?post=68568"},{"taxonomy":"product_tag","embeddable":true,"href":"https:\/\/galicianparts.com\/shop\/wp-json\/wp\/v2\/product_tag?post=68568"}],"curies":[{"name":"wp","href":"https:\/\/api.w.org\/{rel}","templated":true}]}}