{"id":68581,"date":"2023-02-17T13:52:09","date_gmt":"2023-02-17T11:52:09","guid":{"rendered":"https:\/\/galicianparts.com\/shop\/producto\/5471746-valvula-admision-m-2-2-fiat-242-citroen-cx-c35-nueva-original\/"},"modified":"2023-12-05T11:18:41","modified_gmt":"2023-12-05T09:18:41","slug":"5471746-valvula-admision-m-2-2-fiat-242-citroen-cx-c35-nueva-original","status":"publish","type":"product","link":"https:\/\/galicianparts.com\/shop\/producto\/5471746-valvula-admision-m-2-2-fiat-242-citroen-cx-c35-nueva-original\/","title":{"rendered":"5471746 V\u00e1lvula admisi\u00f3n M 2.2 Fiat 242 \/Citro\u00ebn CX \/C35 NUEVA ORIGINAL"},"content":{"rendered":"<p>V\u00e1lvula de admisi\u00f3n de:<br \/>\nLargo: 121,5 mm<br \/>\nDi\u00e1metro v\u00e1stago: 8 mm<br \/>\nDi\u00e1metro plato: 42 mm<\/p>\n<p>FIAT 242-Serie Furg\u00f3n<br \/>\n2.2 D, A\u00f1o 10.1975 &#8211; 08.1980, 2175 , 63<br \/>\n2.5 D, A\u00f1o 08.1980 &#8211; 07.1982, 2498 , 71<\/p>\n<p>CITRO\u00cbN CX I<br \/>\n2.2 D, A\u00f1o 08.1976 &#8211; 02.1979, 2175 , 67<br \/>\n2.2 D, A\u00f1o 02.1978 &#8211; 08.1985, 2500 , 75<br \/>\nCITRO\u00cbN C35 Van<br \/>\n2.2 D, A\u00f1o 11.1973 &#8211; 01.1980, 2175 , 61<\/p>\n<p>LA PIEZA ES NUEVA Y ORIGINAL.<\/p>\n","protected":false},"excerpt":{"rendered":"<p>V\u00e1lvula de admisi\u00f3n de: Largo: 121,5 mm Di\u00e1metro v\u00e1stago: 8 mm Di\u00e1metro plato: 42 mm FIAT 242-Serie Furg\u00f3n 2.2 D, A\u00f1o 10.1975 &#8211; 08.1980, 2175 , 63 2.5 D, A\u00f1o 08.1980 &#8211; 07.1982, 2498 , 71 CITRO\u00cbN CX I 2.2 D, A\u00f1o 08.1976 &#8211; 02.1979, 2175 , 67 2.2 D, A\u00f1o 02.1978 &#8211; 08.1985, 2500 [&hellip;]<\/p>\n","protected":false},"featured_media":68584,"template":"","meta":{"_seopress_robots_primary_cat":"","_seopress_titles_title":"","_seopress_titles_desc":"","_seopress_robots_index":""},"product_cat":[73,133,23,136,20],"product_tag":[],"class_list":{"0":"post-68581","1":"product","2":"type-product","3":"status-publish","4":"has-post-thumbnail","6":"product_cat-recambios-fiat-242","7":"product_cat-recambios-citroen-c35","8":"product_cat-recambios-citroen","9":"product_cat-recambios-citroen-cx","10":"product_cat-recambios-fiat","12":"first","13":"instock","14":"taxable","15":"shipping-taxable","16":"purchasable","17":"product-type-simple"},"_links":{"self":[{"href":"https:\/\/galicianparts.com\/shop\/wp-json\/wp\/v2\/product\/68581"}],"collection":[{"href":"https:\/\/galicianparts.com\/shop\/wp-json\/wp\/v2\/product"}],"about":[{"href":"https:\/\/galicianparts.com\/shop\/wp-json\/wp\/v2\/types\/product"}],"wp:featuredmedia":[{"embeddable":true,"href":"https:\/\/galicianparts.com\/shop\/wp-json\/wp\/v2\/media\/68584"}],"wp:attachment":[{"href":"https:\/\/galicianparts.com\/shop\/wp-json\/wp\/v2\/media?parent=68581"}],"wp:term":[{"taxonomy":"product_cat","embeddable":true,"href":"https:\/\/galicianparts.com\/shop\/wp-json\/wp\/v2\/product_cat?post=68581"},{"taxonomy":"product_tag","embeddable":true,"href":"https:\/\/galicianparts.com\/shop\/wp-json\/wp\/v2\/product_tag?post=68581"}],"curies":[{"name":"wp","href":"https:\/\/api.w.org\/{rel}","templated":true}]}}