{"id":68641,"date":"2023-02-21T10:55:40","date_gmt":"2023-02-21T08:55:40","guid":{"rendered":"https:\/\/galicianparts.com\/shop\/producto\/82461129-capuchon-rotula-suspension-fiat-scudo-95-04-coupe-ulysse-lancia-peugeot-citroen-original\/"},"modified":"2023-05-03T18:36:33","modified_gmt":"2023-05-03T16:36:33","slug":"82461129-capuchon-rotula-suspension-fiat-scudo-95-04-coupe-ulysse-lancia-peugeot-citroen-original","status":"publish","type":"product","link":"https:\/\/galicianparts.com\/shop\/producto\/82461129-capuchon-rotula-suspension-fiat-scudo-95-04-coupe-ulysse-lancia-peugeot-citroen-original\/","title":{"rendered":"82461129 Capuch\u00f3n r\u00f3tula suspensi\u00f3n Fiat Scudo (95-04) Coupe \/Ulysse \/Lancia \/Peugeot \/Citro\u00ebn ORIGINAL"},"content":{"rendered":"<p>Guardapolvo de la r\u00f3tula de los trapecios de la suspensi\u00f3n delantera de:<br \/>\nDi\u00e1metro interior: 13,5 mm<\/p>\n<p>FIAT &#8211; PX COUPE&#8217; GAMMA&#8217;96 (1996-2000)<br \/>\nFIAT &#8211; PG ULYSSE (1994-2002) 2000 IE \/ 2000 IE TB \/ 1750 I.E. CEE FASE 2 \/ 2000 I.E. CF2 16V<br \/>\nFIAT &#8211; PG ULYSSE (1994-2002) 1905 T.D.EM.08 \/ 1905 T.D.USA 87 \/ 1905 T.D. CEE FASE 2<br \/>\nFIAT &#8211; PG ULYSSE (1994-2002) 2100 T.D. CEE FASE 2 \/ 2000 JTD 8V CF2 \/ 2000 BZ 16V CEE F3 \/ 2000 JTD 16V CF3<br \/>\nLANCIA &#8211; SK \u00abZ\u00bb (1994-2002)<br \/>\nFIAT PROFESSIONAL &#8211; PL SCUDO (1995-2004)<br \/>\nPEUGEOT &#8211; EXPERT<br \/>\nCITROEN &#8211; JUMPY<\/p>\n<p>LA PIEZA ES NUEVA Y ORIGINAL.<\/p>\n","protected":false},"excerpt":{"rendered":"<p>Guardapolvo de la r\u00f3tula de los trapecios de la suspensi\u00f3n delantera de: Di\u00e1metro interior: 13,5 mm FIAT &#8211; PX COUPE&#8217; GAMMA&#8217;96 (1996-2000) FIAT &#8211; PG ULYSSE (1994-2002) 2000 IE \/ 2000 IE TB \/ 1750 I.E. CEE FASE 2 \/ 2000 I.E. CF2 16V FIAT &#8211; PG ULYSSE (1994-2002) 1905 T.D.EM.08 \/ 1905 T.D.USA 87 [&hellip;]<\/p>\n","protected":false},"featured_media":68643,"template":"","meta":{"_seopress_robots_primary_cat":"","_seopress_titles_title":"","_seopress_titles_desc":"","_seopress_robots_index":""},"product_cat":[23,85,156,20,138,21,24,104,113,128],"product_tag":[],"class_list":{"0":"post-68641","1":"product","2":"type-product","3":"status-publish","4":"has-post-thumbnail","6":"product_cat-recambios-citroen","7":"product_cat-recambios-fiat-coupe","8":"product_cat-recambios-peugeot-expert","9":"product_cat-recambios-fiat","10":"product_cat-recambios-citroen-jumpy","11":"product_cat-recambios-lancia","12":"product_cat-recambios-peugeot","13":"product_cat-recambios-fiat-scudo","14":"product_cat-recambios-fiat-ulysse","15":"product_cat-recambios-lancia-z","17":"first","18":"outofstock","19":"taxable","20":"shipping-taxable","21":"purchasable","22":"product-type-simple"},"_links":{"self":[{"href":"https:\/\/galicianparts.com\/shop\/wp-json\/wp\/v2\/product\/68641"}],"collection":[{"href":"https:\/\/galicianparts.com\/shop\/wp-json\/wp\/v2\/product"}],"about":[{"href":"https:\/\/galicianparts.com\/shop\/wp-json\/wp\/v2\/types\/product"}],"wp:featuredmedia":[{"embeddable":true,"href":"https:\/\/galicianparts.com\/shop\/wp-json\/wp\/v2\/media\/68643"}],"wp:attachment":[{"href":"https:\/\/galicianparts.com\/shop\/wp-json\/wp\/v2\/media?parent=68641"}],"wp:term":[{"taxonomy":"product_cat","embeddable":true,"href":"https:\/\/galicianparts.com\/shop\/wp-json\/wp\/v2\/product_cat?post=68641"},{"taxonomy":"product_tag","embeddable":true,"href":"https:\/\/galicianparts.com\/shop\/wp-json\/wp\/v2\/product_tag?post=68641"}],"curies":[{"name":"wp","href":"https:\/\/api.w.org\/{rel}","templated":true}]}}