{"id":68764,"date":"2023-02-22T11:08:04","date_gmt":"2023-02-22T09:08:04","guid":{"rendered":"https:\/\/galicianparts.com\/shop\/producto\/10269950-tapon-m-28x15-alfa-romeo-33-lancia-thema-kappa-nuevo-original\/"},"modified":"2024-02-08T12:48:43","modified_gmt":"2024-02-08T10:48:43","slug":"10269950-tapon-m-28x15-alfa-romeo-33-lancia-thema-kappa-nuevo-original","status":"publish","type":"product","link":"https:\/\/galicianparts.com\/shop\/producto\/10269950-tapon-m-28x15-alfa-romeo-33-lancia-thema-kappa-nuevo-original\/","title":{"rendered":"10269950 Tap\u00f3n M 28&#215;1,5 Alfa Romeo 33 \/Lancia Thema \/Kappa NUEVO ORIGINAL"},"content":{"rendered":"<p>M\u00e9trica: 28X1,5<\/p>\n<p>Tap\u00f3n del colector de admisi\u00f3n de:<br \/>\nLANCIA &#8211; SV KAPPA COUPE&#8217; (1997-2001) 2000 IE. TB 16V<br \/>\nLANCIA &#8211; SP KAPPA BZ (1994-2001) 2000 IE. TB 16V<br \/>\nLANCIA &#8211; SZ THEMA FERRARI (1988-1992) 3000 8.32<\/p>\n<p>Tap\u00f3n de la bomba de aceite de:<br \/>\nALFA ROMEO &#8211; W5 33 CARB.\/DS (1990-1994) 1.2 CARB \/ 1.3 CARB \/ 1.5 CARB<\/p>\n<p>LA PIEZA ES NUEVA Y ORIGINAL.<\/p>\n","protected":false},"excerpt":{"rendered":"<p>M\u00e9trica: 28X1,5 Tap\u00f3n del colector de admisi\u00f3n de: LANCIA &#8211; SV KAPPA COUPE&#8217; (1997-2001) 2000 IE. TB 16V LANCIA &#8211; SP KAPPA BZ (1994-2001) 2000 IE. TB 16V LANCIA &#8211; SZ THEMA FERRARI (1988-1992) 3000 8.32 Tap\u00f3n de la bomba de aceite de: ALFA ROMEO &#8211; W5 33 CARB.\/DS (1990-1994) 1.2 CARB \/ 1.3 CARB [&hellip;]<\/p>\n","protected":false},"featured_media":68767,"template":"","meta":{"_seopress_robots_primary_cat":"","_seopress_titles_title":"","_seopress_titles_desc":"","_seopress_robots_index":""},"product_cat":[43,16,119,21,124],"product_tag":[],"class_list":{"0":"post-68764","1":"product","2":"type-product","3":"status-publish","4":"has-post-thumbnail","6":"product_cat-recambios-alfa-romeo-33","7":"product_cat-recambios-alfa-romeo","8":"product_cat-recambios-lancia-kappa","9":"product_cat-recambios-lancia","10":"product_cat-recambios-lancia-thema","12":"first","13":"instock","14":"taxable","15":"shipping-taxable","16":"purchasable","17":"product-type-simple"},"_links":{"self":[{"href":"https:\/\/galicianparts.com\/shop\/wp-json\/wp\/v2\/product\/68764"}],"collection":[{"href":"https:\/\/galicianparts.com\/shop\/wp-json\/wp\/v2\/product"}],"about":[{"href":"https:\/\/galicianparts.com\/shop\/wp-json\/wp\/v2\/types\/product"}],"wp:featuredmedia":[{"embeddable":true,"href":"https:\/\/galicianparts.com\/shop\/wp-json\/wp\/v2\/media\/68767"}],"wp:attachment":[{"href":"https:\/\/galicianparts.com\/shop\/wp-json\/wp\/v2\/media?parent=68764"}],"wp:term":[{"taxonomy":"product_cat","embeddable":true,"href":"https:\/\/galicianparts.com\/shop\/wp-json\/wp\/v2\/product_cat?post=68764"},{"taxonomy":"product_tag","embeddable":true,"href":"https:\/\/galicianparts.com\/shop\/wp-json\/wp\/v2\/product_tag?post=68764"}],"curies":[{"name":"wp","href":"https:\/\/api.w.org\/{rel}","templated":true}]}}