{"id":68774,"date":"2023-02-22T11:48:41","date_gmt":"2023-02-22T09:48:41","guid":{"rendered":"https:\/\/galicianparts.com\/shop\/producto\/15517801-pack-7-tornillos-m-5x34-fiat-lancia-alfa-romeo-original\/"},"modified":"2024-02-07T18:16:20","modified_gmt":"2024-02-07T16:16:20","slug":"15517801-pack-7-tornillos-m-5x34-fiat-lancia-alfa-romeo-original","status":"publish","type":"product","link":"https:\/\/galicianparts.com\/shop\/producto\/15517801-pack-7-tornillos-m-5x34-fiat-lancia-alfa-romeo-original\/","title":{"rendered":"15517801 Pack 7 tornillos M 5&#215;34 Fiat \/Lancia \/Alfa Romeo ORIGINAL"},"content":{"rendered":"<p>Juego, set de 7 tornillos del soporte dep\u00f3sito refrigerante, caja del filtro de aire, condensador aire acondicionado, soporte dep\u00f3sito del l\u00edquido de direcci\u00f3n, limpiaparabrisas, etc&#8230;<br \/>\nFIAT &#8211; 1V BRAVA (1995-1998) AIRE ACONDICIONADO \/ 1370 SPI 12V 80CV \/ 1370 SPI 12V 75CV \/ 1580 MPI 16V 103CV \/ 1580 MPI 16V 90CV \/ 1580 MPI 16V EM 04<br \/>\nFIAT &#8211; 1V BRAVA (1995-1998) 1800 MPI 16V<br \/>\nFIAT &#8211; 1V BRAVA (1995-1998) 1930 DS EM 08<br \/>\nFIAT &#8211; 1V BRAVA (1995-1998) 1910 TB\/DS 100CV \/ 1910 TB\/DS 75CV<br \/>\nFIAT &#8211; 1M BRAVA G.98 (1998-2001) AIRE ACONDICIONADO \/ 1.2 16V CF2 \/ 1.2 16V CF3<br \/>\nFIAT &#8211; 1M BRAVA G.98 (1998-2001) AIRE ACONDICIONADO \/ 1600 16V \/ 1600 16V EM.04 \/ 1600 16V CF3<br \/>\nFIAT &#8211; 1M BRAVA G.98 (1998-2001) 1800 16V<br \/>\nFIAT &#8211; 1M BRAVA G.98 (1998-2001) 1910 TD (75 CV) \/ 1910 TD (100 CV)<br \/>\nFIAT &#8211; 1M BRAVA G.98 (1998-2001) 1910 JTD (105 CV) \/ 1910 JTD CF3<br \/>\nFIAT &#8211; 1U BRAVO (1995-1998) AIRE ACONDICIONADO \/ PREDISPOSICION PARA ACONDICIONADOR \/ 1370 SPI 12V 80CV \/ 1370 SPI 12V 75CV \/ 1580 MPI 16V 103CV \/ 1580 MPI 16V 90CV<br \/>\nFIAT &#8211; 1U BRAVO (1995-1998) 1800 16V<br \/>\nFIAT &#8211; 1U BRAVO (1995-1998) 2000 20V<br \/>\nFIAT &#8211; 1U BRAVO (1995-1998) 1930 DS EM 08-65CV<br \/>\nFIAT &#8211; 1U BRAVO (1995-1998) 1910 TB\/DS 100CV \/ 1910 TB\/DS 75CV<br \/>\nFIAT &#8211; 1L BRAVO G.98 (1998-2001) AIRE ACONDICIONADO \/ 1.2 16V CF2 \/ 1.2 16V CF3<br \/>\nFIAT &#8211; 1L BRAVO G.98 (1998-2001) CAMBIO AUTOMATICO \/ AIRE ACONDICIONADO \/ 1600 16V \/ 1600 16V \u00abSX\u00bb(RICONVERTITA) \/ 1600 16V CF3<br \/>\nFIAT &#8211; 1L BRAVO G.98 (1998-2001) 1800 16V<br \/>\nFIAT &#8211; 1L BRAVO G.98 (1998-2001) 2000 20V<br \/>\nFIAT &#8211; 1L BRAVO G.98 (1998-2001) 1910 TD (75 CV) \/ 1910 TD (100 CV)<br \/>\nFIAT &#8211; 1L BRAVO G.98 (1998-2001) 1910 JTD CF2 (105 CV) \/ 1910 JTD CF3<br \/>\nFIAT &#8211; PC COUPE&#8217; (1994-1996) 2000 ASPIRATO \/ 2000 ASP.(BRASILE)<br \/>\nFIAT &#8211; PC COUPE&#8217; (1994-1996) 2000 TURBO<br \/>\nFIAT &#8211; PC COUPE&#8217; (1994-1996) 1750 16V CEE F2<br \/>\nFIAT &#8211; PX COUPE&#8217; GAMMA&#8217;96 (1996-2000) 1750 16V ASP.<br \/>\nFIAT &#8211; PX COUPE&#8217; GAMMA&#8217;96 (1996-2000) 2000 20V 5CIL.ASP. \/ 2000 20V 5CIL.ASP.STEP-A<br \/>\nFIAT &#8211; PX COUPE&#8217; GAMMA&#8217;96 (1996-2000) 2000 20V 5CIL.TB.<br \/>\nFIAT &#8211; PT MAREA BENZINA (1996-1999) AIRE ACONDICIONADO \/ 1370 12V 80CV (59 KW)<br \/>\nFIAT &#8211; PT MAREA BENZINA (1996-1999) AIRE ACONDICIONADO \/ 1580 16V 103CV (75 KW)<br \/>\nFIAT &#8211; PT MAREA BENZINA (1996-1999) MOTOR 1580 BIPOWER<br \/>\nFIAT &#8211; PT MAREA BENZINA (1996-1999) 1800<br \/>\nFIAT &#8211; PT MAREA BENZINA (1996-1999) 2000 \/ 2000 BRASIL (182A1.011)<br \/>\nFIAT &#8211; 1Q MAREA BZ GAMMA&#8217;99 (1999-2002) 1200 16V \/ AIRE ACONDICIONADO<br \/>\nFIAT &#8211; 1Q MAREA BZ GAMMA&#8217;99 (1999-2002) AIRE ACONDICIONADO \/ 1600 16V CF2 (182A4000) \/ 1600 16V CF3 (182B6000)<br \/>\nFIAT &#8211; 1Q MAREA BZ GAMMA&#8217;99 (1999-2002) 1800 16V \/ AIRE ACONDICIONADO<br \/>\nFIAT &#8211; 1Q MAREA BZ GAMMA&#8217;99 (1999-2002) AIRE ACONDICIONADO \/ 2000 20V CF2 \/ 2000 20V CF3<br \/>\nFIAT &#8211; 1Q MAREA BZ GAMMA&#8217;99 (1999-2002) 1600 DECAT. \/ AIRE ACONDICIONADO<br \/>\nFIAT &#8211; 1Q MAREA BZ GAMMA&#8217;99 (1999-2002) 1600 BI-POWER<br \/>\nFIAT &#8211; 1Q MAREA BZ GAMMA&#8217;99 (1999-2002) 1600 BI-POWER \/ AIRE ACONDICIONADO<br \/>\nFIAT &#8211; PU MAREA DIESEL (1996-1999) 1910 TD (100CV)<br \/>\nFIAT &#8211; PU MAREA DIESEL (1996-1999) 1910 TD SOFT (75CV) \/ 1910 TD (100CV) \/ AIRE ACONDICIONADO<br \/>\nFIAT &#8211; PU MAREA DIESEL (1996-1999) 2400 TD<br \/>\nFIAT &#8211; 1R MAREA DS GAMMA&#8217;99 (1999-2002) 1910 JTD CF2 105CV \/ 1910 JTD CF3 110CV \/ 1910 JTD CF3 100 CV<br \/>\nFIAT &#8211; 1R MAREA DS GAMMA&#8217;99 (1999-2002) 1910 TD 75CV<br \/>\nFIAT &#8211; 1R MAREA DS GAMMA&#8217;99 (1999-2002) 2400 JTD CF2 136CV<br \/>\nFIAT &#8211; MV TEMPRA (1989-1993) 1370 \/ 1580<br \/>\nFIAT &#8211; MV TEMPRA (1989-1993)<br \/>\nFIAT &#8211; MW TEMPRA (1989-1993)<br \/>\nFIAT &#8211; MX TEMPRA DIESEL-TURBO D. (1989-1993)<br \/>\nFIAT &#8211; NY TEMPRA MAQ.93 (&#8217;93-&#8217;96) 1580 CARB. \/ 1372 CARB. \/ 1580 CARB. 91RON<br \/>\nFIAT &#8211; NY TEMPRA MAQ.93 (&#8217;93-&#8217;96) 1580 MPI \u00abGM\u00bb<br \/>\nFIAT &#8211; NY TEMPRA MAQ.93 (&#8217;93-&#8217;96) 1580 SPI \u00abB\u00bb \/ 1580 SPI SELECTA \/ 1580 CARB. \/ 1580 MPI \u00abGM\u00bb \/ 1372 SPI MM \/ 1580 CARB. 91RON<br \/>\nFIAT &#8211; NZ TEMPRA MAQ.93 1750-2000 (&#8217;93-&#8217;96)<br \/>\nFIAT &#8211; NJ TEMPRA MQ.93 D-TD (1993-1996) 1930 TURBO \/ 1930 TURBO USA&#8217;87-CF2<br \/>\nFIAT &#8211; NJ TEMPRA MQ.93 D-TD (1993-1996)<br \/>\nFIAT &#8211; ME TIPO (1987-1993) 1100 CARB.<br \/>\nFIAT &#8211; ME TIPO 1100-1370-1580 (1987-1993) AIRE ACONDICIONADO<br \/>\nFIAT &#8211; MF TIPO DIESEL-T.DS. (1987-1993)<br \/>\nFIAT &#8211; NT TIPO MAQ.93 D-TD (1993-1995) 1930 TURBO \/ 1930 TURBO USA&#8217;87-CF2<br \/>\nFIAT &#8211; NT TIPO MAQ.93 D-TD (1993-1995)<br \/>\nFIAT &#8211; NS TIPO MQ.93 (1993-1995) 1108 SPI<br \/>\nFIAT &#8211; NS TIPO MQ.93 1370-1580 (1993-1995)<br \/>\nFIAT &#8211; MP TIPO SPORT 16V IE. (1988-1993) 2000 USA&#8217;83<br \/>\nFIAT &#8211; MP TIPO SPORT 16V IE. (1988-1993)<br \/>\nALFA ROMEO &#8211; U1 145 (1994-1996) 1930 TB\/DS EM.08 \/ 1930 TB\/DS CEE FASE 2<br \/>\nALFA ROMEO &#8211; U1 145 (1994-1996) 1.3 8V \/ 1.6 8V \/ 1.7 16V<br \/>\nALFA ROMEO &#8211; T5 145 GAMMA 97 (1997-1999) 1930 T.DS. CEE FASE 2 \/ 1930 T.DS. EM08 ARGENTINA<br \/>\nALFA ROMEO &#8211; U2 146 (1995-1996) 1930 T.DS EM 08 \/ 1930 T.DS CEE FASE 2<br \/>\nALFA ROMEO &#8211; U2 146 (1995-1996) 1.3 8V \/ 1.6 8V \/ 1.7 16V<br \/>\nALFA ROMEO &#8211; T6 146 GAMMA 97 (1997-1999) 1930 T.DS. CEE FASE 2 \/ 1930 T.DS. EM08 ARGENTINA<br \/>\nALFA ROMEO &#8211; W8 147 (2000-2010) 1600 TS 16V 76 KW \/ 1600 TS 16V 88KW \/ 2000 TS 16V<br \/>\nALFA ROMEO &#8211; W8 147 (2000-2010) 3200 GTA<br \/>\nALFA ROMEO &#8211; W8 147 (2000-2010) 1910\u00a0JTD\u00a0CF3\u00a08V\u00a0100CV\/74\u00a0KW \/ 1910\u00a0JTD\u00a0CF3\u00a08V\u00a0115CV\/85\u00a0KW \/ 1910\u00a0JTD\u00a0CF3\u00a016V\u00a0120CV\/93\u00a0KW \/ 1910\u00a0JTD\u00a016V\u00a0CF3\u00a0140CV\/103\u00a0KW \/ 1.9\u00a0JTD\u00a016V\u00a0CF3\u00a0136CV\/100KW\u00a0MENOR POT.\u00a0BEL. \/ 1.9\u00a0JTD\u00a016V\u00a0CF3\u00a0150CV\/110KW<br \/>\nALFA ROMEO &#8211; W8 147 (2000-2010) 1910\u00a0JTD\u00a0CF4\u00a08V\u00a0115CV\/85KW\u00a0MENOR POT\u00a0BEL. \/ 1.9\u00a0JTD\u00a08V\u00a0CF4 \/ 1910\u00a0JTD\u00a0CF4\u00a016V\u00a0136CV\/100KW\u00a0MENOR POT.\u00a0BEL. \/ 1.9\u00a0JTD\u00a016V\u00a0CF4 \/ 1910\u00a0JTD\u00a0CF4\u00a016V\u00a0170CV\/125KW\u00a0POTENCIADO<br \/>\nALFA ROMEO &#8211; U5 155 ASPIRATO (1992-1996) 1.7 T.S. \/ 1.8 T.S. \/ 2.0 T.S. 8 VAL. \/ 2.5 V6 \/ 2.5 V6 (MY.95)<br \/>\nALFA ROMEO &#8211; U5 155 ASPIRATO (1992-1996) SIRIA \/ ESTE EUROPA<br \/>\nALFA ROMEO &#8211; U5 155 ASPIRATO (1992-1996) 1.7 T.S. \/ 1.8 T.S. \/ 2.0 T.S. 8 VAL.<br \/>\nALFA ROMEO &#8211; U5 155 ASPIRATO (1992-1996) 2.0 T.S. 16V (MY 95) \/ 2.0 T.S. 16V MY 95 (BRASIL)<br \/>\nALFA ROMEO &#8211; U5 155 ASPIRATO (1992-1996) 2.5 V6 \/ 2.5 V6 (MY.95)<br \/>\nALFA ROMEO &#8211; T3 155 GAMMA 96 BZ (1996-1997) 2500 V6<br \/>\nALFA ROMEO &#8211; T3 155 GAMMA 96 BZ (1996-1997) 1600 T.S. 16V \/ 1800 T.S. 16V \/ 2000 T.S. 16V \/ 2000 T.S. 16V BRASIL<br \/>\nALFA ROMEO &#8211; T4 155 GAMMA 96 DS (1996-1997) 1930 TD<br \/>\nALFA ROMEO &#8211; T4 155 GAMMA 96 DS (1996-1997) 2500 TD<br \/>\nALFA ROMEO &#8211; U6 155 TURBO (1992-1996) 1930 TD<br \/>\nALFA ROMEO &#8211; U6 155 TURBO (1992-1996) 2500 TD \/ 2.5 T.DS. CEE F2<br \/>\nALFA ROMEO &#8211; U6 155 TURBO (1992-1996) 2000 TB\/BZ 4X4<br \/>\nALFA ROMEO &#8211; T7 156 BENZINA (1997-2002) 1600 T.S.(AR67601) \/ 1800 T.S. CF2 \/ 1600 T.S. (AR32102) \/ 1600 T.S. (AR32104) \/ 1600 T.S. (AR32103) \/ 1800 T.S. CF3<br \/>\nALFA ROMEO &#8211; T7 156 BENZINA (1997-2002) 2000 T.S. CF2 \/ 2000 T.S. BRASIL \/ 2000 T.S. CF3<br \/>\nALFA ROMEO &#8211; T7 156 BENZINA (1997-2002) 2500 V6 \/ 2500 V6 BRASIL \/ 2500 V6 CF3<br \/>\nALFA ROMEO &#8211; X1 156 M.Y.2002 (2001-2005) 1600 T.S. (AR32104) \/ 1600 T.S. (AR32103) \/ 1800 TS 16V<br \/>\nALFA ROMEO &#8211; X1 156 M.Y.2002 (2001-2005) 2000 JTS 16V \/ 2000 TS 16V \/ 2000 JTS 16V BELG.<br \/>\nALFA ROMEO &#8211; X1 156 M.Y.2002 (2001-2005) 2500 V6 24V \/ 3200 GTA<br \/>\nALFA ROMEO &#8211; X1 156 M.Y.2002 (2001-2005) 1910\u00a0JTD\u00a08V\u00a0115CV\/85KW \/ 1910 JTD 16V CF3 93KW \/ 1.9\u00a0JTD\u00a016V\u00a0CF3 \/ 1910\u00a0JTD\u00a0CF3\u00a016V\u00a0150CV\/110KW\u00a04X4 \/ 1910\u00a0JTD\u00a0CF3\u00a0136CV\/100KW\u00a0MENOR POT. BELGICA \/ 1910\u00a0JTD\u00a016V\u00a0CF4\u00a0150CV\/110KW\u00a04X2 \/ 1910JTD\u00a0CF4\u00a016V\u00a0126CV\/93KW\u00a0MENOR POT.\u00a0FRANCIA \/ 1910\u00a0JTD\u00a0CF4\u00a016V\u00a0150CV\/110KW\u00a04X4<br \/>\nALFA ROMEO &#8211; X1 156 M.Y.2002 (2001-2005) 2400\u00a0JTD\u00a010V\u00a0150CV\/110\u00a0KW \/ 2400\u00a0JTD\u00a020V\u00a0175CV\/129\u00a0KW\u00a0C.MEC. \/ 2400\u00a0JTD\u00a0CF3\u00a0163CV\/120KW\u00a0MENOR POT. BELGICA<br \/>\nALFA ROMEO &#8211; T8 156 TD.ID. (1997-2002)<br \/>\nALFA ROMEO &#8211; U8 GTV (1995-1998) 2000 T.S. 16V<br \/>\nALFA ROMEO &#8211; U8 GTV (1995-1998) 2000 TB V6 \/ 3000 V6 24V<br \/>\nALFA ROMEO &#8211; U8 GTV (1995-1998) 2000 T.S. 16V<br \/>\nALFA ROMEO &#8211; U8 GTV (1995-1998) CONDUCCION A\u00a0IZQUIERDA \/ 2000 TB V6<br \/>\nALFA ROMEO &#8211; U8 GTV (1995-1998) 3000 V6 24V<br \/>\nALFA ROMEO &#8211; U8 GTV (1995-1998) 2000 T.S. 16V \/ 3000 V6 24V<br \/>\nALFA ROMEO &#8211; X2 GT (2003-2010) 1800 TS \/ 2000 JTS \/ 2000 JTS BELGIUM<br \/>\nALFA ROMEO &#8211; X2 GT (2003-2010) 3200 6V<br \/>\nALFA ROMEO &#8211; X2 GT (2003-2010) 1910\u00a0JTD\u00a016V\u00a0CF3\u00a0150CV\/110KW \/ 1910 JTD 16V CF4 110 KW 150HP \/ 1910\u00a0JTD\u00a0CF4\u00a016V\u00a0170CV\/125KW\u00a0POT.<br \/>\nALFA ROMEO &#8211; W0 GTV &#8217;98 (1998-2005) 1800 T.S.16V \/ 2000 T.S. CF2 \/ 2000 T.S. CF3 \/ 2000 JTS<br \/>\nALFA ROMEO &#8211; W0 GTV &#8217;98 (1998-2005) 2000 TB V6 \/ 3000 V6 24V \/ 3000 24V 6M CF3 \/ 3200 V6 24V<br \/>\nALFA ROMEO &#8211; W0 GTV &#8217;98 (1998-2005) CONDUCCION A\u00a0IZQUIERDA \/ 1800 T.S.16V \/ 2000 T.S. CF2 \/ 2000 T.S. CF3 \/ 2000 JTS<br \/>\nALFA ROMEO &#8211; W0 GTV &#8217;98 (1998-2005) CONDUCCION\u00a0A DERECHA \/ 2000 T.S. CF2 \/ 2000 T.S. CF3 \/ 2000 JTS<br \/>\nALFA ROMEO &#8211; W0 GTV &#8217;98 (1998-2005) 2000 TB V6<br \/>\nALFA ROMEO &#8211; W0 GTV &#8217;98 (1998-2005) 3000 V6 24V \/ 3000 24V 6M CF3 \/ 3200 V6 24V<br \/>\nALFA ROMEO &#8211; W0 GTV &#8217;98 (1998-2005) 1800 T.S.16V \/ 2000 T.S. CF2 \/ 3000 V6 24V \/ 2000 T.S. CF3 \/ 3000 24V 6M CF3 \/ 2000 JTS \/ 3200 V6 24V<br \/>\nALFA ROMEO &#8211; U7 NUOVO SPIDER (1995-1998) 2000 T.SPARK 16V<br \/>\nALFA ROMEO &#8211; U7 NUOVO SPIDER (1995-1998) 3000 V6 12V \/ 3000 V6 12V BRASILE<br \/>\nALFA ROMEO &#8211; U7 NUOVO SPIDER (1995-1998) 2000 T.SPARK 16V<br \/>\nALFA ROMEO &#8211; U7 NUOVO SPIDER (1995-1998) CONDUCCION A\u00a0IZQUIERDA \/ 3000 V6 12V \/ 3000 V6 12V BRASILE<br \/>\nALFA ROMEO &#8211; U7 NUOVO SPIDER (1995-1998)<br \/>\nALFA ROMEO &#8211; U9 SPIDER &#8217;98 (1998-2006) 1800 T.S.16V \/ 2000 T.S. CF2 \/ 2000 T.S. CF3 \/ 2000 JTS<br \/>\nALFA ROMEO &#8211; U9 SPIDER &#8217;98 (1998-2006) 2000 TB V6 \/ 3000 V6 12V \/ 3000 V6 12V BRASIL<br \/>\nALFA ROMEO &#8211; U9 SPIDER &#8217;98 (1998-2006) 3000 24V 6M CF3 \/ 3200 V6 24V<br \/>\nALFA ROMEO &#8211; U9 SPIDER &#8217;98 (1998-2006) CONDUCCION A\u00a0IZQUIERDA \/ 1800 T.S.16V \/ 2000 T.S. CF2 \/ 2000 T.S. CF3 \/ 2000 JTS<br \/>\nALFA ROMEO &#8211; U9 SPIDER &#8217;98 (1998-2006) CONDUCCION\u00a0A DERECHA \/ 2000 T.S. CF2 \/ 2000 T.S. CF3 \/ 2000 JTS<br \/>\nALFA ROMEO &#8211; U9 SPIDER &#8217;98 (1998-2006) 2000 TB V6<br \/>\nALFA ROMEO &#8211; U9 SPIDER &#8217;98 (1998-2006) CONDUCCION A\u00a0IZQUIERDA \/ 3000 V6 12V \/ 3000 V6 12V BRASIL<br \/>\nALFA ROMEO &#8211; U9 SPIDER &#8217;98 (1998-2006) 3000 24V 6M CF3 \/ 3200 V6 24V<br \/>\nALFA ROMEO &#8211; U9 SPIDER &#8217;98 (1998-2006) 1800 T.S.16V \/ 2000 T.S. CF2 \/ 3000 V6 12V \/ 3000 V6 12V BRASIL \/ 2000 T.S. CF3 \/ 3000 24V 6M CF3 \/ 2000 JTS \/ 3200 V6 24V<br \/>\nLANCIA &#8211; RY DEDRA BENZINA (1989-1994) 1600 \/ 1600 USA&#8217;83 MONOJETRONIC<br \/>\nLANCIA &#8211; RY DEDRA BENZINA (1989-1994) 1800 \/ 1800 USA&#8217;83 105CV (77KW) \/ 1800 CC.(USA 83) 90CV (66KW) \/ 2000 \/ 2000 USA&#8217;83<br \/>\nLANCIA &#8211; RY DEDRA BENZINA (1989-1994) 1600 \/ 1600 USA&#8217;83 MONOJETRONIC \/ 1600 USA&#8217;83 MONOJMORONIC<br \/>\nLANCIA &#8211; RY DEDRA BENZINA (1989-1994) 1800 \/ 1800 USA&#8217;83 105CV (77KW) \/ 2000 \/ 2000 USA&#8217;83 \/ 1800 CC.(USA 83) 90CV (66KW)<br \/>\nLANCIA &#8211; SL DEDRA FL.94 (1994-1999) 1580 MPI 8V<br \/>\nLANCIA &#8211; SL DEDRA FL.94 (1994-1999) 1750 MPI<br \/>\nLANCIA &#8211; SL DEDRA FL.94 (1994-1999) 1580 SPI<br \/>\nLANCIA &#8211; SL DEDRA FL.94 (1994-1999) 1580 MPI 16V<br \/>\nLANCIA &#8211; SL DEDRA FL.94 (1994-1999) 1580 MPI 8V \/ 1580 SPI<br \/>\nLANCIA &#8211; SL DEDRA FL.94 (1994-1999) 1750 16V CEE F2 115CV<br \/>\nLANCIA &#8211; SM DEDRA FL.94 1750-2.0 (1994-1999) SEDAN LE 4X2 \/ SEDAN LX 4X2 \/ S.W. LS 4X2 \/ S.W. LX 4X2<br \/>\nLANCIA &#8211; SM DEDRA FL.94 1750-2.0 (1994-1999) S.W. LS 4X4<br \/>\nLANCIA &#8211; SM DEDRA FL.94 1750-2.0 (1994-1999) SEDAN LX 4X2 \/ S.W. LX 4X2<br \/>\nLANCIA &#8211; SM DEDRA FL.94 1750-2.0 (1994-1999) S.W. LS 4X2 \/ BN LS 4X2 \/ BN. &#8217;98 \/ S.W. &#8217;98<br \/>\nLANCIA &#8211; SM DEDRA FL.94 (1994-1999) 2000 16V<br \/>\nLANCIA &#8211; SN DEDRA FL.94 T.DS (1994-1999)<br \/>\nLANCIA &#8211; RJ DEDRA IE.TB.INTEGRALE (1990-1994)<br \/>\nLANCIA &#8211; RZ DEDRA TURBO DIESEL (1989-1994)<br \/>\nLANCIA &#8211; SF N.DELTA (1993-1999) 1372 SPI\u00bbMJ\u00bb \/ 1372 SPI\u00bbMM\u00bb CEE F2<br \/>\nLANCIA &#8211; SF N.DELTA (1993-1999) 1580 CEE F2 16V 103CV \/ 1580 CEE F2 16V 90CV<br \/>\nLANCIA &#8211; SF N.DELTA (1993-1999) 1372 SPI\u00bbMJ\u00bb \/ 1580 8V \/ 1372 SPI\u00bbMM\u00bb CEE F2<br \/>\nLANCIA &#8211; SF N.DELTA (1993-1999) 1750 105CV (77KW) \/ 1750 90CV (66KW) \/ 1750 CEE F2 97CV (71KW) \/ 1750 CEE F2 90CV (66KW)<br \/>\nLANCIA &#8211; SF N.DELTA (1993-1999) 1750 CEE F2 16V 115CV<br \/>\nLANCIA &#8211; SG N.DELTA (&#8217;93-&#8217;99) 2000 16V TB USA 83 \/ 2000 16V TB CEE F2<br \/>\nLANCIA &#8211; SG N.DELTA (&#8217;93-&#8217;99) 1750 16V 132CV<br \/>\nLANCIA &#8211; SG N.DELTA (&#8217;93-&#8217;99) 2000 16V ASP.<br \/>\nLANCIA &#8211; SQ N.DELTA TB\/DS (1994-1999)<\/p>\n<p>LA PIEZA ES NUEVA Y ORIGINAL.<\/p>\n","protected":false},"excerpt":{"rendered":"<p>Juego, set de 7 tornillos del soporte dep\u00f3sito refrigerante, caja del filtro de aire, condensador aire acondicionado, soporte dep\u00f3sito del l\u00edquido de direcci\u00f3n, limpiaparabrisas, etc&#8230; FIAT &#8211; 1V BRAVA (1995-1998) AIRE ACONDICIONADO \/ 1370 SPI 12V 80CV \/ 1370 SPI 12V 75CV \/ 1580 MPI 16V 103CV \/ 1580 MPI 16V 90CV \/ 1580 MPI [&hellip;]<\/p>\n","protected":false},"featured_media":68777,"template":"","meta":{"_seopress_robots_primary_cat":"","_seopress_titles_title":"","_seopress_titles_desc":"","_seopress_robots_index":""},"product_cat":[45,46,44,48,49,16,81,82,85,117,118,20,50,55,21,95,56,111,112],"product_tag":[],"class_list":{"0":"post-68774","1":"product","2":"type-product","3":"status-publish","4":"has-post-thumbnail","6":"product_cat-recambios-alfa-romeo-145","7":"product_cat-recambios-alfa-romeo-146","8":"product_cat-recambios-alfa-romeo-147","9":"product_cat-recambios-alfa-romeo-155","10":"product_cat-recambios-alfa-romeo-156","11":"product_cat-recambios-alfa-romeo","12":"product_cat-recambios-fiat-brava","13":"product_cat-recambios-fiat-bravo","14":"product_cat-recambios-fiat-coupe","15":"product_cat-recambios-lancia-dedra","16":"product_cat-recambios-lancia-delta","17":"product_cat-recambios-fiat","18":"product_cat-recambios-alfa-romeo-gt","19":"product_cat-recambios-alfa-romeo-gtv","20":"product_cat-recambios-lancia","21":"product_cat-recambios-fiat-marea","22":"product_cat-recambios-alfa-romeo-spider","23":"product_cat-recambios-fiat-tempra","24":"product_cat-recambios-fiat-tipo","26":"first","27":"outofstock","28":"taxable","29":"shipping-taxable","30":"purchasable","31":"product-type-simple"},"_links":{"self":[{"href":"https:\/\/galicianparts.com\/shop\/wp-json\/wp\/v2\/product\/68774"}],"collection":[{"href":"https:\/\/galicianparts.com\/shop\/wp-json\/wp\/v2\/product"}],"about":[{"href":"https:\/\/galicianparts.com\/shop\/wp-json\/wp\/v2\/types\/product"}],"wp:featuredmedia":[{"embeddable":true,"href":"https:\/\/galicianparts.com\/shop\/wp-json\/wp\/v2\/media\/68777"}],"wp:attachment":[{"href":"https:\/\/galicianparts.com\/shop\/wp-json\/wp\/v2\/media?parent=68774"}],"wp:term":[{"taxonomy":"product_cat","embeddable":true,"href":"https:\/\/galicianparts.com\/shop\/wp-json\/wp\/v2\/product_cat?post=68774"},{"taxonomy":"product_tag","embeddable":true,"href":"https:\/\/galicianparts.com\/shop\/wp-json\/wp\/v2\/product_tag?post=68774"}],"curies":[{"name":"wp","href":"https:\/\/api.w.org\/{rel}","templated":true}]}}