{"id":6879,"date":"2020-10-23T12:35:08","date_gmt":"2020-10-23T10:35:08","guid":{"rendered":"https:\/\/galicianparts.com\/shop\/producto\/82381601-electrovalvula-presion-aire-fiat-croma-lancia-thema-nueva-original\/"},"modified":"2021-01-18T18:42:13","modified_gmt":"2021-01-18T16:42:13","slug":"82381601-electrovalvula-presion-aire-fiat-croma-lancia-thema-nueva-original","status":"publish","type":"product","link":"https:\/\/galicianparts.com\/shop\/producto\/82381601-electrovalvula-presion-aire-fiat-croma-lancia-thema-nueva-original\/","title":{"rendered":"82381601 Electrov\u00e1lvula presi\u00f3n aire Fiat Croma \/ Lancia Thema NUEVA ORIGINAL"},"content":{"rendered":"<p>Electrov\u00e1lvula de presi\u00f3n de aire, de sistema de inyecci\u00f3n de motores 2000 8V USA&#8217;83 (MOT.154C3) M:2000 8V TURBO EM.04 M:2000 8V TURBO USA&#8217;83 M:2000 8V USA&#8217;83 (MOT.834B) M:2000 8V EM.04 IE BOSCH (SA) M:2000 8V E M.04 IE BOSCH (CSI-DZ<br \/>\nM:2000 16V EM.04 M:2000 16V USA\/83 M:2000 TB 16V EM.04 M:2000 TB 16V USA\/83 v\u00e1lido para:<br \/>\nFIAT &#8211; MY CROMA IE-IE TB. FL.90 (1990-1996)<br \/>\nLANCIA &#8211; SZ THEMA BZ\/DS R.88 (1988-1992)<br \/>\nLANCIA &#8211; SE THEMA I.E. 8V FL.92 (1992-1994)<\/p>\n<p>LA PIEZA ES NUEVA Y ORIGINAL.<\/p>\n","protected":false},"excerpt":{"rendered":"<p>Electrov\u00e1lvula de presi\u00f3n de aire, de sistema de inyecci\u00f3n de motores 2000 8V USA&#8217;83 (MOT.154C3) M:2000 8V TURBO EM.04 M:2000 8V TURBO USA&#8217;83 M:2000 8V USA&#8217;83 (MOT.834B) M:2000 8V EM.04 IE BOSCH (SA) M:2000 8V E M.04 IE BOSCH (CSI-DZ M:2000 16V EM.04 M:2000 16V USA\/83 M:2000 TB 16V EM.04 M:2000 TB 16V USA\/83 v\u00e1lido [&hellip;]<\/p>\n","protected":false},"featured_media":6880,"template":"","meta":{"_seopress_robots_primary_cat":"","_seopress_titles_title":"","_seopress_titles_desc":"","_seopress_robots_index":""},"product_cat":[86,20,21,124],"product_tag":[],"class_list":{"0":"post-6879","1":"product","2":"type-product","3":"status-publish","4":"has-post-thumbnail","6":"product_cat-recambios-fiat-croma","7":"product_cat-recambios-fiat","8":"product_cat-recambios-lancia","9":"product_cat-recambios-lancia-thema","11":"first","12":"outofstock","13":"taxable","14":"shipping-taxable","15":"purchasable","16":"product-type-simple"},"_links":{"self":[{"href":"https:\/\/galicianparts.com\/shop\/wp-json\/wp\/v2\/product\/6879"}],"collection":[{"href":"https:\/\/galicianparts.com\/shop\/wp-json\/wp\/v2\/product"}],"about":[{"href":"https:\/\/galicianparts.com\/shop\/wp-json\/wp\/v2\/types\/product"}],"wp:featuredmedia":[{"embeddable":true,"href":"https:\/\/galicianparts.com\/shop\/wp-json\/wp\/v2\/media\/6880"}],"wp:attachment":[{"href":"https:\/\/galicianparts.com\/shop\/wp-json\/wp\/v2\/media?parent=6879"}],"wp:term":[{"taxonomy":"product_cat","embeddable":true,"href":"https:\/\/galicianparts.com\/shop\/wp-json\/wp\/v2\/product_cat?post=6879"},{"taxonomy":"product_tag","embeddable":true,"href":"https:\/\/galicianparts.com\/shop\/wp-json\/wp\/v2\/product_tag?post=6879"}],"curies":[{"name":"wp","href":"https:\/\/api.w.org\/{rel}","templated":true}]}}