{"id":68962,"date":"2023-02-23T12:38:01","date_gmt":"2023-02-23T10:38:01","guid":{"rendered":"https:\/\/galicianparts.com\/shop\/producto\/4713251-platillo-taque-esp-450-fiat\/"},"modified":"2023-02-23T12:40:32","modified_gmt":"2023-02-23T10:40:32","slug":"4713251-platillo-taque-esp-450-fiat","status":"publish","type":"product","link":"https:\/\/galicianparts.com\/shop\/producto\/4713251-platillo-taque-esp-450-fiat\/","title":{"rendered":"4713251 Platillo taqu\u00e9 esp. 4,50 Fiat Ducato \/131 \/Lancia Thema \/Citro\u00ebn \/Peugeot ORIGINAL"},"content":{"rendered":"<p>Disco de ajuste de los taqu\u00e9s de las v\u00e1lvulas del motor de:<br \/>\nEspesor: 4,50 mm<\/p>\n<p>CITRO\u00cbN Jumper I  (244)<br \/>\n2.8 HDi, A\u00f1o 04.2002 &#8211; &#8230;, 2798 , 128<br \/>\n2.8 HDi, A\u00f1o 05.2004 &#8211; &#8230;, 2798 , 146<br \/>\n2.8 HDi 4&#215;4, A\u00f1o 04.2002 &#8211; &#8230;, 2798 , 128<\/p>\n<p>FIAT 131 Berlina (131)<br \/>\n2.0 D, A\u00f1o 03.1978 &#8211; 03.1987, 1995 , 60<br \/>\n2.5 D, A\u00f1o 06.1978 &#8211; 02.1984, 2445 , 72<br \/>\nFIAT Croma I Hatchback (154)<br \/>\n2.5 D, A\u00f1o 12.1985 &#8211; 12.1989, 2499 , 75<br \/>\n2.5 TD, A\u00f1o 12.1985 &#8211; 08.1989, 2445 , 101<br \/>\n2.5 TD, A\u00f1o 05.1989 &#8211; 08.1996, 2500 , 115<br \/>\nFIAT Ducato II (230L)<br \/>\n2.5 TD, A\u00f1o 06.1994 &#8211; 08.1998, 2499 , 109<br \/>\n2.5 TD 4&#215;4, A\u00f1o 11.1994 &#8211; 04.1998, 2499 , 109<br \/>\n2.5 TD 4&#215;4, A\u00f1o 11.1994 &#8211; 04.1998, 2499 , 116<br \/>\n2.5 TDI, A\u00f1o 03.1994 &#8211; 04.2002, 2500 , 109<br \/>\n2.5 TDI, A\u00f1o 03.1994 &#8211; 04.2002, 2500 , 116<br \/>\n2.5 TDI 4&#215;4, A\u00f1o 05.1998 &#8211; 04.2002, 2500 , 116<br \/>\n2.8 D, A\u00f1o 05.1998 &#8211; 04.2002, 2800 , 87<br \/>\n2.8 D 4&#215;4, A\u00f1o 08.1998 &#8211; 04.2002, 2800 , 87<br \/>\n2.8 JTD, A\u00f1o 11.2000 &#8211; 04.2002, 2798 , 128<br \/>\n2.8 JTD 4&#215;4, A\u00f1o 11.2000 &#8211; 04.2002, 2798 , 128<br \/>\n2.8 TD 4&#215;4, A\u00f1o 05.1998 &#8211; 09.2001, 2799 , 122<br \/>\n2.8 TDI, A\u00f1o 10.1997 &#8211; 04.2002, 2800 , 122<br \/>\n2.8 TDI 4&#215;4, A\u00f1o 06.1999 &#8211; 04.2002, 2800 , 122<br \/>\nFIAT Argenta (132)<br \/>\n2.5 Di\u00e9sel, A\u00f1o 06.1981 &#8211; 11.1985, 2445 , 72<br \/>\nFIAT Ducato I (280) (A\u00f1o 01.1982 &#8211; 09.1990)<br \/>\n2.4 D, A\u00f1o 01.1982 &#8211; 08.1990, 2428 , 72<br \/>\n2.5 D, A\u00f1o 01.1982 &#8211; 08.1990, 2500 , 75<br \/>\n2.5 D 4&#215;4, A\u00f1o 03.1989 &#8211; 08.1990, 2500 , 75<br \/>\n2.5 D 4&#215;4, A\u00f1o 09.1986 &#8211; 05.1990, 2445 , 75<br \/>\n2.5 TD 4&#215;4, A\u00f1o 09.1986 &#8211; 09.1990, 2445 , 92<br \/>\nFIAT 132 (132_)<br \/>\n2.5 D, A\u00f1o 07.1978 &#8211; 07.1982, 2445 , 72<\/p>\n<p>LANCIA Thema Familiar (834)<br \/>\n2.5 Turbo DS, A\u00f1o 06.1988 &#8211; 05.1992, 2499 , 115<br \/>\n2.4 2500 Turbo DS, A\u00f1o 03.1987 &#8211; 09.1990, 2445 , 101<\/p>\n<p>PEUGEOT Boxer (230)<br \/>\n2.8 HDi, A\u00f1o 10.2000 &#8211; 11.2001, 2798 , 126<br \/>\n2.8 HDI, A\u00f1o 11.2000 &#8211; 04.2002, 2798 , 128<br \/>\n2.8 HDi 4&#215;4, A\u00f1o 10.2000 &#8211; 04.2002, 2798 , 128<br \/>\n2.8 HDi A las 4 ruedas, A\u00f1o 10.2000 &#8211; 11.2001, 2798 , 126<\/p>\n<p>LA PIEZA ES NUEVA Y ORIGINAL.<\/p>\n","protected":false},"excerpt":{"rendered":"<p>Disco de ajuste de los taqu\u00e9s de las v\u00e1lvulas del motor de: Espesor: 4,50 mm CITRO\u00cbN Jumper I (244) 2.8 HDi, A\u00f1o 04.2002 &#8211; &#8230;, 2798 , 128 2.8 HDi, A\u00f1o 05.2004 &#8211; &#8230;, 2798 , 146 2.8 HDi 4&#215;4, A\u00f1o 04.2002 &#8211; &#8230;, 2798 , 128 FIAT 131 Berlina (131) 2.0 D, A\u00f1o 03.1978 [&hellip;]<\/p>\n","protected":false},"featured_media":68964,"template":"","meta":{"_seopress_robots_primary_cat":"","_seopress_titles_title":"","_seopress_titles_desc":"","_seopress_robots_index":""},"product_cat":[70,71,79,155,23,86,88,20,137,21,24,124],"product_tag":[],"class_list":{"0":"post-68962","1":"product","2":"type-product","3":"status-publish","4":"has-post-thumbnail","6":"product_cat-recambios-fiat-131","7":"product_cat-recambios-fiat-132","8":"product_cat-recambios-fiat-argenta","9":"product_cat-recambios-peugeot-boxer","10":"product_cat-recambios-citroen","11":"product_cat-recambios-fiat-croma","12":"product_cat-recambios-fiat-ducato","13":"product_cat-recambios-fiat","14":"product_cat-recambios-citroen-jumper","15":"product_cat-recambios-lancia","16":"product_cat-recambios-peugeot","17":"product_cat-recambios-lancia-thema","19":"first","20":"instock","21":"taxable","22":"shipping-taxable","23":"purchasable","24":"product-type-simple"},"_links":{"self":[{"href":"https:\/\/galicianparts.com\/shop\/wp-json\/wp\/v2\/product\/68962"}],"collection":[{"href":"https:\/\/galicianparts.com\/shop\/wp-json\/wp\/v2\/product"}],"about":[{"href":"https:\/\/galicianparts.com\/shop\/wp-json\/wp\/v2\/types\/product"}],"wp:featuredmedia":[{"embeddable":true,"href":"https:\/\/galicianparts.com\/shop\/wp-json\/wp\/v2\/media\/68964"}],"wp:attachment":[{"href":"https:\/\/galicianparts.com\/shop\/wp-json\/wp\/v2\/media?parent=68962"}],"wp:term":[{"taxonomy":"product_cat","embeddable":true,"href":"https:\/\/galicianparts.com\/shop\/wp-json\/wp\/v2\/product_cat?post=68962"},{"taxonomy":"product_tag","embeddable":true,"href":"https:\/\/galicianparts.com\/shop\/wp-json\/wp\/v2\/product_tag?post=68962"}],"curies":[{"name":"wp","href":"https:\/\/api.w.org\/{rel}","templated":true}]}}